{"id":9937,"date":"2025-02-09T18:13:06","date_gmt":"2025-02-09T17:13:06","guid":{"rendered":"http:\/\/astehshop.com\/?post_type=product&#038;p=9937"},"modified":"2025-02-09T18:13:28","modified_gmt":"2025-02-09T17:13:28","slug":"tiandy-turret-kamera-tc-c34xn-4-mpx","status":"publish","type":"product","link":"http:\/\/astehshop.com\/index.php\/product\/tiandy-turret-kamera-tc-c34xn-4-mpx\/","title":{"rendered":"Tiandy turret kamera TC-C34XN 4 MPX"},"content":{"rendered":"<p>\u00b7Ku\u0107i\u0161te od metala + plastike<\/p>\n<p>\u00b7 Do 4MP,2560\u00d71440@20fps<\/p>\n<p>\u00b7S+265\/H.265\/H.264B\/H.264M\/H.264H<\/p>\n<p>\u00b7Boja:0.02Lux@(F1.6,AGC ON),B\/W:0Lux sa IR<\/p>\n<p>\u00b7IR domet do 30m<\/p>\n<p>\u00b7Ugra\u0111eni mikrofon<\/p>\n<p>\u00b7Radni uslovi -30\u2103~60\u2103(-22\u2109~140\u2109), \u226495% RH<\/p>\n<p>\u00b7PoE:IEEE 802.3af,Maks. 6W<\/p>\n","protected":false},"excerpt":{"rendered":"<p>\u00b7Ku\u0107i\u0161te od metala + plastike<\/p>\n<p>\u00b7 Do 4MP,2560\u00d71440@20fps<\/p>\n<p>\u00b7S+265\/H.265\/H.264B\/H.264M\/H.264H<\/p>\n<p>\u00b7Boja:0.02Lux@(F1.6,AGC ON),B\/W:0Lux sa IR<\/p>\n<p>\u00b7IR domet do 30m<\/p>\n<p>\u00b7Ugra\u0111eni mikrofon<\/p>\n<p>\u00b7Radni uslovi -30\u2103~60\u2103(-22\u2109~140\u2109), \u226495% RH<\/p>\n<p>\u00b7PoE:IEEE 802.3af,Maks. 6W<\/p>\n","protected":false},"featured_media":9938,"comment_status":"open","ping_status":"closed","template":"","meta":{"_mi_skip_tracking":false,"_exactmetrics_sitenote_active":false,"_exactmetrics_sitenote_note":"","_exactmetrics_sitenote_category":0,"spay_email":""},"product_cat":[1037],"product_tag":[7600,7599,7601,7602,5973],"brands":[{"id":7318,"name":"Tiandy","slug":"tiandy"}],"df_price":"","df_sale_price":"","df_regular_price":"","df_image_link":"https:\/\/i1.wp.com\/astehshop.com\/wp-content\/uploads\/2025\/02\/TC-C34XN.png?fit=450%2C300","jetpack_publicize_connections":[],"jetpack_sharing_enabled":true,"jetpack_likes_enabled":true,"jetpack-related-posts":[{"id":9935,"url":"http:\/\/astehshop.com\/index.php\/product\/tiandy-tc-c34qn-bullet-kamera-4-mpx\/","url_meta":{"origin":9937,"position":0},"title":"Tiandy TC-C34QN bullet kamera 4 MPX","date":"9. velja\u010de 2025.","format":false,"excerpt":"Metalno+plasti\u010dno ku\u0107i\u0161te \u00b7 Do 4MP,2560\u00d71440@20fps \u00b7S+265\/H.265\/H.264B\/H.264M\/H.264H \u00b7Boja:0.02Lux@(F1.6,AGC ON),B\/W:0Lux sa IR \u00b7IR domet do 30m \u00b7Ugra\u0111eni mikrofon \u00b7Radni uslovi -30\u2103~60\u2103(-22\u2109~140\u2109), \u226495% RH \u00b7PoE:IEEE 802.3af,Maks. 6W \u00b7IP67","rel":"","context":"Srodne objave","img":{"alt_text":"","src":"https:\/\/i1.wp.com\/astehshop.com\/wp-content\/uploads\/2025\/02\/TC-C34QN-1.png?fit=1200%2C800&resize=350%2C200","width":350,"height":200},"classes":[]},{"id":9939,"url":"http:\/\/astehshop.com\/index.php\/product\/tiandy-dualna-kamera-2-mpx-preko-jednog-kabla-tc-c32rn\/","url_meta":{"origin":9937,"position":1},"title":"Tiandy dualna kamera 2 MPX preko jednog kabla TC-C32RN","date":"9. velja\u010de 2025.","format":false,"excerpt":"\u00b7Plasti\u010dno ku\u0107i\u0161te \u00b7 Do 2MP,1920\u00d71080@30fps \u00b7S+265\/H.265\/H.264B\/H.264M\/H.264H \u00b7Boja:0.02Lux@(F1.6,AGC ON),B\/W:0Lux sa IR \u00b7IR domet do 50m \u00b7Ugra\u0111eni mikrofon \u00b7Radni uslovi -30\u2103~60\u2103(-22\u2109~140\u2109), \u226495% RH \u00b7DC12V\u00b125%,Maks. 7,5 W, PoE: IEEE 802.3af, Maks. 8.5W \u00b7IP67","rel":"","context":"Srodne objave","img":{"alt_text":"","src":"https:\/\/i1.wp.com\/astehshop.com\/wp-content\/uploads\/2025\/02\/TC-C32RN.png?fit=790%2C563&resize=350%2C200","width":350,"height":200},"classes":[]},{"id":8580,"url":"http:\/\/astehshop.com\/index.php\/product\/unv-ip-kamera-4-mpx-ipc2124le-adf28km-g\/","url_meta":{"origin":9937,"position":2},"title":"UNV IP kamera 4 MPX IPC2124LE-ADF28KM-G","date":"10. studenoga 2023.","format":false,"excerpt":"\u2022 Slika visokog kvaliteta sa 4MP, 1\/3\" CMOS senzorom \u2022 4MP (2688*1520) @ 25\/20fps; 4MP (2560*1440) @ 25\/20fps; 3MP (2304*1296) @30\/25fps; 2MP (1920*1080) @30\/25fps; \u2022 Ultra 265, H.265, H.264, MJPEG \u2022 Easystar tehnologija osigurava visok kvalitet slike u okru\u017eenju slabog osvjetljenja \u2022 Prava WDR tehnologija od 120 dB omogu\u0107ava jasnu\u2026","rel":"","context":"Srodne objave","img":{"alt_text":"","src":"https:\/\/i2.wp.com\/astehshop.com\/wp-content\/uploads\/2023\/11\/IPC2124LE-ADF28KM-G.jpg?fit=510%2C348&resize=350%2C200","width":350,"height":200},"classes":[]},{"id":8944,"url":"http:\/\/astehshop.com\/index.php\/product\/unv-ipc2124le-adf28kmc-wl-4-mpx-colorhunter\/","url_meta":{"origin":9937,"position":3},"title":"UNV IPC2124LE-ADF28KMC-WL 4 MPX COLORHUNTER","date":"18. sije\u010dnja 2024.","format":false,"excerpt":"\u2022 Slika visokog kvaliteta sa 4MP, 1\/3\" CMOS senzorom \u2022 4MP (2688*1520) @ 25\/20fps; 4MP (2560*1440) @ 25\/20fps; 3MP (2304*1296) @30\/25fps; 2MP (1920*1080) @30\/25fps; \u2022 Ultra 265, H.265, H.264, MJPEG \u2022 Prava WDR tehnologija od 120 dB omogu\u0107ava jasnu sliku u jakoj svjetlosnoj sceni \u2022 Podr\u017eava re\u017eim koridora 9:16 \u2022\u2026","rel":"","context":"Srodne objave","img":{"alt_text":"","src":"https:\/\/i2.wp.com\/astehshop.com\/wp-content\/uploads\/2024\/01\/UNV-IPC2124LE-.jpg?fit=510%2C348&resize=350%2C200","width":350,"height":200},"classes":[]},{"id":9119,"url":"http:\/\/astehshop.com\/index.php\/product\/dahua-ipc-hdbw2441e-s-0280b-kamera\/","url_meta":{"origin":9937,"position":4},"title":"Dahua IPC-HDBW2441E-S-0280B kamera","date":"20. velja\u010de 2024.","format":false,"excerpt":"4MP IR fiksna WizSense mre\u017ena kamera u dome ku\u0107i\u0161tu 1\/2.9\u201d CMOS senzor. Color: 0.006 Lux @ F1.6. Maksimalna rezolucija 2688x1520. Fiksna optika 2.8mm. Kompresija H.265; H.264; H.264H; H.264B; MJPEG. Nivo za\u0161tite IP67, IK10. 120dB WDR. Integrisan mikrofon. Domet IR LEDs 30 metara. Slot za microSD karticu do 256GB. Video analitika:\u2026","rel":"","context":"Srodne objave","img":{"alt_text":"","src":"https:\/\/i1.wp.com\/astehshop.com\/wp-content\/uploads\/2024\/02\/dahua-ipc-hdbw2441e-s-0280b-kamera_0.jpg?fit=1200%2C675&resize=350%2C200","width":350,"height":200},"classes":[]},{"id":11870,"url":"http:\/\/astehshop.com\/index.php\/product\/uniview-unv-ip-kamera-ipc2124lb-af28-a2\/","url_meta":{"origin":9937,"position":5},"title":"UniView UNV ip kamera IPC2124LB-AF28-A2","date":"31. listopada 2025.","format":false,"excerpt":"\u2022 Visokokvalitetna slika sa 4 MP, 1\/3.0\" CMOS senzorom \u2022 4 MP (2560 \u00d7 1440)@25\/20 fps; 3 MP (2304 \u00d7 1296)@30\/25 fps; 1080P (1920 \u00d7 1080)@30\/25 fps \u2022 Podr\u017eava preciznu detekciju ljudskog tijela 2.0 \u2022 Ultra 265, H.265, H.264 \u2022 Ugra\u0111eni mikrofon \u2022 Pametni IR, domet IR-a do 30 m\u2026","rel":"","context":"Srodne objave","img":{"alt_text":"","src":"https:\/\/i1.wp.com\/astehshop.com\/wp-content\/uploads\/2025\/10\/IPC2122LB-AF28-A2.png?fit=600%2C338&resize=350%2C200","width":350,"height":200},"classes":[]}],"_links":{"self":[{"href":"http:\/\/astehshop.com\/index.php\/wp-json\/wp\/v2\/product\/9937"}],"collection":[{"href":"http:\/\/astehshop.com\/index.php\/wp-json\/wp\/v2\/product"}],"about":[{"href":"http:\/\/astehshop.com\/index.php\/wp-json\/wp\/v2\/types\/product"}],"replies":[{"embeddable":true,"href":"http:\/\/astehshop.com\/index.php\/wp-json\/wp\/v2\/comments?post=9937"}],"wp:featuredmedia":[{"embeddable":true,"href":"http:\/\/astehshop.com\/index.php\/wp-json\/wp\/v2\/media\/9938"}],"wp:attachment":[{"href":"http:\/\/astehshop.com\/index.php\/wp-json\/wp\/v2\/media?parent=9937"}],"wp:term":[{"taxonomy":"product_cat","embeddable":true,"href":"http:\/\/astehshop.com\/index.php\/wp-json\/wp\/v2\/product_cat?post=9937"},{"taxonomy":"product_tag","embeddable":true,"href":"http:\/\/astehshop.com\/index.php\/wp-json\/wp\/v2\/product_tag?post=9937"}],"curies":[{"name":"wp","href":"https:\/\/api.w.org\/{rel}","templated":true}]}}