{"id":9921,"date":"2025-01-19T09:04:56","date_gmt":"2025-01-19T08:04:56","guid":{"rendered":"http:\/\/astehshop.com\/?post_type=product&#038;p=9921"},"modified":"2025-01-19T09:04:56","modified_gmt":"2025-01-19T08:04:56","slug":"pametni-sat-za-djecu-plavi-1-44-ekran-2g-nano-sim","status":"publish","type":"product","link":"http:\/\/astehshop.com\/index.php\/product\/pametni-sat-za-djecu-plavi-1-44-ekran-2g-nano-sim\/","title":{"rendered":"Pametni sat za djecu plavi, 1.44&#8243; ekran, 2G, Nano SIM"},"content":{"rendered":"<p>HOCO Y100 je pametni sat namijenjen djeci, koji nudi funkciju razgovora i pra\u0107enje lokacije.<\/p>\n<p>Zahvaljuju\u0107i podr\u0161ci za Nano SIM kartice i 2G mre\u017ee, djeca mogu ostati u kontaktu sa svojim roditeljima, a pozicioniranje bazne stanice omogu\u0107uje pra\u0107enje njihove lokacije. Sat je jednostavan za kori\u0161tenje, \u0161to ga \u010dini idealnim rje\u0161enjem za najmla\u0111e korisnike.<\/p>\n<p>Sat ima ekran dijagonale 1,44 in\u010da i rezolucije 128&#215;128 piksela koji omogu\u0107uje \u010ditljivo su\u010delje. Zahvaljuju\u0107i RDA8955 \u010dipu i 32Mb + 32Mb memorije, ure\u0111aj radi besprijekorno i omogu\u0107uje kori\u0161tenje osnovnih funkcija poput poziva, primanja poruka, pu\u0161tanja glazbe i drugih. Pametni sat podr\u017eava Nano SIM kartice, a ladica za Micro SIM karticu olak\u0161ava instalaciju kartice.<\/p>\n<p>Pametni sat opremljen je baterijom od 400 mAh koja omogu\u0107uje rad od 2 do 3 dana s jednim punjenjem. To je dovoljan kapacitet da dijete mo\u017ee dulje koristiti sat bez potrebe za \u010destim punjenjem.<\/p>\n<p>Me\u0111utim, vrijedi zapamtiti da pametni sat podr\u017eava samo 2G mre\u017eu, tako da nije prikladan za zemlje u kojima je 2G mre\u017ea isklju\u010dena<\/p>\n<p>HOCO Y100 podr\u017eava pozicioniranje bazne stanice, ali to\u010dnost ove funkcije nije visoka. Sat tako\u0111er nudi reprodukciju glazbe i primanje poruka.<\/p>\n<p>Ure\u0111aj podr\u017eava 14 jezika, \u0161to ga \u010dini univerzalnim rje\u0161enjem za korisnike iz razli\u010ditih regija svijeta.<\/p>\n<p>\u2022 Zaslon: 1,44&#8243;, rezolucija: 128 x 128 px<br \/>\n\u2022 \u010cip: RDA8955<br \/>\n\u2022 Memorija: 32Mb+32Mb<br \/>\n\u2022 Baterija: 400 mAh<br \/>\n\u2022 Trajanje baterije: 2-3 dana<br \/>\n\u2022 SIM podr\u0161ka: Nano SIM (s ladicom za Micro SIM karticu)<br \/>\n\u2022 Mre\u017ea: 2G (ne radi u zemljama u kojima je 2G mre\u017ea zatvorena)<br \/>\n\u2022 Pozicioniranje: bazna stanica<br \/>\n\u2022 Podr\u0161ka: pozivi, poruke, muzika i vi\u0161e<\/p>\n","protected":false},"excerpt":{"rendered":"<p>HOCO Y100 je pametni sat namijenjen djeci, koji nudi funkciju razgovora i pra\u0107enje lokacije.<\/p>\n<p>Zahvaljuju\u0107i podr\u0161ci za Nano SIM kartice i 2G mre\u017ee, djeca mogu ostati u kontaktu sa svojim roditeljima, a pozicioniranje bazne stanice omogu\u0107uje pra\u0107enje njihove lokacije. Sat je jednostavan za kori\u0161tenje, \u0161to ga \u010dini idealnim rje\u0161enjem za najmla\u0111e korisnike.<\/p>\n<p>Sat ima ekran dijagonale 1,44 in\u010da i rezolucije 128&#215;128 piksela koji omogu\u0107uje \u010ditljivo su\u010delje. Zahvaljuju\u0107i RDA8955 \u010dipu i 32Mb + 32Mb memorije, ure\u0111aj radi besprijekorno i omogu\u0107uje kori\u0161tenje osnovnih funkcija poput poziva, primanja poruka, pu\u0161tanja glazbe i drugih. Pametni sat podr\u017eava Nano SIM kartice, a ladica za Micro SIM karticu olak\u0161ava instalaciju kartice.<\/p>\n<p>Pametni sat opremljen je baterijom od 400 mAh koja omogu\u0107uje rad od 2 do 3 dana s jednim punjenjem. To je dovoljan kapacitet da dijete mo\u017ee dulje koristiti sat bez potrebe za \u010destim punjenjem.<\/p>\n<p>Me\u0111utim, vrijedi zapamtiti da pametni sat podr\u017eava samo 2G mre\u017eu, tako da nije prikladan za zemlje u kojima je 2G mre\u017ea isklju\u010dena<\/p>\n<p>HOCO Y100 podr\u017eava pozicioniranje bazne stanice, ali to\u010dnost ove funkcije nije visoka. Sat tako\u0111er nudi reprodukciju glazbe i primanje poruka.<\/p>\n<p>Ure\u0111aj podr\u017eava 14 jezika, \u0161to ga \u010dini univerzalnim rje\u0161enjem za korisnike iz razli\u010ditih regija svijeta.<\/p>\n<p>\u2022 Zaslon: 1,44&#8243;, rezolucija: 128 x 128 px<br \/>\n\u2022 \u010cip: RDA8955<br \/>\n\u2022 Memorija: 32Mb+32Mb<br \/>\n\u2022 Baterija: 400 mAh<br \/>\n\u2022 Trajanje baterije: 2-3 dana<br \/>\n\u2022 SIM podr\u0161ka: Nano SIM (s ladicom za Micro SIM karticu)<br \/>\n\u2022 Mre\u017ea: 2G (ne radi u zemljama u kojima je 2G mre\u017ea zatvorena)<br \/>\n\u2022 Pozicioniranje: bazna stanica<br \/>\n\u2022 Podr\u0161ka: pozivi, poruke, muzika i vi\u0161e<\/p>\n","protected":false},"featured_media":9922,"comment_status":"open","ping_status":"closed","template":"","meta":{"_mi_skip_tracking":false,"_exactmetrics_sitenote_active":false,"_exactmetrics_sitenote_note":"","_exactmetrics_sitenote_category":0,"spay_email":""},"product_cat":[885],"product_tag":[7588,7589,7590,7587],"brands":[],"df_price":59,"df_sale_price":"","df_regular_price":59,"df_image_link":"https:\/\/i1.wp.com\/astehshop.com\/wp-content\/uploads\/2025\/01\/pametni-sat-plavi.png?fit=450%2C443","jetpack_publicize_connections":[],"jetpack_sharing_enabled":true,"jetpack_likes_enabled":true,"jetpack-related-posts":[{"id":9918,"url":"http:\/\/astehshop.com\/index.php\/product\/pametni-sat-za-djecu-crni-1-44-ekran-2g-nano-sim\/","url_meta":{"origin":9921,"position":0},"title":"Pametni sat za djecu crni, 1.44&#8243; ekran, 2G, Nano SIM","date":"19. sije\u010dnja 2025.","format":false,"excerpt":"HOCO Y100 je pametni sat namijenjen djeci, koji nudi funkciju razgovora i pra\u0107enje lokacije. Zahvaljuju\u0107i podr\u0161ci za Nano SIM kartice i 2G mre\u017ee, djeca mogu ostati u kontaktu sa svojim roditeljima, a pozicioniranje bazne stanice omogu\u0107uje pra\u0107enje njihove lokacije. Sat je jednostavan za kori\u0161tenje, \u0161to ga \u010dini idealnim rje\u0161enjem za\u2026","rel":"","context":"Srodne objave","img":{"alt_text":"","src":"https:\/\/i2.wp.com\/astehshop.com\/wp-content\/uploads\/2025\/01\/Pametni-sat-za-djecu-1.44.png?fit=1198%2C1200&resize=350%2C200","width":350,"height":200},"classes":[]},{"id":9924,"url":"http:\/\/astehshop.com\/index.php\/product\/pametni-sat-za-djecu-rozi-1-44-ekran-2g-nano-sim\/","url_meta":{"origin":9921,"position":1},"title":"Pametni sat za djecu rozi, 1.44&#8243; ekran, 2G, Nano SIM","date":"19. sije\u010dnja 2025.","format":false,"excerpt":"HOCO Y100 je pametni sat namijenjen djeci, koji nudi funkciju razgovora i pra\u0107enje lokacije. Zahvaljuju\u0107i podr\u0161ci za Nano SIM kartice i 2G mre\u017ee, djeca mogu ostati u kontaktu sa svojim roditeljima, a pozicioniranje bazne stanice omogu\u0107uje pra\u0107enje njihove lokacije. Sat je jednostavan za kori\u0161tenje, \u0161to ga \u010dini idealnim rje\u0161enjem za\u2026","rel":"","context":"Srodne objave","img":{"alt_text":"","src":"https:\/\/i2.wp.com\/astehshop.com\/wp-content\/uploads\/2025\/01\/48578_17261275544pblkca97r-rozi.png?fit=1191%2C1200&resize=350%2C200","width":350,"height":200},"classes":[]},{"id":7413,"url":"http:\/\/astehshop.com\/index.php\/product\/pametni-sat-cubot-c7-pink-smart-watch\/","url_meta":{"origin":9921,"position":2},"title":"Pametni sat CUBOT C7 pink smart watch","date":"11. o\u017eujka 2023.","format":false,"excerpt":"Cubot C7 Smartwatch Android 6.0+ IOS 10.0+ 24 satno pra\u0107enje otkucaja srca 23 sportska moda 7 dana baterija (uobi\u010dajno kori\u0161tenje) IP68 - vodootpornost Display - 1.54 in\u010da | TFT-LCD Pozivi\/Poruke - notifikacija 15 jezika","rel":"","context":"Srodne objave","img":{"alt_text":"","src":"https:\/\/i0.wp.com\/astehshop.com\/wp-content\/uploads\/2023\/03\/0105061_pametni-sat-cubot-c7-pink.jpeg?fit=900%2C900&resize=350%2C200","width":350,"height":200},"classes":[]},{"id":7403,"url":"http:\/\/astehshop.com\/index.php\/product\/pametni-sat-haylou-smart-watch-rt2-black-ls1\/","url_meta":{"origin":9921,"position":3},"title":"Pametni sat Haylou Smart Watch RT2 Black &#8211; LS1","date":"11. o\u017eujka 2023.","format":false,"excerpt":"Haylou RT2 pametni sat je napravljen za stalni pokret. Estetski je dizajniran za sport sa 2.5D zakrivljenim staklom i TFT ekranom veli\u010dine 1.32 in\u010da, stoji na ruci veoma ugodno i donosi ljepotu nje\u017enog dizajna. Inkorporirano je 12 re\u017eima za fizi\u010dku aktivnost kao \u0161to su brzo hodanje, penjanje, joga, gimnastika i\u2026","rel":"","context":"Srodne objave","img":{"alt_text":"","src":"https:\/\/i2.wp.com\/astehshop.com\/wp-content\/uploads\/2023\/03\/xiaomi-haylou-rt2-ls10-smart-watch-black.png?fit=800%2C800&resize=350%2C200","width":350,"height":200},"classes":[]},{"id":7427,"url":"http:\/\/astehshop.com\/index.php\/product\/pametni-sat-cubot-c9-black\/","url_meta":{"origin":9921,"position":4},"title":"Pametni sat CUBOT C9 black","date":"11. o\u017eujka 2023.","format":false,"excerpt":"Cubot Smart Watch C9 Crni 43mm. Ekran u boji 1.30''. Obavijesti o pozivima, porukama i od aplikacija. Pra\u0107enje sportskih aktivnosti, 10 sportskih modova. Pra\u0107enje rada srca 24 sata. Pra\u0107enje kvaliteta sna. Kontrola muzike putem sata. Trajanje baterije 7 dana. Vodootporan IP68. Magnetni punja\u010d. Garancija 12 mjeseci.","rel":"","context":"Srodne objave","img":{"alt_text":"","src":"https:\/\/i1.wp.com\/astehshop.com\/wp-content\/uploads\/2023\/03\/0109694_pametni-sat-cubot-c9-black.jpeg?fit=900%2C900&resize=350%2C200","width":350,"height":200},"classes":[]},{"id":5611,"url":"http:\/\/astehshop.com\/index.php\/product\/haylou-solar-smartwatch-ls05\/","url_meta":{"origin":9921,"position":5},"title":"Haylou Solar SmartWatch LS05","date":"5. studenoga 2021.","format":false,"excerpt":"Haylou Solar LS05 ima jednostavan i atraktivan dizajn s\u00a0IP68 certifikatom\u00a0(otporan na vodu i pra\u0161inu) i velikim 1.28\u2033 zaslonom. Zaslon je ina\u010de vrlo visoke\u00a0240 x 240 rezolucije, te je dobro vidljiv na suncu. Ovo je zapravo idealan ure\u0111aj za one koji \u017eele pametni sat \/ narukvicu \/ fitness ure\u0111aj, ali ne\u2026","rel":"","context":"Srodne objave","img":{"alt_text":"","src":"https:\/\/i0.wp.com\/astehshop.com\/wp-content\/uploads\/2021\/11\/Haylou-Solar.jpg?fit=1000%2C1000&resize=350%2C200","width":350,"height":200},"classes":[]}],"_links":{"self":[{"href":"http:\/\/astehshop.com\/index.php\/wp-json\/wp\/v2\/product\/9921"}],"collection":[{"href":"http:\/\/astehshop.com\/index.php\/wp-json\/wp\/v2\/product"}],"about":[{"href":"http:\/\/astehshop.com\/index.php\/wp-json\/wp\/v2\/types\/product"}],"replies":[{"embeddable":true,"href":"http:\/\/astehshop.com\/index.php\/wp-json\/wp\/v2\/comments?post=9921"}],"wp:featuredmedia":[{"embeddable":true,"href":"http:\/\/astehshop.com\/index.php\/wp-json\/wp\/v2\/media\/9922"}],"wp:attachment":[{"href":"http:\/\/astehshop.com\/index.php\/wp-json\/wp\/v2\/media?parent=9921"}],"wp:term":[{"taxonomy":"product_cat","embeddable":true,"href":"http:\/\/astehshop.com\/index.php\/wp-json\/wp\/v2\/product_cat?post=9921"},{"taxonomy":"product_tag","embeddable":true,"href":"http:\/\/astehshop.com\/index.php\/wp-json\/wp\/v2\/product_tag?post=9921"}],"curies":[{"name":"wp","href":"https:\/\/api.w.org\/{rel}","templated":true}]}}