{"id":9916,"date":"2025-01-18T20:36:05","date_gmt":"2025-01-18T19:36:05","guid":{"rendered":"http:\/\/astehshop.com\/?post_type=product&#038;p=9916"},"modified":"2025-01-18T20:36:06","modified_gmt":"2025-01-18T19:36:06","slug":"univerzalni-stalak-sa-kotacima-za-desktop-pc","status":"publish","type":"product","link":"http:\/\/astehshop.com\/index.php\/product\/univerzalni-stalak-sa-kotacima-za-desktop-pc\/","title":{"rendered":"Univerzalni stalak sa kota\u010dima za desktop PC"},"content":{"rendered":"<p>&#8211; Univerzalni stalak za ra\u010dunalo<br \/>\nMC-851 univerzalni stalak na kota\u010dima tvrtke Maclean prikladan je za ku\u0107i\u0161te ra\u010dunala s maksimalnim optere\u0107enjem do 10 kg.<\/p>\n<p>&#8211; Podesivo<br \/>\nZahvaljuju\u0107i podesivoj \u0161irini od 119 do 209 mm, kolica se lako mogu prilagoditi \u0161irini va\u0161eg ra\u010dunala.<\/p>\n<p>&#8211; Za\u0161titna podloga<br \/>\nDodatna za\u0161titna podstava sa strane tako\u0111er \u0161titi va\u0161e ra\u010dunalo od ogrebotina i o\u0161te\u0107enja ku\u0107i\u0161ta.<\/p>\n<p>&#8211; Vi\u0161e organizacije ispod va\u0161eg stola<br \/>\nZahvaljuju\u0107i ovim kolicima, vi\u0161e ne morate stavljati ra\u010dunalo izravno na pod. To osigurava bolju organizaciju na va\u0161em radnom mjestu. Rje\u0161enje je savr\u0161eno i za ured i za dom.<\/p>\n","protected":false},"excerpt":{"rendered":"<p>&#8211; Univerzalni stalak za ra\u010dunalo<br \/>\nMC-851 univerzalni stalak na kota\u010dima tvrtke Maclean prikladan je za ku\u0107i\u0161te ra\u010dunala s maksimalnim optere\u0107enjem do 10 kg.<\/p>\n<p>&#8211; Podesivo<br \/>\nZahvaljuju\u0107i podesivoj \u0161irini od 119 do 209 mm, kolica se lako mogu prilagoditi \u0161irini va\u0161eg ra\u010dunala.<\/p>\n<p>&#8211; Za\u0161titna podloga<br \/>\nDodatna za\u0161titna podstava sa strane tako\u0111er \u0161titi va\u0161e ra\u010dunalo od ogrebotina i o\u0161te\u0107enja ku\u0107i\u0161ta.<\/p>\n<p>&#8211; Vi\u0161e organizacije ispod va\u0161eg stola<br \/>\nZahvaljuju\u0107i ovim kolicima, vi\u0161e ne morate stavljati ra\u010dunalo izravno na pod. To osigurava bolju organizaciju na va\u0161em radnom mjestu. Rje\u0161enje je savr\u0161eno i za ured i za dom.<\/p>\n","protected":false},"featured_media":9917,"comment_status":"open","ping_status":"closed","template":"","meta":{"_mi_skip_tracking":false,"_exactmetrics_sitenote_active":false,"_exactmetrics_sitenote_note":"","_exactmetrics_sitenote_category":0,"spay_email":""},"product_cat":[1129],"product_tag":[7586],"brands":[],"df_price":59,"df_sale_price":"","df_regular_price":59,"df_image_link":"https:\/\/i1.wp.com\/astehshop.com\/wp-content\/uploads\/2025\/01\/54743_1736169618413fovi3ad.png?fit=450%2C420","jetpack_publicize_connections":[],"jetpack_sharing_enabled":true,"jetpack_likes_enabled":true,"jetpack-related-posts":[{"id":11544,"url":"http:\/\/astehshop.com\/index.php\/product\/ubit-univerzalni-zidni-nosac\/","url_meta":{"origin":9916,"position":0},"title":"UBIT UNIVERZALNI ZIDNI NOSA\u010c","date":"19. kolovoza 2025.","format":false,"excerpt":"Za sve dodatne informacije mozete nas kontaktirati na\u00a0OLX poruke, 065824333 ili Viber NUDIMO KUPOVINU NOVE ROBE NA RATE: -DO 18 RATA PREKO MIKROFIN KREDITNA ORGANIZACIJA -DO 12 RATA PREKO \u0160OPING KARTICE UNICREDIT BANK \u00a0 Trgovinska Radnja TECHNO SHOP BN Nikole Tesle 31a, Bijeljina (izme\u0111u Moja Apoteka i picerije Park Ne\u0161kovi\u0107)\u2026","rel":"","context":"Srodne objave","img":{"alt_text":"","src":"https:\/\/i0.wp.com\/astehshop.com\/wp-content\/uploads\/2025\/08\/31952-UBIT-Univerzalni-TV-zidni-nosa-1.jpg?fit=450%2C450&resize=350%2C200","width":350,"height":200},"classes":[]},{"id":7607,"url":"http:\/\/astehshop.com\/index.php\/product\/nosac-klima-uredaja-do-100-kg-450-x-380-mm\/","url_meta":{"origin":9916,"position":1},"title":"Nosa\u010d klima ure\u0111aja, do 100 kg., 450 x 380 mm","date":"24. travnja 2023.","format":false,"excerpt":"Univerzalni nosa\u010d za klima ure\u0111aje, kompatibilan sa svim modelima, nosivost do 100 kg, materijal izrade pocin\u010dani \u010delik. Stabilna i pouzdana konstrukcija, otporno na koroziju, ogrebotine, 2 nosa\u010da u obliku slova L, dodatne 4 potporne noge, brza i jednostavna instalacija. Pogodno za ugradnju klima ure\u0111aja na izlo\u017eenim mjestima kao \u0161to su:\u2026","rel":"","context":"Srodne objave","img":{"alt_text":"","src":"https:\/\/i0.wp.com\/astehshop.com\/wp-content\/uploads\/2023\/04\/Nosac-klima-uredaja-do-100-kg.-450-x-380-mm.png?fit=1200%2C1138&resize=350%2C200","width":350,"height":200},"classes":[]},{"id":7964,"url":"http:\/\/astehshop.com\/index.php\/product\/itc-t-775w-5-incni-dvosmjerni-30w-zvucnik-za-montiranje-na-zid\/","url_meta":{"origin":9916,"position":2},"title":"ITC T-775W 5-in\u010dni dvosmjerni 30W zvu\u010dnik za montiranje na zid","date":"16. lipnja 2023.","format":false,"excerpt":"T-775 je zidni zvu\u010dnik sa ugra\u0111enim transformatorom od 70v\/100v. Tehnika transformatora 70v\/100v smanjuje gubitke u liniji na ve\u0107oj udaljenosti i omogu\u0107ava lako paralelno povezivanje vi\u0161e zvu\u010dnika. Ugra\u0111eni 5\u201d+1,5\u201d dvosmjerni drajver zvu\u010dnika je dizajniran za \u0161irok frekventni odziv 130-15kHz, RMS izlazne snage 30 vati su pogodne za ve\u0107inu aplikacija. Metalna re\u0161etka,\u2026","rel":"","context":"Srodne objave","img":{"alt_text":"","src":"https:\/\/i2.wp.com\/astehshop.com\/wp-content\/uploads\/2023\/06\/T-775W.jpg?fit=930%2C948&resize=350%2C200","width":350,"height":200},"classes":[]},{"id":3293,"url":"http:\/\/astehshop.com\/index.php\/product\/zamjenski-adapter-za-sony-laptope-19v-474-a\/","url_meta":{"origin":9916,"position":3},"title":"Zamjenski adapter za sony laptope 19V 4,74 A","date":"12. travnja 2019.","format":false,"excerpt":"Zamjenski adapter za sony laptope 19V 4,74 A sa iglicom","rel":"","context":"Srodne objave","img":{"alt_text":"","src":"https:\/\/i2.wp.com\/astehshop.com\/wp-content\/uploads\/2019\/04\/zamjenski-adapter-za-sony.jpg?fit=640%2C640&resize=350%2C200","width":350,"height":200},"classes":[]},{"id":11348,"url":"http:\/\/astehshop.com\/index.php\/product\/univerzalni-nosac-drzac-za-biciklo-esperanza-sand-l\/","url_meta":{"origin":9916,"position":4},"title":"Univerzalni nosa\u010d dr\u017ea\u010d za biciklo ESPERANZA SAND L","date":"23. srpnja 2025.","format":false,"excerpt":"Kompatibilan s ve\u0107inom biciklisti\u010dkih upravlja\u010da Rotacija: 360\u00b0 - fleksibilno pode\u0161avanje polo\u017eaja i ugla Unutarnje dimenzije: 147 \u00d7 75 mm Odgovara telefonima sli\u010dnih dimenzija: iPhone 6, Samsung Galaxy S serije, HTC One, Sony Xperia Z serije, Nokia Lumia 540, LG G serije Idealno za navigaciju, pra\u0107enje treninga ili muziku tokom vo\u017enje","rel":"","context":"Srodne objave","img":{"alt_text":"","src":"https:\/\/i2.wp.com\/astehshop.com\/wp-content\/uploads\/2025\/07\/0086227_univerzalni-nosac-drzac-za-biciklo-esperanza-sand-l-za-mobitel-vodootporan-emh115.jpeg?fit=450%2C450&resize=350%2C200","width":350,"height":200},"classes":[]},{"id":7648,"url":"http:\/\/astehshop.com\/index.php\/product\/elektro-prihvatnik-za-vrata-mini\/","url_meta":{"origin":9916,"position":5},"title":"Elektro prihvatnik za vrata, mini","date":"30. travnja 2023.","format":false,"excerpt":"Elektro prihvatnik za vrata mo\u017ee raditi s portafonima, instalacijom video portafona i kodnim bravama na prednjoj strani vrata za jednu i vi\u0161e obitelji Mo\u017ee se montirati na vanjsku stranu standardne prednje plo\u010de Simetri\u010dan dizajn i male dimenzije Izra\u0111en od materijala otpornih na koroziju (aluminij i legura cinka ) Opremljen sa:\u2026","rel":"","context":"Srodne objave","img":{"alt_text":"","src":"https:\/\/i0.wp.com\/astehshop.com\/wp-content\/uploads\/2023\/04\/elektro-brava-1.png?fit=1155%2C1200&resize=350%2C200","width":350,"height":200},"classes":[]}],"_links":{"self":[{"href":"http:\/\/astehshop.com\/index.php\/wp-json\/wp\/v2\/product\/9916"}],"collection":[{"href":"http:\/\/astehshop.com\/index.php\/wp-json\/wp\/v2\/product"}],"about":[{"href":"http:\/\/astehshop.com\/index.php\/wp-json\/wp\/v2\/types\/product"}],"replies":[{"embeddable":true,"href":"http:\/\/astehshop.com\/index.php\/wp-json\/wp\/v2\/comments?post=9916"}],"wp:featuredmedia":[{"embeddable":true,"href":"http:\/\/astehshop.com\/index.php\/wp-json\/wp\/v2\/media\/9917"}],"wp:attachment":[{"href":"http:\/\/astehshop.com\/index.php\/wp-json\/wp\/v2\/media?parent=9916"}],"wp:term":[{"taxonomy":"product_cat","embeddable":true,"href":"http:\/\/astehshop.com\/index.php\/wp-json\/wp\/v2\/product_cat?post=9916"},{"taxonomy":"product_tag","embeddable":true,"href":"http:\/\/astehshop.com\/index.php\/wp-json\/wp\/v2\/product_tag?post=9916"}],"curies":[{"name":"wp","href":"https:\/\/api.w.org\/{rel}","templated":true}]}}