{"id":9914,"date":"2025-01-18T20:32:41","date_gmt":"2025-01-18T19:32:41","guid":{"rendered":"http:\/\/astehshop.com\/?post_type=product&#038;p=9914"},"modified":"2025-01-18T20:32:43","modified_gmt":"2025-01-18T19:32:43","slug":"desktop-pc-ryzen-5-3600-rx580-16gb-ddr4-ssd-1-tb","status":"publish","type":"product","link":"http:\/\/astehshop.com\/index.php\/product\/desktop-pc-ryzen-5-3600-rx580-16gb-ddr4-ssd-1-tb\/","title":{"rendered":"Desktop PC, Ryzen 5 3600, RX580, 16GB DDR4, SSD 1 TB"},"content":{"rendered":"<p>Desktop ra\u010dunar<\/p>\n<p>\u2022 Mati\u010dna plo\u010da: AM4 Biostar B450MH VGA\/HDMI\/M.2<br \/>\n\u2022 Procesor: AMD AM4 Ryzen 5 3600 3.6GHz MPK<br \/>\n\u2022 Memorija: 16GB DDR4@3200MHz AData XPG AX4U320016G16A-SBKD35<br \/>\n\u2022 SSD: 1TB M.2 NVME Kingston SNV2S\/1000G 3500MBs\/2100MBs<br \/>\n\u2022 Grafi\u010dka karta: Biostar RX580 8GB GDDR5 256 bit 2XDP\/HDMI<br \/>\nKu\u0107i\u0161te: Zeus F30 700W<\/p>\n","protected":false},"excerpt":{"rendered":"<p>Desktop PC, Ryzen 5 3600, RX580, 16GB DDR4, SSD 1 TB<\/p>\n<p>Desktop ra\u010dunar<\/p>\n<p>\u2022 Mati\u010dna plo\u010da: AM4 Biostar B450MH VGA\/HDMI\/M.2<br \/>\n\u2022 Procesor: AMD AM4 Ryzen 5 3600 3.6GHz MPK<br \/>\n\u2022 Memorija: 16GB DDR4@3200MHz AData XPG AX4U320016G16A-SBKD35<br \/>\n\u2022 SSD: 1TB M.2 NVME Kingston SNV2S\/1000G 3500MBs\/2100MBs<br \/>\n\u2022 Grafi\u010dka karta: Biostar RX580 8GB GDDR5 256 bit 2XDP\/HDMI<br \/>\nKu\u0107i\u0161te: Zeus F30 700W<\/p>\n","protected":false},"featured_media":9915,"comment_status":"open","ping_status":"closed","template":"","meta":{"_mi_skip_tracking":false,"_exactmetrics_sitenote_active":false,"_exactmetrics_sitenote_note":"","_exactmetrics_sitenote_category":0,"spay_email":""},"product_cat":[1129,5140],"product_tag":[7585,7582,7584,7583,4536],"brands":[],"df_price":1190,"df_sale_price":"","df_regular_price":1190,"df_image_link":"https:\/\/i0.wp.com\/astehshop.com\/wp-content\/uploads\/2025\/01\/54175_1732616105tjfhneupby.png?fit=450%2C450","jetpack_publicize_connections":[],"jetpack_sharing_enabled":true,"jetpack_likes_enabled":true,"jetpack-related-posts":[{"id":8640,"url":"http:\/\/astehshop.com\/index.php\/product\/gaming-racunar-ryzen-5-16gb-rtx-2060-super-8gb\/","url_meta":{"origin":9914,"position":0},"title":"GAMING RA\u010cUNAR Ryzen 5 16GB RTX 2060 Super 8GB","date":"14. studenoga 2023.","format":false,"excerpt":"AMD RYZEN 5 5500 - 12threads Coller AMD CPU Orig. Gigabyte MB B450M K G10 AM4 SSD M.2 NVMe 1TB RAM DDR4 16GB 3200MHz Novo GRAFIKA ASUS RTX 2060 Super 8GB \u2013 Novo Ku\u0107i\u0161te Chieftec HUNTER Gaming Case Novo WINDOWS 11, Steam, EpicGame, Discord\u2026","rel":"","context":"Srodne objave","img":{"alt_text":"","src":"https:\/\/i0.wp.com\/astehshop.com\/wp-content\/uploads\/2023\/11\/img-1699434785-fe673c195964.jpg?fit=800%2C800&resize=350%2C200","width":350,"height":200},"classes":[]},{"id":10911,"url":"http:\/\/astehshop.com\/index.php\/product\/konfiguracija-special\/","url_meta":{"origin":9914,"position":1},"title":"Konfiguracija Special","date":"9. srpnja 2025.","format":false,"excerpt":"Procesor: AMD Ryzen 5 5500 AM4 Tray Mati\u010dna plo\u010da: Biostar A520MHP RAM memorija: Afox DDR4 16GB 3200MHz Grafi\u010dka kartica: MSI RTX 3050 Ventus 2X OC 6GB GDDR6 SSD: Axle 512GB M.2 NVMe Hladnjak za CPU: Arctic Alpine 23 Ku\u0107i\u0161te: UBIT Gaming Case UB-GB01 Napajanje: Inter-tech Argus APS-420W bulk","rel":"","context":"Srodne objave","img":{"alt_text":"","src":"https:\/\/i0.wp.com\/astehshop.com\/wp-content\/uploads\/2025\/07\/29953-Konfiguracija-Special-1.webp?fit=450%2C450&resize=350%2C200","width":350,"height":200},"classes":[]},{"id":10897,"url":"http:\/\/astehshop.com\/index.php\/product\/konfiguracija-twister\/","url_meta":{"origin":9914,"position":2},"title":"Konfiguracija Twister","date":"8. srpnja 2025.","format":false,"excerpt":"AMD Ryzen 5 3400G, Biostar A520MHP, Afox DDR4 16GB 2666Mhz, SSD 256GB M.2 NVMe, UBIT Case UB-C0212 500W","rel":"","context":"Srodne objave","img":{"alt_text":"","src":"https:\/\/i1.wp.com\/astehshop.com\/wp-content\/uploads\/2025\/07\/28955-Konfiguracija-Twister-2.webp?fit=450%2C450&resize=350%2C200","width":350,"height":200},"classes":[]},{"id":7263,"url":"http:\/\/astehshop.com\/index.php\/product\/gaming-racunar-pc-ryzen-7-16gb-rtx-3060-ti\/","url_meta":{"origin":9914,"position":3},"title":"GAMING RA\u010cUNAR PC RYZEN 7 16GB RTX 3060 Ti","date":"2. o\u017eujka 2023.","format":false,"excerpt":"GAMING RA\u010cUNAR PC RYZEN 7 16GB RTX 3060 Ti AMD RYZEN 7\u00a0 5700x Gigabyte MB A520M K G10 AM4 SSD M.2 NVMe 512GB + HDD 1TB Novo RAM DDR4 16GB 3200MHz Novo GRAFIKA ASUS RTX 3060 Ti 8GB - Polovna Ku\u0107i\u0161te MS Industrial ARMOR V705 Gaming Case\u00a0 Novo WINDOWS 11,\u2026","rel":"","context":"Srodne objave","img":{"alt_text":"","src":"https:\/\/i1.wp.com\/astehshop.com\/wp-content\/uploads\/2023\/03\/loRiBt744GARP0dDrb1W.jpg?fit=762%2C719&resize=350%2C200","width":350,"height":200},"classes":[]},{"id":8636,"url":"http:\/\/astehshop.com\/index.php\/product\/gaming-racunar-ryzen-7-32gb-rx-5700-xt\/","url_meta":{"origin":9914,"position":4},"title":"GAMING RA\u010cUNAR RYZEN 7 32GB RX 5700 XT","date":"14. studenoga 2023.","format":false,"excerpt":"GAMING RA\u010cUNAR PC RYZEN 7 32GB RX 5700XT 8GB AMD RYZEN 7 5700x - 16threads CollerMaster CPU Cooler Gigabyte MB B450M K G10 AM4 SSD M.2 NVMe 1TB + HDD 1TB Novo RAM DDR4 32GB 3600MHz Novo GRAFIKA ASUS RX 5700 XT 8GB \u2013 Polovna Ku\u0107i\u0161te MS Industrial ARMOR V705\u2026","rel":"","context":"Srodne objave","img":{"alt_text":"","src":"https:\/\/i1.wp.com\/astehshop.com\/wp-content\/uploads\/2023\/11\/99tQEOdfipIhdA2oetld.jpg?fit=762%2C719&resize=350%2C200","width":350,"height":200},"classes":[]},{"id":9465,"url":"http:\/\/astehshop.com\/index.php\/product\/gaming-racunar-pc-ryzen-7-32-1000gb-gtx-4060\/","url_meta":{"origin":9914,"position":5},"title":"GAMING RA\u010cUNAR PC Ryzen 7 32\/1000GB GTX 4060","date":"31. kolovoza 2024.","format":false,"excerpt":"AMD RYZEN 7\u00a05700x - 16threads CollerMaster CPU Cooler Gigabyte MB B550M K G10 AM4 SSD M.2 NVMe 1TB + HDD 1TB RAM DDR4 32GB 3600MHz RGB GRAFIKA ASUS GTX 4600 8GB GDDR6 Ku\u0107i\u0161te Case Gaming Archon 2 Mesh RGB WHITE WINDOWS 11, Steam, EpicGame, Discord\u2026","rel":"","context":"Srodne objave","img":{"alt_text":"","src":"https:\/\/i1.wp.com\/astehshop.com\/wp-content\/uploads\/2024\/08\/image-9.jpg?fit=800%2C800&resize=350%2C200","width":350,"height":200},"classes":[]}],"_links":{"self":[{"href":"http:\/\/astehshop.com\/index.php\/wp-json\/wp\/v2\/product\/9914"}],"collection":[{"href":"http:\/\/astehshop.com\/index.php\/wp-json\/wp\/v2\/product"}],"about":[{"href":"http:\/\/astehshop.com\/index.php\/wp-json\/wp\/v2\/types\/product"}],"replies":[{"embeddable":true,"href":"http:\/\/astehshop.com\/index.php\/wp-json\/wp\/v2\/comments?post=9914"}],"wp:featuredmedia":[{"embeddable":true,"href":"http:\/\/astehshop.com\/index.php\/wp-json\/wp\/v2\/media\/9915"}],"wp:attachment":[{"href":"http:\/\/astehshop.com\/index.php\/wp-json\/wp\/v2\/media?parent=9914"}],"wp:term":[{"taxonomy":"product_cat","embeddable":true,"href":"http:\/\/astehshop.com\/index.php\/wp-json\/wp\/v2\/product_cat?post=9914"},{"taxonomy":"product_tag","embeddable":true,"href":"http:\/\/astehshop.com\/index.php\/wp-json\/wp\/v2\/product_tag?post=9914"}],"curies":[{"name":"wp","href":"https:\/\/api.w.org\/{rel}","templated":true}]}}