{"id":9888,"date":"2024-12-17T21:01:59","date_gmt":"2024-12-17T20:01:59","guid":{"rendered":"http:\/\/astehshop.com\/?post_type=product&#038;p=9888"},"modified":"2024-12-17T21:01:59","modified_gmt":"2024-12-17T20:01:59","slug":"ceopa-ce-105w-4-zvucnici-20w","status":"publish","type":"product","link":"http:\/\/astehshop.com\/index.php\/product\/ceopa-ce-105w-4-zvucnici-20w\/","title":{"rendered":"Ceopa CE-105W\/4 zvucnici 20W"},"content":{"rendered":"<p>Za unutra\u0161nju monta\u017eu, 20W<br \/>\n4&#8221;x1 + 1.5&#8221;x1, dimenzije 215x170x150mm, full frequency, u beloj boji<\/p>\n","protected":false},"excerpt":{"rendered":"<p>Za unutra\u0161nju monta\u017eu, 20W<br \/>\n4&#8221;x1 + 1.5&#8221;x1, dimenzije 215x170x150mm, full frequency, u beloj boji<\/p>\n","protected":false},"featured_media":9889,"comment_status":"open","ping_status":"closed","template":"","meta":{"_mi_skip_tracking":false,"_exactmetrics_sitenote_active":false,"_exactmetrics_sitenote_note":"","_exactmetrics_sitenote_category":0,"spay_email":""},"product_cat":[5619],"product_tag":[7579],"brands":[{"id":7518,"name":"Ceopa","slug":"ceopa"}],"df_price":90,"df_sale_price":"","df_regular_price":90,"df_image_link":"https:\/\/i0.wp.com\/astehshop.com\/wp-content\/uploads\/2024\/12\/ceopa-ce-105w-4-zvucnici-20w_0.jpg?fit=450%2C253","jetpack_publicize_connections":[],"jetpack_sharing_enabled":true,"jetpack_likes_enabled":true,"jetpack-related-posts":[{"id":9876,"url":"http:\/\/astehshop.com\/index.php\/product\/ceopa-ceh-23t-zvucnik-10w-20w-30w\/","url_meta":{"origin":9888,"position":0},"title":"Ceopa CEH-23T zvucnik 10W\/20W\/30W","date":"17. prosinca 2024.","format":false,"excerpt":"Plafonski zvu\u010dnik, 10W\/20W\/30W Za unutra\u0161nju monta\u017eu, 8'', dimenzije F285x80mm, otvor F240mm, 2.4kg, dvosistemski zvu\u010dnik","rel":"","context":"Srodne objave","img":{"alt_text":"","src":"https:\/\/i1.wp.com\/astehshop.com\/wp-content\/uploads\/2024\/12\/ceopa-ceh-23t-zvucnik-10w-20w-30w_0.jpg?fit=1200%2C675&resize=350%2C200","width":350,"height":200},"classes":[]},{"id":9881,"url":"http:\/\/astehshop.com\/index.php\/product\/ceopa-ce-502-zvucnici-20w-30w\/","url_meta":{"origin":9888,"position":1},"title":"Ceopa CE-502 zvucnici 20W\/30W","date":"17. prosinca 2024.","format":false,"excerpt":"Za spoljnu monta\u017eu, 20W\/30W Vodootporan, 4''x2, dimenzije 390x123x145mm, 4.1Kg, od legure aluminijuma","rel":"","context":"Srodne objave","img":{"alt_text":"","src":"https:\/\/i1.wp.com\/astehshop.com\/wp-content\/uploads\/2024\/12\/ceopa-ce-502-zvucnici-20w-30w_0.jpg?fit=1200%2C675&resize=350%2C200","width":350,"height":200},"classes":[]},{"id":9886,"url":"http:\/\/astehshop.com\/index.php\/product\/ceopa-ce-288-spoljni-zvucnik-20w-40w\/","url_meta":{"origin":9888,"position":2},"title":"Ceopa CE-288 spoljni zvu\u010dnik 20W\/40W","date":"17. prosinca 2024.","format":false,"excerpt":"Za spoljnu monta\u017eu, 20W\/40W Vodootporan, 6.5x4 + 2x2, dimenzije 410x250x160mm, 5.5Kg, dvostrani, od legure aluminijuma","rel":"","context":"Srodne objave","img":{"alt_text":"","src":"https:\/\/i1.wp.com\/astehshop.com\/wp-content\/uploads\/2024\/12\/ceopa-ce-288-spoljni-zvucnik-20w-40w_0.jpg?fit=1200%2C675&resize=350%2C200","width":350,"height":200},"classes":[]},{"id":9879,"url":"http:\/\/astehshop.com\/index.php\/product\/ceopa-ce-501-zvucnik-10w-15w\/","url_meta":{"origin":9888,"position":3},"title":"Ceopa CE-501 zvucnik 10W\/15W","date":"17. prosinca 2024.","format":false,"excerpt":"Za spoljnu monta\u017eu, 10W\/15W Vodootporan, 4''x1, dimenzije 270x123x145mm, 2.55Kg, od legure aluminijuma","rel":"","context":"Srodne objave","img":{"alt_text":"","src":"https:\/\/i2.wp.com\/astehshop.com\/wp-content\/uploads\/2024\/12\/ceopa-ce-501-zvucnik-10w-15w_0.jpg?fit=1200%2C675&resize=350%2C200","width":350,"height":200},"classes":[]},{"id":9870,"url":"http:\/\/astehshop.com\/index.php\/product\/ceopa-ceh-304t-zvucnik-3w\/","url_meta":{"origin":9888,"position":4},"title":"Ceopa CEH-304T zvucnik 3W","date":"15. prosinca 2024.","format":false,"excerpt":"Plafonski zvu\u010dnik, 3W Za unutra\u0161nju monta\u017eu, 4, dimenzije F180x55mm, otvor F155mm, 0.8kg","rel":"","context":"Srodne objave","img":{"alt_text":"","src":"https:\/\/i0.wp.com\/astehshop.com\/wp-content\/uploads\/2024\/12\/Ceopa-CEH-304T-zvucnik-3W.jpg?fit=1200%2C675&resize=350%2C200","width":350,"height":200},"classes":[]},{"id":9873,"url":"http:\/\/astehshop.com\/index.php\/product\/ceopa-ceh-305t-zvucnik-3-6w\/","url_meta":{"origin":9888,"position":5},"title":"Ceopa CEH-305T zvucnik 3\/6W","date":"15. prosinca 2024.","format":false,"excerpt":"Plafonski zvu\u010dnik, 3W\/6W Za unutra\u0161nju monta\u017eu, 5'', dimenzije F198x55mm, otvor F166mm, 0.85kg","rel":"","context":"Srodne objave","img":{"alt_text":"","src":"https:\/\/i0.wp.com\/astehshop.com\/wp-content\/uploads\/2024\/12\/Ceopa-CEH-304T-zvucnik-3W.jpg?fit=1200%2C675&resize=350%2C200","width":350,"height":200},"classes":[]}],"_links":{"self":[{"href":"http:\/\/astehshop.com\/index.php\/wp-json\/wp\/v2\/product\/9888"}],"collection":[{"href":"http:\/\/astehshop.com\/index.php\/wp-json\/wp\/v2\/product"}],"about":[{"href":"http:\/\/astehshop.com\/index.php\/wp-json\/wp\/v2\/types\/product"}],"replies":[{"embeddable":true,"href":"http:\/\/astehshop.com\/index.php\/wp-json\/wp\/v2\/comments?post=9888"}],"wp:featuredmedia":[{"embeddable":true,"href":"http:\/\/astehshop.com\/index.php\/wp-json\/wp\/v2\/media\/9889"}],"wp:attachment":[{"href":"http:\/\/astehshop.com\/index.php\/wp-json\/wp\/v2\/media?parent=9888"}],"wp:term":[{"taxonomy":"product_cat","embeddable":true,"href":"http:\/\/astehshop.com\/index.php\/wp-json\/wp\/v2\/product_cat?post=9888"},{"taxonomy":"product_tag","embeddable":true,"href":"http:\/\/astehshop.com\/index.php\/wp-json\/wp\/v2\/product_tag?post=9888"}],"curies":[{"name":"wp","href":"https:\/\/api.w.org\/{rel}","templated":true}]}}