{"id":9886,"date":"2024-12-17T20:56:44","date_gmt":"2024-12-17T19:56:44","guid":{"rendered":"http:\/\/astehshop.com\/?post_type=product&#038;p=9886"},"modified":"2024-12-17T20:56:45","modified_gmt":"2024-12-17T19:56:45","slug":"ceopa-ce-288-spoljni-zvucnik-20w-40w","status":"publish","type":"product","link":"http:\/\/astehshop.com\/index.php\/product\/ceopa-ce-288-spoljni-zvucnik-20w-40w\/","title":{"rendered":"Ceopa CE-288 spoljni zvu\u010dnik 20W\/40W"},"content":{"rendered":"<p>Za spoljnu monta\u017eu, 20W\/40W<br \/>\nVodootporan, 6.5&#215;4 + 2&#215;2, dimenzije 410x250x160mm, 5.5Kg, dvostrani, od legure aluminijuma<\/p>\n","protected":false},"excerpt":{"rendered":"<p>Za spoljnu monta\u017eu, 20W\/40W<br \/>\nVodootporan, 6.5&#215;4 + 2&#215;2, dimenzije 410x250x160mm, 5.5Kg, dvostrani, od legure aluminijuma<\/p>\n","protected":false},"featured_media":9887,"comment_status":"open","ping_status":"closed","template":"","meta":{"_mi_skip_tracking":false,"_exactmetrics_sitenote_active":false,"_exactmetrics_sitenote_note":"","_exactmetrics_sitenote_category":0,"spay_email":""},"product_cat":[5619],"product_tag":[7578],"brands":[],"df_price":155,"df_sale_price":"","df_regular_price":155,"df_image_link":"https:\/\/i1.wp.com\/astehshop.com\/wp-content\/uploads\/2024\/12\/ceopa-ce-288-spoljni-zvucnik-20w-40w_0.jpg?fit=450%2C253","jetpack_publicize_connections":[],"jetpack_sharing_enabled":true,"jetpack_likes_enabled":true,"jetpack-related-posts":[{"id":9881,"url":"http:\/\/astehshop.com\/index.php\/product\/ceopa-ce-502-zvucnici-20w-30w\/","url_meta":{"origin":9886,"position":0},"title":"Ceopa CE-502 zvucnici 20W\/30W","date":"17. prosinca 2024.","format":false,"excerpt":"Za spoljnu monta\u017eu, 20W\/30W Vodootporan, 4''x2, dimenzije 390x123x145mm, 4.1Kg, od legure aluminijuma","rel":"","context":"Srodne objave","img":{"alt_text":"","src":"https:\/\/i1.wp.com\/astehshop.com\/wp-content\/uploads\/2024\/12\/ceopa-ce-502-zvucnici-20w-30w_0.jpg?fit=1200%2C675&resize=350%2C200","width":350,"height":200},"classes":[]},{"id":9883,"url":"http:\/\/astehshop.com\/index.php\/product\/ceopa-ce-503-zvucnik-30w-45w\/","url_meta":{"origin":9886,"position":1},"title":"Ceopa CE-503 zvucnik 30W\/45W","date":"17. prosinca 2024.","format":false,"excerpt":"Za spoljnu monta\u017eu, 30W\/45W Vodootporan, 4''x3, dimenzije 505x123x145mm, 4.35Kg, od legure aluminijuma","rel":"","context":"Srodne objave","img":{"alt_text":"","src":"https:\/\/i0.wp.com\/astehshop.com\/wp-content\/uploads\/2024\/12\/ceopa-ce-503-zvucnik-30w-45w_0.jpg?fit=1200%2C675&resize=350%2C200","width":350,"height":200},"classes":[]},{"id":9879,"url":"http:\/\/astehshop.com\/index.php\/product\/ceopa-ce-501-zvucnik-10w-15w\/","url_meta":{"origin":9886,"position":2},"title":"Ceopa CE-501 zvucnik 10W\/15W","date":"17. prosinca 2024.","format":false,"excerpt":"Za spoljnu monta\u017eu, 10W\/15W Vodootporan, 4''x1, dimenzije 270x123x145mm, 2.55Kg, od legure aluminijuma","rel":"","context":"Srodne objave","img":{"alt_text":"","src":"https:\/\/i2.wp.com\/astehshop.com\/wp-content\/uploads\/2024\/12\/ceopa-ce-501-zvucnik-10w-15w_0.jpg?fit=1200%2C675&resize=350%2C200","width":350,"height":200},"classes":[]},{"id":9876,"url":"http:\/\/astehshop.com\/index.php\/product\/ceopa-ceh-23t-zvucnik-10w-20w-30w\/","url_meta":{"origin":9886,"position":3},"title":"Ceopa CEH-23T zvucnik 10W\/20W\/30W","date":"17. prosinca 2024.","format":false,"excerpt":"Plafonski zvu\u010dnik, 10W\/20W\/30W Za unutra\u0161nju monta\u017eu, 8'', dimenzije F285x80mm, otvor F240mm, 2.4kg, dvosistemski zvu\u010dnik","rel":"","context":"Srodne objave","img":{"alt_text":"","src":"https:\/\/i1.wp.com\/astehshop.com\/wp-content\/uploads\/2024\/12\/ceopa-ceh-23t-zvucnik-10w-20w-30w_0.jpg?fit=1200%2C675&resize=350%2C200","width":350,"height":200},"classes":[]},{"id":9888,"url":"http:\/\/astehshop.com\/index.php\/product\/ceopa-ce-105w-4-zvucnici-20w\/","url_meta":{"origin":9886,"position":4},"title":"Ceopa CE-105W\/4 zvucnici 20W","date":"17. prosinca 2024.","format":false,"excerpt":"Za unutra\u0161nju monta\u017eu, 20W 4''x1 + 1.5''x1, dimenzije 215x170x150mm, full frequency, u beloj boji","rel":"","context":"Srodne objave","img":{"alt_text":"","src":"https:\/\/i0.wp.com\/astehshop.com\/wp-content\/uploads\/2024\/12\/ceopa-ce-105w-4-zvucnici-20w_0.jpg?fit=1200%2C675&resize=350%2C200","width":350,"height":200},"classes":[]},{"id":7988,"url":"http:\/\/astehshop.com\/index.php\/product\/zidni-zvucnik-crni-ili-bijeli\/","url_meta":{"origin":9886,"position":5},"title":"Zidni zvu\u010dnik crni ili bijeli","date":"19. lipnja 2023.","format":false,"excerpt":"4\u201d dvosistemski zidni zvu\u010dnik, za 100V\/70V\/8\u03a9 liniju. Snaga 2W-4W-8W-15W-20W na 70V, 4W-8W-15W-20W na 100V. 20W na 8\u03a9. RMS 20W. Osetljivost 90dB, Maksimalni nivo zvuka103dB\/1m, frekventni opseg 95Hz-20kHz. Rotacioni prekida\u010d za izbor snage\/impedanse. Materijal Aluminijum, ABS. Dimenzije: 255x176x170mm, te\u017eina 2.6kg. Nazidna monta\u017ea.","rel":"","context":"Srodne objave","img":{"alt_text":"","src":"https:\/\/i0.wp.com\/astehshop.com\/wp-content\/uploads\/2023\/06\/DSP8062.jpg?fit=600%2C600&resize=350%2C200","width":350,"height":200},"classes":[]}],"_links":{"self":[{"href":"http:\/\/astehshop.com\/index.php\/wp-json\/wp\/v2\/product\/9886"}],"collection":[{"href":"http:\/\/astehshop.com\/index.php\/wp-json\/wp\/v2\/product"}],"about":[{"href":"http:\/\/astehshop.com\/index.php\/wp-json\/wp\/v2\/types\/product"}],"replies":[{"embeddable":true,"href":"http:\/\/astehshop.com\/index.php\/wp-json\/wp\/v2\/comments?post=9886"}],"wp:featuredmedia":[{"embeddable":true,"href":"http:\/\/astehshop.com\/index.php\/wp-json\/wp\/v2\/media\/9887"}],"wp:attachment":[{"href":"http:\/\/astehshop.com\/index.php\/wp-json\/wp\/v2\/media?parent=9886"}],"wp:term":[{"taxonomy":"product_cat","embeddable":true,"href":"http:\/\/astehshop.com\/index.php\/wp-json\/wp\/v2\/product_cat?post=9886"},{"taxonomy":"product_tag","embeddable":true,"href":"http:\/\/astehshop.com\/index.php\/wp-json\/wp\/v2\/product_tag?post=9886"}],"curies":[{"name":"wp","href":"https:\/\/api.w.org\/{rel}","templated":true}]}}