{"id":9883,"date":"2024-12-17T20:54:59","date_gmt":"2024-12-17T19:54:59","guid":{"rendered":"http:\/\/astehshop.com\/?post_type=product&#038;p=9883"},"modified":"2024-12-17T20:55:00","modified_gmt":"2024-12-17T19:55:00","slug":"ceopa-ce-503-zvucnik-30w-45w","status":"publish","type":"product","link":"http:\/\/astehshop.com\/index.php\/product\/ceopa-ce-503-zvucnik-30w-45w\/","title":{"rendered":"Ceopa CE-503 zvucnik 30W\/45W"},"content":{"rendered":"<p>Za spoljnu monta\u017eu, 30W\/45W<br \/>\nVodootporan, 4&#8221;x3, dimenzije 505x123x145mm, 4.35Kg, od legure<br \/>\naluminijuma<\/p>\n","protected":false},"excerpt":{"rendered":"<p>Za spoljnu monta\u017eu, 30W\/45W<br \/>\nVodootporan, 4&#8221;x3, dimenzije 505x123x145mm, 4.35Kg, od legure<br \/>\naluminijuma<\/p>\n","protected":false},"featured_media":9884,"comment_status":"open","ping_status":"closed","template":"","meta":{"_mi_skip_tracking":false,"_exactmetrics_sitenote_active":false,"_exactmetrics_sitenote_note":"","_exactmetrics_sitenote_category":0,"spay_email":""},"product_cat":[5619],"product_tag":[7577],"brands":[],"df_price":125,"df_sale_price":"","df_regular_price":125,"df_image_link":"https:\/\/i0.wp.com\/astehshop.com\/wp-content\/uploads\/2024\/12\/ceopa-ce-503-zvucnik-30w-45w_0.jpg?fit=450%2C253","jetpack_publicize_connections":[],"jetpack_sharing_enabled":true,"jetpack_likes_enabled":true,"jetpack-related-posts":[{"id":9881,"url":"http:\/\/astehshop.com\/index.php\/product\/ceopa-ce-502-zvucnici-20w-30w\/","url_meta":{"origin":9883,"position":0},"title":"Ceopa CE-502 zvucnici 20W\/30W","date":"17. prosinca 2024.","format":false,"excerpt":"Za spoljnu monta\u017eu, 20W\/30W Vodootporan, 4''x2, dimenzije 390x123x145mm, 4.1Kg, od legure aluminijuma","rel":"","context":"Srodne objave","img":{"alt_text":"","src":"https:\/\/i1.wp.com\/astehshop.com\/wp-content\/uploads\/2024\/12\/ceopa-ce-502-zvucnici-20w-30w_0.jpg?fit=1200%2C675&resize=350%2C200","width":350,"height":200},"classes":[]},{"id":9879,"url":"http:\/\/astehshop.com\/index.php\/product\/ceopa-ce-501-zvucnik-10w-15w\/","url_meta":{"origin":9883,"position":1},"title":"Ceopa CE-501 zvucnik 10W\/15W","date":"17. prosinca 2024.","format":false,"excerpt":"Za spoljnu monta\u017eu, 10W\/15W Vodootporan, 4''x1, dimenzije 270x123x145mm, 2.55Kg, od legure aluminijuma","rel":"","context":"Srodne objave","img":{"alt_text":"","src":"https:\/\/i2.wp.com\/astehshop.com\/wp-content\/uploads\/2024\/12\/ceopa-ce-501-zvucnik-10w-15w_0.jpg?fit=1200%2C675&resize=350%2C200","width":350,"height":200},"classes":[]},{"id":9886,"url":"http:\/\/astehshop.com\/index.php\/product\/ceopa-ce-288-spoljni-zvucnik-20w-40w\/","url_meta":{"origin":9883,"position":2},"title":"Ceopa CE-288 spoljni zvu\u010dnik 20W\/40W","date":"17. prosinca 2024.","format":false,"excerpt":"Za spoljnu monta\u017eu, 20W\/40W Vodootporan, 6.5x4 + 2x2, dimenzije 410x250x160mm, 5.5Kg, dvostrani, od legure aluminijuma","rel":"","context":"Srodne objave","img":{"alt_text":"","src":"https:\/\/i1.wp.com\/astehshop.com\/wp-content\/uploads\/2024\/12\/ceopa-ce-288-spoljni-zvucnik-20w-40w_0.jpg?fit=1200%2C675&resize=350%2C200","width":350,"height":200},"classes":[]},{"id":9876,"url":"http:\/\/astehshop.com\/index.php\/product\/ceopa-ceh-23t-zvucnik-10w-20w-30w\/","url_meta":{"origin":9883,"position":3},"title":"Ceopa CEH-23T zvucnik 10W\/20W\/30W","date":"17. prosinca 2024.","format":false,"excerpt":"Plafonski zvu\u010dnik, 10W\/20W\/30W Za unutra\u0161nju monta\u017eu, 8'', dimenzije F285x80mm, otvor F240mm, 2.4kg, dvosistemski zvu\u010dnik","rel":"","context":"Srodne objave","img":{"alt_text":"","src":"https:\/\/i1.wp.com\/astehshop.com\/wp-content\/uploads\/2024\/12\/ceopa-ceh-23t-zvucnik-10w-20w-30w_0.jpg?fit=1200%2C675&resize=350%2C200","width":350,"height":200},"classes":[]},{"id":7994,"url":"http:\/\/astehshop.com\/index.php\/product\/vodootporan-zidni-zvucnik-dsp255ii-crni-ili-bijeli\/","url_meta":{"origin":9883,"position":4},"title":"Vodootporan zidni zvu\u010dnik DSP255II crni ili bijeli","date":"20. lipnja 2023.","format":false,"excerpt":"2x3\u201d, 1.1\u201d, vodootporan, zidni zvu\u010dnik, za 100V\/70V\/8\u03a9 liniju. Snaga 1W-2W-4W-8W-15W na 70V, 2W-4W-8W-15W-30W na 100V. 30W na 8\u03a9. RMS 30W. Osetljivost 87dB, Maksimalni nivo zvuka 102dB\/1m, frekventni opseg 140Hz-20kHz. Rotacioni prekida\u010d za izbor snage\/impedanse. Materijal Aluminijum. Dimenzije: 109x102x376mm, te\u017eina 3kg. Nazidna monta\u017ea. Bijela\/Crna boja. Komplet sa U- nosa\u010dem.","rel":"","context":"Srodne objave","img":{"alt_text":"","src":"https:\/\/i1.wp.com\/astehshop.com\/wp-content\/uploads\/2023\/06\/DSP255II.jpg?fit=600%2C600&resize=350%2C200","width":350,"height":200},"classes":[]},{"id":5976,"url":"http:\/\/astehshop.com\/index.php\/product\/ja-122e-spoljni-citac\/","url_meta":{"origin":9883,"position":5},"title":"JA-122E Spoljni \u010dita\u010d","date":"13. velja\u010de 2022.","format":false,"excerpt":"RFID \u010dita\u010d JA-122E se koristi za aktiviranje PG izlaza namenjen za kontrolu pristupa. Pogodan za unutra\u0161nju i spoljnu monta\u017eu (IP65 za\u0161tita).Opti\u010dko statusno signaliziranje pomo\u0107u ugr\u0111enih LE dioda * Napajanje: iz centralne jedinice BUS 12 V (9 - 15 V) * Stanje pripravnosti: 15 mA * RFID: EM 125 kHz *\u2026","rel":"","context":"Srodne objave","img":{"alt_text":"","src":"https:\/\/i2.wp.com\/astehshop.com\/wp-content\/uploads\/2022\/02\/1373.png?fit=600%2C569&resize=350%2C200","width":350,"height":200},"classes":[]}],"_links":{"self":[{"href":"http:\/\/astehshop.com\/index.php\/wp-json\/wp\/v2\/product\/9883"}],"collection":[{"href":"http:\/\/astehshop.com\/index.php\/wp-json\/wp\/v2\/product"}],"about":[{"href":"http:\/\/astehshop.com\/index.php\/wp-json\/wp\/v2\/types\/product"}],"replies":[{"embeddable":true,"href":"http:\/\/astehshop.com\/index.php\/wp-json\/wp\/v2\/comments?post=9883"}],"wp:featuredmedia":[{"embeddable":true,"href":"http:\/\/astehshop.com\/index.php\/wp-json\/wp\/v2\/media\/9884"}],"wp:attachment":[{"href":"http:\/\/astehshop.com\/index.php\/wp-json\/wp\/v2\/media?parent=9883"}],"wp:term":[{"taxonomy":"product_cat","embeddable":true,"href":"http:\/\/astehshop.com\/index.php\/wp-json\/wp\/v2\/product_cat?post=9883"},{"taxonomy":"product_tag","embeddable":true,"href":"http:\/\/astehshop.com\/index.php\/wp-json\/wp\/v2\/product_tag?post=9883"}],"curies":[{"name":"wp","href":"https:\/\/api.w.org\/{rel}","templated":true}]}}