{"id":9874,"date":"2024-12-17T20:42:25","date_gmt":"2024-12-17T19:42:25","guid":{"rendered":"http:\/\/astehshop.com\/?post_type=product&#038;p=9874"},"modified":"2024-12-17T20:42:27","modified_gmt":"2024-12-17T19:42:27","slug":"ceopa-ceh-21t-zvucnik-5-5w-10w","status":"publish","type":"product","link":"http:\/\/astehshop.com\/index.php\/product\/ceopa-ceh-21t-zvucnik-5-5w-10w\/","title":{"rendered":"Ceopa CEH-21T zvucnik 5 5W\/10W"},"content":{"rendered":"<p>Plafonski zvu\u010dnik,5W\/10W<br \/>\nZa unutra\u0161nju monta\u017eu, 5&#8243;, dimenzije F201x65mm, otvor F166mm, 1Kg, dvosistemski zvucnik<\/p>\n","protected":false},"excerpt":{"rendered":"<p>Plafonski zvu\u010dnik,5W\/10W<br \/>\nZa unutra\u0161nju monta\u017eu, 5&#8243;, dimenzije F201x65mm, otvor F166mm, 1Kg, dvosistemski zvucnik<\/p>\n","protected":false},"featured_media":9875,"comment_status":"open","ping_status":"closed","template":"","meta":{"_mi_skip_tracking":false,"_exactmetrics_sitenote_active":false,"_exactmetrics_sitenote_note":"","_exactmetrics_sitenote_category":0,"spay_email":""},"product_cat":[5612,5174],"product_tag":[7568,761],"brands":[{"id":7518,"name":"Ceopa","slug":"ceopa"}],"df_price":57,"df_sale_price":"","df_regular_price":57,"df_image_link":"https:\/\/i2.wp.com\/astehshop.com\/wp-content\/uploads\/2024\/12\/ceopa-ceh-21t-zvucnik-5-5w-10w_0.jpg?fit=450%2C253","jetpack_publicize_connections":[],"jetpack_sharing_enabled":true,"jetpack_likes_enabled":true,"jetpack-related-posts":[{"id":9876,"url":"http:\/\/astehshop.com\/index.php\/product\/ceopa-ceh-23t-zvucnik-10w-20w-30w\/","url_meta":{"origin":9874,"position":0},"title":"Ceopa CEH-23T zvucnik 10W\/20W\/30W","date":"17. prosinca 2024.","format":false,"excerpt":"Plafonski zvu\u010dnik, 10W\/20W\/30W Za unutra\u0161nju monta\u017eu, 8'', dimenzije F285x80mm, otvor F240mm, 2.4kg, dvosistemski zvu\u010dnik","rel":"","context":"Srodne objave","img":{"alt_text":"","src":"https:\/\/i1.wp.com\/astehshop.com\/wp-content\/uploads\/2024\/12\/ceopa-ceh-23t-zvucnik-10w-20w-30w_0.jpg?fit=1200%2C675&resize=350%2C200","width":350,"height":200},"classes":[]},{"id":9870,"url":"http:\/\/astehshop.com\/index.php\/product\/ceopa-ceh-304t-zvucnik-3w\/","url_meta":{"origin":9874,"position":1},"title":"Ceopa CEH-304T zvucnik 3W","date":"15. prosinca 2024.","format":false,"excerpt":"Plafonski zvu\u010dnik, 3W Za unutra\u0161nju monta\u017eu, 4, dimenzije F180x55mm, otvor F155mm, 0.8kg","rel":"","context":"Srodne objave","img":{"alt_text":"","src":"https:\/\/i0.wp.com\/astehshop.com\/wp-content\/uploads\/2024\/12\/Ceopa-CEH-304T-zvucnik-3W.jpg?fit=1200%2C675&resize=350%2C200","width":350,"height":200},"classes":[]},{"id":9873,"url":"http:\/\/astehshop.com\/index.php\/product\/ceopa-ceh-305t-zvucnik-3-6w\/","url_meta":{"origin":9874,"position":2},"title":"Ceopa CEH-305T zvucnik 3\/6W","date":"15. prosinca 2024.","format":false,"excerpt":"Plafonski zvu\u010dnik, 3W\/6W Za unutra\u0161nju monta\u017eu, 5'', dimenzije F198x55mm, otvor F166mm, 0.85kg","rel":"","context":"Srodne objave","img":{"alt_text":"","src":"https:\/\/i0.wp.com\/astehshop.com\/wp-content\/uploads\/2024\/12\/Ceopa-CEH-304T-zvucnik-3W.jpg?fit=1200%2C675&resize=350%2C200","width":350,"height":200},"classes":[]},{"id":7979,"url":"http:\/\/astehshop.com\/index.php\/product\/ugradni-dvosistemski-plafonski-zvucnik-dsp5211\/","url_meta":{"origin":9874,"position":3},"title":"Ugradni dvosistemski plafonski zvu\u010dnik DSP5211","date":"19. lipnja 2023.","format":false,"excerpt":"6.5\u02ba dvosistemski, plafonski zvu\u010dnik za \u00a0100V liniju. Snaga 3\/6\/10W,\u00a0 osetljivost 93dB, \u00a0frekventni opseg 90Hz-18kHz. Ugao pokrivanja 90\u00ba \u0445 90\u00ba.\u00a0 Te\u017eina 1kg. Materijal Aluminijum. Dimenzija otvora za monta\u017eu 168-170mm. \u00a0Spoljni pre\u010dnik 190mm. Dubina 80mm. Monta\u017eni sistem sa bo\u010dnim oprugama.","rel":"","context":"Srodne objave","img":{"alt_text":"","src":"https:\/\/i2.wp.com\/astehshop.com\/wp-content\/uploads\/2023\/06\/dsp5211-1.jpg?fit=600%2C600&resize=350%2C200","width":350,"height":200},"classes":[]},{"id":7981,"url":"http:\/\/astehshop.com\/index.php\/product\/ugradni-dvosistemski-plafonski-zvucnik-dsp5012\/","url_meta":{"origin":9874,"position":4},"title":"Ugradni dvosistemski plafonski zvu\u010dnik DSP5012","date":"19. lipnja 2023.","format":false,"excerpt":"8\u02ba dvosistemski, plafonski zvu\u010dnik za \u00a070\/100V liniju. Snaga 9-18W\/70V, 18-35W\/100V\u00a0 osetljivost 88dB, \u00a0frekventni opseg 55Hz-20kHz. Ugao pokrivanja 90\u00ba \u0445 90\u00ba.\u00a0 Te\u017eina 2kg. Materijal Aluminijum. Dimenzija otvora za monta\u017eu 230-235mm. \u00a0Spoljni pre\u010dnik 265mm. Dubina 80mm. Monta\u017eni sistem sa bo\u010dnim oprugama.","rel":"","context":"Srodne objave","img":{"alt_text":"","src":"https:\/\/i1.wp.com\/astehshop.com\/wp-content\/uploads\/2023\/06\/DSP5012.jpg?fit=400%2C400&resize=350%2C200","width":350,"height":200},"classes":[]},{"id":9879,"url":"http:\/\/astehshop.com\/index.php\/product\/ceopa-ce-501-zvucnik-10w-15w\/","url_meta":{"origin":9874,"position":5},"title":"Ceopa CE-501 zvucnik 10W\/15W","date":"17. prosinca 2024.","format":false,"excerpt":"Za spoljnu monta\u017eu, 10W\/15W Vodootporan, 4''x1, dimenzije 270x123x145mm, 2.55Kg, od legure aluminijuma","rel":"","context":"Srodne objave","img":{"alt_text":"","src":"https:\/\/i2.wp.com\/astehshop.com\/wp-content\/uploads\/2024\/12\/ceopa-ce-501-zvucnik-10w-15w_0.jpg?fit=1200%2C675&resize=350%2C200","width":350,"height":200},"classes":[]}],"_links":{"self":[{"href":"http:\/\/astehshop.com\/index.php\/wp-json\/wp\/v2\/product\/9874"}],"collection":[{"href":"http:\/\/astehshop.com\/index.php\/wp-json\/wp\/v2\/product"}],"about":[{"href":"http:\/\/astehshop.com\/index.php\/wp-json\/wp\/v2\/types\/product"}],"replies":[{"embeddable":true,"href":"http:\/\/astehshop.com\/index.php\/wp-json\/wp\/v2\/comments?post=9874"}],"wp:featuredmedia":[{"embeddable":true,"href":"http:\/\/astehshop.com\/index.php\/wp-json\/wp\/v2\/media\/9875"}],"wp:attachment":[{"href":"http:\/\/astehshop.com\/index.php\/wp-json\/wp\/v2\/media?parent=9874"}],"wp:term":[{"taxonomy":"product_cat","embeddable":true,"href":"http:\/\/astehshop.com\/index.php\/wp-json\/wp\/v2\/product_cat?post=9874"},{"taxonomy":"product_tag","embeddable":true,"href":"http:\/\/astehshop.com\/index.php\/wp-json\/wp\/v2\/product_tag?post=9874"}],"curies":[{"name":"wp","href":"https:\/\/api.w.org\/{rel}","templated":true}]}}