{"id":9873,"date":"2024-12-15T22:21:34","date_gmt":"2024-12-15T21:21:34","guid":{"rendered":"http:\/\/astehshop.com\/?post_type=product&#038;p=9873"},"modified":"2024-12-15T22:21:35","modified_gmt":"2024-12-15T21:21:35","slug":"ceopa-ceh-305t-zvucnik-3-6w","status":"publish","type":"product","link":"http:\/\/astehshop.com\/index.php\/product\/ceopa-ceh-305t-zvucnik-3-6w\/","title":{"rendered":"Ceopa CEH-305T zvucnik 3\/6W"},"content":{"rendered":"<p>Plafonski zvu\u010dnik, 3W\/6W<br \/>\nZa unutra\u0161nju monta\u017eu, 5&#8221;, dimenzije F198x55mm, otvor F166mm, 0.85kg<\/p>\n","protected":false},"excerpt":{"rendered":"<p>Plafonski zvu\u010dnik, 3W\/6W<br \/>\nZa unutra\u0161nju monta\u017eu, 5&#8221;, dimenzije F198x55mm, otvor F166mm, 0.85kg<\/p>\n","protected":false},"featured_media":9871,"comment_status":"open","ping_status":"closed","template":"","meta":{"_mi_skip_tracking":false,"_exactmetrics_sitenote_active":false,"_exactmetrics_sitenote_note":"","_exactmetrics_sitenote_category":0,"spay_email":""},"product_cat":[5612],"product_tag":[7566,5642,7567],"brands":[],"df_price":27,"df_sale_price":"","df_regular_price":27,"df_image_link":"https:\/\/i0.wp.com\/astehshop.com\/wp-content\/uploads\/2024\/12\/Ceopa-CEH-304T-zvucnik-3W.jpg?fit=450%2C253","jetpack_publicize_connections":[],"jetpack_sharing_enabled":true,"jetpack_likes_enabled":true,"jetpack-related-posts":[{"id":9870,"url":"http:\/\/astehshop.com\/index.php\/product\/ceopa-ceh-304t-zvucnik-3w\/","url_meta":{"origin":9873,"position":0},"title":"Ceopa CEH-304T zvucnik 3W","date":"15. prosinca 2024.","format":false,"excerpt":"Plafonski zvu\u010dnik, 3W Za unutra\u0161nju monta\u017eu, 4, dimenzije F180x55mm, otvor F155mm, 0.8kg","rel":"","context":"Srodne objave","img":{"alt_text":"","src":"https:\/\/i0.wp.com\/astehshop.com\/wp-content\/uploads\/2024\/12\/Ceopa-CEH-304T-zvucnik-3W.jpg?fit=1200%2C675&resize=350%2C200","width":350,"height":200},"classes":[]},{"id":9876,"url":"http:\/\/astehshop.com\/index.php\/product\/ceopa-ceh-23t-zvucnik-10w-20w-30w\/","url_meta":{"origin":9873,"position":1},"title":"Ceopa CEH-23T zvucnik 10W\/20W\/30W","date":"17. prosinca 2024.","format":false,"excerpt":"Plafonski zvu\u010dnik, 10W\/20W\/30W Za unutra\u0161nju monta\u017eu, 8'', dimenzije F285x80mm, otvor F240mm, 2.4kg, dvosistemski zvu\u010dnik","rel":"","context":"Srodne objave","img":{"alt_text":"","src":"https:\/\/i1.wp.com\/astehshop.com\/wp-content\/uploads\/2024\/12\/ceopa-ceh-23t-zvucnik-10w-20w-30w_0.jpg?fit=1200%2C675&resize=350%2C200","width":350,"height":200},"classes":[]},{"id":9874,"url":"http:\/\/astehshop.com\/index.php\/product\/ceopa-ceh-21t-zvucnik-5-5w-10w\/","url_meta":{"origin":9873,"position":2},"title":"Ceopa CEH-21T zvucnik 5 5W\/10W","date":"17. prosinca 2024.","format":false,"excerpt":"Plafonski zvu\u010dnik,5W\/10W Za unutra\u0161nju monta\u017eu, 5\", dimenzije F201x65mm, otvor F166mm, 1Kg, dvosistemski zvucnik","rel":"","context":"Srodne objave","img":{"alt_text":"","src":"https:\/\/i2.wp.com\/astehshop.com\/wp-content\/uploads\/2024\/12\/ceopa-ceh-21t-zvucnik-5-5w-10w_0.jpg?fit=1200%2C675&resize=350%2C200","width":350,"height":200},"classes":[]},{"id":7971,"url":"http:\/\/astehshop.com\/index.php\/product\/plafonski-zvucnik-dsp3011\/","url_meta":{"origin":9873,"position":3},"title":"Plafonski zvu\u010dnik DSP3011","date":"19. lipnja 2023.","format":false,"excerpt":"3\u02ba plafonski zvu\u010dnik za 70\/100V liniju. Snaga 1.5-3W\/70V, 3-6W\/100V,\u00a0 osetljivost 88dB\u00b12dB, frekventni opseg 120Hz-20kHz. Te\u017eina 0.5kg. Materijal aluminijum. Dimenzija otvora za monta\u017eu 90-93mm. Spoljni pre\u010dnik 104mm. Dubina 76mm. Ugradna monta\u017ea sa bo\u010dnim kop\u010dama sa oprugama.","rel":"","context":"Srodne objave","img":{"alt_text":"","src":"https:\/\/i1.wp.com\/astehshop.com\/wp-content\/uploads\/2023\/06\/DSP3011.jpg?fit=400%2C400&resize=350%2C200","width":350,"height":200},"classes":[]},{"id":7976,"url":"http:\/\/astehshop.com\/index.php\/product\/plafonski-ugradni-zvucnik-dsp6011\/","url_meta":{"origin":9873,"position":4},"title":"Plafonski ugradni zvu\u010dnik DSP6011","date":"19. lipnja 2023.","format":false,"excerpt":"6.5\u02ba plafonski zvu\u010dnik za \u00a070\/100V liniju. Snaga 3-6W\/70V, 6W\/100V,\u00a0 osetljivost 95dB\u00b12dB, izobli\u010denja < 1.5%, frekventni opseg 90Hz-20kHz. Te\u017eina 0.9kg. Materijal Aluminijum. Dimenzija otvora za monta\u017eu 165mm. Spoljni pre\u010dnik 185mm. Dubina 74mm. Ugradna monta\u017ea sa bo\u010dnim kop\u010dama sa oprugama.","rel":"","context":"Srodne objave","img":{"alt_text":"","src":"","width":0,"height":0},"classes":[]},{"id":7986,"url":"http:\/\/astehshop.com\/index.php\/product\/zidni-zvucnik-dsp112\/","url_meta":{"origin":9873,"position":5},"title":"Zidni zvu\u010dnik DSP112","date":"19. lipnja 2023.","format":false,"excerpt":"5\u201d Zidni zvu\u010dnik za 70\/100V liniju. Snaga 1.5W-3W-5W na 70V. 3W-6W na 100V. Osetljivost 91dB, frekventni opseg 120Hz-14kHz. Materijal ABS. Dimenzije: 277\u0445180x80mm, te\u017eina 0.95Kg. Nazidna monta\u017ea.","rel":"","context":"Srodne objave","img":{"alt_text":"","src":"https:\/\/i0.wp.com\/astehshop.com\/wp-content\/uploads\/2023\/06\/DSP112.jpg?fit=600%2C600&resize=350%2C200","width":350,"height":200},"classes":[]}],"_links":{"self":[{"href":"http:\/\/astehshop.com\/index.php\/wp-json\/wp\/v2\/product\/9873"}],"collection":[{"href":"http:\/\/astehshop.com\/index.php\/wp-json\/wp\/v2\/product"}],"about":[{"href":"http:\/\/astehshop.com\/index.php\/wp-json\/wp\/v2\/types\/product"}],"replies":[{"embeddable":true,"href":"http:\/\/astehshop.com\/index.php\/wp-json\/wp\/v2\/comments?post=9873"}],"wp:featuredmedia":[{"embeddable":true,"href":"http:\/\/astehshop.com\/index.php\/wp-json\/wp\/v2\/media\/9871"}],"wp:attachment":[{"href":"http:\/\/astehshop.com\/index.php\/wp-json\/wp\/v2\/media?parent=9873"}],"wp:term":[{"taxonomy":"product_cat","embeddable":true,"href":"http:\/\/astehshop.com\/index.php\/wp-json\/wp\/v2\/product_cat?post=9873"},{"taxonomy":"product_tag","embeddable":true,"href":"http:\/\/astehshop.com\/index.php\/wp-json\/wp\/v2\/product_tag?post=9873"}],"curies":[{"name":"wp","href":"https:\/\/api.w.org\/{rel}","templated":true}]}}