{"id":9846,"date":"2024-12-15T22:06:40","date_gmt":"2024-12-15T21:06:40","guid":{"rendered":"http:\/\/astehshop.com\/?post_type=product&#038;p=9846"},"modified":"2024-12-15T22:06:41","modified_gmt":"2024-12-15T21:06:41","slug":"ceopa-ce-mp70-pojacalo-70w","status":"publish","type":"product","link":"http:\/\/astehshop.com\/index.php\/product\/ceopa-ce-mp70-pojacalo-70w\/","title":{"rendered":"Ceopa CE-MP70 poja\u010dalo 70W"},"content":{"rendered":"<p>Poja\u010dalo sa FM prijemnikom i USB ulazom, 70W<br \/>\n70W izlazne snage, 0,25KVA Dva ulaza za mikrofon, line-in ulaz, izlaz za druge ure\u0111aje, nezavisna kontrola poja\u010danja za MIC i AUX, kontrola visokih tonova i basa, kontrola ja\u010dine izlaza preko LED diodica, za\u0161tita od kratkog spoja na izlazu, alarmni izlaz, FM radio, SD kartica, USB disk, daljinska kontrola.<\/p>\n","protected":false},"excerpt":{"rendered":"<p>Poja\u010dalo sa FM prijemnikom i USB ulazom, 70W<br \/>\n70W izlazne snage, 0,25KVA Dva ulaza za mikrofon, line-in ulaz, izlaz za druge ure\u0111aje, nezavisna kontrola poja\u010danja za MIC i AUX, kontrola visokih tonova i basa, kontrola ja\u010dine izlaza preko LED diodica, za\u0161tita od kratkog spoja na izlazu, alarmni izlaz, FM radio, SD kartica, USB disk, daljinska kontrola.<\/p>\n","protected":false},"featured_media":9847,"comment_status":"open","ping_status":"closed","template":"","meta":{"_mi_skip_tracking":false,"_exactmetrics_sitenote_active":false,"_exactmetrics_sitenote_note":"","_exactmetrics_sitenote_category":0,"spay_email":""},"product_cat":[5623,7517],"product_tag":[435,7547,7549,7548],"brands":[],"df_price":395,"df_sale_price":"","df_regular_price":395,"df_image_link":"https:\/\/i2.wp.com\/astehshop.com\/wp-content\/uploads\/2024\/12\/Ceopa-CE-MP70-pojacalo-70W.jpg?fit=450%2C253","jetpack_publicize_connections":[],"jetpack_sharing_enabled":true,"jetpack_likes_enabled":true,"jetpack-related-posts":[{"id":9849,"url":"http:\/\/astehshop.com\/index.php\/product\/ceopa-ce-mp360p-pojacalo-360w\/","url_meta":{"origin":9846,"position":0},"title":"Ceopa CE-MP360P poja\u010dalo 360W","date":"15. prosinca 2024.","format":false,"excerpt":"Poja\u010dalo sa FM prijemnikom i USB ulazom, 360W 360W izlazne snage, 0,7KVA Dva ulaza za mikrofon, line-in ulaz, izlaz za druge ure\u0111aje, nezavisna kontrola poja\u010danja za MIC i AUX, kontrola visokih tonova i basa, kontrola ja\u010dine izlaza preko LED diodica, za\u0161tita od kratkog spoja na izlazu, alarmni izlaz, FM radio,\u2026","rel":"","context":"Srodne objave","img":{"alt_text":"","src":"https:\/\/i1.wp.com\/astehshop.com\/wp-content\/uploads\/2024\/12\/Ceopa-CE-MP360P-pojacalo-360W.jpg?fit=1200%2C675&resize=350%2C200","width":350,"height":200},"classes":[]},{"id":7996,"url":"http:\/\/astehshop.com\/index.php\/product\/mixer-pojacalo-mp35ub\/","url_meta":{"origin":9846,"position":1},"title":"Mixer poja\u010dalo  MP35UB","date":"20. lipnja 2023.","format":false,"excerpt":"35W Mini mikser-poja\u010dalo sa ugra\u0111enim BLUETOOTH\/USB\/FM RADIOM. Ugra\u0161eno poja\u010dalo klase D. 2x mikrofonska ulaza: 1 x 6.3mm sa prioritetom i \u00a0prigu\u0161ivanjem i 1 x XRL sa Phantom Power 48V. 1x alarmni (EMC) ulaz. 2 RCA AUX ulaz. 1x linijski RCA izlaz. Prioriteti EMC\/MIC1>AUX1\/AUX2\/MIC2. 100\/70V\/4-16\u03a9 izlaz. Diodna indikacija. Propusni opseg: 20Hz~20KHz\u2026","rel":"","context":"Srodne objave","img":{"alt_text":"","src":"https:\/\/i0.wp.com\/astehshop.com\/wp-content\/uploads\/2023\/06\/MP35UB-1.jpg?fit=810%2C900&resize=350%2C200","width":350,"height":200},"classes":[]},{"id":7999,"url":"http:\/\/astehshop.com\/index.php\/product\/mixer-pojacalo-mp60ub\/","url_meta":{"origin":9846,"position":2},"title":"Mixer poja\u010dalo MP60UB","date":"20. lipnja 2023.","format":false,"excerpt":"60W Mini mikser-poja\u010dalo sa ugra\u0111enim BLUETOOTH\/USB\/FM RADIOM. Ugra\u0161eno poja\u010dalo klase D. 2x mikrofonska ulaza: 1 x 6.3mm sa prioritetom i \u00a0prigu\u0161ivanjem i 1 x XRL sa Phantom Power 48V. 1x alarmni (EMC) ulaz. 2 RCA AUX ulaz. 1x linijski RCA izlaz. Prioriteti EMC\/MIC1>AUX1\/AUX2\/MIC2. 100\/70V\/4-16\u03a9 izlaz. Diodna indikacija. Propusni opseg: 20Hz~20KHz\u2026","rel":"","context":"Srodne objave","img":{"alt_text":"","src":"https:\/\/i0.wp.com\/astehshop.com\/wp-content\/uploads\/2023\/06\/MP60UB.jpg?fit=810%2C900&resize=350%2C200","width":350,"height":200},"classes":[]},{"id":9815,"url":"http:\/\/astehshop.com\/index.php\/product\/ceopa-ce-70se-pojacalo\/","url_meta":{"origin":9846,"position":3},"title":"Ceopa CE-70SE poja\u010dalo","date":"15. prosinca 2024.","format":false,"excerpt":"Integrisani poja\u010dava\u010d sa 5 izlaza, 70W 3 mikrofonska ulaza, 2 AUX ulaza, 1 AUX izlaz, 5 LED indikatora, izlazi na 100V, regulacija izlaza po zonama, 4-16 ohm-a.","rel":"","context":"Srodne objave","img":{"alt_text":"","src":"https:\/\/i2.wp.com\/astehshop.com\/wp-content\/uploads\/2024\/12\/ceopa-ce-70se-pojacalo-_0.jpg?fit=1200%2C675&resize=350%2C200","width":350,"height":200},"classes":[]},{"id":9812,"url":"http:\/\/astehshop.com\/index.php\/product\/ceopa-ce-1070p-5-zone-mixing-amp-70w\/","url_meta":{"origin":9846,"position":4},"title":"Ceopa CE-1070P 5 Zone Mixing Amp.70W","date":"15. prosinca 2024.","format":false,"excerpt":"Integrisani poja\u010dava\u010d sa 5 izlaza, 70W 3 mikrofonska ulaza, 2 AUX ulaza, 1 AUX izlaz, 5 LED indikatora, izlazi na 70V, 100V, 4 i 16 ohm","rel":"","context":"Srodne objave","img":{"alt_text":"","src":"https:\/\/i2.wp.com\/astehshop.com\/wp-content\/uploads\/2024\/12\/Ceopa-CE-1070P-5-Zone-Mixing-Amp.70W.jpg?fit=1200%2C675&resize=350%2C200","width":350,"height":200},"classes":[]},{"id":9831,"url":"http:\/\/astehshop.com\/index.php\/product\/ceopa-ce-v11p-pre-amplifier\/","url_meta":{"origin":9846,"position":5},"title":"Ceopa CE-V11P Pre Amplifier","date":"15. prosinca 2024.","format":false,"excerpt":"Predpoja\u010dava\u010d 10 ulaza (5 mikrofonskih ulaza, 3 aux ulaza, 2 EMC), pojedina\u010dna kontrola poja\u010danja, bas i treble kontrola","rel":"","context":"Srodne objave","img":{"alt_text":"","src":"https:\/\/i0.wp.com\/astehshop.com\/wp-content\/uploads\/2024\/12\/Ceopa-CE-V11P-Pre-Amplifier.jpg?fit=1200%2C675&resize=350%2C200","width":350,"height":200},"classes":[]}],"_links":{"self":[{"href":"http:\/\/astehshop.com\/index.php\/wp-json\/wp\/v2\/product\/9846"}],"collection":[{"href":"http:\/\/astehshop.com\/index.php\/wp-json\/wp\/v2\/product"}],"about":[{"href":"http:\/\/astehshop.com\/index.php\/wp-json\/wp\/v2\/types\/product"}],"replies":[{"embeddable":true,"href":"http:\/\/astehshop.com\/index.php\/wp-json\/wp\/v2\/comments?post=9846"}],"wp:featuredmedia":[{"embeddable":true,"href":"http:\/\/astehshop.com\/index.php\/wp-json\/wp\/v2\/media\/9847"}],"wp:attachment":[{"href":"http:\/\/astehshop.com\/index.php\/wp-json\/wp\/v2\/media?parent=9846"}],"wp:term":[{"taxonomy":"product_cat","embeddable":true,"href":"http:\/\/astehshop.com\/index.php\/wp-json\/wp\/v2\/product_cat?post=9846"},{"taxonomy":"product_tag","embeddable":true,"href":"http:\/\/astehshop.com\/index.php\/wp-json\/wp\/v2\/product_tag?post=9846"}],"curies":[{"name":"wp","href":"https:\/\/api.w.org\/{rel}","templated":true}]}}