{"id":9843,"date":"2024-12-15T22:05:10","date_gmt":"2024-12-15T21:05:10","guid":{"rendered":"http:\/\/astehshop.com\/?post_type=product&#038;p=9843"},"modified":"2024-12-15T22:05:11","modified_gmt":"2024-12-15T21:05:11","slug":"ceopa-ce-50p-pojacalo","status":"publish","type":"product","link":"http:\/\/astehshop.com\/index.php\/product\/ceopa-ce-50p-pojacalo\/","title":{"rendered":"Ceopa CE-50P poja\u010dalo"},"content":{"rendered":"<p>Integrisani poja\u010dava\u010d sa 1 izlazom, 50W<br \/>\n2 AUX ulaza, jedan 100V izlaz.<\/p>\n","protected":false},"excerpt":{"rendered":"<p>Integrisani poja\u010dava\u010d sa 1 izlazom, 50W<br \/>\n2 AUX ulaza, jedan 100V izlaz.<\/p>\n","protected":false},"featured_media":9844,"comment_status":"open","ping_status":"closed","template":"","meta":{"_mi_skip_tracking":false,"_exactmetrics_sitenote_active":false,"_exactmetrics_sitenote_note":"","_exactmetrics_sitenote_category":0,"spay_email":""},"product_cat":[5623,7517],"product_tag":[435,7546,5626],"brands":[],"df_price":270,"df_sale_price":"","df_regular_price":270,"df_image_link":"https:\/\/i0.wp.com\/astehshop.com\/wp-content\/uploads\/2024\/12\/Ceopa-CE-50P-pojacalo.jpg?fit=450%2C253","jetpack_publicize_connections":[],"jetpack_sharing_enabled":true,"jetpack_likes_enabled":true,"jetpack-related-posts":[{"id":12463,"url":"http:\/\/astehshop.com\/index.php\/product\/ple-1me120-eu-mixer-amplifier-120w\/","url_meta":{"origin":9843,"position":0},"title":"PLE-1ME120-EU Mixer amplifier 120W","date":"28. o\u017eujka 2026.","format":false,"excerpt":"PLE-1ME120-EU - Integrisani poja\u010dava\u010d 120W 4 mikrofonska ulaza, 1 AUX ulaza, 1 zonski izlaz, izlaz 100V.","rel":"","context":"Srodne objave","img":{"alt_text":"","src":"https:\/\/i1.wp.com\/astehshop.com\/wp-content\/uploads\/2026\/03\/PLE-1ME120-EU-Mixer-amplifier.jpg?fit=1200%2C564&resize=350%2C200","width":350,"height":200},"classes":[]},{"id":9815,"url":"http:\/\/astehshop.com\/index.php\/product\/ceopa-ce-70se-pojacalo\/","url_meta":{"origin":9843,"position":1},"title":"Ceopa CE-70SE poja\u010dalo","date":"15. prosinca 2024.","format":false,"excerpt":"Integrisani poja\u010dava\u010d sa 5 izlaza, 70W 3 mikrofonska ulaza, 2 AUX ulaza, 1 AUX izlaz, 5 LED indikatora, izlazi na 100V, regulacija izlaza po zonama, 4-16 ohm-a.","rel":"","context":"Srodne objave","img":{"alt_text":"","src":"https:\/\/i2.wp.com\/astehshop.com\/wp-content\/uploads\/2024\/12\/ceopa-ce-70se-pojacalo-_0.jpg?fit=1200%2C675&resize=350%2C200","width":350,"height":200},"classes":[]},{"id":9820,"url":"http:\/\/astehshop.com\/index.php\/product\/ceopa-ce-130se-pojacalo\/","url_meta":{"origin":9843,"position":2},"title":"Ceopa CE-130SE poja\u010dalo","date":"15. prosinca 2024.","format":false,"excerpt":"Integrisani poja\u010dava\u010d sa 5 izlaza, 130W 3 mikrofonska ulaza, 2 AUX ulaza, 1 AUX izlaz, 5 LED indikatora, izlazi na 100V, regulacija izlaza po zonama, 4-16 ohm-a.","rel":"","context":"Srodne objave","img":{"alt_text":"","src":"https:\/\/i0.wp.com\/astehshop.com\/wp-content\/uploads\/2024\/12\/ceopa-ce-130se-pojacalo_0.jpg?fit=1200%2C675&resize=350%2C200","width":350,"height":200},"classes":[]},{"id":9822,"url":"http:\/\/astehshop.com\/index.php\/product\/ceopa-ce-1260p-pojacalo-260w\/","url_meta":{"origin":9843,"position":3},"title":"Ceopa CE-1260P pojacalo 260W","date":"15. prosinca 2024.","format":false,"excerpt":"Integrisani poja\u010dava\u010d sa 5 izlaza, 260W 3 mikrofonska ulaza, 2 AUX ulaza, 1 AUX izlaz, 5 LED indikatora, izlazi na 70V, 100V, 4 i 16 ohm","rel":"","context":"Srodne objave","img":{"alt_text":"","src":"https:\/\/i2.wp.com\/astehshop.com\/wp-content\/uploads\/2024\/12\/Ceopa-CE-1260P-pojacalo-260W.jpg?fit=1200%2C675&resize=350%2C200","width":350,"height":200},"classes":[]},{"id":9817,"url":"http:\/\/astehshop.com\/index.php\/product\/ceopa-ce-1130p-5-zone-mixing-amp-130w\/","url_meta":{"origin":9843,"position":4},"title":"Ceopa CE-1130P 5 Zone Mixing Amp.130W","date":"15. prosinca 2024.","format":false,"excerpt":"Integrisani poja\u010dava\u010d sa 5 izlaza, 130W 3 mikrofonska ulaza, 2 AUX ulaza, 1 AUX izlaz, 5 LED indikatora, izlazi na 70V, 100V, 4 i 16 ohm","rel":"","context":"Srodne objave","img":{"alt_text":"","src":"https:\/\/i2.wp.com\/astehshop.com\/wp-content\/uploads\/2024\/12\/ceopa-ce-1130p-5-zone-mixing-amp.130w_0.jpg?fit=1200%2C675&resize=350%2C200","width":350,"height":200},"classes":[]},{"id":9824,"url":"http:\/\/astehshop.com\/index.php\/product\/ceopa-ce-260se-pojacalo\/","url_meta":{"origin":9843,"position":5},"title":"Ceopa CE-260SE poja\u010dalo","date":"15. prosinca 2024.","format":false,"excerpt":"Integrisani poja\u010dava\u010d sa 5 izlaza, 260W 3 mikrofonska ulaza, 2 AUX ulaza, 1 AUX izlaz, 5 LED indikatora, izlazi na 100V, regulacija izlaza po zonama, 4-16 ohm-a","rel":"","context":"Srodne objave","img":{"alt_text":"","src":"https:\/\/i2.wp.com\/astehshop.com\/wp-content\/uploads\/2024\/12\/ceopa-ce-260se-pojacalo_0.jpg?fit=1200%2C675&resize=350%2C200","width":350,"height":200},"classes":[]}],"_links":{"self":[{"href":"http:\/\/astehshop.com\/index.php\/wp-json\/wp\/v2\/product\/9843"}],"collection":[{"href":"http:\/\/astehshop.com\/index.php\/wp-json\/wp\/v2\/product"}],"about":[{"href":"http:\/\/astehshop.com\/index.php\/wp-json\/wp\/v2\/types\/product"}],"replies":[{"embeddable":true,"href":"http:\/\/astehshop.com\/index.php\/wp-json\/wp\/v2\/comments?post=9843"}],"wp:featuredmedia":[{"embeddable":true,"href":"http:\/\/astehshop.com\/index.php\/wp-json\/wp\/v2\/media\/9844"}],"wp:attachment":[{"href":"http:\/\/astehshop.com\/index.php\/wp-json\/wp\/v2\/media?parent=9843"}],"wp:term":[{"taxonomy":"product_cat","embeddable":true,"href":"http:\/\/astehshop.com\/index.php\/wp-json\/wp\/v2\/product_cat?post=9843"},{"taxonomy":"product_tag","embeddable":true,"href":"http:\/\/astehshop.com\/index.php\/wp-json\/wp\/v2\/product_tag?post=9843"}],"curies":[{"name":"wp","href":"https:\/\/api.w.org\/{rel}","templated":true}]}}