{"id":9829,"date":"2024-12-15T18:48:50","date_gmt":"2024-12-15T17:48:50","guid":{"rendered":"http:\/\/astehshop.com\/?post_type=product&#038;p=9829"},"modified":"2024-12-15T18:48:50","modified_gmt":"2024-12-15T17:48:50","slug":"ceopa-ce-360se-pojacalo","status":"publish","type":"product","link":"http:\/\/astehshop.com\/index.php\/product\/ceopa-ce-360se-pojacalo\/","title":{"rendered":"Ceopa CE-360SE poja\u010dalo"},"content":{"rendered":"<p>Integrisani poja\u010dava\u010d sa 5 izlaza, 360W<br \/>\n3 mikrofonska ulaza, 2 AUX ulaza, 1 AUX izlaz, 5 LED indikatora, izlazi na 100V, regulacija izlaza po zonama, 4-16 ohm-a<\/p>\n","protected":false},"excerpt":{"rendered":"<p>Integrisani poja\u010dava\u010d sa 5 izlaza, 360W<br \/>\n3 mikrofonska ulaza, 2 AUX ulaza, 1 AUX izlaz, 5 LED indikatora, izlazi na 100V, regulacija izlaza po zonama, 4-16 ohm-a<\/p>\n","protected":false},"featured_media":9830,"comment_status":"open","ping_status":"closed","template":"","meta":{"_mi_skip_tracking":false,"_exactmetrics_sitenote_active":false,"_exactmetrics_sitenote_note":"","_exactmetrics_sitenote_category":0,"spay_email":""},"product_cat":[5623,7517],"product_tag":[7541],"brands":[{"id":7518,"name":"Ceopa","slug":"ceopa"}],"df_price":890,"df_sale_price":"","df_regular_price":890,"df_image_link":"https:\/\/i0.wp.com\/astehshop.com\/wp-content\/uploads\/2024\/12\/CE-073.jpg?fit=450%2C253","jetpack_publicize_connections":[],"jetpack_sharing_enabled":true,"jetpack_likes_enabled":true,"jetpack-related-posts":[{"id":9815,"url":"http:\/\/astehshop.com\/index.php\/product\/ceopa-ce-70se-pojacalo\/","url_meta":{"origin":9829,"position":0},"title":"Ceopa CE-70SE poja\u010dalo","date":"15. prosinca 2024.","format":false,"excerpt":"Integrisani poja\u010dava\u010d sa 5 izlaza, 70W 3 mikrofonska ulaza, 2 AUX ulaza, 1 AUX izlaz, 5 LED indikatora, izlazi na 100V, regulacija izlaza po zonama, 4-16 ohm-a.","rel":"","context":"Srodne objave","img":{"alt_text":"","src":"https:\/\/i2.wp.com\/astehshop.com\/wp-content\/uploads\/2024\/12\/ceopa-ce-70se-pojacalo-_0.jpg?fit=1200%2C675&resize=350%2C200","width":350,"height":200},"classes":[]},{"id":9820,"url":"http:\/\/astehshop.com\/index.php\/product\/ceopa-ce-130se-pojacalo\/","url_meta":{"origin":9829,"position":1},"title":"Ceopa CE-130SE poja\u010dalo","date":"15. prosinca 2024.","format":false,"excerpt":"Integrisani poja\u010dava\u010d sa 5 izlaza, 130W 3 mikrofonska ulaza, 2 AUX ulaza, 1 AUX izlaz, 5 LED indikatora, izlazi na 100V, regulacija izlaza po zonama, 4-16 ohm-a.","rel":"","context":"Srodne objave","img":{"alt_text":"","src":"https:\/\/i0.wp.com\/astehshop.com\/wp-content\/uploads\/2024\/12\/ceopa-ce-130se-pojacalo_0.jpg?fit=1200%2C675&resize=350%2C200","width":350,"height":200},"classes":[]},{"id":9824,"url":"http:\/\/astehshop.com\/index.php\/product\/ceopa-ce-260se-pojacalo\/","url_meta":{"origin":9829,"position":2},"title":"Ceopa CE-260SE poja\u010dalo","date":"15. prosinca 2024.","format":false,"excerpt":"Integrisani poja\u010dava\u010d sa 5 izlaza, 260W 3 mikrofonska ulaza, 2 AUX ulaza, 1 AUX izlaz, 5 LED indikatora, izlazi na 100V, regulacija izlaza po zonama, 4-16 ohm-a","rel":"","context":"Srodne objave","img":{"alt_text":"","src":"https:\/\/i2.wp.com\/astehshop.com\/wp-content\/uploads\/2024\/12\/ceopa-ce-260se-pojacalo_0.jpg?fit=1200%2C675&resize=350%2C200","width":350,"height":200},"classes":[]},{"id":9827,"url":"http:\/\/astehshop.com\/index.php\/product\/ceopa-ce-1360p-mixing-amplifier-360w\/","url_meta":{"origin":9829,"position":3},"title":"Ceopa CE-1360P mixing amplifier 360W","date":"15. prosinca 2024.","format":false,"excerpt":"Integrisani poja\u010dava\u010d sa 5 izlaza, 360W 3 mikrofonska ulaza, 2 AUX ulaza, 1 AUX izlaz, 5 LED indikatora, izlazi na 70V, 100V, 4 i 16 ohm","rel":"","context":"Srodne objave","img":{"alt_text":"","src":"https:\/\/i0.wp.com\/astehshop.com\/wp-content\/uploads\/2024\/12\/Ceopa-CE-1360P-mixing-amplifier-360W.jpg?fit=1200%2C675&resize=350%2C200","width":350,"height":200},"classes":[]},{"id":9822,"url":"http:\/\/astehshop.com\/index.php\/product\/ceopa-ce-1260p-pojacalo-260w\/","url_meta":{"origin":9829,"position":4},"title":"Ceopa CE-1260P pojacalo 260W","date":"15. prosinca 2024.","format":false,"excerpt":"Integrisani poja\u010dava\u010d sa 5 izlaza, 260W 3 mikrofonska ulaza, 2 AUX ulaza, 1 AUX izlaz, 5 LED indikatora, izlazi na 70V, 100V, 4 i 16 ohm","rel":"","context":"Srodne objave","img":{"alt_text":"","src":"https:\/\/i2.wp.com\/astehshop.com\/wp-content\/uploads\/2024\/12\/Ceopa-CE-1260P-pojacalo-260W.jpg?fit=1200%2C675&resize=350%2C200","width":350,"height":200},"classes":[]},{"id":9817,"url":"http:\/\/astehshop.com\/index.php\/product\/ceopa-ce-1130p-5-zone-mixing-amp-130w\/","url_meta":{"origin":9829,"position":5},"title":"Ceopa CE-1130P 5 Zone Mixing Amp.130W","date":"15. prosinca 2024.","format":false,"excerpt":"Integrisani poja\u010dava\u010d sa 5 izlaza, 130W 3 mikrofonska ulaza, 2 AUX ulaza, 1 AUX izlaz, 5 LED indikatora, izlazi na 70V, 100V, 4 i 16 ohm","rel":"","context":"Srodne objave","img":{"alt_text":"","src":"https:\/\/i2.wp.com\/astehshop.com\/wp-content\/uploads\/2024\/12\/ceopa-ce-1130p-5-zone-mixing-amp.130w_0.jpg?fit=1200%2C675&resize=350%2C200","width":350,"height":200},"classes":[]}],"_links":{"self":[{"href":"http:\/\/astehshop.com\/index.php\/wp-json\/wp\/v2\/product\/9829"}],"collection":[{"href":"http:\/\/astehshop.com\/index.php\/wp-json\/wp\/v2\/product"}],"about":[{"href":"http:\/\/astehshop.com\/index.php\/wp-json\/wp\/v2\/types\/product"}],"replies":[{"embeddable":true,"href":"http:\/\/astehshop.com\/index.php\/wp-json\/wp\/v2\/comments?post=9829"}],"wp:featuredmedia":[{"embeddable":true,"href":"http:\/\/astehshop.com\/index.php\/wp-json\/wp\/v2\/media\/9830"}],"wp:attachment":[{"href":"http:\/\/astehshop.com\/index.php\/wp-json\/wp\/v2\/media?parent=9829"}],"wp:term":[{"taxonomy":"product_cat","embeddable":true,"href":"http:\/\/astehshop.com\/index.php\/wp-json\/wp\/v2\/product_cat?post=9829"},{"taxonomy":"product_tag","embeddable":true,"href":"http:\/\/astehshop.com\/index.php\/wp-json\/wp\/v2\/product_tag?post=9829"}],"curies":[{"name":"wp","href":"https:\/\/api.w.org\/{rel}","templated":true}]}}