{"id":9824,"date":"2024-12-15T18:45:42","date_gmt":"2024-12-15T17:45:42","guid":{"rendered":"http:\/\/astehshop.com\/?post_type=product&#038;p=9824"},"modified":"2024-12-15T18:45:43","modified_gmt":"2024-12-15T17:45:43","slug":"ceopa-ce-260se-pojacalo","status":"publish","type":"product","link":"https:\/\/astehshop.com\/trgovina\/ozvucenje\/pojacala\/ceopa-ce-260se-pojacalo\/","title":{"rendered":"Ceopa CE-260SE poja\u010dalo"},"content":{"rendered":"<p>Integrisani poja\u010dava\u010d sa 5 izlaza, 260W<br \/>\n3 mikrofonska ulaza, 2 AUX ulaza, 1 AUX izlaz, 5 LED indikatora, izlazi na 100V, regulacija izlaza po zonama, 4-16 ohm-a<\/p>\n","protected":false},"excerpt":{"rendered":"<p>Integrisani poja\u010dava\u010d sa 5 izlaza, 260W<br \/>\n3 mikrofonska ulaza, 2 AUX ulaza, 1 AUX izlaz, 5 LED indikatora, izlazi na 100V, regulacija izlaza po zonama, 4-16 ohm-a<\/p>\n","protected":false},"featured_media":9825,"comment_status":"open","ping_status":"closed","template":"","meta":[],"product_brand":[],"product_cat":[5623,7517],"product_tag":[7538,7539,5644,5628,7534],"class_list":{"0":"post-9824","1":"product","2":"type-product","3":"status-publish","4":"has-post-thumbnail","6":"product_cat-pojacala","7":"product_cat-pojacala-muzicka-oprema","8":"product_tag-ceopa-ce-260se-pojacalo","9":"product_tag-muzika-bijeljina","10":"product_tag-ozvucenje-bijeljina","11":"product_tag-pojacala-bijeljina","12":"product_tag-pojacalo-bijeljina","14":"first","15":"instock","16":"shipping-taxable","17":"purchasable","18":"product-type-simple"},"_links":{"self":[{"href":"https:\/\/astehshop.com\/wp-json\/wp\/v2\/product\/9824","targetHints":{"allow":["GET"]}}],"collection":[{"href":"https:\/\/astehshop.com\/wp-json\/wp\/v2\/product"}],"about":[{"href":"https:\/\/astehshop.com\/wp-json\/wp\/v2\/types\/product"}],"replies":[{"embeddable":true,"href":"https:\/\/astehshop.com\/wp-json\/wp\/v2\/comments?post=9824"}],"version-history":[{"count":1,"href":"https:\/\/astehshop.com\/wp-json\/wp\/v2\/product\/9824\/revisions"}],"predecessor-version":[{"id":9826,"href":"https:\/\/astehshop.com\/wp-json\/wp\/v2\/product\/9824\/revisions\/9826"}],"wp:featuredmedia":[{"embeddable":true,"href":"https:\/\/astehshop.com\/wp-json\/wp\/v2\/media\/9825"}],"wp:attachment":[{"href":"https:\/\/astehshop.com\/wp-json\/wp\/v2\/media?parent=9824"}],"wp:term":[{"taxonomy":"product_brand","embeddable":true,"href":"https:\/\/astehshop.com\/wp-json\/wp\/v2\/product_brand?post=9824"},{"taxonomy":"product_cat","embeddable":true,"href":"https:\/\/astehshop.com\/wp-json\/wp\/v2\/product_cat?post=9824"},{"taxonomy":"product_tag","embeddable":true,"href":"https:\/\/astehshop.com\/wp-json\/wp\/v2\/product_tag?post=9824"}],"curies":[{"name":"wp","href":"https:\/\/api.w.org\/{rel}","templated":true}]}}