{"id":9810,"date":"2024-12-15T18:30:43","date_gmt":"2024-12-15T17:30:43","guid":{"rendered":"http:\/\/astehshop.com\/?post_type=product&#038;p=9810"},"modified":"2024-12-15T18:30:44","modified_gmt":"2024-12-15T17:30:44","slug":"cesma-za-brzo-zagrijavanje-vode-3-0-kw-2","status":"publish","type":"product","link":"http:\/\/astehshop.com\/index.php\/product\/cesma-za-brzo-zagrijavanje-vode-3-0-kw-2\/","title":{"rendered":"\u010cesma za brzo zagrijavanje vode, 3.0 kW"},"content":{"rendered":"<p>\u010cesma za brzo zagrijavanje vode, snaga 3.0 kW<\/p>\n<p>Prakti\u010dan i moderan dizajn, prikaz temperature vode, brzo zagrijavanje i u\u0161teda energije<\/p>\n<p>Trenutna upotreba bez predgrijavanja, zagrijavanje vode u nekoliko sekundi kako bi se kontinuirano dobila topla voda od 30 &#8211; 60\u00b0C<\/p>\n","protected":false},"excerpt":{"rendered":"<p>\u010cesma za brzo zagrijavanje vode, snaga 3.0 kW<\/p>\n<p>Prakti\u010dan i moderan dizajn, prikaz temperature vode, brzo zagrijavanje i u\u0161teda energije<\/p>\n<p>Trenutna upotreba bez predgrijavanja, zagrijavanje vode u nekoliko sekundi kako bi se kontinuirano dobila topla voda od 30 &#8211; 60\u00b0C<\/p>\n","protected":false},"featured_media":9811,"comment_status":"open","ping_status":"closed","template":"","meta":{"_mi_skip_tracking":false,"_exactmetrics_sitenote_active":false,"_exactmetrics_sitenote_note":"","_exactmetrics_sitenote_category":0,"spay_email":""},"product_cat":[101],"product_tag":[7511,7514,4272,7513,7512,7515],"brands":[],"df_price":79,"df_sale_price":"","df_regular_price":79,"df_image_link":"https:\/\/i1.wp.com\/astehshop.com\/wp-content\/uploads\/2024\/12\/31982_1698409494ig8kdaogbh.png?fit=450%2C439","jetpack_publicize_connections":[],"jetpack_sharing_enabled":true,"jetpack_likes_enabled":true,"jetpack-related-posts":[{"id":6500,"url":"http:\/\/astehshop.com\/index.php\/product\/cesma-za-brzo-zagrijavanje-vode-3-0-kw-zln5480\/","url_meta":{"origin":9810,"position":0},"title":"\u010cesma za brzo zagrijavanje vode, 3.0 kW ZLN5480","date":"12. studenoga 2022.","format":false,"excerpt":"\u010cesma \/ slavina za brzo zagrijavanje vode, snaga 3.0 kW, vodeni mlaz pod pritiskom, grija\u0107i element od nehr\u0111aju\u0107eg \u010delika, ergonomska jednostruka ru\u010dka indikator grijanja, trenutno zagrijavanje","rel":"","context":"Srodne objave","img":{"alt_text":"","src":"https:\/\/i0.wp.com\/astehshop.com\/wp-content\/uploads\/2022\/11\/ZLN5480.png?fit=1200%2C1200&resize=350%2C200","width":350,"height":200},"classes":[]},{"id":9807,"url":"http:\/\/astehshop.com\/index.php\/product\/cesma-za-brzo-zagrijavanje-vode-3-0-kw\/","url_meta":{"origin":9810,"position":1},"title":"\u010cesma za brzo zagrijavanje vode, 3.0 kW","date":"15. prosinca 2024.","format":false,"excerpt":"\u010cesma \/ slavina za brzo zagrijavanje vode, snaga 3.0 kW, vodeni mlaz pod pritiskom, grija\u0107i element od nehr\u0111aju\u0107eg \u010delika, ergonomska jednostruka ru\u010dka indikatorska lampica grijanja, trenutno zagrijavanje","rel":"","context":"Srodne objave","img":{"alt_text":"","src":"https:\/\/i0.wp.com\/astehshop.com\/wp-content\/uploads\/2024\/12\/19438_1686255469d4um9pxam0.png?fit=1200%2C1112&resize=350%2C200","width":350,"height":200},"classes":[]},{"id":6219,"url":"http:\/\/astehshop.com\/index.php\/product\/smartlife-wifi-detektor-vode-sirena-50db-na-baterije\/","url_meta":{"origin":9810,"position":2},"title":"SmartLife WiFi Detektor Vode | Sirena 50dB | Na Baterije","date":"7. travnja 2022.","format":false,"excerpt":"Olak\u0161ava pra\u0107enje curenja vode na te\u0161ko dostupnim mjestima Jednostavan za rukovanje, ali rje\u0161ava vrlo slo\u017een problem. Ve\u0107ina curenja vode po\u010dinje na te\u0161ko dostupnim mjestima ispod podnih plo\u010da. Kona\u010dno, sada mo\u017eete pratiti rizi\u010dna podru\u010dja i dobiti rano upozorenje ako se voda otkrije, prije nego \u0161to postane veliki problem. Ako be\u017ei\u010dni detektor\u2026","rel":"","context":"Srodne objave","img":{"alt_text":"","src":"https:\/\/i2.wp.com\/astehshop.com\/wp-content\/uploads\/2022\/04\/WIFIDW10WT.jpg?fit=400%2C400&resize=350%2C200","width":350,"height":200},"classes":[]},{"id":9496,"url":"http:\/\/astehshop.com\/index.php\/product\/konvektor-fabbygo-2000w-5001\/","url_meta":{"origin":9810,"position":3},"title":"Konvektor FABBYGO 2000W 5001","date":"21. rujna 2024.","format":false,"excerpt":"KONVEKTOR JACINA 2000 W DVA NIVOA GRIJANJA TERMOSTAT MONTAZA NA TOCKICIMA MOGUCNOST MONTAZE NA ZID NAMJENJEN ZA ZAGRIJAVANJE PROSTORIJA OD 20 DO 25m2 GARANCIJA 12 MJESECI","rel":"","context":"Srodne objave","img":{"alt_text":"","src":"https:\/\/i2.wp.com\/astehshop.com\/wp-content\/uploads\/2024\/09\/Konvektor-FABBYGO-2000W-5001.png?fit=800%2C800&resize=350%2C200","width":350,"height":200},"classes":[]},{"id":8753,"url":"http:\/\/astehshop.com\/index.php\/product\/wifi-ventil-za-radijator-kit-ventil-gateway-heysmart\/","url_meta":{"origin":9810,"position":4},"title":"WiFi Ventil Za Radijator | KIT: Ventil + Gateway | HeySmart","date":"10. sije\u010dnja 2024.","format":false,"excerpt":"Pametni termostatski ventil KIT s tipkama mekanim na dodir i funkcijom zaklju\u010davanja za djecu. Funkcija \"Boost\" korisna za brzo zagrijavanje, funkcija \"otvoreni prozor\" omogu\u0107uje u\u0161tedu energije. Zigbee WI-FI gateway isporu\u010den za povezivanje s aplikacijom HeySmart za daljinsko upravljanje. Jedan Gateway mo\u017ee kontrolirati do 15 pametnih ventila u dometu. Standardni priklju\u010dak\u2026","rel":"","context":"Srodne objave","img":{"alt_text":"","src":"https:\/\/i2.wp.com\/astehshop.com\/wp-content\/uploads\/2024\/01\/wifi-ventil-za-radijator.jpg?fit=400%2C400&resize=350%2C200","width":350,"height":200},"classes":[]},{"id":11796,"url":"http:\/\/astehshop.com\/index.php\/product\/aparat-za-kafu-delonghi-en85-mini-nespresso-black\/","url_meta":{"origin":9810,"position":5},"title":"Aparat za kafu DeLonghi EN85 Mini Nespresso Black","date":"28. rujna 2025.","format":false,"excerpt":"Aparat za kafu DeLonghi EN85 Mini Nespresso Black \u2022 Kompaktan dizajn, lijepo se uklapa \u010dak i u male prostore \u2022 Brzo vrijeme zagrijevanja, ma\u0161ina je spremna za upotrebu za samo 25 sekundi \u2022 2 prilagodljiva recepta, jedno dugme za Espresso 40ml i jedno za Lungo 110ml \u2022 Eko-re\u017eim 3 minute\u2026","rel":"","context":"Srodne objave","img":{"alt_text":"","src":"https:\/\/i0.wp.com\/astehshop.com\/wp-content\/uploads\/2025\/09\/Aparat-za-kafu-1150W-19-bar-Mini-Nespresso-Black-640x480-1.png?fit=640%2C480&resize=350%2C200","width":350,"height":200},"classes":[]}],"_links":{"self":[{"href":"http:\/\/astehshop.com\/index.php\/wp-json\/wp\/v2\/product\/9810"}],"collection":[{"href":"http:\/\/astehshop.com\/index.php\/wp-json\/wp\/v2\/product"}],"about":[{"href":"http:\/\/astehshop.com\/index.php\/wp-json\/wp\/v2\/types\/product"}],"replies":[{"embeddable":true,"href":"http:\/\/astehshop.com\/index.php\/wp-json\/wp\/v2\/comments?post=9810"}],"wp:featuredmedia":[{"embeddable":true,"href":"http:\/\/astehshop.com\/index.php\/wp-json\/wp\/v2\/media\/9811"}],"wp:attachment":[{"href":"http:\/\/astehshop.com\/index.php\/wp-json\/wp\/v2\/media?parent=9810"}],"wp:term":[{"taxonomy":"product_cat","embeddable":true,"href":"http:\/\/astehshop.com\/index.php\/wp-json\/wp\/v2\/product_cat?post=9810"},{"taxonomy":"product_tag","embeddable":true,"href":"http:\/\/astehshop.com\/index.php\/wp-json\/wp\/v2\/product_tag?post=9810"}],"curies":[{"name":"wp","href":"https:\/\/api.w.org\/{rel}","templated":true}]}}