{"id":9807,"date":"2024-12-15T18:28:21","date_gmt":"2024-12-15T17:28:21","guid":{"rendered":"http:\/\/astehshop.com\/?post_type=product&#038;p=9807"},"modified":"2024-12-15T18:28:22","modified_gmt":"2024-12-15T17:28:22","slug":"cesma-za-brzo-zagrijavanje-vode-3-0-kw","status":"publish","type":"product","link":"http:\/\/astehshop.com\/index.php\/product\/cesma-za-brzo-zagrijavanje-vode-3-0-kw\/","title":{"rendered":"\u010cesma za brzo zagrijavanje vode, 3.0 kW"},"content":{"rendered":"<p>\u010cesma \/ slavina za brzo zagrijavanje vode, snaga 3.0 kW, vodeni mlaz pod pritiskom, grija\u0107i element od nehr\u0111aju\u0107eg \u010delika, ergonomska jednostruka ru\u010dka<br \/>\nindikatorska lampica grijanja, trenutno zagrijavanje<\/p>\n","protected":false},"excerpt":{"rendered":"<p>\u010cesma \/ slavina za brzo zagrijavanje vode, snaga 3.0 kW, vodeni mlaz pod pritiskom, grija\u0107i element od nehr\u0111aju\u0107eg \u010delika, ergonomska jednostruka ru\u010dka<br \/>\nindikatorska lampica grijanja, trenutno zagrijavanje<\/p>\n","protected":false},"featured_media":9808,"comment_status":"open","ping_status":"closed","template":"","meta":{"_mi_skip_tracking":false,"_exactmetrics_sitenote_active":false,"_exactmetrics_sitenote_note":"","_exactmetrics_sitenote_category":0,"spay_email":""},"product_cat":[101],"product_tag":[7505,7509,7508,7506,7510,7507],"brands":[],"df_price":79,"df_sale_price":"","df_regular_price":79,"df_image_link":"https:\/\/i0.wp.com\/astehshop.com\/wp-content\/uploads\/2024\/12\/19438_1686255469d4um9pxam0.png?fit=450%2C417","jetpack_publicize_connections":[],"jetpack_sharing_enabled":true,"jetpack_likes_enabled":true,"jetpack-related-posts":[{"id":6500,"url":"http:\/\/astehshop.com\/index.php\/product\/cesma-za-brzo-zagrijavanje-vode-3-0-kw-zln5480\/","url_meta":{"origin":9807,"position":0},"title":"\u010cesma za brzo zagrijavanje vode, 3.0 kW ZLN5480","date":"12. studenoga 2022.","format":false,"excerpt":"\u010cesma \/ slavina za brzo zagrijavanje vode, snaga 3.0 kW, vodeni mlaz pod pritiskom, grija\u0107i element od nehr\u0111aju\u0107eg \u010delika, ergonomska jednostruka ru\u010dka indikator grijanja, trenutno zagrijavanje","rel":"","context":"Srodne objave","img":{"alt_text":"","src":"https:\/\/i0.wp.com\/astehshop.com\/wp-content\/uploads\/2022\/11\/ZLN5480.png?fit=1200%2C1200&resize=350%2C200","width":350,"height":200},"classes":[]},{"id":9810,"url":"http:\/\/astehshop.com\/index.php\/product\/cesma-za-brzo-zagrijavanje-vode-3-0-kw-2\/","url_meta":{"origin":9807,"position":1},"title":"\u010cesma za brzo zagrijavanje vode, 3.0 kW","date":"15. prosinca 2024.","format":false,"excerpt":"\u010cesma za brzo zagrijavanje vode, snaga 3.0 kW Prakti\u010dan i moderan dizajn, prikaz temperature vode, brzo zagrijavanje i u\u0161teda energije Trenutna upotreba bez predgrijavanja, zagrijavanje vode u nekoliko sekundi kako bi se kontinuirano dobila topla voda od 30 - 60\u00b0C","rel":"","context":"Srodne objave","img":{"alt_text":"","src":"https:\/\/i1.wp.com\/astehshop.com\/wp-content\/uploads\/2024\/12\/31982_1698409494ig8kdaogbh.png?fit=1200%2C1172&resize=350%2C200","width":350,"height":200},"classes":[]},{"id":9496,"url":"http:\/\/astehshop.com\/index.php\/product\/konvektor-fabbygo-2000w-5001\/","url_meta":{"origin":9807,"position":2},"title":"Konvektor FABBYGO 2000W 5001","date":"21. rujna 2024.","format":false,"excerpt":"KONVEKTOR JACINA 2000 W DVA NIVOA GRIJANJA TERMOSTAT MONTAZA NA TOCKICIMA MOGUCNOST MONTAZE NA ZID NAMJENJEN ZA ZAGRIJAVANJE PROSTORIJA OD 20 DO 25m2 GARANCIJA 12 MJESECI","rel":"","context":"Srodne objave","img":{"alt_text":"","src":"https:\/\/i2.wp.com\/astehshop.com\/wp-content\/uploads\/2024\/09\/Konvektor-FABBYGO-2000W-5001.png?fit=800%2C800&resize=350%2C200","width":350,"height":200},"classes":[]},{"id":8721,"url":"http:\/\/astehshop.com\/index.php\/product\/elektricna-deka-siva\/","url_meta":{"origin":9807,"position":3},"title":"Elektri\u010dna deka, siva","date":"30. prosinca 2023.","format":false,"excerpt":"Elektri\u010dna deka, siva Elektri\u010dna deka, stalna i ravnomjerno raspore\u0111ena temperatura, kratko zagrijavanje, mekani materijal Za\u0161tita od pregrijavanja","rel":"","context":"Srodne objave","img":{"alt_text":"","src":"https:\/\/i2.wp.com\/astehshop.com\/wp-content\/uploads\/2023\/12\/35331_16971156990xe137ytjo.png?fit=1200%2C1200&resize=350%2C200","width":350,"height":200},"classes":[]},{"id":11790,"url":"http:\/\/astehshop.com\/index.php\/product\/konvektor-elektricna-panel-grijalica-2000w-wifi\/","url_meta":{"origin":9807,"position":4},"title":"Konvektor, elektri\u010dna panel grijalica, 2000W, WiFi","date":"28. rujna 2025.","format":false,"excerpt":"Grija\u0107i modul serije ECH\/AG2 opremljen je modernim grija\u0107im elementom HEDGEHOG, koji br\u017ee posti\u017ee radnu temperaturu 20% i ima super kompaktnu veli\u010dinu zbog pove\u0107anog podru\u010dja prijenosa topline. 15% ni\u017ea temperatura elementa i ku\u0107i\u0161ta osigurava meku i ugodnu toplinu. Vijek trajanja grija\u0107eg elementa HEDGEHOG je 25 godina! Aerodinami\u010dki sustav Intelligent Air Dynamic\u2026","rel":"","context":"Srodne objave","img":{"alt_text":"","src":"https:\/\/i0.wp.com\/astehshop.com\/wp-content\/uploads\/2025\/09\/Konvektor-elektricna-panel-grijalica-2000W-WiFi.png?fit=1200%2C1051&resize=350%2C200","width":350,"height":200},"classes":[]},{"id":4394,"url":"http:\/\/astehshop.com\/index.php\/product\/masinica-za-sisanje-zln0443\/","url_meta":{"origin":9807,"position":5},"title":"Ma\u0161inica za \u0161i\u0161anje ZLN0443","date":"3. travnja 2020.","format":false,"excerpt":"Aparat za \u0161i\u0161anje, kvalitetne i izdr\u017eljive o\u0161trice od nehr\u0111aju\u0107eg \u010delika, podesiva ru\u010dica za upravljanje no\u017eevima, 4 \u010de\u0161lja, makaze, \u010detkica za \u010di\u0161\u0107enje, napajanje 230 V \/ 50Hz \/ 9W","rel":"","context":"Srodne objave","img":{"alt_text":"","src":"https:\/\/i1.wp.com\/astehshop.com\/wp-content\/uploads\/2020\/04\/masinica-za-sisanje.png?fit=1065%2C1200&resize=350%2C200","width":350,"height":200},"classes":[]}],"_links":{"self":[{"href":"http:\/\/astehshop.com\/index.php\/wp-json\/wp\/v2\/product\/9807"}],"collection":[{"href":"http:\/\/astehshop.com\/index.php\/wp-json\/wp\/v2\/product"}],"about":[{"href":"http:\/\/astehshop.com\/index.php\/wp-json\/wp\/v2\/types\/product"}],"replies":[{"embeddable":true,"href":"http:\/\/astehshop.com\/index.php\/wp-json\/wp\/v2\/comments?post=9807"}],"wp:featuredmedia":[{"embeddable":true,"href":"http:\/\/astehshop.com\/index.php\/wp-json\/wp\/v2\/media\/9808"}],"wp:attachment":[{"href":"http:\/\/astehshop.com\/index.php\/wp-json\/wp\/v2\/media?parent=9807"}],"wp:term":[{"taxonomy":"product_cat","embeddable":true,"href":"http:\/\/astehshop.com\/index.php\/wp-json\/wp\/v2\/product_cat?post=9807"},{"taxonomy":"product_tag","embeddable":true,"href":"http:\/\/astehshop.com\/index.php\/wp-json\/wp\/v2\/product_tag?post=9807"}],"curies":[{"name":"wp","href":"https:\/\/api.w.org\/{rel}","templated":true}]}}