{"id":9797,"date":"2024-12-15T16:43:24","date_gmt":"2024-12-15T15:43:24","guid":{"rendered":"http:\/\/astehshop.com\/?post_type=product&#038;p=9797"},"modified":"2024-12-15T16:43:25","modified_gmt":"2024-12-15T15:43:25","slug":"uniview-unv-vanjski-interfon-sa-jednim-pozivom-wifi-oeu-201b-hmk-w","status":"publish","type":"product","link":"http:\/\/astehshop.com\/index.php\/product\/uniview-unv-vanjski-interfon-sa-jednim-pozivom-wifi-oeu-201b-hmk-w\/","title":{"rendered":"UniView UNV vanjski interfon sa jednim pozivom WIFI OEU-201b-hmk-w"},"content":{"rendered":"<p><span class=\"HwtZe\" lang=\"bs\"><span class=\"jCAhz\"><span class=\"ryNqvb\">Prednja plo\u010da: Plastika<\/span><\/span><\/span><\/p>\n<p><span class=\"HwtZe\" lang=\"bs\"> <span class=\"jCAhz ChMk0b\"><span class=\"ryNqvb\">Podr\u017eava\u00a0 konfiguraciju <\/span><\/span><\/span><\/p>\n<p><span class=\"HwtZe\" lang=\"bs\"><span class=\"jCAhz ChMk0b\"><span class=\"ryNqvb\">Podr\u017eava interkom pozive povezanim unutarnjim jedinicama ili APP-ovima <\/span><\/span><\/span><\/p>\n<p><span class=\"HwtZe\" lang=\"bs\"><span class=\"jCAhz ChMk0b\"><span class=\"ryNqvb\">Podr\u017eava funkciju pra\u0107enja, <\/span><\/span><\/span><\/p>\n<p><span class=\"HwtZe\" lang=\"bs\"><span class=\"jCAhz ChMk0b\"><span class=\"ryNqvb\">sigurnosni alarm, <\/span><\/span><\/span><\/p>\n<p><span class=\"HwtZe\" lang=\"bs\"><span class=\"jCAhz ChMk0b\"><span class=\"ryNqvb\">neovla\u0161teni alarm <\/span><\/span><\/span><\/p>\n<p><span class=\"HwtZe\" lang=\"bs\"><span class=\"jCAhz ChMk0b\"><span class=\"ryNqvb\">Podr\u0161ka za Wi-Fi <\/span><\/span><\/span><\/p>\n<p><span class=\"HwtZe\" lang=\"bs\"><span class=\"jCAhz ChMk0b\"><span class=\"ryNqvb\">Ugra\u0111en \u010dita\u010d IC kartica<\/span><\/span><\/span><\/p>\n<p>&nbsp;<\/p>\n","protected":false},"excerpt":{"rendered":"<p><span class=\"HwtZe\" lang=\"bs\"><span class=\"jCAhz\"><span class=\"ryNqvb\">Prednja plo\u010da: Plastika<\/span><\/span><\/span><\/p>\n<p><span class=\"HwtZe\" lang=\"bs\"> <span class=\"jCAhz ChMk0b\"><span class=\"ryNqvb\">Podr\u017eava\u00a0 konfiguraciju <\/span><\/span><\/span><\/p>\n<p><span class=\"HwtZe\" lang=\"bs\"><span class=\"jCAhz ChMk0b\"><span class=\"ryNqvb\">Podr\u017eava interkom pozive povezanim unutarnjim jedinicama ili APP-ovima <\/span><\/span><\/span><\/p>\n<p><span class=\"HwtZe\" lang=\"bs\"><span class=\"jCAhz ChMk0b\"><span class=\"ryNqvb\">Podr\u017eava funkciju pra\u0107enja, <\/span><\/span><\/span><\/p>\n<p><span class=\"HwtZe\" lang=\"bs\"><span class=\"jCAhz ChMk0b\"><span class=\"ryNqvb\">sigurnosni alarm, <\/span><\/span><\/span><\/p>\n<p><span class=\"HwtZe\" lang=\"bs\"><span class=\"jCAhz ChMk0b\"><span class=\"ryNqvb\">neovla\u0161teni alarm <\/span><\/span><\/span><\/p>\n<p><span class=\"HwtZe\" lang=\"bs\"><span class=\"jCAhz ChMk0b\"><span class=\"ryNqvb\">Podr\u0161ka za Wi-Fi <\/span><\/span><\/span><\/p>\n<p><span class=\"HwtZe\" lang=\"bs\"><span class=\"jCAhz ChMk0b\"><span class=\"ryNqvb\">Ugra\u0111en \u010dita\u010d IC kartica<\/span><\/span><\/span><\/p>\n<p>&nbsp;<\/p>\n","protected":false},"featured_media":9798,"comment_status":"open","ping_status":"closed","template":"","meta":{"_mi_skip_tracking":false,"_exactmetrics_sitenote_active":false,"_exactmetrics_sitenote_note":"","_exactmetrics_sitenote_category":0,"spay_email":""},"product_cat":[2593],"product_tag":[3110,7491,7492,7490,7488,7489],"brands":[{"id":6129,"name":"UNV","slug":"unv"}],"df_price":289,"df_sale_price":"","df_regular_price":289,"df_image_link":"https:\/\/i2.wp.com\/astehshop.com\/wp-content\/uploads\/2024\/12\/uniview-1-poziv.jpg?fit=450%2C307","jetpack_publicize_connections":[],"jetpack_sharing_enabled":true,"jetpack_likes_enabled":true,"jetpack-related-posts":[{"id":9799,"url":"http:\/\/astehshop.com\/index.php\/product\/uniview-unv-interfon-sa-2-poziva-poe-oeu-202s-hmk2\/","url_meta":{"origin":9797,"position":0},"title":"UniView UNV interfon sa 2 poziva POE OEU-202S-HMK2","date":"15. prosinca 2024.","format":false,"excerpt":"\u2022 Opciona kutija za udubljenje za monta\u017eu na udubljenje. \u2022 Podr\u017eava izlaznu snagu, koja se mo\u017ee omogu\u0107iti ili onemogu\u0107iti na web interfejsu. \u2022 Omogu\u0107ava umetanje TF kartice radi pro\u0161irenja kapaciteta skladi\u0161tenja. \u2022 Ugra\u0111eni modul grijanja podr\u017eava rad na vrlo niskim temperaturama. \u2022 Metalno ku\u0107i\u0161te. \u2022 Podr\u017eava konfiguraciju serije. \u2022 Podr\u017eava\u2026","rel":"","context":"Srodne objave","img":{"alt_text":"","src":"https:\/\/i2.wp.com\/astehshop.com\/wp-content\/uploads\/2024\/12\/OEU-202S-HMK2.jpg?fit=510%2C348&resize=350%2C200","width":350,"height":200},"classes":[]},{"id":9801,"url":"http:\/\/astehshop.com\/index.php\/product\/uniview-unv-interfon-sa-4-poziva-poe-oeu-202s-hmk4\/","url_meta":{"origin":9797,"position":1},"title":"UniView UNV interfon sa 4 poziva POE OEU-202S-HMK4","date":"15. prosinca 2024.","format":false,"excerpt":"\u2022 Opciona kutija za udubljenje za monta\u017eu na udubljenje. \u2022 Podr\u017eava izlaznu snagu, koja se mo\u017ee omogu\u0107iti ili onemogu\u0107iti na web interfejsu. \u2022 Omogu\u0107ava umetanje TF kartice radi pro\u0161irenja kapaciteta skladi\u0161tenja. \u2022 Ugra\u0111eni modul grijanja podr\u017eava rad na vrlo niskim temperaturama. \u2022 Metalno ku\u0107i\u0161te. \u2022 Podr\u017eava konfiguraciju serije. \u2022 Podr\u017eava\u2026","rel":"","context":"Srodne objave","img":{"alt_text":"","src":"https:\/\/i2.wp.com\/astehshop.com\/wp-content\/uploads\/2024\/12\/OEU-202S-HMK4.jpg?fit=510%2C348&resize=350%2C200","width":350,"height":200},"classes":[]},{"id":11899,"url":"http:\/\/astehshop.com\/index.php\/product\/cloud-upravljivi-unv-uniview-poe-switch-gigabitni-16-portni-nsw3000-17gt1gp1gc-poe-in\/","url_meta":{"origin":9797,"position":2},"title":"Cloud upravljivi UNV UniView POE switch gigabitni 16 portni NSW3000-17GT1GP1GC-POE-IN","date":"31. listopada 2025.","format":false,"excerpt":"\u2022 Podr\u017eava objedinjenu konfiguraciju, upravljanje i pretra\u017eivanje na softveru, \u0161to je prakti\u010dno za brzi rad i odr\u017eavanje vi\u0161e ure\u0111aja; podr\u017eava automatsko otkrivanje povezanih video ure\u0111aja i generiranje mre\u017ene topologije na softveru. \u2022 Podr\u017eava web prijavu i konfiguraciju i upravljanje ure\u0111ajima na web su\u010delju. \u2022 Podr\u017eava posjetu oblaku skeniranjem QR koda.\u2026","rel":"","context":"Srodne objave","img":{"alt_text":"","src":"https:\/\/i2.wp.com\/astehshop.com\/wp-content\/uploads\/2025\/10\/NSW3000-17GT1GP1GC-POE-IN.png?fit=600%2C338&resize=350%2C200","width":350,"height":200},"classes":[]},{"id":8561,"url":"http:\/\/astehshop.com\/index.php\/product\/unv-mrezni-snimac-64-kanala-nvr308-64x\/","url_meta":{"origin":9797,"position":3},"title":"UNV mre\u017eni snima\u010d 64 kanala NVR308-64X","date":"10. studenoga 2023.","format":false,"excerpt":"Podr\u017eava Ultra H.265\/H.265\/H.264 video formate 16\/32\/64-kanalni ulaz Podr\u017eava glavne kamere ONVIF uskla\u0111enosti (profil S, profil G, profil T) i RTSP protokole Podr\u017eava 2-kanalni HDMI, 1-kanalni VGA. HDMI1 i HDMI2 do 4K (3840x2160) rezolucije HDMI1, HDMI2, VGA nezavisni izlazi Snimanje rezolucije do 12 megapiksela Podr\u017eava RAID 0, 1, 5, 6, 10\u2026","rel":"","context":"Srodne objave","img":{"alt_text":"","src":"https:\/\/i0.wp.com\/astehshop.com\/wp-content\/uploads\/2023\/11\/NVR308-64X.jpg?fit=510%2C348&resize=350%2C200","width":350,"height":200},"classes":[]},{"id":8553,"url":"http:\/\/astehshop.com\/index.php\/product\/unv-16-kanalni-mrezni-snimac-nvr302-16e2-iq\/","url_meta":{"origin":9797,"position":4},"title":"UNV 16 kanalni mre\u017eni snima\u010d NVR302-16E2-IQ","date":"10. studenoga 2023.","format":false,"excerpt":"Podr\u017eava Ultra H.265\/H.265\/H.264 video formate 9\/16\/32-kanalni ulaz Podr\u017eava glavne kamere ONVIF uskla\u0111enosti (profil S, profil G, profil T) i RTSP protokole Podr\u017eava 1-kanalni HDMI, 1-kanalni VGA. HDMI do 4K (3840x2160) rezolucije Podr\u017eava HDMI i VGA simultani izlaz Snimanje rezolucije do 12 megapiksela 2 SATA HDD-a, do 8TB za svaki HDD\u2026","rel":"","context":"Srodne objave","img":{"alt_text":"","src":"https:\/\/i2.wp.com\/astehshop.com\/wp-content\/uploads\/2023\/11\/NVR302-16E2-IQ.jpg?fit=510%2C348&resize=350%2C200","width":350,"height":200},"classes":[]},{"id":8557,"url":"http:\/\/astehshop.com\/index.php\/product\/unv-32-kanalni-mrezni-snimac-nvr304-32e2\/","url_meta":{"origin":9797,"position":5},"title":"UNV 32 kanalni mre\u017eni snima\u010d NVR304-32E2","date":"10. studenoga 2023.","format":false,"excerpt":"Podr\u017eava Ultra H.265\/H.265\/H.264 video formate 16\/32-kanalni ulaz Podr\u017eava glavne kamere ONVIF uskla\u0111enosti (profil S, profil G, profil T) i RTSP protokole Podr\u017eava 1-kanalni HDMI, 1-kanalni VGA. HDMI do 4K (3840x2160) rezolucije Obezbe\u0111eni HDMI i VGA nezavisni izlazi Snimanje rezolucije do 12 megapiksela 4 SATA HDD-a, do 8TB za svaki HDD\u2026","rel":"","context":"Srodne objave","img":{"alt_text":"","src":"https:\/\/i2.wp.com\/astehshop.com\/wp-content\/uploads\/2023\/11\/NVR304-32E2.jpg?fit=510%2C348&resize=350%2C200","width":350,"height":200},"classes":[]}],"_links":{"self":[{"href":"http:\/\/astehshop.com\/index.php\/wp-json\/wp\/v2\/product\/9797"}],"collection":[{"href":"http:\/\/astehshop.com\/index.php\/wp-json\/wp\/v2\/product"}],"about":[{"href":"http:\/\/astehshop.com\/index.php\/wp-json\/wp\/v2\/types\/product"}],"replies":[{"embeddable":true,"href":"http:\/\/astehshop.com\/index.php\/wp-json\/wp\/v2\/comments?post=9797"}],"wp:featuredmedia":[{"embeddable":true,"href":"http:\/\/astehshop.com\/index.php\/wp-json\/wp\/v2\/media\/9798"}],"wp:attachment":[{"href":"http:\/\/astehshop.com\/index.php\/wp-json\/wp\/v2\/media?parent=9797"}],"wp:term":[{"taxonomy":"product_cat","embeddable":true,"href":"http:\/\/astehshop.com\/index.php\/wp-json\/wp\/v2\/product_cat?post=9797"},{"taxonomy":"product_tag","embeddable":true,"href":"http:\/\/astehshop.com\/index.php\/wp-json\/wp\/v2\/product_tag?post=9797"}],"curies":[{"name":"wp","href":"https:\/\/api.w.org\/{rel}","templated":true}]}}