{"id":9785,"date":"2024-12-02T19:43:20","date_gmt":"2024-12-02T18:43:20","guid":{"rendered":"http:\/\/astehshop.com\/?post_type=product&#038;p=9785"},"modified":"2026-02-28T16:20:19","modified_gmt":"2026-02-28T15:20:19","slug":"imou-ipc-s6dp-5m0web-e27-sijalica-5-mpx-wifi-kamera","status":"publish","type":"product","link":"http:\/\/astehshop.com\/index.php\/product\/imou-ipc-s6dp-5m0web-e27-sijalica-5-mpx-wifi-kamera\/","title":{"rendered":"Imou IPC-S6DP-5M0WEB-E27  sijalica 5 MPX wifi Kamera"},"content":{"rendered":"<p>Bulb Cam pru\u017ea pra\u0107enje u\u017eivo od 5MP sa izborom opcije so\u010diva od 2,8mm, sa funkcijama 0~340\u00b0pan &amp; 0~90\u00b0tilt, Bulb Cam 5MP osigurava da svaki kutak va\u0161eg doma bude potpuno pokriven. Podr\u017eava no\u0107ni vid u punoj boji za jasno\u0107u kao dan \u010dak i u potpunom mraku. Na\u010din ugradnje navojnog nosa\u010da vam donosi veliku pogodnost. Sa sigurnosnom sirenom, Bulb Cam 5 MP aktivno dr\u017ei nepo\u017eeljne posjetitelje podalje od onoga do \u010dega vam je stalo.<\/p>\n<iframe  id=\"_ytid_54339\"  width=\"480\" height=\"270\"  data-origwidth=\"480\" data-origheight=\"270\"  src=\"https:\/\/www.youtube.com\/embed\/xKyFZ_euzKw?enablejsapi=1&autoplay=0&cc_load_policy=0&cc_lang_pref=&iv_load_policy=1&loop=0&modestbranding=0&rel=1&fs=1&playsinline=0&autohide=2&theme=dark&color=red&controls=1&\" class=\"__youtube_prefs__  no-lazyload\" title=\"YouTube player\"  allow=\"autoplay; encrypted-media\" allowfullscreen data-no-lazy=\"1\" data-skipgform_ajax_framebjll=\"\"><\/iframe>\n","protected":false},"excerpt":{"rendered":"<p>Bulb Cam pru\u017ea pra\u0107enje u\u017eivo od 5MP sa izborom opcije so\u010diva od 2,8mm, sa funkcijama 0~340\u00b0pan &amp; 0~90\u00b0tilt, Bulb Cam 5MP osigurava da svaki kutak va\u0161eg doma bude potpuno pokriven. Podr\u017eava no\u0107ni vid u punoj boji za jasno\u0107u kao dan \u010dak i u potpunom mraku. Na\u010din ugradnje navojnog nosa\u010da vam donosi veliku pogodnost. Sa sigurnosnom sirenom, Bulb Cam 5 MP aktivno dr\u017ei nepo\u017eeljne posjetitelje podalje od onoga do \u010dega vam je stalo.<\/p>\n[embedyt] https:\/\/www.youtube.com\/watch?v=xKyFZ_euzKw[\/embedyt]\n","protected":false},"featured_media":9786,"comment_status":"open","ping_status":"closed","template":"","meta":{"_mi_skip_tracking":false,"_exactmetrics_sitenote_active":false,"_exactmetrics_sitenote_note":"","_exactmetrics_sitenote_category":0,"spay_email":""},"product_cat":[135],"product_tag":[435,2895,7479,7480,6979,471,7481,4880,1183],"brands":[{"id":2045,"name":"Dahua","slug":"dahua"}],"df_price":139,"df_sale_price":"","df_regular_price":139,"df_image_link":"https:\/\/i0.wp.com\/astehshop.com\/wp-content\/uploads\/2024\/12\/IPC-S6DP-5M0WEB-E27.jpg?fit=450%2C450","jetpack_publicize_connections":[],"jetpack_sharing_enabled":true,"jetpack_likes_enabled":true,"jetpack-related-posts":[{"id":9426,"url":"http:\/\/astehshop.com\/index.php\/product\/imou-wifi-kamera-cruiser-2-ipc-gs7ep-5mowe\/","url_meta":{"origin":9785,"position":0},"title":"Imou wifi kamera Cruiser 2 ipc-gs7ep-5mowe","date":"23. lipnja 2024.","format":false,"excerpt":"Cruiser pru\u017ea pra\u0107enje u\u017eivo od 5MP sa izborom 3,6mm objektiva, sa 5MP 3K pra\u0107enjem u\u017eivo i 0~340\u00b0 pan & 0~90\u00b0tilt funkcijama, Cruiser 2 5MP osigurava da svaki kutak va\u0161eg doma bude potpuno pokriven. Podr\u017eava \u010detiri re\u017eima no\u0107nog vida za jasno\u0107u poput dana \u010dak i u mrklom mraku. Sa IP66 certifikatom,\u2026","rel":"","context":"Srodne objave","img":{"alt_text":"","src":"https:\/\/i0.wp.com\/astehshop.com\/wp-content\/uploads\/2024\/06\/52875_camera_ngoai_troi_ip_wifi_imou_ipc_gs7ep_5m0we_5mp_406f91045c8245b38982b4bf2a11ad65_master.jpg?fit=600%2C600&resize=350%2C200","width":350,"height":200},"classes":[]},{"id":7546,"url":"http:\/\/astehshop.com\/index.php\/product\/dahua-imou-cruiser-4-mpx-ipc-s42fp-roto-full-color-kamera\/","url_meta":{"origin":9785,"position":1},"title":"Dahua Imou Cruiser 4 MPX IPC-S42FP roto FULL color kamera + gratis 64 GB kartica","date":"2. travnja 2023.","format":false,"excerpt":"Imou Cruiser 4 MPX Slika u boji uvijek ako to \u017eelite pra\u0107enje detekcija ljudi dvosmjerna komunikacija sirena dupla antena 8 x digitalni zum Snimanje na mikro sd karticu ili na cloud Pri\u010dajte sa va\u0161om djecom ma gdje da se nalazite Cruiser 4MP pru\u017ea pra\u0107enje u\u017eivo od 4MP sa izborom opcije\u2026","rel":"","context":"Srodne objave","img":{"alt_text":"","src":"https:\/\/i1.wp.com\/astehshop.com\/wp-content\/uploads\/2023\/04\/cruiser-4-mpx-sa-gratis-memorijskom-1.jpg?fit=669%2C629&resize=350%2C200","width":350,"height":200},"classes":[]},{"id":8303,"url":"http:\/\/astehshop.com\/index.php\/product\/ipc-c22fp-c-versa\/","url_meta":{"origin":9785,"position":2},"title":"IPC-C22FP-C (Versa)","date":"19. listopada 2023.","format":false,"excerpt":"Versa pru\u017ea pra\u0107enje u\u017eivo od 2MP sa objektivom visokih performansi od 2,8 mm F1.6, podr\u017eava \u010detiri re\u017eima no\u0107nog vida za jasno\u0107u kao dan \u010dak i u mrklom mraku. Sa IP65 sertifikovanim ku\u0107i\u0161tem, kamera se mo\u017ee koristiti na otvorenom u razli\u010ditim vremenskim uslovima. Sa sigurnosnom sirenom od 120dB, Versa aktivno dr\u017ei\u2026","rel":"","context":"Srodne objave","img":{"alt_text":"","src":"https:\/\/i2.wp.com\/astehshop.com\/wp-content\/uploads\/2023\/10\/IPC-C22FP-C.jpg?fit=1200%2C1167&resize=350%2C200","width":350,"height":200},"classes":[]},{"id":9968,"url":"http:\/\/astehshop.com\/index.php\/product\/ipc-k7fp-5h0we-wifi-roto-kamera-imou\/","url_meta":{"origin":9785,"position":3},"title":"IPC-K7FP-5H0WE WIFI roto kamera IMOU","date":"16. o\u017eujka 2025.","format":false,"excerpt":"IMOU Cruiser SC 5MP IPC-K7FP-5H0WE-EU je napredna IP kamera dizajnirana za sigurnosni nadzor unutra\u0161njih i vanjskih prostora. Sa rezolucijom od 5MP (2880x1620) i 3.6mm fiksnim objektivom, omogu\u0107ava visoku jasno\u0107u slike i \u0161iroki ugao gledanja.Kamera je opremljena inteligentnim funkcijama kao \u0161to su detekcija ljudi, pametan no\u0107ni vid u \u010detiri moda, AI\u2026","rel":"","context":"Srodne objave","img":{"alt_text":"","src":"https:\/\/i0.wp.com\/astehshop.com\/wp-content\/uploads\/2025\/03\/IPC-K7FP-5H0WE-WIFI-roto-kamera-IMOU-1.jpg?fit=1200%2C1200&resize=350%2C200","width":350,"height":200},"classes":[]},{"id":9962,"url":"http:\/\/astehshop.com\/index.php\/product\/ipc-s7cp-5m0we-wifi-roto-kamera-imou\/","url_meta":{"origin":9785,"position":4},"title":"IPC-S7CP-5M0WE WIFI roto kamera IMOU","date":"16. o\u017eujka 2025.","format":false,"excerpt":"Najnovije iz bogate Imou ponude, Cruiser 2C pru\u017ea 5MP pra\u0107enje u\u017eivo uz pan pomicanje 0~355\u00b0 i nagib od 0~90\u00b0. Ova rotacijska kamera osigurava svaki kutak va\u0161eg doma. Podr\u017eava \u010detiri na\u010dina no\u0107nog vida za jasno\u0107u kao danju, \u010dak i u mrklom mraku. Zahvaljuju\u0107i IP66 certifikatu, kamera se mo\u017ee koristiti na otvorenom\u2026","rel":"","context":"Srodne objave","img":{"alt_text":"","src":"https:\/\/i1.wp.com\/astehshop.com\/wp-content\/uploads\/2025\/03\/IPC-S7CP-5M0WE-1.png?fit=450%2C450&resize=350%2C200","width":350,"height":200},"classes":[]},{"id":8474,"url":"http:\/\/astehshop.com\/index.php\/product\/imou-db60-bezicno-zvono-komplet-set-video-interfon\/","url_meta":{"origin":9785,"position":5},"title":"IMOU DB60 be\u017ei\u010dno zvono komplet set video interfon","date":"26. listopada 2023.","format":false,"excerpt":"Detaljni opis DB60 Kit nudi 5MP nadzor u\u017eivo sa 5M senzorom. Baterija od 6200 mAh osigurava da zvono traje do 6 mjeseci. DB60 mo\u017ee uhvatiti vi\u0161e detalja s objektivom riblje oko od 164\u00b0. Podr\u017eava na\u010din no\u0107nog vida za jasno\u0107u dnevnog svjetla \u010dak i u mrklom mraku. Zahvaljuju\u0107i IP65 certifikatu, zvono\u2026","rel":"","context":"Srodne objave","img":{"alt_text":"","src":"https:\/\/i0.wp.com\/astehshop.com\/wp-content\/uploads\/2023\/10\/zestaw_dzwonek_imou_doorbell_kita_db60ds21_93a5c2f7742ba.jpg?fit=836%2C728&resize=350%2C200","width":350,"height":200},"classes":[]}],"_links":{"self":[{"href":"http:\/\/astehshop.com\/index.php\/wp-json\/wp\/v2\/product\/9785"}],"collection":[{"href":"http:\/\/astehshop.com\/index.php\/wp-json\/wp\/v2\/product"}],"about":[{"href":"http:\/\/astehshop.com\/index.php\/wp-json\/wp\/v2\/types\/product"}],"replies":[{"embeddable":true,"href":"http:\/\/astehshop.com\/index.php\/wp-json\/wp\/v2\/comments?post=9785"}],"wp:featuredmedia":[{"embeddable":true,"href":"http:\/\/astehshop.com\/index.php\/wp-json\/wp\/v2\/media\/9786"}],"wp:attachment":[{"href":"http:\/\/astehshop.com\/index.php\/wp-json\/wp\/v2\/media?parent=9785"}],"wp:term":[{"taxonomy":"product_cat","embeddable":true,"href":"http:\/\/astehshop.com\/index.php\/wp-json\/wp\/v2\/product_cat?post=9785"},{"taxonomy":"product_tag","embeddable":true,"href":"http:\/\/astehshop.com\/index.php\/wp-json\/wp\/v2\/product_tag?post=9785"}],"curies":[{"name":"wp","href":"https:\/\/api.w.org\/{rel}","templated":true}]}}