{"id":9748,"date":"2024-11-24T17:52:50","date_gmt":"2024-11-24T16:52:50","guid":{"rendered":"http:\/\/astehshop.com\/?post_type=product&#038;p=9748"},"modified":"2025-10-05T08:44:04","modified_gmt":"2025-10-05T06:44:04","slug":"dahua-arc3008c-zicana-alarmna-centrala","status":"publish","type":"product","link":"http:\/\/astehshop.com\/index.php\/product\/dahua-arc3008c-zicana-alarmna-centrala\/","title":{"rendered":"Dahua ARC3008C \u017ei\u010dana alarmna centrala"},"content":{"rendered":"<p>Supports more than 11 zone types.<br \/>\n\u00b7 7 sorts of zone terminations, including closed-circuit (NC), open-circuit<br \/>\n(NO), end-of-line (EOL) resistors, double end-of-line (DEOL) resistors,<br \/>\ntriple end-of-line (3DEOL) resistors, inertial type for vibration detector<br \/>\nand pulse type for roller shutter.<br \/>\n\u00b7 Configurable zone resistance (2K7, 4K7, and 6K8).<br \/>\n\u00b7 GSM\/GPRS\/LTE network ports for events SMS reporting and remote<br \/>\ncontrol, events vocal message reporting by dialing and remote control,<br \/>\nand mobile phone app connection ability when Ethernet connection<br \/>\nfailed.<br \/>\n\u00b7 Supports abnormality alarm, including network disconnection alarm,<br \/>\nPSTN fault alarm, tampering alarm, low battery alarm, battery loss<br \/>\nalarm, power loss alarm, and keyboard fault alarm.<br \/>\n\u00b7 In-field firmware upgradable<\/p>\n","protected":false},"excerpt":{"rendered":"<p>Supports more than 11 zone types.<br \/>\n\u00b7 7 sorts of zone terminations, including closed-circuit (NC), open-circuit<br \/>\n(NO), end-of-line (EOL) resistors, double end-of-line (DEOL) resistors,<br \/>\ntriple end-of-line (3DEOL) resistors, inertial type for vibration detector<br \/>\nand pulse type for roller shutter.<br \/>\n\u00b7 Configurable zone resistance (2K7, 4K7, and 6K8).<br \/>\n\u00b7 GSM\/GPRS\/LTE network ports for events SMS reporting and remote<br \/>\ncontrol, events vocal message reporting by dialing and remote control,<br \/>\nand mobile phone app connection ability when Ethernet connection<br \/>\nfailed.<br \/>\n\u00b7 Supports abnormality alarm, including network disconnection alarm,<br \/>\nPSTN fault alarm, tampering alarm, low battery alarm, battery loss<br \/>\nalarm, power loss alarm, and keyboard fault alarm.<br \/>\n\u00b7 In-field firmware upgradable<\/p>\n","protected":false},"featured_media":9749,"comment_status":"open","ping_status":"closed","template":"","meta":{"_mi_skip_tracking":false,"_exactmetrics_sitenote_active":false,"_exactmetrics_sitenote_note":"","_exactmetrics_sitenote_category":0,"spay_email":""},"product_cat":[142],"product_tag":[7462,5540,7463],"brands":[{"id":2045,"name":"Dahua","slug":"dahua"}],"df_price":566,"df_sale_price":"","df_regular_price":566,"df_image_link":"https:\/\/i1.wp.com\/astehshop.com\/wp-content\/uploads\/2024\/11\/ARC3008C.png?fit=400%2C400","jetpack_publicize_connections":[],"jetpack_sharing_enabled":true,"jetpack_likes_enabled":true,"jetpack-related-posts":[{"id":6124,"url":"http:\/\/astehshop.com\/index.php\/product\/bezicna-unutrasnja-sirena-hikvision-ax-pro-ds-ps1-i-we\/","url_meta":{"origin":9748,"position":0},"title":"Be\u017ei\u010dna unutra\u0161nja sirena HikVision AX PRO DS-PS1-I-WE","date":"1. travnja 2022.","format":false,"excerpt":"868 MHz two-way wireless communication Configurable arming\/disarming prompt sound and LED indicator 3 years battery life span (triggered every two weeks and alerting 90 s for each triggering) AES-128 encryption Front and rear panel tamper-proof 3 kinds of alarm sounds: fire alarm, panic alarm, and intrusion alarm Buzzer Decibel: 90\u2026","rel":"","context":"Srodne objave","img":{"alt_text":"","src":"https:\/\/i0.wp.com\/astehshop.com\/wp-content\/uploads\/2022\/04\/DS-PS1-I-WE.jpg?fit=1000%2C1000&resize=350%2C200","width":350,"height":200},"classes":[]},{"id":5473,"url":"http:\/\/astehshop.com\/index.php\/product\/dahua-full-color-ip-kamera-5-mpx-ipc-hfw3549t1-as-pv\/","url_meta":{"origin":9748,"position":1},"title":"Dahua Full Color IP kamera 5 MPX ipc-hfw3549t1-as-pv","date":"16. listopada 2021.","format":false,"excerpt":"IPC-HFW3549T1-AS-PV 5MP Full-color Active Deterrence Fixed-focal Bullet WizSense Network Camera > 5MP, 1\/2.7\u201d CMOS image sensor, low illuminance, high image definition > Outputs max. 5MP (2592 \u00d7 1944) @20 fps, and supports 4MP (2688 \u00d7 1520) @25\/30 fps > H.265 codec, high compression rate, low bit rate > Built-in warm\u2026","rel":"","context":"Srodne objave","img":{"alt_text":"","src":"https:\/\/i2.wp.com\/astehshop.com\/wp-content\/uploads\/2021\/10\/IPC-HFW3549T1-AS-PV0-0.png?fit=400%2C400&resize=350%2C200","width":350,"height":200},"classes":[]},{"id":5782,"url":"http:\/\/astehshop.com\/index.php\/product\/jablotron-ja-14kr-centrala-bezicna-i-bus\/","url_meta":{"origin":9748,"position":2},"title":"Jablotron JA-14KR centrala be\u017ei\u010dna i BUS","date":"9. sije\u010dnja 2022.","format":false,"excerpt":"JA-14KR centrala za moderan be\u017ei\u010dni protivprovalni, protivpo\u017earni, protivpoplavni sistem * Kontrola preko cloud-a: aplikacija, ra\u010dunarr ili tastatura * Memorija za do7 miliona doga\u0111aja (interno i na serveru) * Auto-dijagnostika, prikaz baterija i radio signala (opciono i GSM) * LAN konekcija * Frekvencija: ISM 868,1 MHz * do 32 be\u017ei\u010dne ili\u2026","rel":"","context":"Srodne objave","img":{"alt_text":"","src":"https:\/\/i1.wp.com\/astehshop.com\/wp-content\/uploads\/2022\/01\/JA-14KR-centrala.jpg?fit=600%2C600&resize=350%2C200","width":350,"height":200},"classes":[]},{"id":4916,"url":"http:\/\/astehshop.com\/index.php\/product\/5-mpx-ip-kamera-tvt-td-9555a3-pa\/","url_meta":{"origin":9748,"position":3},"title":"5 MPX IP kamera TVT td-9555a3-pa","date":"11. listopada 2020.","format":false,"excerpt":"5 \u041cPixel Smart H.265\/H.265+\/H.265\/ Smart H.264+\/H.264\/MJPEG. DAY\/NIGHT IP kamera. Podr\u017eane rezolucije 5Mp (2592x1944)\/ 4Mp(2592x1520), 2K(2560x1440), 3Mp(2304x1296), 1080P(1920x1080) 720P(1280x720), D1, CIF ,480x240. 1\/2.7\u201d CMOS Senzor, OS05A20+3516DV300. Electronic shutter 1\/25s \u2013 1\/100000s. Minimalna osvjetljenost 0,008 lux@F1.4, AGC ON; 0 lux sa IR; 0,0045lux@F1.2, AGC ON; 0 lux sa IR. Smart LED 30-50m.\u2026","rel":"","context":"Srodne objave","img":{"alt_text":"","src":"https:\/\/i1.wp.com\/astehshop.com\/wp-content\/uploads\/2020\/10\/td-9555a3-pa.jpg?fit=400%2C310&resize=350%2C200","width":350,"height":200},"classes":[]},{"id":4918,"url":"http:\/\/astehshop.com\/index.php\/product\/5-mpx-ip-kamera-tvt-td-9452a3-pa\/","url_meta":{"origin":9748,"position":4},"title":"5 MPX IP kamera TVT TD-9452A3-PA","date":"11. listopada 2020.","format":false,"excerpt":"5 \u041cPixel Smart H.265\/H.265+\/H.265\/ Smart H.264+\/H.264\/MJPEG. DAY\/NIGHT IP kamera. Podr\u017eane rezolucije 5Mp (2592x1944)\/ 4Mp(2592x1520), 2K(2560x1440), 3Mp(2304x1296), 1080P(1920x1080) 720P(1280x720), D1, CIF ,480x240. 1\/2.7\u201d CMOS Senzor, OS05A20+3516DV300. Electronic shutter 1\/25s \u2013 1\/100000s. Minimalna osvjetljenost 0,008 lux@F1.4, AGC ON; 0 lux sa IR; 0,0045lux@F1.2, AGC ON; 0 lux sa IR. Smart LED 30-50m.\u2026","rel":"","context":"Srodne objave","img":{"alt_text":"","src":"https:\/\/i2.wp.com\/astehshop.com\/wp-content\/uploads\/2020\/10\/TD9452A3-PA.jpg?fit=400%2C310&resize=350%2C200","width":350,"height":200},"classes":[]},{"id":4925,"url":"http:\/\/astehshop.com\/index.php\/product\/tvt-lpr-kamera-td-9423a3-lr\/","url_meta":{"origin":9748,"position":5},"title":"TVT LPR kamera TD-9423A3-LR","date":"13. listopada 2020.","format":false,"excerpt":"2 \u041cPixel Smart H.265\/H.265+\/H.265\/H.264+\/H.264\/MJPEG. ICR auto switch DAY\/NIGHT IP kamera. HD 1080p (1920\u00d71080)\/30FPS. 1\/2.8\u201d CMOS Starlight Senzor, IMX327+3516DV300. Electronic shutter 1\/25s \u2013 1\/100000s. Minimalna osvetljenost 0,0026lux@F1.2 AGC ON, 0 lux sa IR, 0,005lux@F1.6 AGC ON, 0 lux. sa IR. ABF, Defog. Motorzum, DC \u2013 IRIS. 2.8 \u2013 12mm (H: 103.4\u00b0\u2026","rel":"","context":"Srodne objave","img":{"alt_text":"","src":"https:\/\/i2.wp.com\/astehshop.com\/wp-content\/uploads\/2020\/10\/TD-9423A3-LR.jpg?fit=400%2C310&resize=350%2C200","width":350,"height":200},"classes":[]}],"_links":{"self":[{"href":"http:\/\/astehshop.com\/index.php\/wp-json\/wp\/v2\/product\/9748"}],"collection":[{"href":"http:\/\/astehshop.com\/index.php\/wp-json\/wp\/v2\/product"}],"about":[{"href":"http:\/\/astehshop.com\/index.php\/wp-json\/wp\/v2\/types\/product"}],"replies":[{"embeddable":true,"href":"http:\/\/astehshop.com\/index.php\/wp-json\/wp\/v2\/comments?post=9748"}],"wp:featuredmedia":[{"embeddable":true,"href":"http:\/\/astehshop.com\/index.php\/wp-json\/wp\/v2\/media\/9749"}],"wp:attachment":[{"href":"http:\/\/astehshop.com\/index.php\/wp-json\/wp\/v2\/media?parent=9748"}],"wp:term":[{"taxonomy":"product_cat","embeddable":true,"href":"http:\/\/astehshop.com\/index.php\/wp-json\/wp\/v2\/product_cat?post=9748"},{"taxonomy":"product_tag","embeddable":true,"href":"http:\/\/astehshop.com\/index.php\/wp-json\/wp\/v2\/product_tag?post=9748"}],"curies":[{"name":"wp","href":"https:\/\/api.w.org\/{rel}","templated":true}]}}