{"id":9740,"date":"2024-11-24T17:44:15","date_gmt":"2024-11-24T16:44:15","guid":{"rendered":"http:\/\/astehshop.com\/?post_type=product&#038;p=9740"},"modified":"2024-11-24T17:44:16","modified_gmt":"2024-11-24T16:44:16","slug":"mrezni-kabel-10m-cat6-sl-cat610bl","status":"publish","type":"product","link":"http:\/\/astehshop.com\/index.php\/product\/mrezni-kabel-10m-cat6-sl-cat610bl\/","title":{"rendered":"Mre\u017eni kabel 10m CAT6 SL-CAT610BL"},"content":{"rendered":"<p>Mre\u017eni kabel 10m CAT6 SL-CAT610BL<\/p>\n","protected":false},"excerpt":{"rendered":"<p>Mre\u017eni kabel 10m CAT6 SL-CAT610BL<\/p>\n","protected":false},"featured_media":9741,"comment_status":"open","ping_status":"closed","template":"","meta":{"_mi_skip_tracking":false,"_exactmetrics_sitenote_active":false,"_exactmetrics_sitenote_note":"","_exactmetrics_sitenote_category":0,"spay_email":""},"product_cat":[164],"product_tag":[7459],"brands":[],"df_price":10,"df_sale_price":"","df_regular_price":10,"df_image_link":"https:\/\/i2.wp.com\/astehshop.com\/wp-content\/uploads\/2024\/11\/Mrezni-kabel-10m-CAT6-SL-CAT610BL.jpg?fit=450%2C321","jetpack_publicize_connections":[],"jetpack_sharing_enabled":true,"jetpack_likes_enabled":true,"jetpack-related-posts":[{"id":9736,"url":"http:\/\/astehshop.com\/index.php\/product\/mrezni-kabel-60cm-sl-cat606bk-crni\/","url_meta":{"origin":9740,"position":0},"title":"Mre\u017eni kabel 60cm SL-CAT606BK Crni","date":"24. studenoga 2024.","format":false,"excerpt":"Mre\u017eni kabel 60cm Proizvo\u0111a\u010d: S-Link Model: SL-CAT606BK Boja: Crna Du\u017eina: 60cm Kategorija: CAT 6","rel":"","context":"Srodne objave","img":{"alt_text":"","src":"https:\/\/i1.wp.com\/astehshop.com\/wp-content\/uploads\/2024\/11\/Mrezni-kabel-60cm-SL-CAT606BK-Crni.jpg?fit=1024%2C1024&resize=350%2C200","width":350,"height":200},"classes":[]},{"id":9738,"url":"http:\/\/astehshop.com\/index.php\/product\/s-link-rj-45-cat6-pass-through-konektori-sl-cob26p-100-komada\/","url_meta":{"origin":9740,"position":1},"title":"S-link RJ-45 CAT6 PASS THROUGH konektori SL-COB26P (100 komada)","date":"24. studenoga 2024.","format":false,"excerpt":"S-link RJ-45 CAT6 PASS THROUGH konektori SL-COB26P (100 komada)","rel":"","context":"Srodne objave","img":{"alt_text":"","src":"https:\/\/i2.wp.com\/astehshop.com\/wp-content\/uploads\/2024\/11\/S-link-RJ-45-CAT6-PASS-THROUGH-konektori-SL-COB26P-100-komada.jpg?fit=1024%2C1024&resize=350%2C200","width":350,"height":200},"classes":[]},{"id":5389,"url":"http:\/\/astehshop.com\/index.php\/product\/mrezni-kabal-utp-cat6-305-metara-bunt\/","url_meta":{"origin":9740,"position":2},"title":"Mre\u017eni kabal UTP-CAT6 305 metara bunt","date":"11. listopada 2021.","format":false,"excerpt":"UTP Cat6 lan cable, Conductor: 0.5mm CCA, Boja: Plava, Du\u017eina: 305m\/kutija, Pakovanje: CPU kutija, te\u017eina 9,65 kg","rel":"","context":"Srodne objave","img":{"alt_text":"","src":"https:\/\/i2.wp.com\/astehshop.com\/wp-content\/uploads\/2021\/10\/ccs-cat5e-utp-cable-lszh-outer-sheath.jpg?fit=800%2C800&resize=350%2C200","width":350,"height":200},"classes":[]},{"id":5390,"url":"http:\/\/astehshop.com\/index.php\/product\/mrezni-kabal-ftp-cat6-305-metara\/","url_meta":{"origin":9740,"position":3},"title":"Mre\u017eni kabal FTP-CAT6 305 metara","date":"11. listopada 2021.","format":false,"excerpt":"FTP Cat6 lan cable, Conductor: 0.5mm CCA, Boja: Plava, Du\u017eina: 305m\/kutija, Pakovanje: CPU kutija, te\u017eina: 10,15 kg","rel":"","context":"Srodne objave","img":{"alt_text":"","src":"https:\/\/i2.wp.com\/astehshop.com\/wp-content\/uploads\/2021\/10\/ccs-cat5e-utp-cable-lszh-outer-sheath.jpg?fit=800%2C800&resize=350%2C200","width":350,"height":200},"classes":[]},{"id":9615,"url":"http:\/\/astehshop.com\/index.php\/product\/esu-kabal-cat6-305m-crni\/","url_meta":{"origin":9740,"position":4},"title":"Esu kabal cat6 305M crni","date":"21. studenoga 2024.","format":false,"excerpt":"Esu kabal cat6 305M crni","rel":"","context":"Srodne objave","img":{"alt_text":"","src":"https:\/\/i1.wp.com\/astehshop.com\/wp-content\/uploads\/2024\/11\/esu-kablo.png?fit=532%2C509&resize=350%2C200","width":350,"height":200},"classes":[]},{"id":9613,"url":"http:\/\/astehshop.com\/index.php\/product\/dahua-cat6-kabal-bunt-305-m\/","url_meta":{"origin":9740,"position":5},"title":"Dahua CAT6 kabal bunt 305 M","date":"21. studenoga 2024.","format":false,"excerpt":"Dahua CAT6 kabal bunt 305 M bijela boja","rel":"","context":"Srodne objave","img":{"alt_text":"","src":"https:\/\/i2.wp.com\/astehshop.com\/wp-content\/uploads\/2024\/11\/DAHUA-PFM923I-6UN-C-UTP-KABEL-CAT6-305m_im1.png?fit=800%2C782&resize=350%2C200","width":350,"height":200},"classes":[]}],"_links":{"self":[{"href":"http:\/\/astehshop.com\/index.php\/wp-json\/wp\/v2\/product\/9740"}],"collection":[{"href":"http:\/\/astehshop.com\/index.php\/wp-json\/wp\/v2\/product"}],"about":[{"href":"http:\/\/astehshop.com\/index.php\/wp-json\/wp\/v2\/types\/product"}],"replies":[{"embeddable":true,"href":"http:\/\/astehshop.com\/index.php\/wp-json\/wp\/v2\/comments?post=9740"}],"wp:featuredmedia":[{"embeddable":true,"href":"http:\/\/astehshop.com\/index.php\/wp-json\/wp\/v2\/media\/9741"}],"wp:attachment":[{"href":"http:\/\/astehshop.com\/index.php\/wp-json\/wp\/v2\/media?parent=9740"}],"wp:term":[{"taxonomy":"product_cat","embeddable":true,"href":"http:\/\/astehshop.com\/index.php\/wp-json\/wp\/v2\/product_cat?post=9740"},{"taxonomy":"product_tag","embeddable":true,"href":"http:\/\/astehshop.com\/index.php\/wp-json\/wp\/v2\/product_tag?post=9740"}],"curies":[{"name":"wp","href":"https:\/\/api.w.org\/{rel}","templated":true}]}}