{"id":9725,"date":"2024-11-24T10:49:15","date_gmt":"2024-11-24T09:49:15","guid":{"rendered":"http:\/\/astehshop.com\/?post_type=product&#038;p=9725"},"modified":"2024-11-24T10:49:16","modified_gmt":"2024-11-24T09:49:16","slug":"kupaonska-grijalica-green-tech-2000w-elektricna","status":"publish","type":"product","link":"http:\/\/astehshop.com\/index.php\/product\/kupaonska-grijalica-green-tech-2000w-elektricna\/","title":{"rendered":"Kupaonska grijalica Green Tech 2000W, elektri\u010dna"},"content":{"rendered":"<p>Snaga: 2000 W<br \/>\n2 postavke topline: 1000 W \/ 2000 W<br \/>\nMogu\u0107nost odabira zraka: hladan \/ topao \/ vru\u0107<br \/>\nIP stupanj za\u0161tite: IP23<br \/>\nLED zaslon osjetljiv na dodir<br \/>\nUpravljanje pomo\u0107u daljinskog upravlja\u010da<br \/>\nZa\u0161tita od pregrijavanja<br \/>\nVrsta kontrole: elektroni\u010dko<br \/>\nPovr\u0161ina pokrivanja \/ zagrijavanja: 20 m\u00b2<br \/>\nNapon: AC 220 &#8211; 240 V<br \/>\nNazivna struja osigura\u010da: 16 A<br \/>\nDuljina kabela za napajanje: 1,5 m<br \/>\nTimer: 24h<br \/>\nDje\u010dja za\u0161tita: DA<br \/>\nDr\u017ea\u010d ru\u010dnika<br \/>\nPodesivi termostat<br \/>\nMaterijal: plastika<br \/>\nBoja artikla: bijela + crna<\/p>\n","protected":false},"excerpt":{"rendered":"<p>Snaga: 2000 W<br \/>\n2 postavke topline: 1000 W \/ 2000 W<br \/>\nMogu\u0107nost odabira zraka: hladan \/ topao \/ vru\u0107<br \/>\nIP stupanj za\u0161tite: IP23<br \/>\nLED zaslon osjetljiv na dodir<br \/>\nUpravljanje pomo\u0107u daljinskog upravlja\u010da<br \/>\nZa\u0161tita od pregrijavanja<br \/>\nVrsta kontrole: elektroni\u010dko<br \/>\nPovr\u0161ina pokrivanja \/ zagrijavanja: 20 m\u00b2<br \/>\nNapon: AC 220 &#8211; 240 V<br \/>\nNazivna struja osigura\u010da: 16 A<br \/>\nDuljina kabela za napajanje: 1,5 m<br \/>\nTimer: 24h<br \/>\nDje\u010dja za\u0161tita: DA<br \/>\nDr\u017ea\u010d ru\u010dnika<br \/>\nPodesivi termostat<br \/>\nMaterijal: plastika<br \/>\nBoja artikla: bijela + crna<\/p>\n","protected":false},"featured_media":9726,"comment_status":"open","ping_status":"closed","template":"","meta":{"_mi_skip_tracking":false,"_exactmetrics_sitenote_active":false,"_exactmetrics_sitenote_note":"","_exactmetrics_sitenote_category":0,"spay_email":""},"product_cat":[656],"product_tag":[658,1870,5959,5956,7443,7442],"brands":[],"df_price":99,"df_sale_price":"","df_regular_price":99,"df_image_link":"https:\/\/i1.wp.com\/astehshop.com\/wp-content\/uploads\/2024\/11\/HBH-2005WB_10489.png?fit=450%2C450","jetpack_publicize_connections":[],"jetpack_sharing_enabled":true,"jetpack_likes_enabled":true,"jetpack-related-posts":[{"id":8264,"url":"http:\/\/astehshop.com\/index.php\/product\/kalorifer-grijalica-green-tech-2000w-elektricna\/","url_meta":{"origin":9725,"position":0},"title":"Kalorifer grijalica Green Tech 2000W, elektri\u010dna","date":"24. rujna 2023.","format":false,"excerpt":"Snaga grija\u010da: 2000 W 2 postavke topline: 1000 \/ 2000 W Podesiva kontrola termostata Za\u0161tita od pregrijavanja (automatsko isklju\u010divanje u slu\u010daju pregrijavanja: da, termostat za za\u0161titu od previsoke temperature: da) Indikator napajanja Vrsta kontrole: mehani\u010dka Tajmer: ne Daljinski upravlja\u010d: ne Automatski prekida\u010d: ne Dje\u010dja brava: ne IP stupanj: IP20 Povr\u0161ina\u2026","rel":"","context":"Srodne objave","img":{"alt_text":"","src":"https:\/\/i2.wp.com\/astehshop.com\/wp-content\/uploads\/2023\/09\/HFL-2000_5247.png?fit=800%2C800&resize=350%2C200","width":350,"height":200},"classes":[]},{"id":8266,"url":"http:\/\/astehshop.com\/index.php\/product\/konvektorska-grijalica-green-tech-2000w-elektricna\/","url_meta":{"origin":9725,"position":1},"title":"Konvektorska grijalica Green Tech 2000W, elektri\u010dna","date":"24. rujna 2023.","format":false,"excerpt":"Snaga grija\u010da: 2000 W 2 postavke topline: 1000 \/ 2000 W Podesiva kontrola termostata Za\u0161tita od pregrijavanja (automatsko isklju\u010divanje u slu\u010daju pregrijavanja: da, termostat za za\u0161titu od previsoke temperature: da) Aluminijski grija\u0107i element u obliku slova X Indikator napajanja Vrsta kontrole: mehani\u010dka Tajmer: ne Daljinski upravlja\u010d: ne Automatski prekida\u010d: da\u2026","rel":"","context":"Srodne objave","img":{"alt_text":"","src":"https:\/\/i2.wp.com\/astehshop.com\/wp-content\/uploads\/2023\/09\/HCN-2000_5243.png?fit=1200%2C1074&resize=350%2C200","width":350,"height":200},"classes":[]},{"id":8268,"url":"http:\/\/astehshop.com\/index.php\/product\/konvektorska-grijalica-green-tech-1500w-elektricna\/","url_meta":{"origin":9725,"position":2},"title":"Konvektorska grijalica Green Tech 1500W, elektri\u010dna","date":"24. rujna 2023.","format":false,"excerpt":"Snaga grija\u010da: 1500 W 2 postavke topline: 750 \/ 1500 W Podesiva kontrola termostata Za\u0161tita od pregrijavanja (automatsko isklju\u010divanje u slu\u010daju pregrijavanja: da, termostat za za\u0161titu od previsoke temperature: da) Aluminijski grija\u0107i element u obliku slova X Indikator napajanja Vrsta kontrole: mehani\u010dka Tajmer: ne Daljinski upravlja\u010d: ne Automatski prekida\u010d: da\u2026","rel":"","context":"Srodne objave","img":{"alt_text":"","src":"https:\/\/i2.wp.com\/astehshop.com\/wp-content\/uploads\/2023\/09\/HCN-2000_5243.png?fit=1200%2C1074&resize=350%2C200","width":350,"height":200},"classes":[]},{"id":8269,"url":"http:\/\/astehshop.com\/index.php\/product\/kupatilska-grijalica-green-tech-1200w-kvarcna-elektricna\/","url_meta":{"origin":9725,"position":3},"title":"Kupatilska grijalica Green Tech 1200W, kvarcna, elektri\u010dna","date":"24. rujna 2023.","format":false,"excerpt":"Snaga grija\u010da: 1200 W 2 postavke topline: 600 \/ 1200 W Za\u0161tita od pregrijavanja (automatsko isklju\u010divanje u slu\u010daju pregrijavanja: da, termostat za za\u0161titu od previsoke temperature: da) Vrsta kontrole: mehani\u010dka Na\u010din kontrole: prekida\u010d na povla\u010denje Prikaz postavki snage Tajmer: ne Daljinski upravlja\u010d: ne Automatski prekida\u010d: ne IP stupanj: IP21 Povr\u0161ina\u2026","rel":"","context":"Srodne objave","img":{"alt_text":"","src":"https:\/\/i1.wp.com\/astehshop.com\/wp-content\/uploads\/2023\/09\/HBS-1200_5207.png?fit=1134%2C1030&resize=350%2C200","width":350,"height":200},"classes":[]},{"id":9620,"url":"http:\/\/astehshop.com\/index.php\/product\/kamin-elektricni-2000w\/","url_meta":{"origin":9725,"position":4},"title":"Kamin, elektri\u010dni, 2000W","date":"21. studenoga 2024.","format":false,"excerpt":"U ovom elektri\u010dnom kaminu moderni dizajnerski trendovi skladno se isprepli\u0107u s jedinstvenim autorskim stilom. Zrcalna prednja plo\u010da trendovski je naglasak koji izgleda luksuzno u svakom interijeru, a zahvaljuju\u0107i ukrasnom gorivu - \"kamenju\" - posti\u017ee se maksimalna razina udobnosti. Dvije razine toplinske snage stvorit \u0107e za vas optimalnu klimu. Kamin je\u2026","rel":"","context":"Srodne objave","img":{"alt_text":"","src":"https:\/\/i1.wp.com\/astehshop.com\/wp-content\/uploads\/2024\/11\/el-kamin.png?fit=1200%2C1103&resize=350%2C200","width":350,"height":200},"classes":[]},{"id":11762,"url":"http:\/\/astehshop.com\/index.php\/product\/kamin-elektricni-2000w-2\/","url_meta":{"origin":9725,"position":5},"title":"Kamin, elektri\u010dni, 2000W","date":"28. rujna 2025.","format":false,"excerpt":"U ovom elektri\u010dnom kaminu moderni dizajnerski trendovi skladno se isprepli\u0107u s jedinstvenim autorskim stilom. Zrcalna prednja plo\u010da trendovski je naglasak koji izgleda luksuzno u svakom interijeru, a zahvaljuju\u0107i ukrasnom gorivu - \"kamenju\" - posti\u017ee se maksimalna razina udobnosti. Dvije razine toplinske snage stvorit \u0107e za vas optimalnu klimu. Kamin je\u2026","rel":"","context":"Srodne objave","img":{"alt_text":"","src":"https:\/\/i2.wp.com\/astehshop.com\/wp-content\/uploads\/2025\/09\/Kamin-elektricni-2000W.png?fit=1200%2C1097&resize=350%2C200","width":350,"height":200},"classes":[]}],"_links":{"self":[{"href":"http:\/\/astehshop.com\/index.php\/wp-json\/wp\/v2\/product\/9725"}],"collection":[{"href":"http:\/\/astehshop.com\/index.php\/wp-json\/wp\/v2\/product"}],"about":[{"href":"http:\/\/astehshop.com\/index.php\/wp-json\/wp\/v2\/types\/product"}],"replies":[{"embeddable":true,"href":"http:\/\/astehshop.com\/index.php\/wp-json\/wp\/v2\/comments?post=9725"}],"wp:featuredmedia":[{"embeddable":true,"href":"http:\/\/astehshop.com\/index.php\/wp-json\/wp\/v2\/media\/9726"}],"wp:attachment":[{"href":"http:\/\/astehshop.com\/index.php\/wp-json\/wp\/v2\/media?parent=9725"}],"wp:term":[{"taxonomy":"product_cat","embeddable":true,"href":"http:\/\/astehshop.com\/index.php\/wp-json\/wp\/v2\/product_cat?post=9725"},{"taxonomy":"product_tag","embeddable":true,"href":"http:\/\/astehshop.com\/index.php\/wp-json\/wp\/v2\/product_tag?post=9725"}],"curies":[{"name":"wp","href":"https:\/\/api.w.org\/{rel}","templated":true}]}}