{"id":9617,"date":"2024-11-21T14:27:41","date_gmt":"2024-11-21T13:27:41","guid":{"rendered":"http:\/\/astehshop.com\/?post_type=product&#038;p=9617"},"modified":"2026-01-14T18:46:25","modified_gmt":"2026-01-14T17:46:25","slug":"dahua-smart-interactive-whiteboard-lch65-mc410-b-65","status":"publish","type":"product","link":"http:\/\/astehshop.com\/index.php\/product\/dahua-smart-interactive-whiteboard-lch65-mc410-b-65\/","title":{"rendered":"DAHUA Smart interactive whiteboard LCH65-MC410-B 65&#8243;"},"content":{"rendered":"<p>Ugra\u0111eni Sistem<\/p>\n<p>Operativni Sistem Spoljnog Modula<br \/>\nAndroid 9.0<\/p>\n<p>CPU: \u010cetverojezgarni A55<\/p>\n<p>Frekvencija CPU-a: 1.9 GHz<\/p>\n<p>GPU: Mali-G31 MP2<\/p>\n<p>RAM: 4 GB<\/p>\n<p>ROM: 32 GB<\/p>\n<p>Funkcija<br \/>\nPrimenjivi Operativni Sistemi<br \/>\nWindows 7\/8\/10; Android<\/p>\n<p>WiFi: Dual-band 2.4 GHz\/5 GHz<br \/>\nWi-Fi Hotspot<br \/>\nDual-band 2.4 GHz\/5 GHz; podr\u0161ka za istovremeno omogu\u0107avanje hotspot-a i Wi-Fi-ja<\/p>\n<p>LCD Panel<br \/>\nDimenzije Panela: 65 in\u010da<br \/>\nPozadinsko Osvetljenje: DLED<br \/>\nOdnos Stranica: 16:9<br \/>\nOsvetljenje: 65 in\u010da: 350 cd\/m2<br \/>\nRezolucija: 3840 (\u0160) \u00d7 2160 (V); UI: 1920 (\u0160) \u00d7 1080 (V)<br \/>\nUgao Gledanja: H: 178\u00b0; V: 178\u00b0<br \/>\nRadni Vek: 50,000 sati<br \/>\nOsve\u017eavanje: 60 Hz<br \/>\nStati\u010dki Kontrast: 1200:1<br \/>\nKamera: 5 MP<\/p>\n<p>Automatska Kontrola<br \/>\nAutomatska balans belog<br \/>\nDistorzija: ? 5%<\/p>\n<p>Maks. Rezolucija<br \/>\nAndroid: 1080p@30fps; OPS: 2560 \u00d7 1440@30fps<\/p>\n<p>Polje Gledanja: H:84.5\u00b0; V: 54.0\u00b0; D: 93.1\u00b0<br \/>\nPortovi Ure\u0111aja<\/p>\n<p>Senzor Svjetlosti: 1<\/p>\n<p>Dugme Napred: 1 \u00d7 Dugme za napajanje (desna strana)<\/p>\n<p>Portovi Napred<br \/>\n1 \u00d7 USB 3.0 (leva strana)<br \/>\nMre\u017eni Port<br \/>\n1 \u00d7 RJ-45<br \/>\nWi-Fi: 1 \u00d7 Wi-Fi; 1 \u00d7 hotspot<br \/>\nUSB: 3 \u00d7 USB 3.0; 1 \u00d7 Micro USB<br \/>\nRS-232: 1 \u00d7 RS-232<\/p>\n<p>Video Ulaz<br \/>\n1 \u00d7 HDMI IN<br \/>\nAudio Izlaz<br \/>\n1 \u00d7 3.5 mm (Line out)<\/p>\n<p>Ostalo<\/p>\n<p>1 \u00d7 Touch<\/p>\n<p>IrDA<\/p>\n<p>1<\/p>\n<p>Mikrofon<\/p>\n<p>2<\/p>\n<p>Dodirni Ekran<\/p>\n<p>Tip Tehnologije Dodira<\/p>\n<p>IR tehnologija dodira<\/p>\n<p>Vrijeme Odziva<\/p>\n<p>&lt; 10 ms<\/p>\n<p>Ta\u010dke Dodira<\/p>\n<p>20<\/p>\n<p>Validan Dodir<\/p>\n<p>2 mm<\/p>\n<p>Re\u017eim Pisanja<\/p>\n<p>Prst + Stilus olovka<\/p>\n<p>Rezolucija Dodira<\/p>\n<p>32767 \u00d7 32767<\/p>\n<p>Broj Multi-korisni\u010dkih Ta\u010daka Pisanja<\/p>\n<p>2<\/p>\n<p>Zvu\u010dnik<\/p>\n<p>Snaga<\/p>\n<p>Pun opseg: 2 \u00d7 15 W<\/p>\n<p>Ugra\u0111eni Zvu\u010dnik<\/p>\n<p>2<\/p>\n<p>Mikrofon<\/p>\n<p>Domet Prikupljanja<\/p>\n<p>Prikupljanje zvuka na daljinu: 6 m\u20138 m (19.69 ft\u201326.25 ft)<\/p>\n<p>Broj Mikrofona<\/p>\n<p>2<\/p>\n<p>AGC<\/p>\n<p>Da<\/p>\n<p>Otklanjanje Eha<\/p>\n<p>Da<\/p>\n<p>Polarni Obrazac<\/p>\n<p>Omnidirekcionalni<\/p>\n<p>Inteligentno Filtriranje Buke<\/p>\n<p>DA<\/p>\n<p>Op\u0161te<\/p>\n<p>Napajanje<\/p>\n<p>100\u2013240 VAC, 50 Hz\/60 Hz<\/p>\n<p>Potro\u0161nja Energije<\/p>\n<p>55 in\u010da: 200 W; 65 in\u010da: 250 W; 75 in\u010da: 300 W; 86 in\u010da: 400 W<\/p>\n<p>Radna Temperatura<\/p>\n<p>0 \u00b0C do +40 \u00b0C (32 \u00b0F do +104 \u00b0F)<\/p>\n<p>Temperatura Skladi\u0161tenja<\/p>\n<p>\u201310 \u00b0C do +50 \u00b0C (\u201314 \u00b0F do +122 \u00b0F)<\/p>\n<p>Radna Vla\u017enost<\/p>\n<p>10%\u201390% (RH)<\/p>\n<p>Vla\u017enost Skladi\u0161tenja<\/p>\n<p>10%\u201390% (RH)<\/p>\n<p>Materijal Proizvoda<br \/>\nMetalno ku\u0107i\u0161te<\/p>\n<p>Za\u0161titno Staklo<br \/>\nProtiv-bljesak kaljeno staklo sa tvrdo\u0107om 7 na Mohsovoj skali<\/p>\n<p>Boja Ku\u0107i\u0161ta (Okvir\/Pozadina)<br \/>\nDonji deo: Srebrna; gornji\/levi\/desni deo: crna<\/p>\n<p>Dimenzije Proizvoda<br \/>\n65 in\u010da: 1,485.0 mm \u00d7 86.9 mm \u00d7 924.7 mm (58.46&#8243; \u00d7 3.42&#8243; \u00d7 36.41&#8243;)(\u0160 \u00d7 D \u00d7 V)<\/p>\n<p>Veli\u010dina Okvira<br \/>\nGornji deo: 43.1 mm (1.70&#8243;); levi\/desni: 16.1 mm (0.63&#8243;); donji: 67.8 mm (2.67&#8243;)<\/p>\n<p>Dimenzije Pakovanja<br \/>\n65 in\u010da: 1587 mm \u00d7 235 mm \u00d7 1070 mm (62.48&#8243; \u00d7 9.25&#8243; \u00d7 42.13&#8243;)<\/p>\n<p>Neto Te\u017eina<\/p>\n<p>55 in\u010da: 27.5 kg (60.63 lb)<br \/>\n65 in\u010da: 38 kg (83.80 lb)<br \/>\n75 in\u010da: 54 kg (119.10 lb)<br \/>\n86 in\u010da: 64 kg (141.10 lb)<\/p>\n<p>Bruto Te\u017eina<\/p>\n<p>55 in\u010dna verzija: 32.5 kg (71.65 lb)<br \/>\n65 in\u010dna verzija: 46 kg (101.41 lb)<br \/>\n75 in\u010dna verzija: 65 kg (143.30 lb)<br \/>\n86 in\u010dna verzija: 77 kg (169.76 lb)<\/p>\n<p>Razmak Rupa<\/p>\n<p>55 in\u010dna verzija: 400 mm \u00d7 400 mm (15.75&#8243; \u00d7 15.75&#8243;)<br \/>\n65 in\u010dna verzija: 400 mm \u00d7 500 mm (15.75&#8243; \u00d7 19.69&#8243;)<br \/>\n75 in\u010dna verzija: 400 mm \u00d7 600 mm (15.75&#8243; \u00d7 23.62&#8243;)<br \/>\n86 in\u010dna verzija: 400 mm \u00d7 750 mm (15.75&#8243; \u00d7 29.53&#8243;)<\/p>\n<p>Instalacija<\/p>\n<p>Montiranje na zid, mobilni nosa\u010d<\/p>\n<p>Potro\u0161nja u Stanju Mirovanja<\/p>\n<p>0.5 W<\/p>\n","protected":false},"excerpt":{"rendered":"<p>Ugra\u0111eni Sistem<\/p>\n<p>Operativni Sistem Spoljnog Modula<br \/>\nAndroid 9.0<\/p>\n<p>CPU: \u010cetverojezgarni A55<\/p>\n<p>Frekvencija CPU-a: 1.9 GHz<\/p>\n<p>GPU: Mali-G31 MP2<\/p>\n<p>RAM: 4 GB<\/p>\n<p>ROM: 32 GB<\/p>\n<p>Funkcija<br \/>\nPrimenjivi Operativni Sistemi<br \/>\nWindows 7\/8\/10; Android<\/p>\n<p>WiFi: Dual-band 2.4 GHz\/5 GHz<br \/>\nWi-Fi Hotspot<br \/>\nDual-band 2.4 GHz\/5 GHz; podr\u0161ka za istovremeno omogu\u0107avanje hotspot-a i Wi-Fi-ja<\/p>\n<p>LCD Panel<br \/>\nDimenzije Panela: 65 in\u010da<br \/>\nPozadinsko Osvetljenje: DLED<br \/>\nOdnos Stranica: 16:9<br \/>\nOsvetljenje: 65 in\u010da: 350 cd\/m2<br \/>\nRezolucija: 3840 (\u0160) \u00d7 2160 (V); UI: 1920 (\u0160) \u00d7 1080 (V)<br \/>\nUgao Gledanja: H: 178\u00b0; V: 178\u00b0<br \/>\nRadni Vek: 50,000 sati<br \/>\nOsve\u017eavanje: 60 Hz<br \/>\nStati\u010dki Kontrast: 1200:1<br \/>\nKamera: 5 MP<\/p>\n<p>Automatska Kontrola<br \/>\nAutomatska balans belog<br \/>\nDistorzija: ? 5%<\/p>\n<p>Maks. Rezolucija<br \/>\nAndroid: 1080p@30fps; OPS: 2560 \u00d7 1440@30fps<\/p>\n<p>Polje Gledanja: H:84.5\u00b0; V: 54.0\u00b0; D: 93.1\u00b0<br \/>\nPortovi Ure\u0111aja<\/p>\n<p>Senzor Svjetlosti: 1<\/p>\n<p>Dugme Napred: 1 \u00d7 Dugme za napajanje (desna strana)<\/p>\n<p>Portovi Napred<br \/>\n1 \u00d7 USB 3.0 (leva strana)<br \/>\nMre\u017eni Port<br \/>\n1 \u00d7 RJ-45<br \/>\nWi-Fi: 1 \u00d7 Wi-Fi; 1 \u00d7 hotspot<br \/>\nUSB: 3 \u00d7 USB 3.0; 1 \u00d7 Micro USB<br \/>\nRS-232: 1 \u00d7 RS-232<\/p>\n<p>Video Ulaz<br \/>\n1 \u00d7 HDMI IN<br \/>\nAudio Izlaz<br \/>\n1 \u00d7 3.5 mm (Line out)<\/p>\n<p>Ostalo<\/p>\n<p>1 \u00d7 Touch<\/p>\n<p>IrDA<\/p>\n<p>1<\/p>\n<p>Mikrofon<\/p>\n<p>2<\/p>\n<p>Dodirni Ekran<\/p>\n<p>Tip Tehnologije Dodira<\/p>\n<p>IR tehnologija dodira<\/p>\n<p>Vrijeme Odziva<\/p>\n<p>&lt; 10 ms<\/p>\n<p>Ta\u010dke Dodira<\/p>\n<p>20<\/p>\n<p>Validan Dodir<\/p>\n<p>2 mm<\/p>\n<p>Re\u017eim Pisanja<\/p>\n<p>Prst + Stilus olovka<\/p>\n<p>Rezolucija Dodira<\/p>\n<p>32767 \u00d7 32767<\/p>\n<p>Broj Multi-korisni\u010dkih Ta\u010daka Pisanja<\/p>\n<p>2<\/p>\n<p>Zvu\u010dnik<\/p>\n<p>Snaga<\/p>\n<p>Pun opseg: 2 \u00d7 15 W<\/p>\n<p>Ugra\u0111eni Zvu\u010dnik<\/p>\n<p>2<\/p>\n<p>Mikrofon<\/p>\n<p>Domet Prikupljanja<\/p>\n<p>Prikupljanje zvuka na daljinu: 6 m\u20138 m (19.69 ft\u201326.25 ft)<\/p>\n<p>Broj Mikrofona<\/p>\n<p>2<\/p>\n<p>AGC<\/p>\n<p>Da<\/p>\n<p>Otklanjanje Eha<\/p>\n<p>Da<\/p>\n<p>Polarni Obrazac<\/p>\n<p>Omnidirekcionalni<\/p>\n<p>Inteligentno Filtriranje Buke<\/p>\n<p>DA<\/p>\n<p>Op\u0161te<\/p>\n<p>Napajanje<\/p>\n<p>100\u2013240 VAC, 50 Hz\/60 Hz<\/p>\n<p>Potro\u0161nja Energije<\/p>\n<p>55 in\u010da: 200 W; 65 in\u010da: 250 W; 75 in\u010da: 300 W; 86 in\u010da: 400 W<\/p>\n<p>Radna Temperatura<\/p>\n<p>0 \u00b0C do +40 \u00b0C (32 \u00b0F do +104 \u00b0F)<\/p>\n<p>Temperatura Skladi\u0161tenja<\/p>\n<p>\u201310 \u00b0C do +50 \u00b0C (\u201314 \u00b0F do +122 \u00b0F)<\/p>\n<p>Radna Vla\u017enost<\/p>\n<p>10%\u201390% (RH)<\/p>\n<p>Vla\u017enost Skladi\u0161tenja<\/p>\n<p>10%\u201390% (RH)<\/p>\n<p>Materijal Proizvoda<br \/>\nMetalno ku\u0107i\u0161te<\/p>\n<p>Za\u0161titno Staklo<br \/>\nProtiv-bljesak kaljeno staklo sa tvrdo\u0107om 7 na Mohsovoj skali<\/p>\n<p>Boja Ku\u0107i\u0161ta (Okvir\/Pozadina)<br \/>\nDonji deo: Srebrna; gornji\/levi\/desni deo: crna<\/p>\n<p>Dimenzije Proizvoda<br \/>\n65 in\u010da: 1,485.0 mm \u00d7 86.9 mm \u00d7 924.7 mm (58.46&#8243; \u00d7 3.42&#8243; \u00d7 36.41&#8243;)(\u0160 \u00d7 D \u00d7 V)<\/p>\n<p>Veli\u010dina Okvira<br \/>\nGornji deo: 43.1 mm (1.70&#8243;); levi\/desni: 16.1 mm (0.63&#8243;); donji: 67.8 mm (2.67&#8243;)<\/p>\n<p>Dimenzije Pakovanja<br \/>\n65 in\u010da: 1587 mm \u00d7 235 mm \u00d7 1070 mm (62.48&#8243; \u00d7 9.25&#8243; \u00d7 42.13&#8243;)<\/p>\n<p>Neto Te\u017eina<\/p>\n<p>55 in\u010da: 27.5 kg (60.63 lb)<br \/>\n65 in\u010da: 38 kg (83.80 lb)<br \/>\n75 in\u010da: 54 kg (119.10 lb)<br \/>\n86 in\u010da: 64 kg (141.10 lb)<\/p>\n<p>Bruto Te\u017eina<\/p>\n<p>55 in\u010dna verzija: 32.5 kg (71.65 lb)<br \/>\n65 in\u010dna verzija: 46 kg (101.41 lb)<br \/>\n75 in\u010dna verzija: 65 kg (143.30 lb)<br \/>\n86 in\u010dna verzija: 77 kg (169.76 lb)<\/p>\n<p>Razmak Rupa<\/p>\n<p>55 in\u010dna verzija: 400 mm \u00d7 400 mm (15.75&#8243; \u00d7 15.75&#8243;)<br \/>\n65 in\u010dna verzija: 400 mm \u00d7 500 mm (15.75&#8243; \u00d7 19.69&#8243;)<br \/>\n75 in\u010dna verzija: 400 mm \u00d7 600 mm (15.75&#8243; \u00d7 23.62&#8243;)<br \/>\n86 in\u010dna verzija: 400 mm \u00d7 750 mm (15.75&#8243; \u00d7 29.53&#8243;)<\/p>\n<p>Instalacija<\/p>\n<p>Montiranje na zid, mobilni nosa\u010d<\/p>\n<p>Potro\u0161nja u Stanju Mirovanja<\/p>\n<p>0.5 W<\/p>\n","protected":false},"featured_media":9618,"comment_status":"open","ping_status":"closed","template":"","meta":{"_mi_skip_tracking":false,"_exactmetrics_sitenote_active":false,"_exactmetrics_sitenote_note":"","_exactmetrics_sitenote_category":0,"spay_email":""},"product_cat":[7356],"product_tag":[7359,7358,7357,7360],"brands":[],"df_price":"","df_sale_price":"","df_regular_price":"","df_image_link":"https:\/\/i1.wp.com\/astehshop.com\/wp-content\/uploads\/2024\/11\/LCH65-MC410-B-65.jpg?fit=450%2C321","jetpack_publicize_connections":[],"jetpack_sharing_enabled":true,"jetpack_likes_enabled":true,"jetpack-related-posts":[{"id":8359,"url":"http:\/\/astehshop.com\/index.php\/product\/mercusys-mr30g-ac1200-wireless-dual-band-router\/","url_meta":{"origin":9617,"position":0},"title":"Mercusys MR30G AC1200 Wireless Dual Band Router","date":"21. listopada 2023.","format":false,"excerpt":"IEEE 802.11ac\/n\/a 5 GHz, IEEE 802.11b\/g\/n 2.4 GHz, 2.4 GHz, 5 GHz, 867 Mbps (5 GHz) + 300 Mbps (2.4 GHz), compatible with 11ac\/a\/b\/g\/n Wi-Fi standards, 2.4 GHz < 20dBm (EIRP), 5 GHz < 23dBm (EIRP), Wireless Security WPA-PSK \/ WPA2-PSK, Router Mode, Access Point Mode","rel":"","context":"Srodne objave","img":{"alt_text":"","src":"https:\/\/i2.wp.com\/astehshop.com\/wp-content\/uploads\/2023\/10\/Mercusys-MR30G-AC1200.jpg?fit=1000%2C1000&resize=350%2C200","width":350,"height":200},"classes":[]},{"id":6830,"url":"http:\/\/astehshop.com\/index.php\/product\/xiaomi-redmi-9-active-4gb-64gb-green\/","url_meta":{"origin":9617,"position":1},"title":"Xiaomi Redmi 9 Active 4GB 64GB Green","date":"25. studenoga 2022.","format":false,"excerpt":"Smartphone Xiaomi Redmi 9 Activ, Dual SIM, IPS LCD 6.53\" display rezolucija 720 x 1600 Chipset MediaTek MT6765G Helio G35, CPU Octa Core 2.3GHz ( 4 x 2.3 GHz Cortex-A53 & 4 x 1.8 GHz Cortex-A53 ), grafi\u010dka kartica PowerVR GE8320, RAM memorija 4 GB, interna memorija 64 GB. Dual\u2026","rel":"","context":"Srodne objave","img":{"alt_text":"","src":"https:\/\/i0.wp.com\/astehshop.com\/wp-content\/uploads\/2022\/11\/xiaomi-redmi-9-active-4gb-64gb-green-noeu-ind.jpg?fit=800%2C800&resize=350%2C200","width":350,"height":200},"classes":[]},{"id":8384,"url":"http:\/\/astehshop.com\/index.php\/product\/tp-link-archer-c54-ac1200-wireless-dual-band-router\/","url_meta":{"origin":9617,"position":2},"title":"TP-Link Archer C54 AC1200 Wireless Dual Band Router","date":"21. listopada 2023.","format":false,"excerpt":"Wi-Fi 5 IEEE 802.11ac\/n\/a 5 GHz, IEEE 802.11n\/b\/g 2.4 GHz, 5 GHz: 867 Mbps (802.11ac), 2.4 GHz: 300 Mbps (802.11n), 4\u00d7 Fixed Antennas, Dual-Band, MU-MIMO, 1\u00d7 10\/100 Mbps WAN Port, 4\u00d7 10\/100 Mbps LAN Ports, WPA, WPA2, WPA3, WPA\/WPA2-Enterprise (802.1x)","rel":"","context":"Srodne objave","img":{"alt_text":"","src":"https:\/\/i2.wp.com\/astehshop.com\/wp-content\/uploads\/2023\/10\/29885-TP-Link-Archer-C54-AC1200-Wireless-Dual-Band-Router-1.jpg?fit=450%2C450&resize=350%2C200","width":350,"height":200},"classes":[]},{"id":9926,"url":"http:\/\/astehshop.com\/index.php\/product\/tablet-10-1-ips-1920x1200-cpu-2-0-ghz-3-32gb-6000-mah\/","url_meta":{"origin":9617,"position":3},"title":"Tablet 10.1&#8243;, IPS 1920&#215;1200, CPU 2.0 GHz, 3\/32GB, 6000 mAh","date":"19. sije\u010dnja 2025.","format":false,"excerpt":"Tablet M10 Pro, 10.1\" IPS ekran osjetljiv na dodir, rezolucija 1920 x 1200, Quad-Core ARM Cortex A53 up to 2.0 GHz, 3GB DDR3 radne memorije, 32GB interne memorije, utor za microSDXC ( max 128 GB ). Grafi\u010dka kartica Mali-G52 MC1. Kamera 5 MPixel , Selfie kamera 2 MPixel. Povezivost: WiFi\u2026","rel":"","context":"Srodne objave","img":{"alt_text":"","src":"https:\/\/i2.wp.com\/astehshop.com\/wp-content\/uploads\/2025\/01\/Tablet-10.1-redline.png?fit=1200%2C1023&resize=350%2C200","width":350,"height":200},"classes":[]},{"id":8366,"url":"http:\/\/astehshop.com\/index.php\/product\/mercusys-mr80x-ax3000-wireless-dual-band-gigabit-router\/","url_meta":{"origin":9617,"position":4},"title":"Mercusys MR80X AX3000 Wireless Dual Band Gigabit Router","date":"21. listopada 2023.","format":false,"excerpt":"2402 Mbps (5 GHz) + 574 Mbps (2.4 GHz), 802.11ax\/ac\/a\/b\/g\/n Wi-Fi standards, 2.4 GHz < 20dBm (EIRP), 5 GHz < 23dBm (band1\u3001 band2), 5 GHz < 30dBm (band3), WEP, WPA \/ WPA2-Personal, WPA2 \/ WPA3-Personal, Enable\/Disable Wireless Radio, WMM, 1\u00d7 Gigabit WAN Port + 3\u00d7 Gigabit LAN Ports, 4\u00d7 5\u2026","rel":"","context":"Srodne objave","img":{"alt_text":"","src":"https:\/\/i2.wp.com\/astehshop.com\/wp-content\/uploads\/2023\/10\/Mercusys-MR80X-AX3000.jpg?fit=1200%2C1200&resize=350%2C200","width":350,"height":200},"classes":[]},{"id":8364,"url":"http:\/\/astehshop.com\/index.php\/product\/mercusys-mr70x-ax1800-wifi-6-router-dual-band\/","url_meta":{"origin":9617,"position":5},"title":"Mercusys MR70X AX1800 WiFi 6 Router Dual Band","date":"21. listopada 2023.","format":false,"excerpt":"1201 Mbps (5 GHz) + 574 Mbps (2.4 GHz), 1\u00d7 Gigabit WAN Port + 3\u00d7 Gigabit LAN Ports, Compatible with 802.11ax\/ac\/a\/b\/g\/n Wi-Fi standards.","rel":"","context":"Srodne objave","img":{"alt_text":"","src":"https:\/\/i1.wp.com\/astehshop.com\/wp-content\/uploads\/2023\/10\/Mercusys-MR70X-AX1800.jpg?fit=997%2C1000&resize=350%2C200","width":350,"height":200},"classes":[]}],"_links":{"self":[{"href":"http:\/\/astehshop.com\/index.php\/wp-json\/wp\/v2\/product\/9617"}],"collection":[{"href":"http:\/\/astehshop.com\/index.php\/wp-json\/wp\/v2\/product"}],"about":[{"href":"http:\/\/astehshop.com\/index.php\/wp-json\/wp\/v2\/types\/product"}],"replies":[{"embeddable":true,"href":"http:\/\/astehshop.com\/index.php\/wp-json\/wp\/v2\/comments?post=9617"}],"wp:featuredmedia":[{"embeddable":true,"href":"http:\/\/astehshop.com\/index.php\/wp-json\/wp\/v2\/media\/9618"}],"wp:attachment":[{"href":"http:\/\/astehshop.com\/index.php\/wp-json\/wp\/v2\/media?parent=9617"}],"wp:term":[{"taxonomy":"product_cat","embeddable":true,"href":"http:\/\/astehshop.com\/index.php\/wp-json\/wp\/v2\/product_cat?post=9617"},{"taxonomy":"product_tag","embeddable":true,"href":"http:\/\/astehshop.com\/index.php\/wp-json\/wp\/v2\/product_tag?post=9617"}],"curies":[{"name":"wp","href":"https:\/\/api.w.org\/{rel}","templated":true}]}}