{"id":9566,"date":"2024-10-26T21:33:34","date_gmt":"2024-10-26T19:33:34","guid":{"rendered":"http:\/\/astehshop.com\/?post_type=product&#038;p=9566"},"modified":"2025-10-05T08:46:15","modified_gmt":"2025-10-05T06:46:15","slug":"dahua-ipc-hfw1439tl1-a-il-0280b-bullet-dual-ilumination-kamera","status":"publish","type":"product","link":"http:\/\/astehshop.com\/index.php\/product\/dahua-ipc-hfw1439tl1-a-il-0280b-bullet-dual-ilumination-kamera\/","title":{"rendered":"Dahua IPC-HFW1439TL1-A-IL-0280B bullet Dual ilumination kamera"},"content":{"rendered":"<p>4MP Full-color Dual-iluminator mre\u017ena kamera u bulit ku\u0107i\u0161tu<br \/>\n1\/2.9\u201d CMOS sa progresivnim skeniranjem. Color: 0.0006 Lux@F1.6 Maksimalna rezolucija 2560&#215;1440. Fiksna optika 2.8mm. Kompresija H.265+\/H.264+. 120dB WDR. Warm light\/IR LED diode, domet dioda 30metara. Integrisan mikrofon. Video analitika:(detekcija ljudi).Odgovaraju\u0107a baza PFA130-E\/PFA134, nosa\u010d za stub PFA152-E . Nivo za\u0161tite IP67.Napajanje 12VDC\/PoE, 2.9W max. Ku\u0107i\u0161te: Metal i plastika<\/p>\n","protected":false},"excerpt":{"rendered":"<p>4MP Full-color Dual-iluminator mre\u017ena kamera u bulit ku\u0107i\u0161tu<br \/>\n1\/2.9\u201d CMOS sa progresivnim skeniranjem. Color: 0.0006 Lux@F1.6 Maksimalna rezolucija 2560&#215;1440. Fiksna optika 2.8mm. Kompresija H.265+\/H.264+. 120dB WDR. Warm light\/IR LED diode, domet dioda 30metara. Integrisan mikrofon. Video analitika:(detekcija ljudi).Odgovaraju\u0107a baza PFA130-E\/PFA134, nosa\u010d za stub PFA152-E . Nivo za\u0161tite IP67.Napajanje 12VDC\/PoE, 2.9W max. Ku\u0107i\u0161te: Metal i plastika<\/p>\n","protected":false},"featured_media":9567,"comment_status":"open","ping_status":"closed","template":"","meta":{"_mi_skip_tracking":false,"_exactmetrics_sitenote_active":false,"_exactmetrics_sitenote_note":"","_exactmetrics_sitenote_category":0,"spay_email":""},"product_cat":[1043],"product_tag":[2832,477,421,7315,7211],"brands":[{"id":2045,"name":"Dahua","slug":"dahua"}],"df_price":237,"df_sale_price":"","df_regular_price":237,"df_image_link":"https:\/\/i0.wp.com\/astehshop.com\/wp-content\/uploads\/2024\/10\/ipc-hfw1439tl1-a-il-1.jpg?fit=450%2C253","jetpack_publicize_connections":[],"jetpack_sharing_enabled":true,"jetpack_likes_enabled":true,"jetpack-related-posts":[{"id":9560,"url":"http:\/\/astehshop.com\/index.php\/product\/dahua-ipc-hdw1439v-a-il-0280b-dome-ip-kamera-dual-ilumination\/","url_meta":{"origin":9566,"position":0},"title":"Dahua IPC-HDW1439V-A-IL-0280B dome IP kamera dual ilumination","date":"26. listopada 2024.","format":false,"excerpt":"4MP Full-color Dual-iluminator mre\u017ena kamera u dome ku\u0107i\u0161tu 1\/2.9\u201d CMOS sa progresivnim skeniranjem. Color: 0.006 Lux@F1.6 Maksimalna rezolucija 2560x1440. Fiksna optika 2.8mm. Kompresija H.265+\/H.264+. 120dB WDR. Warm light\/IR LED diode, domet dioda 30metara. Integrisan mikrofon. Video analitika:(detekcija ljudi).Odgovaraju\u0107a baza PFA13G nosa\u010d za stub PFA152-E . Nivo za\u0161tite IP67.Napajanje 12VDC\/PoE, 2.9W\u2026","rel":"","context":"Srodne objave","img":{"alt_text":"","src":"https:\/\/i2.wp.com\/astehshop.com\/wp-content\/uploads\/2024\/10\/IPC-HDW1439V-A-IL-1.jpg?fit=1200%2C675&resize=350%2C200","width":350,"height":200},"classes":[]},{"id":9572,"url":"http:\/\/astehshop.com\/index.php\/product\/dahua-ipc-hfw2449s-s-il-0280b-full-color-bullet-kamera\/","url_meta":{"origin":9566,"position":1},"title":"Dahua IPC-HFW2449S-S-IL-0280B Full-color Bullet kamera","date":"26. listopada 2024.","format":false,"excerpt":"4MP Full-color Dual-iluminator mre\u017ena kamera u bulit ku\u0107i\u0161tu 1\/2.9\u201d CMOS sa progresivnim skeniranjem. Color: 0.006 Lux@F1.6 Maksimalna rezolucija 2688x1520. Fiksna optika 2.8mm. Kompresija H.265+\/H.264+. 120dB WDR. Warm light\/IR LED diode, domet dioda 30metara. Integrisan mikrofon. Slot za microSD karticu do 256GB. Video analitika: Tripwire, intrusion (klasifikacija i detekcija vozila i\u2026","rel":"","context":"Srodne objave","img":{"alt_text":"","src":"https:\/\/i2.wp.com\/astehshop.com\/wp-content\/uploads\/2024\/10\/Dahua-IPC-HFW2249S-S-IL-0280B-kamera-1.jpg?fit=1200%2C675&resize=350%2C200","width":350,"height":200},"classes":[]},{"id":9127,"url":"http:\/\/astehshop.com\/index.php\/product\/dahua-ipc-hfw2441s-s-0360b-kamera\/","url_meta":{"origin":9566,"position":2},"title":"Dahua IPC-HFW2441S-S-0360B kamera","date":"20. velja\u010de 2024.","format":false,"excerpt":"4MP IR fiksna WizSense mre\u017ena kamera u bullet ku\u0107i\u0161tu 1\/2.9\u201d CMOS senzor. Color: 0.006 Lux@F1.6 Maksimalna rezolucija 2688x1520. Fiksna optika 3.6mm. Kompresija H.265+\/H.264+. 120dB WDR. Warm light\/IR LED diode, domet dioda 30metara. Integrisan mikrofon. Slot za microSD karticu do 256GB. Video analitika: Tripwire, intrusion (klasifikacija i detekcija vozila i ljudi).\u2026","rel":"","context":"Srodne objave","img":{"alt_text":"","src":"https:\/\/i0.wp.com\/astehshop.com\/wp-content\/uploads\/2024\/02\/dahua-ipc-hfw2441s-s-0360b-kamera_0.jpg?fit=1200%2C675&resize=350%2C200","width":350,"height":200},"classes":[]},{"id":5463,"url":"http:\/\/astehshop.com\/index.php\/product\/dahua-ipc-hfw2231s-s-0280b-mrezna-ip-kamera\/","url_meta":{"origin":9566,"position":3},"title":"Dahua IPC-HFW2231S-S-0280B mre\u017ena ip kamera","date":"16. listopada 2021.","format":false,"excerpt":"2MP mre\u017ena kamera u bullet ku\u0107i\u0161tu. 1\/2.8\u201d CMOS sa progresivnim skeniranjem. Color: 00.002 Lux @F1.6. Maksimalna rezolucija 1920x1080. Fiksna optika 2.8mm. Kompresija H.265+\/H.264+. Nivo za\u0161tite IP67. 120dB WDR. Domet IC dioda 30 metara. Video analitika: Tripwire, intrusion. 12v napajanje,PoE. Odgovaraju\u0107a dozna je PFA134. Nosa\u010d za banderu je PFA152-E.","rel":"","context":"Srodne objave","img":{"alt_text":"","src":"https:\/\/i2.wp.com\/astehshop.com\/wp-content\/uploads\/2021\/10\/6939554979163-03-0425-ung-680Wx510H.jpg?fit=680%2C510&resize=350%2C200","width":350,"height":200},"classes":[]},{"id":9092,"url":"http:\/\/astehshop.com\/index.php\/product\/dahua-ipc-hfw2249s-s-il-0280b-kamera\/","url_meta":{"origin":9566,"position":4},"title":"Dahua IPC-HFW2249S-S-IL-0280B kamera","date":"20. velja\u010de 2024.","format":false,"excerpt":"2MP mre\u017ena kamera u bullet ku\u0107i\u0161tu sa Full-color tehnologijom. 1\/2.8\u201d CMOS sa progresivnim skeniranjem. Color: 0.002 Lux@F1.6. Maksimalna rezolucija 1920x1080. Fiksna optika 2.8mm. Kompresija H.265+\/H.264+. Nivo za\u0161tite IP67. 120dB WDR. Domet LED dioda 30 metara. integrisan mikrofon. Slot za microSD karticu do 256GB. Video analitika: Tripwire, intrusion (classification and accurate\u2026","rel":"","context":"Srodne objave","img":{"alt_text":"","src":"https:\/\/i0.wp.com\/astehshop.com\/wp-content\/uploads\/2024\/02\/dahua-ipc-hfw2249s-s-il-0280b-kamera_0.jpg?fit=1200%2C675&resize=350%2C200","width":350,"height":200},"classes":[]},{"id":5469,"url":"http:\/\/astehshop.com\/index.php\/product\/dahua-ipc-hfw2531s-s-0280b-s2\/","url_meta":{"origin":9566,"position":5},"title":"Dahua IPC-HFW2531S-S-0280B-S2","date":"16. listopada 2021.","format":false,"excerpt":"5MP mre\u017ena kamera u bullet ku\u0107i\u0161tu sa StarLight tehnologijom. 1\/2.7\u201d CMOS sa progresivnim skeniranjem. Color: 0.008 Lux @ F1.6. Maksimalna rezolucija 2592x1944. Fiksna optika 2.8mm. Kompresija H.265+\/H.264+. Nivo za\u0161tite IP67. 120dB WDR. Domet IC dioda 30 metara. integrisan mikrofon. Slot za microSD karticu do 256GB. Video analitika: Tripwire, intrusion. 12v\u2026","rel":"","context":"Srodne objave","img":{"alt_text":"","src":"https:\/\/i2.wp.com\/astehshop.com\/wp-content\/uploads\/2021\/10\/dahua-ipc-hfw2531s-s-0280b-s2_0.jpg?fit=1200%2C675&resize=350%2C200","width":350,"height":200},"classes":[]}],"_links":{"self":[{"href":"http:\/\/astehshop.com\/index.php\/wp-json\/wp\/v2\/product\/9566"}],"collection":[{"href":"http:\/\/astehshop.com\/index.php\/wp-json\/wp\/v2\/product"}],"about":[{"href":"http:\/\/astehshop.com\/index.php\/wp-json\/wp\/v2\/types\/product"}],"replies":[{"embeddable":true,"href":"http:\/\/astehshop.com\/index.php\/wp-json\/wp\/v2\/comments?post=9566"}],"wp:featuredmedia":[{"embeddable":true,"href":"http:\/\/astehshop.com\/index.php\/wp-json\/wp\/v2\/media\/9567"}],"wp:attachment":[{"href":"http:\/\/astehshop.com\/index.php\/wp-json\/wp\/v2\/media?parent=9566"}],"wp:term":[{"taxonomy":"product_cat","embeddable":true,"href":"http:\/\/astehshop.com\/index.php\/wp-json\/wp\/v2\/product_cat?post=9566"},{"taxonomy":"product_tag","embeddable":true,"href":"http:\/\/astehshop.com\/index.php\/wp-json\/wp\/v2\/product_tag?post=9566"}],"curies":[{"name":"wp","href":"https:\/\/api.w.org\/{rel}","templated":true}]}}