{"id":9491,"date":"2024-09-21T14:38:11","date_gmt":"2024-09-21T12:38:11","guid":{"rendered":"http:\/\/astehshop.com\/?post_type=product&#038;p=9491"},"modified":"2026-01-14T18:47:17","modified_gmt":"2026-01-14T17:47:17","slug":"grijalica-konvektor-dl08-turbo-i-tajmer-iskra","status":"publish","type":"product","link":"http:\/\/astehshop.com\/index.php\/product\/grijalica-konvektor-dl08-turbo-i-tajmer-iskra\/","title":{"rendered":"GRIJALICA KONVEKTOR DL08 TURBO I TAJMER ISKRA"},"content":{"rendered":"<p>\u2022 Napon: 220V-240V~50\/60Hz<span class=\"x_gmail-font5\"><br \/>\n\u2022 Snaga: 1700W-2000W<br \/>\n\u2022 3 snage grijanja:<br \/>\n\u2013 snaga 1: 750W<br \/>\n\u2013 snaga 2: 1250W<br \/>\n\u2013 snaga 3: 2000W<br \/>\n\u2022 Ventilator<br \/>\n\u2022 Samostoje\u0107i<br \/>\n\u2022 Funkcija \u010duvanja toplote<br \/>\n\u2022 Termi\u010dka za\u0161tita<br \/>\n\u2022 Termostat<br \/>\n\u2022 Indikator stanja<br \/>\n\u2022 S nosivim ru\u010dkama<br \/>\n\u2022 Timer<\/span><\/p>\n","protected":false},"excerpt":{"rendered":"<p>\u2022 Napon: 220V-240V~50\/60Hz<span class=\"x_gmail-font5\"><br \/>\n\u2022 Snaga: 1700W-2000W<br \/>\n\u2022 3 snage grijanja:<br \/>\n\u2013 snaga 1: 750W<br \/>\n\u2013 snaga 2: 1250W<br \/>\n\u2013 snaga 3: 2000W<br \/>\n\u2022 Ventilator<br \/>\n\u2022 Samostoje\u0107i<br \/>\n\u2022 Funkcija \u010duvanja toplote<br \/>\n\u2022 Termi\u010dka za\u0161tita<br \/>\n\u2022 Termostat<br \/>\n\u2022 Indikator stanja<br \/>\n\u2022 S nosivim ru\u010dkama<br \/>\n\u2022 Timer<\/span><\/p>\n","protected":false},"featured_media":9492,"comment_status":"open","ping_status":"closed","template":"","meta":{"_mi_skip_tracking":false,"_exactmetrics_sitenote_active":false,"_exactmetrics_sitenote_note":"","_exactmetrics_sitenote_category":0,"spay_email":""},"product_cat":[656],"product_tag":[7270,658,1870,667],"brands":[],"df_price":119,"df_sale_price":"","df_regular_price":119,"df_image_link":"https:\/\/i2.wp.com\/astehshop.com\/wp-content\/uploads\/2024\/09\/GRIJALICA-KONVEKTOR-DL08-TURBO-I-TAJMER-ISKRA-1.png?fit=450%2C450","jetpack_publicize_connections":[],"jetpack_sharing_enabled":true,"jetpack_likes_enabled":true,"jetpack-related-posts":[{"id":9493,"url":"http:\/\/astehshop.com\/index.php\/product\/iskra-konvektorska-grijalica-dl01s\/","url_meta":{"origin":9491,"position":0},"title":"ISKRA KONVEKTORSKA GRIJALICA DL01S","date":"21. rujna 2024.","format":false,"excerpt":"\u2022 Napon: 220V-240V~50\/60Hz \u2022 Snaga: 1700W-2000W \u2022 3 snage grijanja: \u2013 snaga 1: 750W \u2013 snaga 2: 1250W \u2013 snaga 3: 2000W \u2022 Ventilator \u2022 Samostoje\u0107i \u2022 Funkcija \u010duvanja toplote \u2022 Termi\u010dka za\u0161tita \u2022 Termostat \u2022 Indikator stanja \u2022 S nosivim ru\u010dkama","rel":"","context":"Srodne objave","img":{"alt_text":"","src":"https:\/\/i1.wp.com\/astehshop.com\/wp-content\/uploads\/2024\/09\/iskra-grijalica-jeftina.png?fit=800%2C800&resize=350%2C200","width":350,"height":200},"classes":[]},{"id":9499,"url":"http:\/\/astehshop.com\/index.php\/product\/konvektor-max-2000w-cm200wp-hc-2937-bijeli\/","url_meta":{"origin":9491,"position":1},"title":"KONVEKTOR MAX 2000W CM200WP HC-2937 BIJELI","date":"21. rujna 2024.","format":false,"excerpt":"Snaga:2000W Napon: 220-240V On\/Off Indikator IP za\u0161tita 50\/60Hz Boja: Bijela Samostoje\u0107i Mogu\u0107nost monta\u017ee na zid Dva nivoa snage grijanja Podesivi termostat Garancija 12 mjeseci","rel":"","context":"Srodne objave","img":{"alt_text":"","src":"https:\/\/i0.wp.com\/astehshop.com\/wp-content\/uploads\/2024\/09\/HC-2937.png?fit=800%2C800&resize=350%2C200","width":350,"height":200},"classes":[]},{"id":9502,"url":"http:\/\/astehshop.com\/index.php\/product\/konvektor-max-cm300wp-hc-2947-2500w-bijeli\/","url_meta":{"origin":9491,"position":2},"title":"KONVEKTOR MAX CM300WP HC-2947 2500W BIJELI","date":"21. rujna 2024.","format":false,"excerpt":"Snaga:2500W Napon: 220-240V On\/Off Indikator IP za\u0161tita 50\/60Hz Boja: Bijela Samostoje\u0107i Mogu\u0107nost monta\u017ee na zid Dva nivoa snage grijanja Podesivi termostat Garancija 12 mjeseci","rel":"","context":"Srodne objave","img":{"alt_text":"","src":"https:\/\/i0.wp.com\/astehshop.com\/wp-content\/uploads\/2024\/09\/HC-2937.png?fit=800%2C800&resize=350%2C200","width":350,"height":200},"classes":[]},{"id":9507,"url":"http:\/\/astehshop.com\/index.php\/product\/kvarcna-grijalica-iskra-qh-1200cr\/","url_meta":{"origin":9491,"position":3},"title":"KVARCNA GRIJALICA ISKRA QH-1200CR","date":"21. rujna 2024.","format":false,"excerpt":"\u2022 Napon: 220V-240V~50Hz \u2022 Snaga: 1000W-1200W \u2022 2 snage grijanja: \u2013 snaga 1: 600W \u2013 snaga 2: 1200W \u2022 Zidna monta\u017ea \u2022 \u0160paga za povla\u010denje za uklju\u010divanje \u2022 Za\u0161tita od vlage (IPX4) \u2022 Dimenzije pakiranja (v mm): 570 (D) x 130 (\u0160) x 162 (V)","rel":"","context":"Srodne objave","img":{"alt_text":"","src":"https:\/\/i2.wp.com\/astehshop.com\/wp-content\/uploads\/2024\/09\/kvarcna-grijalica-1.jpg?fit=970%2C1020&resize=350%2C200","width":350,"height":200},"classes":[]},{"id":9488,"url":"http:\/\/astehshop.com\/index.php\/product\/grijalica-fabbygo-2000w-hot-4001\/","url_meta":{"origin":9491,"position":4},"title":"GRIJALICA FABBYGO 2000W HOT-4001","date":"21. rujna 2024.","format":false,"excerpt":"Proizvo\u0111a\u010d: Fabbygo Model: 4001-HOT Snaga: 2000W Napon: 220v 50Hz Tezina: 5 kg","rel":"","context":"Srodne objave","img":{"alt_text":"","src":"https:\/\/i1.wp.com\/astehshop.com\/wp-content\/uploads\/2024\/09\/fabbygo-grijalica.png?fit=800%2C800&resize=350%2C200","width":350,"height":200},"classes":[]},{"id":9485,"url":"http:\/\/astehshop.com\/index.php\/product\/grijalica-elektricna-panel-2000w\/","url_meta":{"origin":9491,"position":5},"title":"Grijalica, elektri\u010dna panel, 2000W","date":"21. rujna 2024.","format":false,"excerpt":"Jeste li ikada razmi\u0161ljali kako brzo i u\u010dinkovito zagrijati svoj dom u hladnijim danima? Prijenosna konvektorska grijalica Home FK331 mo\u017ee biti idealan izbor za vas. Ova konvektorska grijalica nudi tri razli\u010dite razine grijanja: 750 W, 1250 W i 2000 W, \u0161to olak\u0161ava prilagodbu va\u0161im potrebama. S ugra\u0111enim termostatom mo\u017eete precizno\u2026","rel":"","context":"Srodne objave","img":{"alt_text":"","src":"https:\/\/i2.wp.com\/astehshop.com\/wp-content\/uploads\/2024\/09\/48306_1724146817an9o44hl11.png?fit=1200%2C1200&resize=350%2C200","width":350,"height":200},"classes":[]}],"_links":{"self":[{"href":"http:\/\/astehshop.com\/index.php\/wp-json\/wp\/v2\/product\/9491"}],"collection":[{"href":"http:\/\/astehshop.com\/index.php\/wp-json\/wp\/v2\/product"}],"about":[{"href":"http:\/\/astehshop.com\/index.php\/wp-json\/wp\/v2\/types\/product"}],"replies":[{"embeddable":true,"href":"http:\/\/astehshop.com\/index.php\/wp-json\/wp\/v2\/comments?post=9491"}],"wp:featuredmedia":[{"embeddable":true,"href":"http:\/\/astehshop.com\/index.php\/wp-json\/wp\/v2\/media\/9492"}],"wp:attachment":[{"href":"http:\/\/astehshop.com\/index.php\/wp-json\/wp\/v2\/media?parent=9491"}],"wp:term":[{"taxonomy":"product_cat","embeddable":true,"href":"http:\/\/astehshop.com\/index.php\/wp-json\/wp\/v2\/product_cat?post=9491"},{"taxonomy":"product_tag","embeddable":true,"href":"http:\/\/astehshop.com\/index.php\/wp-json\/wp\/v2\/product_tag?post=9491"}],"curies":[{"name":"wp","href":"https:\/\/api.w.org\/{rel}","templated":true}]}}