{"id":9430,"date":"2024-06-23T11:35:58","date_gmt":"2024-06-23T09:35:58","guid":{"rendered":"http:\/\/astehshop.com\/?post_type=product&#038;p=9430"},"modified":"2026-01-15T09:53:30","modified_gmt":"2026-01-15T08:53:30","slug":"imou-cell-pt-kamera-wifi-solarna-ipc-k9ep-3t0we","status":"publish","type":"product","link":"http:\/\/astehshop.com\/index.php\/product\/imou-cell-pt-kamera-wifi-solarna-ipc-k9ep-3t0we\/","title":{"rendered":"Imou CELL PT kamera wifi solarna ipc-k9ep-3t0we"},"content":{"rendered":"<p>Vanjska IP kamera 100% be\u017ei\u010dna kada je povezana na Imou solarni panel<br \/>\nKapacitet baterije 15.000 mAh \u2013 do 280 dana upotrebe!<br \/>\nUSB-C priklju\u010dak za brzo punjenje<br \/>\nObjektiv sa fiksnom \u017ei\u017enom daljinom od 3,6 mm<br \/>\n360\u00b0 rotacija, 90\u00b0 nagib<br \/>\nBrzina kadrova: do 15<br \/>\nDvosmjerni audio (ugra\u0111eni mikrofon i zvu\u010dnik)<br \/>\nKamera sa detekcijom pokreta i ljudi<br \/>\nPodesivo podru\u010dje detekcije<br \/>\nNa\u010din rada kamere<br \/>\nMogu\u0107nost snimanja na SD karticu (do 256 GB), NAPOMENA: kartica nije uklju\u010dena!<\/p>\n<p>Imou Cell P 3 MPx 2K vanjska IP kamera \u2013 pogledajte vi\u0161e i osigurajte novi nivo sigurnosti!<\/p>\n<p>Imou Cell PT kamera sa 2,4 GHz WiFi je solarna punjiva kamera za nadzor na otvorenom koja omogu\u0107ava svestran rad kod ku\u0107e. Zagarantovana za\u0161tita skoro 365 dana sa jednim punjenjem.<br \/>\nZahvaljuju\u0107i 2K rezoluciji i IP 66 otpornosti na vremenske uslove, Cell PT Outdoor kamera pru\u017ea ogromno vidno polje. Od sada mo\u017eete vidjeti svaki kutak svog doma!<br \/>\nOpremljena ugra\u0111enim mikrofonom i zvu\u010dnikom, vanjska kamera Imou Cell PT omogu\u0107ava vam da slu\u0161ate i razgovarate sa bilo kim. Jednostavna be\u017ei\u010dna instalacija i kompatibilnost sa Amazon Alexa dodatne su prednosti Imou Cell PT kamere.<\/p>\n<p>Imou Cell PT 3MPx 2K vanjska IP nadzorna kamera je savr\u0161eno rje\u0161enje za sve koji cijene najvi\u0161i mogu\u0107i kvalitet slike.<\/p>\n<p>Zahvaljuju\u0107i svojoj 2K rezoluciji, Imou Cell PT 3 MPx 2K IP kamera garantuje svojim korisnicima uvek neverovatno o\u0161tre i detaljne slike. Sada mo\u017eete vidjeti svijet u punoj 2K rezoluciji, tako da vam ne\u0107e promaknuti nijedan detalj!<br \/>\nIP kamera Imou Cell PT 3 MPx nudi visoku 2K rezoluciju, \u0161to zna\u010di da su svaki objekt i scena koje snima jasno vidljivi na snimcima. Budite sigurni da vam ni\u0161ta ne\u0107e promaknuti pa\u017enji, a svaki detalj \u0107e biti vidljiv na snimcima, \u0161to je izuzetno va\u017eno u osiguravanju sigurnosti va\u0161eg okru\u017eenja.<\/p>\n<p>Imou Cell PT 3 MPx vanjska IP kamera se odlikuje ne samo odli\u010dnim kvalitetom slike, ve\u0107 i izuzetnim performansama i energetskom efikasno\u0161\u0107u.<\/p>\n<p>Vrijedi obratiti pa\u017enju na njegovu impresivnu bateriju od 15.000 mAh i USB-C port, koji su klju\u010dne karakteristike ovog ure\u0111aja.<\/p>\n<p>Baterija od 15.000 mAh omogu\u0107ava kameri da radi dugo vremena bez potrebe za \u010destim punjenjem. Zahvaljuju\u0107i velikom kapacitetu baterije, vanjska sigurnosna kamera Imou Cell PT mo\u017ee raditi vi\u0161e od 280 dana bez potrebe za punjenjem baterije.<br \/>\nDodatno, Imou Cell PT 3 MPx 2K IP kamera opremljena je USB-C portom, koji omogu\u0107ava brzo punjenje. Zahvaljuju\u0107i ovoj funkciji, mo\u017eete biti sigurni da \u0107e va\u0161a sigurnosna kamera biti spremna za rad ubrzo nakon \u0161to se baterija isprazni.<br \/>\nInteligentni re\u017eim Imou Cell PTZ 3 MPx 2K IP kamere automatski prelazak iz crno-belog (infracrvenog) u re\u017eim pune boje kada se detektuje sumnjivo kretanje. Mo\u017eete u\u0161tedjeti energiju uz odr\u017eavanje registracije boja kada je to najva\u017enije.<br \/>\nU punom kolor modu, ugra\u0111eni Imou Cell PTZ reflektori pru\u017eaju vam odli\u010dnu vidljivost u PUNI BOJI. To zna\u010di da vi\u0161e ne morate da gledate crno-bele slike no\u0107u jer Imou Cell PTZ IP kamera pru\u017ea svetle i \u0161arene slike.<br \/>\nInfracrveni na\u010din rada koristi napredni infracrveni algoritam koji IP Imou Cell PTZ 2K pru\u017ea jasne crno-bijele slike \u010dak iu potpunom mraku. Ovo je korisno kada vam nije potreban prikaz u boji, ali ipak \u017eelite da nadgledate podru\u010dje no\u0107u.<br \/>\nOFF na\u010din rada: sve funkcije no\u0107nog vida su onemogu\u0107ene, \u0161to zna\u010di da nema infracrvenih ili reflektora. Ovo je korisno kada ne morate da nadgledate no\u0107u i \u017eelite da sa\u010duvate energiju.<\/p>\n<p>Interakcija na daljinu: zahvaljuju\u0107i ugra\u0111enom mikrofonu i zvu\u010dniku, mo\u017eete komunicirati s ljudima ispred Imou Cell PTZ 3 MPx 2K IP kamere putem mobilne aplikacije. Ovo je idealno rje\u0161enje za pra\u0107enje i komunikaciju sa va\u0161im domom ili kompanijom, \u010dak i kada ste daleko od mjesta koje nadgleda Imou Cell PTZ 3 MPx 2K IP kamera.<br \/>\nPoni\u0161tavanje eha: Napredna funkcija poni\u0161tavanja eha omogu\u0107ava Imou Cell PTZ 3MPx 2K IP kameri da komunicira jasno i jasno, eliminiraju\u0107i ne\u017eeljene efekte eha.<br \/>\nOdvra\u0107anje uljeza: IP kamera Imou Cell PTZ 3 MPx opremljena je reflektorima i zvu\u010dnikom, \u0161to joj omogu\u0107ava da mo\u0107nim zvukom i svjetlom odvrati potencijalne uljeze.<\/p>\n<p>Imou Cell PTZ 3 MPx 2K kamera je jednostavna za upravljanje pomo\u0107u namenske mobilne aplikacije. Mo\u017eete kontrolirati kameru, gledati snimke, pode\u0161avati postavke i pratiti podru\u010dje s bilo kojeg mjesta. I sve to sa va\u0161eg mobilnog ure\u0111aja.<br \/>\nImou Cell PTZ 3 MPx 2K kamera svojim korisnicima nudi razli\u010dite na\u010dine skladi\u0161tenja snimljenih materijala.<\/p>\n<p><iframe loading=\"lazy\"  id=\"_ytid_56585\"  width=\"480\" height=\"270\"  data-origwidth=\"480\" data-origheight=\"270\"  src=\"https:\/\/www.youtube.com\/embed\/u_15WWgWarA?enablejsapi=1&#038;autoplay=0&#038;cc_load_policy=0&#038;cc_lang_pref=&#038;iv_load_policy=1&#038;loop=0&#038;modestbranding=0&#038;rel=1&#038;fs=1&#038;playsinline=0&#038;autohide=2&#038;theme=dark&#038;color=red&#038;controls=1&#038;\" class=\"__youtube_prefs__  epyt-is-override  no-lazyload\" title=\"YouTube player\"  allow=\"autoplay; encrypted-media\" allowfullscreen data-no-lazy=\"1\" data-skipgform_ajax_framebjll=\"\"><\/iframe><\/p>\n<p>&nbsp;<\/p>\n","protected":false},"excerpt":{"rendered":"<p>Vanjska IP kamera 100% be\u017ei\u010dna kada je povezana na Imou solarni panel<br \/>\nKapacitet baterije 15.000 mAh \u2013 do 280 dana upotrebe!<br \/>\nUSB-C priklju\u010dak za brzo punjenje<br \/>\nObjektiv sa fiksnom \u017ei\u017enom daljinom od 3,6 mm<br \/>\n360\u00b0 rotacija, 90\u00b0 nagib<br \/>\nBrzina kadrova: do 15<br \/>\nDvosmjerni audio (ugra\u0111eni mikrofon i zvu\u010dnik)<br \/>\nKamera sa detekcijom pokreta i ljudi<br \/>\nPodesivo podru\u010dje detekcije<br \/>\nNa\u010din rada kamere<br \/>\nMogu\u0107nost snimanja na SD karticu (do 256 GB), NAPOMENA: kartica nije uklju\u010dena!<\/p>\n<p>Imou Cell P 3 MPx 2K vanjska IP kamera \u2013 pogledajte vi\u0161e i osigurajte novi nivo sigurnosti!<\/p>\n<p>Imou Cell PT kamera sa 2,4 GHz WiFi je solarna punjiva kamera za nadzor na otvorenom koja omogu\u0107ava svestran rad kod ku\u0107e. Zagarantovana za\u0161tita skoro 365 dana sa jednim punjenjem.<br \/>\nZahvaljuju\u0107i 2K rezoluciji i IP 66 otpornosti na vremenske uslove, Cell PT Outdoor kamera pru\u017ea ogromno vidno polje. Od sada mo\u017eete vidjeti svaki kutak svog doma!<br \/>\nOpremljena ugra\u0111enim mikrofonom i zvu\u010dnikom, vanjska kamera Imou Cell PT omogu\u0107ava vam da slu\u0161ate i razgovarate sa bilo kim. Jednostavna be\u017ei\u010dna instalacija i kompatibilnost sa Amazon Alexa dodatne su prednosti Imou Cell PT kamere.<\/p>\n<p>Imou Cell PT 3MPx 2K vanjska IP nadzorna kamera je savr\u0161eno rje\u0161enje za sve koji cijene najvi\u0161i mogu\u0107i kvalitet slike.<\/p>\n<p>Zahvaljuju\u0107i svojoj 2K rezoluciji, Imou Cell PT 3 MPx 2K IP kamera garantuje svojim korisnicima uvek neverovatno o\u0161tre i detaljne slike. Sada mo\u017eete vidjeti svijet u punoj 2K rezoluciji, tako da vam ne\u0107e promaknuti nijedan detalj!<br \/>\nIP kamera Imou Cell PT 3 MPx nudi visoku 2K rezoluciju, \u0161to zna\u010di da su svaki objekt i scena koje snima jasno vidljivi na snimcima. Budite sigurni da vam ni\u0161ta ne\u0107e promaknuti pa\u017enji, a svaki detalj \u0107e biti vidljiv na snimcima, \u0161to je izuzetno va\u017eno u osiguravanju sigurnosti va\u0161eg okru\u017eenja.<\/p>\n<p>Imou Cell PT 3 MPx vanjska IP kamera se odlikuje ne samo odli\u010dnim kvalitetom slike, ve\u0107 i izuzetnim performansama i energetskom efikasno\u0161\u0107u.<\/p>\n<p>Vrijedi obratiti pa\u017enju na njegovu impresivnu bateriju od 15.000 mAh i USB-C port, koji su klju\u010dne karakteristike ovog ure\u0111aja.<\/p>\n<p>Baterija od 15.000 mAh omogu\u0107ava kameri da radi dugo vremena bez potrebe za \u010destim punjenjem. Zahvaljuju\u0107i velikom kapacitetu baterije, vanjska sigurnosna kamera Imou Cell PT mo\u017ee raditi vi\u0161e od 280 dana bez potrebe za punjenjem baterije.<br \/>\nDodatno, Imou Cell PT 3 MPx 2K IP kamera opremljena je USB-C portom, koji omogu\u0107ava brzo punjenje. Zahvaljuju\u0107i ovoj funkciji, mo\u017eete biti sigurni da \u0107e va\u0161a sigurnosna kamera biti spremna za rad ubrzo nakon \u0161to se baterija isprazni.<br \/>\nInteligentni re\u017eim Imou Cell PTZ 3 MPx 2K IP kamere automatski prelazak iz crno-belog (infracrvenog) u re\u017eim pune boje kada se detektuje sumnjivo kretanje. Mo\u017eete u\u0161tedjeti energiju uz odr\u017eavanje registracije boja kada je to najva\u017enije.<br \/>\nU punom kolor modu, ugra\u0111eni Imou Cell PTZ reflektori pru\u017eaju vam odli\u010dnu vidljivost u PUNI BOJI. To zna\u010di da vi\u0161e ne morate da gledate crno-bele slike no\u0107u jer Imou Cell PTZ IP kamera pru\u017ea svetle i \u0161arene slike.<br \/>\nInfracrveni na\u010din rada koristi napredni infracrveni algoritam koji IP Imou Cell PTZ 2K pru\u017ea jasne crno-bijele slike \u010dak iu potpunom mraku. Ovo je korisno kada vam nije potreban prikaz u boji, ali ipak \u017eelite da nadgledate podru\u010dje no\u0107u.<br \/>\nOFF na\u010din rada: sve funkcije no\u0107nog vida su onemogu\u0107ene, \u0161to zna\u010di da nema infracrvenih ili reflektora. Ovo je korisno kada ne morate da nadgledate no\u0107u i \u017eelite da sa\u010duvate energiju.<\/p>\n<p>Interakcija na daljinu: zahvaljuju\u0107i ugra\u0111enom mikrofonu i zvu\u010dniku, mo\u017eete komunicirati s ljudima ispred Imou Cell PTZ 3 MPx 2K IP kamere putem mobilne aplikacije. Ovo je idealno rje\u0161enje za pra\u0107enje i komunikaciju sa va\u0161im domom ili kompanijom, \u010dak i kada ste daleko od mjesta koje nadgleda Imou Cell PTZ 3 MPx 2K IP kamera.<br \/>\nPoni\u0161tavanje eha: Napredna funkcija poni\u0161tavanja eha omogu\u0107ava Imou Cell PTZ 3MPx 2K IP kameri da komunicira jasno i jasno, eliminiraju\u0107i ne\u017eeljene efekte eha.<br \/>\nOdvra\u0107anje uljeza: IP kamera Imou Cell PTZ 3 MPx opremljena je reflektorima i zvu\u010dnikom, \u0161to joj omogu\u0107ava da mo\u0107nim zvukom i svjetlom odvrati potencijalne uljeze.<\/p>\n<p>Imou Cell PTZ 3 MPx 2K kamera je jednostavna za upravljanje pomo\u0107u namenske mobilne aplikacije. Mo\u017eete kontrolirati kameru, gledati snimke, pode\u0161avati postavke i pratiti podru\u010dje s bilo kojeg mjesta. I sve to sa va\u0161eg mobilnog ure\u0111aja.<br \/>\nImou Cell PTZ 3 MPx 2K kamera svojim korisnicima nudi razli\u010dite na\u010dine skladi\u0161tenja snimljenih materijala.<\/p>\n<p>https:\/\/www.youtube.com\/watch?v=u_15WWgWarA<\/p>\n<p>&nbsp;<\/p>\n","protected":false},"featured_media":9431,"comment_status":"open","ping_status":"closed","template":"","meta":{"_mi_skip_tracking":false,"_exactmetrics_sitenote_active":false,"_exactmetrics_sitenote_note":"","_exactmetrics_sitenote_category":0,"spay_email":""},"product_cat":[135],"product_tag":[7250,7253,2994,2963,7254,7255,7249,4733,7257,7252,476,6304,7256,3558,5696,474,5056,7251],"brands":[{"id":2045,"name":"Dahua","slug":"dahua"}],"df_price":"","df_sale_price":"","df_regular_price":"","df_image_link":"https:\/\/i2.wp.com\/astehshop.com\/wp-content\/uploads\/2024\/06\/cell-pt-solarna-1.png?fit=450%2C437","jetpack_publicize_connections":[],"jetpack_sharing_enabled":true,"jetpack_likes_enabled":true,"jetpack-related-posts":[{"id":9965,"url":"http:\/\/astehshop.com\/index.php\/product\/ipc-k7cp-5h1we-wifi-roto-kamera-imou\/","url_meta":{"origin":9430,"position":0},"title":"IPC-K7CP-5H1WE WIFI roto kamera IMOU","date":"16. o\u017eujka 2025.","format":false,"excerpt":"Tip: IP \/ WiFi Rezolucija: 5MP 3K 3.6mm Ku\u0107i\u0161te: plasti\u010dno Boja ku\u0107i\u0161ta: bijela Povezivanje: WiFi, RJ-45 Rotacije: horizontalno i vertikalno Mogu\u0107nost povezivanja na Cloud Snimanje na SD karticu Dvostrana audio komunikacija Aplikacija za nadzor mobilnim ure\u0111ajem (Imou Life)","rel":"","context":"Srodne objave","img":{"alt_text":"","src":"https:\/\/i0.wp.com\/astehshop.com\/wp-content\/uploads\/2025\/03\/IPC-K7CP-5H1WE.jpg?fit=690%2C690&resize=350%2C200","width":350,"height":200},"classes":[]},{"id":7514,"url":"http:\/\/astehshop.com\/index.php\/product\/imou-ipc-t26ep-turret-kamera-sa-svjetlom-i-sirenom\/","url_meta":{"origin":9430,"position":1},"title":"Imou IPC-T26EP TURRET kamera sa svjetlom i sirenom","date":"1. travnja 2023.","format":false,"excerpt":"Pametna WIFI turret kamera 2 MPX Dvosmjerna komunikacija Integrisan Mikrofon i zvu\u010dnik Sirena 110 dB SD kartica maksimalno do 256 GB Detekcija pokreta Detekcija ljudi IP67 Uz kameru dolazi adapter 12v 1A Podr\u017eava Android i Iphone Besplatna IMOU aplikacija WiFi Hotspot Ugra\u0111en HOT spot - spojite se na kameru iako\u2026","rel":"","context":"Srodne objave","img":{"alt_text":"","src":"https:\/\/i1.wp.com\/astehshop.com\/wp-content\/uploads\/2023\/04\/IPC-T26EP-0.jpeg?fit=1174%2C1200&resize=350%2C200","width":350,"height":200},"classes":[]},{"id":9968,"url":"http:\/\/astehshop.com\/index.php\/product\/ipc-k7fp-5h0we-wifi-roto-kamera-imou\/","url_meta":{"origin":9430,"position":2},"title":"IPC-K7FP-5H0WE WIFI roto kamera IMOU","date":"16. o\u017eujka 2025.","format":false,"excerpt":"IMOU Cruiser SC 5MP IPC-K7FP-5H0WE-EU je napredna IP kamera dizajnirana za sigurnosni nadzor unutra\u0161njih i vanjskih prostora. Sa rezolucijom od 5MP (2880x1620) i 3.6mm fiksnim objektivom, omogu\u0107ava visoku jasno\u0107u slike i \u0161iroki ugao gledanja.Kamera je opremljena inteligentnim funkcijama kao \u0161to su detekcija ljudi, pametan no\u0107ni vid u \u010detiri moda, AI\u2026","rel":"","context":"Srodne objave","img":{"alt_text":"","src":"https:\/\/i0.wp.com\/astehshop.com\/wp-content\/uploads\/2025\/03\/IPC-K7FP-5H0WE-WIFI-roto-kamera-IMOU-1.jpg?fit=1200%2C1200&resize=350%2C200","width":350,"height":200},"classes":[]},{"id":9426,"url":"http:\/\/astehshop.com\/index.php\/product\/imou-wifi-kamera-cruiser-2-ipc-gs7ep-5mowe\/","url_meta":{"origin":9430,"position":3},"title":"Imou wifi kamera Cruiser 2 ipc-gs7ep-5mowe","date":"23. lipnja 2024.","format":false,"excerpt":"Cruiser pru\u017ea pra\u0107enje u\u017eivo od 5MP sa izborom 3,6mm objektiva, sa 5MP 3K pra\u0107enjem u\u017eivo i 0~340\u00b0 pan & 0~90\u00b0tilt funkcijama, Cruiser 2 5MP osigurava da svaki kutak va\u0161eg doma bude potpuno pokriven. Podr\u017eava \u010detiri re\u017eima no\u0107nog vida za jasno\u0107u poput dana \u010dak i u mrklom mraku. Sa IP66 certifikatom,\u2026","rel":"","context":"Srodne objave","img":{"alt_text":"","src":"https:\/\/i0.wp.com\/astehshop.com\/wp-content\/uploads\/2024\/06\/52875_camera_ngoai_troi_ip_wifi_imou_ipc_gs7ep_5m0we_5mp_406f91045c8245b38982b4bf2a11ad65_master.jpg?fit=600%2C600&resize=350%2C200","width":350,"height":200},"classes":[]},{"id":9788,"url":"http:\/\/astehshop.com\/index.php\/product\/imou-ipc-k3dp-5h0wf-bullet-2e-5mp-wifi-sigurnosna-ip-kamera\/","url_meta":{"origin":9430,"position":4},"title":"IMOU IPC-K3DP-5H0WF Bullet 2E 5MP WiFi sigurnosna IP kamera","date":"2. prosinca 2024.","format":false,"excerpt":"IMOU Bullet 2E 5MP IP kamera s rezolucijom 2880x1620, objektivom 2.8mm, no\u0107nim vidom do 30m, IP67 vodootpornost, Wi-Fi povezivanjem, detekcijom pokreta, podr\u0161kom za SD karticu do 256GB i mobilnom aplikacijom IMOU Life. Kompatibilna s iOS i Android ure\u0111ajima.","rel":"","context":"Srodne objave","img":{"alt_text":"","src":"https:\/\/i2.wp.com\/astehshop.com\/wp-content\/uploads\/2024\/12\/IPC-K3DP-5H0WF.jpg?fit=594%2C481&resize=350%2C200","width":350,"height":200},"classes":[]},{"id":9159,"url":"http:\/\/astehshop.com\/index.php\/product\/dahua-imou-bullet-3-wifi-kamera-5-mpx-sa-gratis-128-gb-novo\/","url_meta":{"origin":9430,"position":5},"title":"Dahua IMOU Bullet 3 wifi kamera 5 MPX sa gratis 128 GB &#8211; novo","date":"27. velja\u010de 2024.","format":false,"excerpt":"Novi model sa IMOU sense novim AI algoritmom Novi model Bullet 3 - 5 MPX sa jo\u0161 50% dodatnom ta\u010dno\u0161\u0107u detekcije ljudi i vozila Rezultate pravi za manje od 0,02 sekunde Podr\u017eava WIFI 6 konekciju 5 MPX - 3K slika AI detekcija ljudi i vozila No\u0107ni snimak u boji Efektivni\u2026","rel":"","context":"Srodne objave","img":{"alt_text":"","src":"https:\/\/i2.wp.com\/astehshop.com\/wp-content\/uploads\/2024\/02\/imou-bullet-gratis.png?fit=669%2C629&resize=350%2C200","width":350,"height":200},"classes":[]}],"_links":{"self":[{"href":"http:\/\/astehshop.com\/index.php\/wp-json\/wp\/v2\/product\/9430"}],"collection":[{"href":"http:\/\/astehshop.com\/index.php\/wp-json\/wp\/v2\/product"}],"about":[{"href":"http:\/\/astehshop.com\/index.php\/wp-json\/wp\/v2\/types\/product"}],"replies":[{"embeddable":true,"href":"http:\/\/astehshop.com\/index.php\/wp-json\/wp\/v2\/comments?post=9430"}],"wp:featuredmedia":[{"embeddable":true,"href":"http:\/\/astehshop.com\/index.php\/wp-json\/wp\/v2\/media\/9431"}],"wp:attachment":[{"href":"http:\/\/astehshop.com\/index.php\/wp-json\/wp\/v2\/media?parent=9430"}],"wp:term":[{"taxonomy":"product_cat","embeddable":true,"href":"http:\/\/astehshop.com\/index.php\/wp-json\/wp\/v2\/product_cat?post=9430"},{"taxonomy":"product_tag","embeddable":true,"href":"http:\/\/astehshop.com\/index.php\/wp-json\/wp\/v2\/product_tag?post=9430"}],"curies":[{"name":"wp","href":"https:\/\/api.w.org\/{rel}","templated":true}]}}