{"id":9405,"date":"2024-06-23T10:25:41","date_gmt":"2024-06-23T08:25:41","guid":{"rendered":"http:\/\/astehshop.com\/?post_type=product&#038;p=9405"},"modified":"2025-10-05T08:51:33","modified_gmt":"2025-10-05T06:51:33","slug":"dahua-wifi-kamera-ipc-f2c-pv-0280b-slika-u-boji-nocu","status":"publish","type":"product","link":"http:\/\/astehshop.com\/index.php\/product\/dahua-wifi-kamera-ipc-f2c-pv-0280b-slika-u-boji-nocu\/","title":{"rendered":"Dahua WIFI kamera IPC-F2C-PV-0280B &#8211; slika u boji no\u0107u"},"content":{"rendered":"<p>2MP mre\u017ena WiFi kamera u bullet ku\u0107i\u0161tu.<br \/>\n1\/3h\u201d CMOS sa progresivnim skeniranjem Maksimalna rezolucija 1920&#215;1080. Fiksna optika 2.8mm. Kompresija H.265\/H.264. Nivo za\u0161tite IP67. DWDR. Domet IC i LED dioda 30 metara.AI Human Detection, Integrisan mikrofoni zvu\u010dnik. Slot za microSD karticu do 256GB. 12v napajanje.Materijal: Metal i plastika<\/p>\n","protected":false},"excerpt":{"rendered":"<p>2MP mre\u017ena WiFi kamera u bullet ku\u0107i\u0161tu.<br \/>\n1\/3h\u201d CMOS sa progresivnim skeniranjem Maksimalna rezolucija 1920&#215;1080. Fiksna optika 2.8mm. Kompresija H.265\/H.264. Nivo za\u0161tite IP67. DWDR. Domet IC i LED dioda 30 metara.AI Human Detection, Integrisan mikrofoni zvu\u010dnik. Slot za microSD karticu do 256GB. 12v napajanje.Materijal: Metal i plastika<\/p>\n","protected":false},"featured_media":9406,"comment_status":"open","ping_status":"closed","template":"","meta":{"_mi_skip_tracking":false,"_exactmetrics_sitenote_active":false,"_exactmetrics_sitenote_note":"","_exactmetrics_sitenote_category":0,"spay_email":""},"product_cat":[135],"product_tag":[7209,7208,7207,5293,7206,6306,1549,4987,5399,474,5056,3006,1183],"brands":[{"id":2045,"name":"Dahua","slug":"dahua"}],"df_price":145,"df_sale_price":"","df_regular_price":145,"df_image_link":"https:\/\/i0.wp.com\/astehshop.com\/wp-content\/uploads\/2024\/06\/dahua-f2c.png?fit=450%2C362","jetpack_publicize_connections":[],"jetpack_sharing_enabled":true,"jetpack_likes_enabled":true,"jetpack-related-posts":[{"id":9408,"url":"http:\/\/astehshop.com\/index.php\/product\/dahua-wifi-kamera-ipc-f4c-pv-0280b-4-mpx-slika-u-boji-nocu-gratis-mikro-sd-kartica\/","url_meta":{"origin":9405,"position":0},"title":"Dahua WIFI kamera IPC-F4C-PV-0280B 4 MPX slika u boji no\u0107u + gratis mikro sd kartica","date":"23. lipnja 2024.","format":false,"excerpt":"4MP mre\u017ena WiFi kamera u bullet ku\u0107i\u0161tu. 1\/3\u201d CMOS sa progresivnim skeniranjem Maksimalna rezolucija 2560x1440. Fiksna optika 2.8mm. Kompresija H.265\/H.264. Nivo za\u0161tite IP67. DWDR. Domet IC i LED dioda 30 metara.AI Human Detection, Integrisan mikrofoni zvu\u010dnik. Slot za microSD karticu do 256GB. 12v napajanje.Materijal: Metal i plastika","rel":"","context":"Srodne objave","img":{"alt_text":"","src":"https:\/\/i1.wp.com\/astehshop.com\/wp-content\/uploads\/2024\/06\/Kamera-WiFi-DAHUA-Zewnetrzna-F4C-PV-Smart-Dual-Light-4MPx-sMD-Slot-256Gb.jpg?fit=1200%2C1043&resize=350%2C200","width":350,"height":200},"classes":[]},{"id":9089,"url":"http:\/\/astehshop.com\/index.php\/product\/dahua-ipc-hfw1230ds-saw-0280b-kamera\/","url_meta":{"origin":9405,"position":1},"title":"Dahua IPC-HFW1230DS-SAW-0280B kamera","date":"20. velja\u010de 2024.","format":false,"excerpt":"2MP mre\u017ena WiFi kamera u bullet ku\u0107i\u0161tu. 1\/2.8\u201d CMOS sa progresivnim skeniranjem. Color: 0.025Lux \/ F2.0 (Color), 0 Lux Ilumination on. Maksimalna rezolucija 1920x1080. Fiksna optika 2.8mm. Kompresija H.265+\/H.264+. Nivo za\u0161tite IP67. DWDR. Domet IC dioda 30 metara. Integrisan mikrofon. Slot za microSD karticu do 256GB. 12v napajanje. Odgovaraju\u0107a dozna\u2026","rel":"","context":"Srodne objave","img":{"alt_text":"","src":"https:\/\/i0.wp.com\/astehshop.com\/wp-content\/uploads\/2024\/02\/dahua-ipc-hfw1230ds-saw-0280b-kamera_0.jpg?fit=1200%2C675&resize=350%2C200","width":350,"height":200},"classes":[]},{"id":9113,"url":"http:\/\/astehshop.com\/index.php\/product\/dahua-ipc-hfw1430ds-saw-0280b-wi-fi-kamera-4-mpx\/","url_meta":{"origin":9405,"position":2},"title":"Dahua IPC-HFW1430DS-SAW-0280B Wi Fi kamera 4 MPx","date":"20. velja\u010de 2024.","format":false,"excerpt":"4MP mre\u017ena WiFi kamera u bullet ku\u0107i\u0161tu. 1\/3\u201d CMOS sa progresivnim skeniranjem. Color: 0.025 Lux @F2.0 (Color, 30 IRE). Maksimalna rezolucija 2560x1440. Fiksna optika 2.8mm. Kompresija H.265+\/H.264+. Nivo za\u0161tite IP67. DWDR. Domet IC dioda 30 metara. Integrisan mikrofon. Slot za microSD karticu do 256GB.12v napajanje dolazi sa kamerom. Odgovaraju\u0107a dozna\u2026","rel":"","context":"Srodne objave","img":{"alt_text":"","src":"https:\/\/i0.wp.com\/astehshop.com\/wp-content\/uploads\/2024\/02\/dahua-ipc-hfw1430ds-saw-0280b-wi-fi-kamera_0.jpg?fit=1200%2C675&resize=350%2C200","width":350,"height":200},"classes":[]},{"id":9104,"url":"http:\/\/astehshop.com\/index.php\/product\/dahua-ipc-hdbw1430de-sw-0280b-wi-fi-dome-kamera\/","url_meta":{"origin":9405,"position":3},"title":"Dahua IPC-HDBW1430DE-SW-0280B Wi Fi dome kamera","date":"20. velja\u010de 2024.","format":false,"excerpt":"4MP mre\u017ena WiFi kamera u dome ku\u0107i\u0161tu. 1\/3\u201d CMOS sa progresivnim skeniranjem. Color: 0.025 Lux @F2.0 (Color, 30 IRE). Maksimalna rezolucija 2560x1440. Fiksna optika 2.8mm. Kompresija H.265+\/H.264+. Nivo za\u0161tite IP67, IK10. DWDR. Domet IC dioda 30 metara. Slot za microSD karticu do 256GB.12v napajanje dolazi sa kamerom. Odgovaraju\u0107a dozna je\u2026","rel":"","context":"Srodne objave","img":{"alt_text":"","src":"https:\/\/i0.wp.com\/astehshop.com\/wp-content\/uploads\/2024\/02\/dahua-ipc-hdbw1430de-sw-0280b-wi-fi-dome-kamera_0.jpg?fit=1200%2C675&resize=350%2C200","width":350,"height":200},"classes":[]},{"id":9092,"url":"http:\/\/astehshop.com\/index.php\/product\/dahua-ipc-hfw2249s-s-il-0280b-kamera\/","url_meta":{"origin":9405,"position":4},"title":"Dahua IPC-HFW2249S-S-IL-0280B kamera","date":"20. velja\u010de 2024.","format":false,"excerpt":"2MP mre\u017ena kamera u bullet ku\u0107i\u0161tu sa Full-color tehnologijom. 1\/2.8\u201d CMOS sa progresivnim skeniranjem. Color: 0.002 Lux@F1.6. Maksimalna rezolucija 1920x1080. Fiksna optika 2.8mm. Kompresija H.265+\/H.264+. Nivo za\u0161tite IP67. 120dB WDR. Domet LED dioda 30 metara. integrisan mikrofon. Slot za microSD karticu do 256GB. Video analitika: Tripwire, intrusion (classification and accurate\u2026","rel":"","context":"Srodne objave","img":{"alt_text":"","src":"https:\/\/i0.wp.com\/astehshop.com\/wp-content\/uploads\/2024\/02\/dahua-ipc-hfw2249s-s-il-0280b-kamera_0.jpg?fit=1200%2C675&resize=350%2C200","width":350,"height":200},"classes":[]},{"id":5469,"url":"http:\/\/astehshop.com\/index.php\/product\/dahua-ipc-hfw2531s-s-0280b-s2\/","url_meta":{"origin":9405,"position":5},"title":"Dahua IPC-HFW2531S-S-0280B-S2","date":"16. listopada 2021.","format":false,"excerpt":"5MP mre\u017ena kamera u bullet ku\u0107i\u0161tu sa StarLight tehnologijom. 1\/2.7\u201d CMOS sa progresivnim skeniranjem. Color: 0.008 Lux @ F1.6. Maksimalna rezolucija 2592x1944. Fiksna optika 2.8mm. Kompresija H.265+\/H.264+. Nivo za\u0161tite IP67. 120dB WDR. Domet IC dioda 30 metara. integrisan mikrofon. Slot za microSD karticu do 256GB. Video analitika: Tripwire, intrusion. 12v\u2026","rel":"","context":"Srodne objave","img":{"alt_text":"","src":"https:\/\/i2.wp.com\/astehshop.com\/wp-content\/uploads\/2021\/10\/dahua-ipc-hfw2531s-s-0280b-s2_0.jpg?fit=1200%2C675&resize=350%2C200","width":350,"height":200},"classes":[]}],"_links":{"self":[{"href":"http:\/\/astehshop.com\/index.php\/wp-json\/wp\/v2\/product\/9405"}],"collection":[{"href":"http:\/\/astehshop.com\/index.php\/wp-json\/wp\/v2\/product"}],"about":[{"href":"http:\/\/astehshop.com\/index.php\/wp-json\/wp\/v2\/types\/product"}],"replies":[{"embeddable":true,"href":"http:\/\/astehshop.com\/index.php\/wp-json\/wp\/v2\/comments?post=9405"}],"wp:featuredmedia":[{"embeddable":true,"href":"http:\/\/astehshop.com\/index.php\/wp-json\/wp\/v2\/media\/9406"}],"wp:attachment":[{"href":"http:\/\/astehshop.com\/index.php\/wp-json\/wp\/v2\/media?parent=9405"}],"wp:term":[{"taxonomy":"product_cat","embeddable":true,"href":"http:\/\/astehshop.com\/index.php\/wp-json\/wp\/v2\/product_cat?post=9405"},{"taxonomy":"product_tag","embeddable":true,"href":"http:\/\/astehshop.com\/index.php\/wp-json\/wp\/v2\/product_tag?post=9405"}],"curies":[{"name":"wp","href":"https:\/\/api.w.org\/{rel}","templated":true}]}}