{"id":9400,"date":"2024-06-22T09:16:00","date_gmt":"2024-06-22T07:16:00","guid":{"rendered":"http:\/\/astehshop.com\/?post_type=product&#038;p=9400"},"modified":"2026-01-14T18:49:38","modified_gmt":"2026-01-14T17:49:38","slug":"klima-uredaj-favorit-12000btu-ff-inverter-15-gratis-nosaci","status":"publish","type":"product","link":"http:\/\/astehshop.com\/index.php\/product\/klima-uredaj-favorit-12000btu-ff-inverter-15-gratis-nosaci\/","title":{"rendered":"Klima ure\u0111aj FAVORIT 12000BTU FF INVERTER -15 stepeni"},"content":{"rendered":"<div class=\"elementor-element elementor-element-31be6bf mb-0 elementor-widget elementor-widget-porto_cp_excerpt\" data-id=\"31be6bf\" data-element_type=\"widget\" data-widget_type=\"porto_cp_excerpt.default\">\n<div class=\"elementor-widget-container\">\n<div class=\"description woocommerce-product-details__short-description\">\n<ul>\n<li>\n<div class=\"elementor-element elementor-element-31be6bf mb-0 elementor-widget elementor-widget-porto_cp_excerpt\" data-id=\"31be6bf\" data-element_type=\"widget\" data-widget_type=\"porto_cp_excerpt.default\">\n<div class=\"elementor-widget-container\">\n<div class=\"description woocommerce-product-details__short-description\">\n<ul>\n<li>KAPACITET HLA\u0110ENJA: <strong>3,5 W<\/strong><\/li>\n<li>KAPACITET GREJANJA: <strong>3,8W<\/strong><\/li>\n<li>ENERGETSKA KLASA GRIJANJA: <strong>A++ <\/strong><\/li>\n<li>ENERGETSKA KLASA HLA\u0110ENJA: <strong>A+ <\/strong><\/li>\n<li>VRSTA GASA: <strong>R32 <\/strong><\/li>\n<li>PROTOK VAZDUHA:<strong> 600 <\/strong><\/li>\n<li>SPOJNA\/UNUTRA\u0160NJA JEDINICA (NIVO BUKE): <strong>53\/62dB<\/strong><\/li>\n<li>UNUTRA\u0160NJA JEDINICA NETO TE\u017dINA 8.5kg<\/li>\n<li>SPOJNA JEDINICA NETO TE\u017dINA 22.5kg<\/li>\n<li>DIMENZIJE (UNUTRA\u0160NJE) \u2013 NETO 750x285x200<\/li>\n<li>DIMENZIJE (SPOJNE)-NETO 650\u00d7455\u00d7233<\/li>\n<li>AMBIJENTALNA TEMP. -HLA\u0110ENJE <strong>16~49\u2103 <\/strong><\/li>\n<li>AMBIJENTALNA TEMP. \u2013 GREJANJE <strong>-15~30\u2103<\/strong><\/li>\n<li>NAPON 220-240W<\/li>\n<li>MAKSIMALNA ULAZNA SNAGA: 1,6kW<\/li>\n<li><strong>GARANCIJA 24 MJESECA<\/strong><\/li>\n<\/ul>\n<p>MONTA\u017dA MONO-SPLIT KLIMA URE\u0110AJA jedne unutarnje i jedne vanjske jedinice<\/p>\n<p>Na web shopu TechnoShopBN monta\u017ea nije uklju\u010dena u cijenu klima ure\u0111aja.<br \/>\nOvla\u0161tenu monta\u017eu klima ure\u0111aja obavljamo na podru\u010dju Bijeljine i okoline do 20KM<br \/>\nAko \u017eelite ovla\u0161tenu monta\u017eu dodajte je u korpu i platite zajedno sa klima ure\u0111ajem koji izaberete<br \/>\nNakon pla\u0107anja klima ure\u0111aja i ukoliko \u017eelite monta\u017eu, ostavite nam kontakt podatke kako bi Vas monta\u017eer mogao kontaktirati<br \/>\nGarancija monta\u017eu vrijedi do isteka garancije na klima ure\u0111aj.<\/p>\n<p>Standardna monta\u017ea mono-split klima ure\u0111aja podrazumijeva monta\u017eu unutarnje i vanjske jedinice na visini do 5 metara, bez upotrebe skele ili auto dizalice.<br \/>\nKod ve\u0107ih visina dodatno se napla\u0107uju visinski radovi ili se anga\u017euje auto korpa ili postavlja skela koju dodatno pla\u0107a i osigurava kupac.<br \/>\nAko je potrebno demontirati i po potrebi ekolo\u0161ki zbrinuti stari klima ure\u0111aj, demonta\u017ea se dodatno pla\u0107a prema<br \/>\nMolimo Vas da nas prema potrebi kontaktirate za detalje kako bi prije izvo\u0111enja dobili sve informacije o potrebnim radovima i cijeni<\/p>\n<p>&nbsp;<\/p>\n<p>U standardnu monta\u017eu klima ure\u0111aja uklju\u010deno je:<\/p>\n<p>Dobava i postavljanje do 3 metra plinskih i elektro instalacija izme\u0111u unutarnje i vanjske jedinice<br \/>\nDobava i postavljanje do 3 metra PVC kanala za postavljanje instalacije izme\u0111u unutarnje i vanjske jedinice \u2013 nadgradno<br \/>\nDobava i postavljanje do 3 metra PVC kanala sa elektri\u010dnim kabelom za napajanje klima ure\u0111aja \u2013 nadgradno<br \/>\nDobava i postavljanje do 3 metra cijevi za odvod vode-kondenzata, slobodnim padom u pripremljeni odvod<br \/>\nDobava i postavljanje 1 par pocin\u010danih nosa\u010da za monta\u017eu vanjske jedinice (ukoliko nosa\u010di ve\u0107 postoje, to ne umanjuje cijenu usluge)<br \/>\nPotro\u0161ni materijal (\u0161arafi, tiplovi, izolacijska traka, vezice, silikon, gips i ostali potrebni materijal za monta\u017eu)<br \/>\n1 probijanje zida fi 55, debljine do 40cm (ukoliko rupa ve\u0107 postoji, to ne umanjuje cijenu usluge)<br \/>\nMonta\u017ea unutarnje i vanjske jedinice<br \/>\nSpajanje plinskih i elektro instalacija na unutarnjoj i vanjskoj jedinici<br \/>\nSpajanje napajanja na postoje\u0107u elektri\u010dnu instalaciju<br \/>\nVakumiranje<br \/>\nPu\u0161tanje u rad<br \/>\nTestiranje rada klime<br \/>\n\u010ci\u0161\u0107enje mijesta rada<br \/>\nOvjera garancije<\/p>\n<p><span style=\"color: #ff0000;\"><strong>Ukoliko monta\u017eu obavi osoba ili firma koju anga\u017euje kupac, a koja nije ovla\u0161tena za monta\u017eu klima ure\u0111aja, ista preuzima i odgovornost za eventualne kvarove i neispravnost na ure\u0111aju i monta\u017ei te u tom slu\u010daju Prodavatelj nije odgovoran za nastalu \u0161tetu a kupac gubi garanciju.<\/strong><\/span><\/p>\n<blockquote class=\"wp-embedded-content\" data-secret=\"Bl5haq2IQI\"><p><a href=\"http:\/\/astehshop.com\/index.php\/product\/montaza-klima-uredaja-12-ukljuceno-do-3m-svih-instalacija-nosaci\/\">Monta\u017ea klima ure\u0111aja 12\u201d ( uklju\u010deno do 3m svih instalacija ) + nosa\u010di<\/a><\/p><\/blockquote>\n<p><iframe class=\"wp-embedded-content\" sandbox=\"allow-scripts\" security=\"restricted\" style=\"position: absolute; clip: rect(1px, 1px, 1px, 1px);\" title=\"&#8220;Monta\u017ea klima ure\u0111aja 12\u201d ( uklju\u010deno do 3m svih instalacija ) + nosa\u010di&#8221; &#8212; Techno Shop Bijeljina\" src=\"http:\/\/astehshop.com\/index.php\/product\/montaza-klima-uredaja-12-ukljuceno-do-3m-svih-instalacija-nosaci\/embed\/#?secret=MqN0OG90l1#?secret=Bl5haq2IQI\" data-secret=\"Bl5haq2IQI\" width=\"500\" height=\"282\" frameborder=\"0\" marginwidth=\"0\" marginheight=\"0\" scrolling=\"no\"><\/iframe><\/p>\n<blockquote class=\"wp-embedded-content\" data-secret=\"AXvty9daf9\"><p><a href=\"http:\/\/astehshop.com\/index.php\/product\/demontaza-klima-uredaja-12\/\">Demonta\u017ea klima ure\u0111aja 12&#8221;<\/a><\/p><\/blockquote>\n<p><iframe class=\"wp-embedded-content\" sandbox=\"allow-scripts\" security=\"restricted\" style=\"position: absolute; clip: rect(1px, 1px, 1px, 1px);\" title=\"&#8220;Demonta\u017ea klima ure\u0111aja 12&#8221;&#8221; &#8212; Techno Shop Bijeljina\" src=\"http:\/\/astehshop.com\/index.php\/product\/demontaza-klima-uredaja-12\/embed\/#?secret=sN5K8QA9NU#?secret=AXvty9daf9\" data-secret=\"AXvty9daf9\" width=\"500\" height=\"282\" frameborder=\"0\" marginwidth=\"0\" marginheight=\"0\" scrolling=\"no\"><\/iframe><\/p>\n<blockquote class=\"wp-embedded-content\" data-secret=\"Xc6hmO24YA\"><p><a href=\"http:\/\/astehshop.com\/index.php\/product\/montaza-klima-uredaja-12-na-postojece-instalacije\/\">Monta\u017ea klima ure\u0111aja 12&#8221; na postoje\u0107e instalacije<\/a><\/p><\/blockquote>\n<p><iframe class=\"wp-embedded-content\" sandbox=\"allow-scripts\" security=\"restricted\" style=\"position: absolute; clip: rect(1px, 1px, 1px, 1px);\" title=\"&#8220;Monta\u017ea klima ure\u0111aja 12&#8221; na postoje\u0107e instalacije&#8221; &#8212; Techno Shop Bijeljina\" src=\"http:\/\/astehshop.com\/index.php\/product\/montaza-klima-uredaja-12-na-postojece-instalacije\/embed\/#?secret=VXzx9LPvGF#?secret=Xc6hmO24YA\" data-secret=\"Xc6hmO24YA\" width=\"500\" height=\"282\" frameborder=\"0\" marginwidth=\"0\" marginheight=\"0\" scrolling=\"no\"><\/iframe><\/p>\n<p>&nbsp;<\/p>\n<p>&nbsp;<\/p>\n<p>&nbsp;<\/p>\n<\/div>\n<\/div>\n<\/div>\n<\/li>\n<\/ul>\n<\/div>\n<\/div>\n<\/div>\n","protected":false},"excerpt":{"rendered":"<div class=\"elementor-element elementor-element-31be6bf mb-0 elementor-widget elementor-widget-porto_cp_excerpt\" data-id=\"31be6bf\" data-element_type=\"widget\" data-widget_type=\"porto_cp_excerpt.default\">\n<div class=\"elementor-widget-container\">\n<div class=\"description woocommerce-product-details__short-description\">\n<ul>\n<li>\n<div class=\"elementor-element elementor-element-31be6bf mb-0 elementor-widget elementor-widget-porto_cp_excerpt\" data-id=\"31be6bf\" data-element_type=\"widget\" data-widget_type=\"porto_cp_excerpt.default\">\n<div class=\"elementor-widget-container\">\n<div class=\"description woocommerce-product-details__short-description\">\n<ul>\n<li>\n<div class=\"elementor-element elementor-element-31be6bf mb-0 elementor-widget elementor-widget-porto_cp_excerpt\" data-id=\"31be6bf\" data-element_type=\"widget\" data-widget_type=\"porto_cp_excerpt.default\">\n<div class=\"elementor-widget-container\">\n<div class=\"description woocommerce-product-details__short-description\">\n<ul>\n<li>KAPACITET HLA\u0110ENJA: <strong>3,5 W<\/strong><\/li>\n<li>KAPACITET GREJANJA: <strong>3,8W<\/strong><\/li>\n<li>ENERGETSKA KLASA GRIJANJA: <strong>A++ <\/strong><\/li>\n<li>ENERGETSKA KLASA HLA\u0110ENJA: <strong>A+ <\/strong><\/li>\n<li>VRSTA GASA: <strong>R32 <\/strong><\/li>\n<li>PROTOK VAZDUHA:<strong> 600 <\/strong><\/li>\n<li>SPOJNA\/UNUTRA\u0160NJA JEDINICA (NIVO BUKE): <strong>53\/62dB<\/strong><\/li>\n<li>UNUTRA\u0160NJA JEDINICA NETO TE\u017dINA 8.5kg<\/li>\n<li>SPOJNA JEDINICA NETO TE\u017dINA 22.5kg<\/li>\n<li>DIMENZIJE (UNUTRA\u0160NJE) \u2013 NETO 750x285x200<\/li>\n<li>DIMENZIJE (SPOJNE)-NETO 650\u00d7455\u00d7233<\/li>\n<li>AMBIJENTALNA TEMP. -HLA\u0110ENJE <strong>16~49\u2103 <\/strong><\/li>\n<li>AMBIJENTALNA TEMP. \u2013 GREJANJE <strong>-15~30\u2103<\/strong><\/li>\n<li>NAPON 220-240W<\/li>\n<li>MAKSIMALNA ULAZNA SNAGA: 1,6kW<\/li>\n<li><strong>GARANCIJA 24 MJESECA<\/strong><\/li>\n<\/ul>\n<p>http:\/\/astehshop.com\/index.php\/product\/montaza-klima-uredaja-12-ukljuceno-do-3m-svih-instalacija-nosaci\/<\/p>\n<p>http:\/\/astehshop.com\/index.php\/product\/demontaza-klima-uredaja-12\/<\/p>\n<p>http:\/\/astehshop.com\/index.php\/product\/montaza-klima-uredaja-12-na-postojece-instalacije\/<\/p>\n<p>&nbsp;<\/p>\n<p>&nbsp;<\/p>\n<p>&nbsp;<\/p>\n<\/div>\n<\/div>\n<\/div>\n<\/li>\n<\/ul>\n<\/div>\n<\/div>\n<\/div>\n<\/li>\n<\/ul>\n<\/div>\n<\/div>\n<\/div>\n","protected":false},"featured_media":10019,"comment_status":"open","ping_status":"closed","template":"","meta":{"_mi_skip_tracking":false,"_exactmetrics_sitenote_active":false,"_exactmetrics_sitenote_note":"","_exactmetrics_sitenote_category":0,"spay_email":""},"product_cat":[2458],"product_tag":[7198,7200,7202,7197,1619,7196,2459,7199,7201,7119],"brands":[{"id":7663,"name":"Favorit","slug":"favorit"}],"df_price":649,"df_sale_price":"","df_regular_price":649,"df_image_link":"https:\/\/i1.wp.com\/astehshop.com\/wp-content\/uploads\/2024\/06\/favorit-12-do-15.png?fit=450%2C450","jetpack_publicize_connections":[],"jetpack_sharing_enabled":true,"jetpack_likes_enabled":true,"jetpack-related-posts":[{"id":10344,"url":"http:\/\/astehshop.com\/index.php\/product\/max-klima-12-on-off-mac12cw\/","url_meta":{"origin":9400,"position":0},"title":"Max klima 12&#8221; ON OFF MAC12CW","date":"7. svibnja 2025.","format":false,"excerpt":"Model MAC12CW Kapacitet hla\u0111enja (BTU\/H) 11000 Kapacitet hla\u0111enja (W) 3230 Kapacitet grejanja (BTU\/H) 11500 Kapacitet grejanja (W) 3370 EER za hla\u0111enje (W) 3,21 Energetska klasa hla\u0111enja A COP za grejanje (W) 3,61 Energetska klasa grejanja A Radna supstanca (freon) R410A","rel":"","context":"Srodne objave","img":{"alt_text":"","src":"https:\/\/i0.wp.com\/astehshop.com\/wp-content\/uploads\/2025\/05\/max-klima-bijeljina.jpg?fit=960%2C1200&resize=350%2C200","width":350,"height":200},"classes":[]},{"id":3431,"url":"http:\/\/astehshop.com\/index.php\/product\/klima-vivax-acp-12ch35aex-a-klasa\/","url_meta":{"origin":9400,"position":1},"title":"Klima VIVAX ACP-12CH35AEX A klasa","date":"23. lipnja 2019.","format":false,"excerpt":"Kapacitet hla\u0111enja: 3,517 kW. Energetska klasa hla\u0111enja: A. Kapacitet grijanja: 3,810 kWh. Energetska klasa grijanja: A. Podru\u010dje rada od -7C do +43C. Inteligentno napajanje. Indikator istjecanja rashladnog medija. EER: 3,21 COP: 3,61","rel":"","context":"Srodne objave","img":{"alt_text":"","src":"https:\/\/i0.wp.com\/astehshop.com\/wp-content\/uploads\/2019\/06\/ACP-12CH35AEX.jpg?fit=600%2C600&resize=350%2C200","width":350,"height":200},"classes":[]},{"id":9395,"url":"http:\/\/astehshop.com\/index.php\/product\/klima-uredaj-favorit-18000btu-jd-hb-inverter-do-25-gratis-nosaci\/","url_meta":{"origin":9400,"position":2},"title":"Klima ure\u0111aj FAVORIT 18000BTU JD HB INVERTER do -25","date":"22. lipnja 2024.","format":false,"excerpt":"KAPACITET HLA\u0110ENJA: 5.3W KAPACITET HLA\u0110ENJA (BTU) 18084 KAPACITET GREJANJA: 5.6W KAPACITET GREJANJA (BTU) 19107 SCOP ZA GREJANJE (W\/W)-PROSEK: 4.19W ENERGETSKA KLASA A++\/A+ VRSTA GASA R32 PROTOK VAZDUHA 850 SPOLJNA\/UNUTRA\u0160NJA JEDINICA (NIVO BUKE): 57\/62dB UNUTRA\u0160NJA JEDINICA NETO TE\u017dINA (KG) 11.5 SPOLJNA JEDINICA NETO TE\u017dINA (KG) 28 DIMENZIJE (UNUTRA\u0160NJE) \u2013 NETO 940*316*224\u2026","rel":"","context":"Srodne objave","img":{"alt_text":"","src":"https:\/\/i0.wp.com\/astehshop.com\/wp-content\/uploads\/2024\/06\/klima-18-25.png?fit=1080%2C1080&resize=350%2C200","width":350,"height":200},"classes":[]},{"id":9397,"url":"http:\/\/astehshop.com\/index.php\/product\/klima-uredaj-favorit-18000btu-ff-inverter\/","url_meta":{"origin":9400,"position":3},"title":"Klima ure\u0111aj FAVORIT 18000BTU FF INVERTER -15 stepeni","date":"22. lipnja 2024.","format":false,"excerpt":"KAPACITET HLA\u0110ENJA: 5.1kW KAPACITET GREJANJA: 5.2W ENERGETSKA KLASA : A++ SCOP ENERGETSKA KLASA-PROSEK : A+ VRSTA GASA : R32 PROTOK VAZDUHA : 850 SPOLJNA\/UNUTRA\u0160NJA JEDINICA (NIVO BUKE) :57\/62dB DIMENZIJE (UNUTRA\u0160NJE) \u2013 NETO : 900x310x225 DIMENZIJE (SPOLJNE)-NETO : 705x530x280 AMBIJENTALNA TEMP. -HLA\u0110ENJE : 16~49\u2103 AMBIJENTALNA TEMP. \u2013 GREJANJE : -15~30\u2103 GARANCIJA\u2026","rel":"","context":"Srodne objave","img":{"alt_text":"","src":"https:\/\/i2.wp.com\/astehshop.com\/wp-content\/uploads\/2024\/06\/klima-18-15-stepni.png?fit=1080%2C1080&resize=350%2C200","width":350,"height":200},"classes":[]},{"id":10167,"url":"http:\/\/astehshop.com\/index.php\/product\/azuri-console-parapetni-klima-uredaj-azi-fo25vd\/","url_meta":{"origin":9400,"position":4},"title":"AZURI CONSOLE Parapetni KLIMA URE\u0110AJ AZI-FO25VD","date":"6. travnja 2025.","format":false,"excerpt":"Podna unutarnja i vanjska jedinica U\u010dinak hla\u0111enja: 2,7kW (0,70 - 3,40) kW U\u010dinak grijanja: 2,9kW (0,60 - 3,50) kW Prikladno za prostor: do 25m2 Energetska klasa: A++ Wi-Fi upravljanje je uklju\u010deno u cijenu Garancija : 5 godina (3 god. osnovno + 2 god. uz registraciju) AZURI klima ure\u0111aji odlikuju se\u2026","rel":"","context":"Srodne objave","img":{"alt_text":"","src":"https:\/\/i0.wp.com\/astehshop.com\/wp-content\/uploads\/2025\/04\/parapetna-klima.png?fit=867%2C650&resize=350%2C200","width":350,"height":200},"classes":[]},{"id":7769,"url":"http:\/\/astehshop.com\/index.php\/product\/klima-uredaj-24000btu-premium-20-wifi-inverter-a-a\/","url_meta":{"origin":9400,"position":5},"title":"Klima ure\u0111aj, 24000Btu, premium -20\u00b0, Wifi, Inverter, A++\/A+","date":"15. svibnja 2023.","format":false,"excerpt":"Klima ure\u0111aj TAC-24CHSD\/LFI, 24000 Btu, kapacitet hla\u0111enja 6.84 ( 1.83 - 7.82 ) kW, kapacitet grijanja 7.05 ( 1.85 - 7.96 ) kW Protok zraka 1100 m\u00b3\/h, temperaturni opseg u modu hla\u0111enja -15\u00b0C - 53\u00b0C, premium -20\u00b0, grija\u010d vanjske jedinice, temperaturni opseg u modu grijanja -20\u00b0C - +30\u00b0C Rashladni plin\u2026","rel":"","context":"Srodne objave","img":{"alt_text":"","src":"https:\/\/i1.wp.com\/astehshop.com\/wp-content\/uploads\/2023\/05\/frozzini-24-bez-nosaca-scaled.jpg?fit=1200%2C936&resize=350%2C200","width":350,"height":200},"classes":[]}],"_links":{"self":[{"href":"http:\/\/astehshop.com\/index.php\/wp-json\/wp\/v2\/product\/9400"}],"collection":[{"href":"http:\/\/astehshop.com\/index.php\/wp-json\/wp\/v2\/product"}],"about":[{"href":"http:\/\/astehshop.com\/index.php\/wp-json\/wp\/v2\/types\/product"}],"replies":[{"embeddable":true,"href":"http:\/\/astehshop.com\/index.php\/wp-json\/wp\/v2\/comments?post=9400"}],"wp:featuredmedia":[{"embeddable":true,"href":"http:\/\/astehshop.com\/index.php\/wp-json\/wp\/v2\/media\/10019"}],"wp:attachment":[{"href":"http:\/\/astehshop.com\/index.php\/wp-json\/wp\/v2\/media?parent=9400"}],"wp:term":[{"taxonomy":"product_cat","embeddable":true,"href":"http:\/\/astehshop.com\/index.php\/wp-json\/wp\/v2\/product_cat?post=9400"},{"taxonomy":"product_tag","embeddable":true,"href":"http:\/\/astehshop.com\/index.php\/wp-json\/wp\/v2\/product_tag?post=9400"}],"curies":[{"name":"wp","href":"https:\/\/api.w.org\/{rel}","templated":true}]}}