{"id":9371,"date":"2024-06-11T09:19:46","date_gmt":"2024-06-11T07:19:46","guid":{"rendered":"http:\/\/astehshop.com\/?post_type=product&#038;p=9371"},"modified":"2026-01-14T18:49:43","modified_gmt":"2026-01-14T17:49:43","slug":"dahua-58-inca-ltv58-sd400-uhd-android-tv","status":"publish","type":"product","link":"http:\/\/astehshop.com\/index.php\/product\/dahua-58-inca-ltv58-sd400-uhd-android-tv\/","title":{"rendered":"DAHUA 58 in\u010da LTV58-SD400 UHD Android TV"},"content":{"rendered":"<table>\n<thead>\n<tr>\n<th colspan=\"2\">Karakteristike<\/th>\n<\/tr>\n<\/thead>\n<tbody>\n<tr>\n<td>Energetska klasa<\/td>\n<td>G<\/td>\n<\/tr>\n<\/tbody>\n<thead>\n<tr>\n<th colspan=\"2\">Ekran<\/th>\n<\/tr>\n<\/thead>\n<tbody>\n<tr>\n<td>Veli\u010dina ekrana<\/td>\n<td>58 in\u010da (147cm)<\/td>\n<\/tr>\n<tr>\n<td>Rezolucija<\/td>\n<td>4K Ultra HD (3.840 x 2.160)<\/td>\n<\/tr>\n<tr>\n<td>Tip ekrana<\/td>\n<td>LED<\/td>\n<\/tr>\n<tr>\n<td>Pozadinsko osvetljenje<\/td>\n<td>Direct LED<\/td>\n<\/tr>\n<tr>\n<td>Nativni kontrast<\/td>\n<td>5.000:1<\/td>\n<\/tr>\n<tr>\n<td>Osve\u017eavanje<\/td>\n<td>60Hz<\/td>\n<\/tr>\n<tr>\n<td>Osvetljenje<\/td>\n<td>300 nita<\/td>\n<\/tr>\n<tr>\n<td>Odnos stranica<\/td>\n<td>16:9<\/td>\n<\/tr>\n<tr>\n<td>Uglovi gledanja<\/td>\n<td>178 stepeni vertikalni, 178 stepeni horizontalni<\/td>\n<\/tr>\n<tr>\n<td>Paleta boja<\/td>\n<td>1.07 milijardi boja<\/td>\n<\/tr>\n<tr>\n<td>Ostalo<\/td>\n<td>Odziv 8ms<\/td>\n<\/tr>\n<\/tbody>\n<thead>\n<tr>\n<th colspan=\"2\">Video<\/th>\n<\/tr>\n<\/thead>\n<tbody>\n<tr>\n<td>Video signal<\/td>\n<td>HEVC\/H.265, VC1, MPEG1\/2, H.264, VP8, VP9, MPEG4<\/td>\n<\/tr>\n<tr>\n<td>Formati<\/td>\n<td>BMP, PNG, JPEG, GIF, WEBP, HEIF<\/td>\n<\/tr>\n<\/tbody>\n<thead>\n<tr>\n<th colspan=\"2\">Audio<\/th>\n<\/tr>\n<\/thead>\n<tbody>\n<tr>\n<td>Formati<\/td>\n<td>AAC, AC3, MPEG1\/2 L1\/2\/3, HE-AAC, EAC3<\/td>\n<\/tr>\n<tr>\n<td>Snaga zvu\u010dnika<\/td>\n<td>2x 8W<\/td>\n<\/tr>\n<tr>\n<td>Tehnologije<\/td>\n<td>Dolby Atmos<\/td>\n<\/tr>\n<\/tbody>\n<thead>\n<tr>\n<th colspan=\"2\">Priklju\u010dci \/ Slotovi<\/th>\n<\/tr>\n<\/thead>\n<tbody>\n<tr>\n<td>HDMI ulaz<\/td>\n<td>3<\/td>\n<\/tr>\n<tr>\n<td>Analogni video ulazi<\/td>\n<td>Mini AV<\/td>\n<\/tr>\n<tr>\n<td>Audio izlaz<\/td>\n<td>1x S\/PDIF<\/td>\n<\/tr>\n<tr>\n<td>Ukupno USB priklju\u010daka<\/td>\n<td>2<\/td>\n<\/tr>\n<tr>\n<td>USB<\/td>\n<td>2x USB 2.0<\/td>\n<\/tr>\n<tr>\n<td>Ostali priklju\u010dci\/Slotovi<\/td>\n<td>RJ-45 (Ethernet LAN), CI +<\/td>\n<\/tr>\n<\/tbody>\n<thead>\n<tr>\n<th colspan=\"2\">Dodatne funkcije<\/th>\n<\/tr>\n<\/thead>\n<tbody>\n<tr>\n<td>Wi-Fi<\/td>\n<td>Da<\/td>\n<\/tr>\n<tr>\n<td>Bluetooth<\/td>\n<td>Da<\/td>\n<\/tr>\n<tr>\n<td>Opis be\u017ei\u010dne veze<\/td>\n<td>Bluetooth 5.1<\/td>\n<\/tr>\n<tr>\n<td>Operativni sistem<\/td>\n<td>Android<\/td>\n<\/tr>\n<tr>\n<td>Dodatne funkcije<\/td>\n<td>Android 11<\/td>\n<\/tr>\n<tr>\n<td>Ostalo<\/td>\n<td>2GB ram memorije, 8GB interne memorije<\/td>\n<\/tr>\n<\/tbody>\n<thead>\n<tr>\n<th colspan=\"2\">Fizi\u010dke karakteristike<\/th>\n<\/tr>\n<\/thead>\n<tbody>\n<tr>\n<td>Montiranje na zid<\/td>\n<td>VESA 300mm x 200mm<\/td>\n<\/tr>\n<tr>\n<td>Masa<\/td>\n<td>12.8kg (sa postoljem)<\/td>\n<\/tr>\n<tr>\n<td>Boja<\/td>\n<td>Crna<\/td>\n<\/tr>\n<\/tbody>\n<\/table>\n","protected":false},"excerpt":{"rendered":"<table>\n<thead>\n<tr>\n<th colspan=\"2\">Karakteristike<\/th>\n<\/tr>\n<\/thead>\n<tbody>\n<tr>\n<td>Energetska klasa<\/td>\n<td>G<\/td>\n<\/tr>\n<\/tbody>\n<thead>\n<tr>\n<th colspan=\"2\">Ekran<\/th>\n<\/tr>\n<\/thead>\n<tbody>\n<tr>\n<td>Veli\u010dina ekrana<\/td>\n<td>58 in\u010da (147cm)<\/td>\n<\/tr>\n<tr>\n<td>Rezolucija<\/td>\n<td>4K Ultra HD (3.840 x 2.160)<\/td>\n<\/tr>\n<tr>\n<td>Tip ekrana<\/td>\n<td>LED<\/td>\n<\/tr>\n<tr>\n<td>Pozadinsko osvetljenje<\/td>\n<td>Direct LED<\/td>\n<\/tr>\n<tr>\n<td>Nativni kontrast<\/td>\n<td>5.000:1<\/td>\n<\/tr>\n<tr>\n<td>Osve\u017eavanje<\/td>\n<td>60Hz<\/td>\n<\/tr>\n<tr>\n<td>Osvetljenje<\/td>\n<td>300 nita<\/td>\n<\/tr>\n<tr>\n<td>Odnos stranica<\/td>\n<td>16:9<\/td>\n<\/tr>\n<tr>\n<td>Uglovi gledanja<\/td>\n<td>178 stepeni vertikalni, 178 stepeni horizontalni<\/td>\n<\/tr>\n<tr>\n<td>Paleta boja<\/td>\n<td>1.07 milijardi boja<\/td>\n<\/tr>\n<tr>\n<td>Ostalo<\/td>\n<td>Odziv 8ms<\/td>\n<\/tr>\n<\/tbody>\n<thead>\n<tr>\n<th colspan=\"2\">Video<\/th>\n<\/tr>\n<\/thead>\n<tbody>\n<tr>\n<td>Video signal<\/td>\n<td>HEVC\/H.265, VC1, MPEG1\/2, H.264, VP8, VP9, MPEG4<\/td>\n<\/tr>\n<tr>\n<td>Formati<\/td>\n<td>BMP, PNG, JPEG, GIF, WEBP, HEIF<\/td>\n<\/tr>\n<\/tbody>\n<thead>\n<tr>\n<th colspan=\"2\">Audio<\/th>\n<\/tr>\n<\/thead>\n<tbody>\n<tr>\n<td>Formati<\/td>\n<td>AAC, AC3, MPEG1\/2 L1\/2\/3, HE-AAC, EAC3<\/td>\n<\/tr>\n<tr>\n<td>Snaga zvu\u010dnika<\/td>\n<td>2x 8W<\/td>\n<\/tr>\n<tr>\n<td>Tehnologije<\/td>\n<td>Dolby Atmos<\/td>\n<\/tr>\n<\/tbody>\n<thead>\n<tr>\n<th colspan=\"2\">Priklju\u010dci \/ Slotovi<\/th>\n<\/tr>\n<\/thead>\n<tbody>\n<tr>\n<td>HDMI ulaz<\/td>\n<td>3<\/td>\n<\/tr>\n<tr>\n<td>Analogni video ulazi<\/td>\n<td>Mini AV<\/td>\n<\/tr>\n<tr>\n<td>Audio izlaz<\/td>\n<td>1x S\/PDIF<\/td>\n<\/tr>\n<tr>\n<td>Ukupno USB priklju\u010daka<\/td>\n<td>2<\/td>\n<\/tr>\n<tr>\n<td>USB<\/td>\n<td>2x USB 2.0<\/td>\n<\/tr>\n<tr>\n<td>Ostali priklju\u010dci\/Slotovi<\/td>\n<td>RJ-45 (Ethernet LAN), CI +<\/td>\n<\/tr>\n<\/tbody>\n<thead>\n<tr>\n<th colspan=\"2\">Dodatne funkcije<\/th>\n<\/tr>\n<\/thead>\n<tbody>\n<tr>\n<td>Wi-Fi<\/td>\n<td>Da<\/td>\n<\/tr>\n<tr>\n<td>Bluetooth<\/td>\n<td>Da<\/td>\n<\/tr>\n<tr>\n<td>Opis be\u017ei\u010dne veze<\/td>\n<td>Bluetooth 5.1<\/td>\n<\/tr>\n<tr>\n<td>Operativni sistem<\/td>\n<td>Android<\/td>\n<\/tr>\n<tr>\n<td>Dodatne funkcije<\/td>\n<td>Android 11<\/td>\n<\/tr>\n<tr>\n<td>Ostalo<\/td>\n<td>2GB ram memorije, 8GB interne memorije<\/td>\n<\/tr>\n<\/tbody>\n<thead>\n<tr>\n<th colspan=\"2\">Fizi\u010dke karakteristike<\/th>\n<\/tr>\n<\/thead>\n<tbody>\n<tr>\n<td>Montiranje na zid<\/td>\n<td>VESA 300mm x 200mm<\/td>\n<\/tr>\n<tr>\n<td>Masa<\/td>\n<td>12.8kg (sa postoljem)<\/td>\n<\/tr>\n<tr>\n<td>Boja<\/td>\n<td>Crna<\/td>\n<\/tr>\n<\/tbody>\n<\/table>\n","protected":false},"featured_media":9372,"comment_status":"open","ping_status":"closed","template":"","meta":{"_mi_skip_tracking":false,"_exactmetrics_sitenote_active":false,"_exactmetrics_sitenote_note":"","_exactmetrics_sitenote_category":0,"spay_email":""},"product_cat":[2011],"product_tag":[7150,7154,7155,7152,7151,7138,7156,7149,4187,7153,2790,3124],"brands":[{"id":2045,"name":"Dahua","slug":"dahua"}],"df_price":"","df_sale_price":"","df_regular_price":"","df_image_link":"https:\/\/i2.wp.com\/astehshop.com\/wp-content\/uploads\/2024\/06\/219868.jpg?fit=450%2C363","jetpack_publicize_connections":[],"jetpack_sharing_enabled":true,"jetpack_likes_enabled":true,"jetpack-related-posts":[{"id":9373,"url":"http:\/\/astehshop.com\/index.php\/product\/dahua-50-ltv50-sd400-uhd-android-tv\/","url_meta":{"origin":9371,"position":0},"title":"DAHUA 50&#8243; LTV50-SD400 UHD Android TV","date":"11. lipnja 2024.","format":false,"excerpt":"Karakteristike Energetska klasa G Ekran Veli\u010dina ekrana 50 in\u010da (127cm) Rezolucija 4K Ultra HD (3.840 x 2.160) Tip ekrana LED Pozadinsko osvetljenje Direct LED Nativni kontrast 5.000:1 Osve\u017eavanje 60Hz Osvetljenje 300 nita Odnos stranica 16:9 Uglovi gledanja 178 stepeni horizontalni, 178 stepeni vertikalni Paleta boja 1.07 milijardi boja Ostalo Odziv\u2026","rel":"","context":"Srodne objave","img":{"alt_text":"","src":"https:\/\/i1.wp.com\/astehshop.com\/wp-content\/uploads\/2024\/06\/LTV32-SD100_1_1701345107.jpg?fit=1200%2C832&resize=350%2C200","width":350,"height":200},"classes":[]},{"id":9367,"url":"http:\/\/astehshop.com\/index.php\/product\/dahua-43-inca-ltv43-sd200-fhd-android-tv\/","url_meta":{"origin":9371,"position":1},"title":"DAHUA 43 in\u010da LTV43-SD200 FHD Android TV","date":"11. lipnja 2024.","format":false,"excerpt":"Budite deo ne\u010deg sjajnog Ponosni smo na ono \u0161to radimo i ko smo. U Dahua Technology, bic\u0301ete okru\u017eeni timom koji je posvec\u0301en, bistar i entuzijasti\u010dan u pogledu tehnologije i bezbednosnih re\u0161enja. Uvek poku\u0161avamo da prona\u0111emo nove na\u010dine da pobolj\u0161amo na\u0161u metodologiju, na\u0161e operacije i podignemo standarde u na\u0161oj industriji. Mi\u2026","rel":"","context":"Srodne objave","img":{"alt_text":"","src":"https:\/\/i0.wp.com\/astehshop.com\/wp-content\/uploads\/2024\/06\/LTV32-SD100_21_thumb.png?fit=400%2C400&resize=350%2C200","width":350,"height":200},"classes":[]},{"id":7013,"url":"http:\/\/astehshop.com\/index.php\/product\/hyperx-alloy-core-rgb-gaming-tastatura\/","url_meta":{"origin":9371,"position":2},"title":"HyperX Alloy Core RGB Gaming Tastatura","date":"8. prosinca 2022.","format":false,"excerpt":"Membrane, Wired, Layout Eng, Veli\u010dina tastature:Velika tastatura (Full Size - sa numeri\u010dkim djelom),Slovni raspored: EN (US),Tip tastera Membranski tasteri,Nisko-profilni tasteri:Ne, Anti-ghost tasteri;Da,Odziv (Polling rate) 1000 Hz \/ 1 ms, Multimedijalni tasteri 10 tastera + preko Fn tastera,Vodootpornost (manje koli\u010dine te\u010dnosti) Da,Oslonac za dlanove Ne, Ergonomski raspored tastera Ne,Du\u017eina kabla tastature\u2026","rel":"","context":"Srodne objave","img":{"alt_text":"","src":"https:\/\/i0.wp.com\/astehshop.com\/wp-content\/uploads\/2022\/12\/25848-Kingston-HyperX-Tastatura-Alloy-Core-RGB-1.jpg?fit=685%2C589&resize=350%2C200","width":350,"height":200},"classes":[]},{"id":8219,"url":"http:\/\/astehshop.com\/index.php\/product\/xiaomi-mi-desktop-monitor-27-fullhd-ips\/","url_meta":{"origin":9371,"position":3},"title":"XIAOMI MI DESKTOP MONITOR 27&#8243; FullHD IPS","date":"31. kolovoza 2023.","format":false,"excerpt":"Veli\u010dina ekrana: 27 in\u010da Broj boja: 16,7 miliona Rezolucija: 1920\u00d71080 Brzina osvje\u017eavanja: 75Hz HDMI 1.4 port \u00d71 VGA port \u00d71 Audio port \u00d71 DC IN port za napajanje","rel":"","context":"Srodne objave","img":{"alt_text":"","src":"https:\/\/i1.wp.com\/astehshop.com\/wp-content\/uploads\/2023\/08\/51042.webp?fit=1200%2C675&resize=350%2C200","width":350,"height":200},"classes":[]},{"id":9617,"url":"http:\/\/astehshop.com\/index.php\/product\/dahua-smart-interactive-whiteboard-lch65-mc410-b-65\/","url_meta":{"origin":9371,"position":4},"title":"DAHUA Smart interactive whiteboard LCH65-MC410-B 65&#8243;","date":"21. studenoga 2024.","format":false,"excerpt":"Ugra\u0111eni Sistem Operativni Sistem Spoljnog Modula Android 9.0 CPU: \u010cetverojezgarni A55 Frekvencija CPU-a: 1.9 GHz GPU: Mali-G31 MP2 RAM: 4 GB ROM: 32 GB Funkcija Primenjivi Operativni Sistemi Windows 7\/8\/10; Android WiFi: Dual-band 2.4 GHz\/5 GHz Wi-Fi Hotspot Dual-band 2.4 GHz\/5 GHz; podr\u0161ka za istovremeno omogu\u0107avanje hotspot-a i Wi-Fi-ja LCD\u2026","rel":"","context":"Srodne objave","img":{"alt_text":"","src":"https:\/\/i1.wp.com\/astehshop.com\/wp-content\/uploads\/2024\/11\/LCH65-MC410-B-65.jpg?fit=700%2C500&resize=350%2C200","width":350,"height":200},"classes":[]},{"id":11745,"url":"http:\/\/astehshop.com\/index.php\/product\/televizor-max-32mt104-32-inca-81-cm\/","url_meta":{"origin":9371,"position":5},"title":"Televizor MAX 32MT104 32 in\u010da 81 CM","date":"27. rujna 2025.","format":false,"excerpt":"Velil\u010dina ekrana 32\u2033 (81 cm) Tip ekrana \u2013 Direct LED Rezolucija \u2013 1360\u00d7768 HD Ready Boje za prikazivanje \u2013 16.7 Miliona Ugao gledanja \u2013 178* Tip tjunera \u2013 DVB-T\/C\/T2 Mod za sliku \u2013 Standard\/Bright\/Soft\/User Mod za zvuk \u2013 Standard\/Music\/Movie\/User Audio snaga (output) \u2013 6W + 6W Konekcije \u2013 HDMIx2, USB\u2026","rel":"","context":"Srodne objave","img":{"alt_text":"","src":"https:\/\/i0.wp.com\/astehshop.com\/wp-content\/uploads\/2025\/09\/max_32-removebg-preview.png?fit=502%2C497&resize=350%2C200","width":350,"height":200},"classes":[]}],"_links":{"self":[{"href":"http:\/\/astehshop.com\/index.php\/wp-json\/wp\/v2\/product\/9371"}],"collection":[{"href":"http:\/\/astehshop.com\/index.php\/wp-json\/wp\/v2\/product"}],"about":[{"href":"http:\/\/astehshop.com\/index.php\/wp-json\/wp\/v2\/types\/product"}],"replies":[{"embeddable":true,"href":"http:\/\/astehshop.com\/index.php\/wp-json\/wp\/v2\/comments?post=9371"}],"wp:featuredmedia":[{"embeddable":true,"href":"http:\/\/astehshop.com\/index.php\/wp-json\/wp\/v2\/media\/9372"}],"wp:attachment":[{"href":"http:\/\/astehshop.com\/index.php\/wp-json\/wp\/v2\/media?parent=9371"}],"wp:term":[{"taxonomy":"product_cat","embeddable":true,"href":"http:\/\/astehshop.com\/index.php\/wp-json\/wp\/v2\/product_cat?post=9371"},{"taxonomy":"product_tag","embeddable":true,"href":"http:\/\/astehshop.com\/index.php\/wp-json\/wp\/v2\/product_tag?post=9371"}],"curies":[{"name":"wp","href":"https:\/\/api.w.org\/{rel}","templated":true}]}}