{"id":9367,"date":"2024-06-11T09:11:02","date_gmt":"2024-06-11T07:11:02","guid":{"rendered":"http:\/\/astehshop.com\/?post_type=product&#038;p=9367"},"modified":"2026-01-14T18:50:26","modified_gmt":"2026-01-14T17:50:26","slug":"dahua-43-inca-ltv43-sd200-fhd-android-tv","status":"publish","type":"product","link":"http:\/\/astehshop.com\/index.php\/product\/dahua-43-inca-ltv43-sd200-fhd-android-tv\/","title":{"rendered":"DAHUA 43 in\u010da LTV43-SD200 FHD Android TV"},"content":{"rendered":"<div id=\"block-255947\" class=\"5947\">\n<div class=\"block-255947\">\n<div class=\"row backgroundRow homeBlockHolder block-25\">\n<div class=\"col-sm-12\">\n<h3 class=\"\">Budite deo ne\u010deg sjajnog<\/h3>\n<\/div>\n<\/div>\n<\/div>\n<\/div>\n<div id=\"block-45949\" class=\"5949\">\n<div class=\"block-45949\">\n<div class=\"row backgroundRow homeBlockHolder block-04\">\n<div class=\"col-md-10 col-md-offset-1\">\n<p class=\"\">Ponosni smo na ono \u0161to radimo i ko smo. U Dahua Technology, bic\u0301ete okru\u017eeni timom koji je posvec\u0301en, bistar i entuzijasti\u010dan u pogledu tehnologije i bezbednosnih re\u0161enja. Uvek poku\u0161avamo da prona\u0111emo nove na\u010dine da pobolj\u0161amo na\u0161u metodologiju, na\u0161e operacije i podignemo standarde u na\u0161oj industriji. Mi smo kultura izgra\u0111ena na brizi jedni o drugima, na\u0161im klijentima, a iznad svega \u2013 nudimo re\u0161enje koje funkcioni\u0161e za sve.<\/p>\n<h2 class=\"text-gray-600 text-2xl font-bold pt-4 lg:pt-0\">Opis proizvoda<\/h2>\n<div class=\"relative overflow-x-auto w-full text-md text-left text-gray-500 pt-4 table-container\">\n<table>\n<thead>\n<tr>\n<th colspan=\"2\">Karakteristike<\/th>\n<\/tr>\n<\/thead>\n<tbody>\n<tr>\n<td>Energetska klasa<\/td>\n<td>F<\/td>\n<\/tr>\n<\/tbody>\n<thead>\n<tr>\n<th colspan=\"2\">Ekran<\/th>\n<\/tr>\n<\/thead>\n<tbody>\n<tr>\n<td>Veli\u010dina ekrana<\/td>\n<td>43 in\u010da (109cm)<\/td>\n<\/tr>\n<tr>\n<td>Rezolucija<\/td>\n<td>Full HD (1.920 x 1.080)<\/td>\n<\/tr>\n<tr>\n<td>Tip ekrana<\/td>\n<td>LED<\/td>\n<\/tr>\n<tr>\n<td>Pozadinsko osvetljenje<\/td>\n<td>Direct LED<\/td>\n<\/tr>\n<tr>\n<td>Nativni kontrast<\/td>\n<td>1.200:1<\/td>\n<\/tr>\n<tr>\n<td>Osve\u017eavanje<\/td>\n<td>60Hz<\/td>\n<\/tr>\n<tr>\n<td>Osvetljenje<\/td>\n<td>260 nita<\/td>\n<\/tr>\n<tr>\n<td>Odnos stranica<\/td>\n<td>16:9<\/td>\n<\/tr>\n<tr>\n<td>Uglovi gledanja<\/td>\n<td>178 stepeni vertikalni, 178 stepeni horizontalni<\/td>\n<\/tr>\n<tr>\n<td>Paleta boja<\/td>\n<td>1.07 milijardi boja<\/td>\n<\/tr>\n<tr>\n<td>Ostalo<\/td>\n<td>Odziv 8ms<\/td>\n<\/tr>\n<\/tbody>\n<thead>\n<tr>\n<th colspan=\"2\">Video<\/th>\n<\/tr>\n<\/thead>\n<tbody>\n<tr>\n<td>Video signal<\/td>\n<td>HEVC\/H.265, VC1, MPEG1\/2, H.264, VP8, VP9, MPEG4<\/td>\n<\/tr>\n<tr>\n<td>Formati<\/td>\n<td>BMP, PNG, JPEG, GIF<\/td>\n<\/tr>\n<\/tbody>\n<thead>\n<tr>\n<th colspan=\"2\">Audio<\/th>\n<\/tr>\n<\/thead>\n<tbody>\n<tr>\n<td>Formati<\/td>\n<td>AAC, AC3, MPEG1\/2 L1\/2\/3, HE-AAC, EAC3<\/td>\n<\/tr>\n<tr>\n<td>Snaga zvu\u010dnika<\/td>\n<td>2x 8W<\/td>\n<\/tr>\n<tr>\n<td>Tehnologije<\/td>\n<td>Dolby Atmos<\/td>\n<\/tr>\n<\/tbody>\n<thead>\n<tr>\n<th colspan=\"2\">Priklju\u010dci \/ Slotovi<\/th>\n<\/tr>\n<\/thead>\n<tbody>\n<tr>\n<td>HDMI ulaz<\/td>\n<td>2<\/td>\n<\/tr>\n<tr>\n<td>Analogni video ulazi<\/td>\n<td>Mini AV<\/td>\n<\/tr>\n<tr>\n<td>Audio izlaz<\/td>\n<td>1x S\/PDIF<\/td>\n<\/tr>\n<tr>\n<td>Ukupno USB priklju\u010daka<\/td>\n<td>2<\/td>\n<\/tr>\n<tr>\n<td>USB<\/td>\n<td>2x USB 2.0<\/td>\n<\/tr>\n<tr>\n<td>Ostali priklju\u010dci\/Slotovi<\/td>\n<td>RJ-45 (Ethernet LAN), CI +<\/td>\n<\/tr>\n<\/tbody>\n<thead>\n<tr>\n<th colspan=\"2\">Dodatne funkcije<\/th>\n<\/tr>\n<\/thead>\n<tbody>\n<tr>\n<td>Wi-Fi<\/td>\n<td>Da<\/td>\n<\/tr>\n<tr>\n<td>Operativni sistem<\/td>\n<td>Android<\/td>\n<\/tr>\n<tr>\n<td>Dodatne funkcije<\/td>\n<td>Android 11<\/td>\n<\/tr>\n<tr>\n<td>Ostalo<\/td>\n<td>1GB ram memorije, 8GB interne memorije<\/td>\n<\/tr>\n<\/tbody>\n<thead>\n<tr>\n<th colspan=\"2\">Fizi\u010dke karakteristike<\/th>\n<\/tr>\n<\/thead>\n<tbody>\n<tr>\n<td>Montiranje na zid<\/td>\n<td>VESA 200mm x 200mm<\/td>\n<\/tr>\n<tr>\n<td>Masa<\/td>\n<td>6.2kg<\/td>\n<\/tr>\n<tr>\n<td>Boja<\/td>\n<td>Crna<\/td>\n<\/tr>\n<\/tbody>\n<\/table>\n<\/div>\n<\/div>\n<\/div>\n<\/div>\n<\/div>\n","protected":false},"excerpt":{"rendered":"<div id=\"block-255947\" class=\"5947\">\n<div class=\"block-255947\">\n<div class=\"row backgroundRow homeBlockHolder block-25\">\n<div class=\"col-sm-12\">\n<h3 class=\"\">Budite deo ne\u010deg sjajnog<\/h3>\n<\/div>\n<\/div>\n<\/div>\n<\/div>\n<div id=\"block-45949\" class=\"5949\">\n<div class=\"block-45949\">\n<div class=\"row backgroundRow homeBlockHolder block-04\">\n<div class=\"col-md-10 col-md-offset-1\">\n<p class=\"\">Ponosni smo na ono \u0161to radimo i ko smo. U Dahua Technology, bic\u0301ete okru\u017eeni timom koji je posvec\u0301en, bistar i entuzijasti\u010dan u pogledu tehnologije i bezbednosnih re\u0161enja. Uvek poku\u0161avamo da prona\u0111emo nove na\u010dine da pobolj\u0161amo na\u0161u metodologiju, na\u0161e operacije i podignemo standarde u na\u0161oj industriji. Mi smo kultura izgra\u0111ena na brizi jedni o drugima, na\u0161im klijentima, a iznad svega \u2013 nudimo re\u0161enje koje funkcioni\u0161e za sve.<\/p>\n<h2 class=\"text-gray-600 text-2xl font-bold pt-4 lg:pt-0\">Opis proizvoda<\/h2>\n<div class=\"relative overflow-x-auto w-full text-md text-left text-gray-500 pt-4 table-container\">\n<table>\n<thead>\n<tr>\n<th colspan=\"2\">Karakteristike<\/th>\n<\/tr>\n<\/thead>\n<tbody>\n<tr>\n<td>Energetska klasa<\/td>\n<td>F<\/td>\n<\/tr>\n<\/tbody>\n<thead>\n<tr>\n<th colspan=\"2\">Ekran<\/th>\n<\/tr>\n<\/thead>\n<tbody>\n<tr>\n<td>Veli\u010dina ekrana<\/td>\n<td>43 in\u010da (109cm)<\/td>\n<\/tr>\n<tr>\n<td>Rezolucija<\/td>\n<td>Full HD (1.920 x 1.080)<\/td>\n<\/tr>\n<tr>\n<td>Tip ekrana<\/td>\n<td>LED<\/td>\n<\/tr>\n<tr>\n<td>Pozadinsko osvetljenje<\/td>\n<td>Direct LED<\/td>\n<\/tr>\n<tr>\n<td>Nativni kontrast<\/td>\n<td>1.200:1<\/td>\n<\/tr>\n<tr>\n<td>Osve\u017eavanje<\/td>\n<td>60Hz<\/td>\n<\/tr>\n<tr>\n<td>Osvetljenje<\/td>\n<td>260 nita<\/td>\n<\/tr>\n<tr>\n<td>Odnos stranica<\/td>\n<td>16:9<\/td>\n<\/tr>\n<tr>\n<td>Uglovi gledanja<\/td>\n<td>178 stepeni vertikalni, 178 stepeni horizontalni<\/td>\n<\/tr>\n<tr>\n<td>Paleta boja<\/td>\n<td>1.07 milijardi boja<\/td>\n<\/tr>\n<tr>\n<td>Ostalo<\/td>\n<td>Odziv 8ms<\/td>\n<\/tr>\n<\/tbody>\n<thead>\n<tr>\n<th colspan=\"2\">Video<\/th>\n<\/tr>\n<\/thead>\n<tbody>\n<tr>\n<td>Video signal<\/td>\n<td>HEVC\/H.265, VC1, MPEG1\/2, H.264, VP8, VP9, MPEG4<\/td>\n<\/tr>\n<tr>\n<td>Formati<\/td>\n<td>BMP, PNG, JPEG, GIF<\/td>\n<\/tr>\n<\/tbody>\n<thead>\n<tr>\n<th colspan=\"2\">Audio<\/th>\n<\/tr>\n<\/thead>\n<tbody>\n<tr>\n<td>Formati<\/td>\n<td>AAC, AC3, MPEG1\/2 L1\/2\/3, HE-AAC, EAC3<\/td>\n<\/tr>\n<tr>\n<td>Snaga zvu\u010dnika<\/td>\n<td>2x 8W<\/td>\n<\/tr>\n<tr>\n<td>Tehnologije<\/td>\n<td>Dolby Atmos<\/td>\n<\/tr>\n<\/tbody>\n<thead>\n<tr>\n<th colspan=\"2\">Priklju\u010dci \/ Slotovi<\/th>\n<\/tr>\n<\/thead>\n<tbody>\n<tr>\n<td>HDMI ulaz<\/td>\n<td>2<\/td>\n<\/tr>\n<tr>\n<td>Analogni video ulazi<\/td>\n<td>Mini AV<\/td>\n<\/tr>\n<tr>\n<td>Audio izlaz<\/td>\n<td>1x S\/PDIF<\/td>\n<\/tr>\n<tr>\n<td>Ukupno USB priklju\u010daka<\/td>\n<td>2<\/td>\n<\/tr>\n<tr>\n<td>USB<\/td>\n<td>2x USB 2.0<\/td>\n<\/tr>\n<tr>\n<td>Ostali priklju\u010dci\/Slotovi<\/td>\n<td>RJ-45 (Ethernet LAN), CI +<\/td>\n<\/tr>\n<\/tbody>\n<thead>\n<tr>\n<th colspan=\"2\">Dodatne funkcije<\/th>\n<\/tr>\n<\/thead>\n<tbody>\n<tr>\n<td>Wi-Fi<\/td>\n<td>Da<\/td>\n<\/tr>\n<tr>\n<td>Operativni sistem<\/td>\n<td>Android<\/td>\n<\/tr>\n<tr>\n<td>Dodatne funkcije<\/td>\n<td>Android 11<\/td>\n<\/tr>\n<tr>\n<td>Ostalo<\/td>\n<td>1GB ram memorije, 8GB interne memorije<\/td>\n<\/tr>\n<\/tbody>\n<thead>\n<tr>\n<th colspan=\"2\">Fizi\u010dke karakteristike<\/th>\n<\/tr>\n<\/thead>\n<tbody>\n<tr>\n<td>Montiranje na zid<\/td>\n<td>VESA 200mm x 200mm<\/td>\n<\/tr>\n<tr>\n<td>Masa<\/td>\n<td>6.2kg<\/td>\n<\/tr>\n<tr>\n<td>Boja<\/td>\n<td>Crna<\/td>\n<\/tr>\n<\/tbody>\n<\/table>\n<\/div>\n<\/div>\n<\/div>\n<\/div>\n<\/div>\n","protected":false},"featured_media":9368,"comment_status":"open","ping_status":"closed","template":"","meta":{"_mi_skip_tracking":false,"_exactmetrics_sitenote_active":false,"_exactmetrics_sitenote_note":"","_exactmetrics_sitenote_category":0,"spay_email":""},"product_cat":[2011],"product_tag":[2759,392,7138,7140,7143,7145,7139,7141,4187,7144,7142],"brands":[{"id":2045,"name":"Dahua","slug":"dahua"}],"df_price":"","df_sale_price":"","df_regular_price":"","df_image_link":"https:\/\/i0.wp.com\/astehshop.com\/wp-content\/uploads\/2024\/06\/LTV32-SD100_21_thumb.png?fit=400%2C400","jetpack_publicize_connections":[],"jetpack_sharing_enabled":true,"jetpack_likes_enabled":true,"jetpack-related-posts":[{"id":7061,"url":"http:\/\/astehshop.com\/index.php\/product\/video-nadzor-dahua-komplet-sa-4-kamere-5-mpx-full-color-mikrofon\/","url_meta":{"origin":9367,"position":0},"title":"Video nadzor Dahua komplet sa 4 kamere 5 MPX Full Color + mikrofon","date":"9. prosinca 2022.","format":false,"excerpt":"Dahua HDCVI video nadzor SET za poslovne prostore, dvori\u0161ta, gara\u017ee, ku\u0107e, stanove. 1 x Dahua 4 kanalni snima\u010d WizSense 4 x Dahua bullet kamera\u00a0 5 MPX FULL COLOR + integrisan mikrofon u samoj kameri\u00a0 HAC-HFW1509TLM(-A)-LED 1 x dodatno napajanje za kamere 1 x naljepnica Objekat je pod video nadzorom Dahua\u2026","rel":"","context":"Srodne objave","img":{"alt_text":"","src":"https:\/\/i0.wp.com\/astehshop.com\/wp-content\/uploads\/2022\/12\/dahua-5-mpx-full-color-1.jpg?fit=1200%2C953&resize=350%2C200","width":350,"height":200},"classes":[]},{"id":7030,"url":"http:\/\/astehshop.com\/index.php\/product\/video-nadzor-dahua-komplet-sa-jednom-kamerom-2-mpx\/","url_meta":{"origin":9367,"position":1},"title":"Video nadzor Dahua komplet sa jednom kamerom 2 MPX","date":"9. prosinca 2022.","format":false,"excerpt":"Dahua HDCVI video nadzor SET za poslovne prostore, dvori\u0161ta, gara\u017ee, ku\u0107e, stanove. 1 x Dahua 4 kanalni snima\u010d WizSense 1 x Dahua dome kamera T21a21 2 MPX 1 x disk 500 GB 1 x naljepnica Objekat je pod video nadzorom Dahua komplet video nadzor sa jednom Full HD kamerom nudi\u2026","rel":"","context":"Srodne objave","img":{"alt_text":"","src":"https:\/\/i0.wp.com\/astehshop.com\/wp-content\/uploads\/2022\/12\/komplet-sa-1-kamerom-2-mp.jpg?fit=1200%2C953&resize=350%2C200","width":350,"height":200},"classes":[]},{"id":7057,"url":"http:\/\/astehshop.com\/index.php\/product\/video-nadzor-dahua-komplet-sa-3-kamere-2-mpx-80m-ir-mikrofon\/","url_meta":{"origin":9367,"position":2},"title":"Video nadzor Dahua komplet sa 3 kamere 2 MPX 80M IR + mikrofon ISTEK ZALIHA","date":"9. prosinca 2022.","format":false,"excerpt":"Dahua HDCVI video nadzor SET za poslovne prostore, dvori\u0161ta, gara\u017ee, ku\u0107e, stanove. 1 x Dahua 4 kanalni snima\u010d WizSense 3 x Dahua bullet kamera\u00a0 2 MPX 80 Metara no\u0107ni IR + integrisan mikrofon u samoj kameri\u00a0 HAC-HFW1200TL 1 x disk 500 GB 1 x dodatno napajanje za kamere 1 x\u2026","rel":"","context":"Srodne objave","img":{"alt_text":"","src":"https:\/\/i0.wp.com\/astehshop.com\/wp-content\/uploads\/2022\/12\/sa-3-kamere-1200tl.jpg?fit=1200%2C953&resize=350%2C200","width":350,"height":200},"classes":[]},{"id":7034,"url":"http:\/\/astehshop.com\/index.php\/product\/video-nadzor-dahua-komplet-sa-2-kamere-5-mpx\/","url_meta":{"origin":9367,"position":3},"title":"Video nadzor Dahua komplet sa 2 kamere 5 MPX","date":"9. prosinca 2022.","format":false,"excerpt":"Dahua HDCVI video nadzor SET za poslovne prostore, dvori\u0161ta, gara\u017ee, ku\u0107e, stanove. 1 x Dahua 4 kanalni snima\u010d WizSense 2 x Dahua dome kamera 5 MPX 1 x disk 500 GB 1 x dodatno napajanje za kamere 12v 2A 1 x naljepnica Objekat je pod video nadzorom Dahua komplet video\u2026","rel":"","context":"Srodne objave","img":{"alt_text":"","src":"https:\/\/i2.wp.com\/astehshop.com\/wp-content\/uploads\/2022\/12\/dahua-set-2-kamere-5-mpx.jpg?fit=1200%2C953&resize=350%2C200","width":350,"height":200},"classes":[]},{"id":7036,"url":"http:\/\/astehshop.com\/index.php\/product\/video-nadzor-dahua-komplet-sa-1-kamerom-5-mpx\/","url_meta":{"origin":9367,"position":4},"title":"Video nadzor Dahua komplet sa 1 kamerom 5 MPX","date":"9. prosinca 2022.","format":false,"excerpt":"Dahua HDCVI video nadzor SET za poslovne prostore, dvori\u0161ta, gara\u017ee, ku\u0107e, stanove. 1 x Dahua 4 kanalni snima\u010d WizSense 1 x Dahua dome kamera 5 MPX 1 x disk 500 GB 1 x naljepnica Objekat je pod video nadzorom Dahua komplet video nadzor sa jednom 5MPX kamerom nudi mogu\u0107nost da\u2026","rel":"","context":"Srodne objave","img":{"alt_text":"","src":"https:\/\/i0.wp.com\/astehshop.com\/wp-content\/uploads\/2022\/12\/5-mpx-sa-jednom-kamerom.jpg?fit=1200%2C953&resize=350%2C200","width":350,"height":200},"classes":[]},{"id":7140,"url":"http:\/\/astehshop.com\/index.php\/product\/video-nadzor-dahua-komplet-sa-2-kamere-5-mpx-moto-zoom\/","url_meta":{"origin":9367,"position":5},"title":"Video nadzor Dahua komplet sa 2 kamere 5 MPX moto zoom","date":"19. sije\u010dnja 2023.","format":false,"excerpt":"Dahua HDCVI video nadzor SET za poslovne prostore, dvori\u0161ta, gara\u017ee, ku\u0107e, stanove. 1 x Dahua 4 kanalni snima\u010d WizSense 2 x Dahua dome kamera 5 MPX motorizovan zoom 2.7-12 mm realnih 16:9 sa mikrofonom 1 x disk 500 GB 1 x dodatno napajanje za kamere 12v 2A 1 x naljepnica\u2026","rel":"","context":"Srodne objave","img":{"alt_text":"","src":"https:\/\/i0.wp.com\/astehshop.com\/wp-content\/uploads\/2023\/01\/dahua-moto-zoom-5-mpx-scaled.jpg?fit=1200%2C995&resize=350%2C200","width":350,"height":200},"classes":[]}],"_links":{"self":[{"href":"http:\/\/astehshop.com\/index.php\/wp-json\/wp\/v2\/product\/9367"}],"collection":[{"href":"http:\/\/astehshop.com\/index.php\/wp-json\/wp\/v2\/product"}],"about":[{"href":"http:\/\/astehshop.com\/index.php\/wp-json\/wp\/v2\/types\/product"}],"replies":[{"embeddable":true,"href":"http:\/\/astehshop.com\/index.php\/wp-json\/wp\/v2\/comments?post=9367"}],"wp:featuredmedia":[{"embeddable":true,"href":"http:\/\/astehshop.com\/index.php\/wp-json\/wp\/v2\/media\/9368"}],"wp:attachment":[{"href":"http:\/\/astehshop.com\/index.php\/wp-json\/wp\/v2\/media?parent=9367"}],"wp:term":[{"taxonomy":"product_cat","embeddable":true,"href":"http:\/\/astehshop.com\/index.php\/wp-json\/wp\/v2\/product_cat?post=9367"},{"taxonomy":"product_tag","embeddable":true,"href":"http:\/\/astehshop.com\/index.php\/wp-json\/wp\/v2\/product_tag?post=9367"}],"curies":[{"name":"wp","href":"https:\/\/api.w.org\/{rel}","templated":true}]}}