{"id":9306,"date":"2024-05-06T11:10:56","date_gmt":"2024-05-06T09:10:56","guid":{"rendered":"http:\/\/astehshop.com\/?post_type=product&#038;p=9306"},"modified":"2024-11-23T17:05:11","modified_gmt":"2024-11-23T16:05:11","slug":"acer-electric-scooter-5-crni-60km-domet-25km-h-brzina-nosivost-do-120kg","status":"publish","type":"product","link":"http:\/\/astehshop.com\/index.php\/product\/acer-electric-scooter-5-crni-60km-domet-25km-h-brzina-nosivost-do-120kg\/","title":{"rendered":"Acer Electric Scooter 5, crni, 60km domet, 25km\/h brzina nosivost do 120kg"},"content":{"rendered":"<p>Acer Electric Scooter 5, crni, Moderan dizajn Lagan, kompaktan, s dopadljivim stiliziranim detaljima, Acer ES serije 5 okretno je, moderno i ekolo\u0161ki odgovorno rje\u0161enje za kretanje gradom. Maksimalna snaga Jurite gradskim ulicama i lako\u0107om savladavajte uspone s pomo\u0107u mo\u0107nog motora od 36 V \/ 350 W koji omogu\u0107ava ubrzanje do 25 km\/h na dodir tipke. Idite dalje Sna\u017ena baterija osigurava do 60 km ekolo\u0161ki odgovorne mobilnosti, za savladavanje udaljenosti od to\u010dke A do to\u010dke B i dalje. Aplikacija i Bluetooth Jednostavno uparite Acer ES serije 5 s aplikacijom Acer eScooter putem Bluetooth veze i zadr\u017eite kontrolu nad svim, uklju\u010duju\u0107i status baterije, preostalu snagu i sigurnosnu blokadu. 3 brzine Tri brzine olak\u0161avaju prebacivanje izme\u0111u laganog krstarenja pri 6 km\/h, vo\u017enje od 10 km\/h i br\u017ee kretanje pri 25 km\/h* (ovisno o lokalnim dr\u017eavnim propisima). LED zaslon Zaslon jasno prikazuje brzinu, napunjenost baterije i druge podatke.<\/p>\n<p>&nbsp;<\/p>\n<p><iframe loading=\"lazy\"  id=\"_ytid_48434\"  width=\"480\" height=\"270\"  data-origwidth=\"480\" data-origheight=\"270\"  src=\"https:\/\/www.youtube.com\/embed\/xFQ2p7xHz5M?enablejsapi=1&#038;autoplay=0&#038;cc_load_policy=0&#038;cc_lang_pref=&#038;iv_load_policy=1&#038;loop=0&#038;modestbranding=0&#038;rel=1&#038;fs=1&#038;playsinline=0&#038;autohide=2&#038;theme=dark&#038;color=red&#038;controls=1&#038;\" class=\"__youtube_prefs__  epyt-is-override  no-lazyload\" title=\"YouTube player\"  allow=\"autoplay; encrypted-media\" allowfullscreen data-no-lazy=\"1\" data-skipgform_ajax_framebjll=\"\"><\/iframe><\/p>\n<p>&nbsp;<\/p>\n","protected":false},"excerpt":{"rendered":"<p>Acer Electric Scooter 5, crni, Moderan dizajn Lagan, kompaktan, s dopadljivim stiliziranim detaljima, Acer ES serije 5 okretno je, moderno i ekolo\u0161ki odgovorno rje\u0161enje za kretanje gradom. Maksimalna snaga Jurite gradskim ulicama i lako\u0107om savladavajte uspone s pomo\u0107u mo\u0107nog motora od 36 V \/ 350 W koji omogu\u0107ava ubrzanje do 25 km\/h na dodir tipke. Idite dalje Sna\u017ena baterija osigurava do 60 km ekolo\u0161ki odgovorne mobilnosti, za savladavanje udaljenosti od to\u010dke A do to\u010dke B i dalje. Aplikacija i Bluetooth Jednostavno uparite Acer ES serije 5 s aplikacijom Acer eScooter putem Bluetooth veze i zadr\u017eite kontrolu nad svim, uklju\u010duju\u0107i status baterije, preostalu snagu i sigurnosnu blokadu. 3 brzine Tri brzine olak\u0161avaju prebacivanje izme\u0111u laganog krstarenja pri 6 km\/h, vo\u017enje od 10 km\/h i br\u017ee kretanje pri 25 km\/h* (ovisno o lokalnim dr\u017eavnim propisima). LED zaslon Zaslon jasno prikazuje brzinu, napunjenost baterije i druge podatke.<\/p>\n<p>&nbsp;<\/p>\n<p>https:\/\/www.youtube.com\/watch?v=xFQ2p7xHz5M<\/p>\n","protected":false},"featured_media":9314,"comment_status":"open","ping_status":"closed","template":"","meta":{"_mi_skip_tracking":false,"_exactmetrics_sitenote_active":false,"_exactmetrics_sitenote_note":"","_exactmetrics_sitenote_category":0,"spay_email":""},"product_cat":[6998],"product_tag":[7044,7045],"brands":[{"id":5537,"name":"ACER","slug":"acer"}],"df_price":999,"df_sale_price":"","df_regular_price":999,"df_image_link":"https:\/\/i0.wp.com\/astehshop.com\/wp-content\/uploads\/2024\/05\/0118759_acer-electric-scooter-5-crni-60km-domet-25kmh-brzina-nosivost-do-120kg.jpeg?fit=450%2C450","jetpack_publicize_connections":[],"jetpack_sharing_enabled":true,"jetpack_likes_enabled":true,"jetpack-related-posts":[{"id":2739,"url":"http:\/\/astehshop.com\/index.php\/product\/punjac-adapter-za-laptop-acer-19v-4-74a\/","url_meta":{"origin":9306,"position":0},"title":"PUNJA\u010c ADAPTER ZA Laptop ACER 19V 4.74A","date":"1. lipnja 2018.","format":false,"excerpt":"ADAPTER ZA Laptop ACER 19V 4,74A -PROMJER D\u017dEKA 5,5 x 1,7 -UZ ADAPTER NE DODJE NAPOJNI KABAL \u00a0 ROK ISPORUKE 24\/48 H","rel":"","context":"Srodne objave","img":{"alt_text":"","src":"https:\/\/i0.wp.com\/astehshop.com\/wp-content\/uploads\/2018\/06\/acer-asteh.jpg?fit=1200%2C1130&resize=350%2C200","width":350,"height":200},"classes":[]},{"id":3299,"url":"http:\/\/astehshop.com\/index.php\/product\/zamjenski-adapter-za-acer-i-emachines-laptope-technoshopbn\/","url_meta":{"origin":9306,"position":1},"title":"Zamjenski adapter za ACER i Emachines laptope &#8211; technoshopbn","date":"12. travnja 2019.","format":false,"excerpt":"Zamjenski adapter za ACER i Emachines laptope - technoshopbn","rel":"","context":"Srodne objave","img":{"alt_text":"","src":"https:\/\/i0.wp.com\/astehshop.com\/wp-content\/uploads\/2019\/04\/zamjesnki-adapter-acer-1.jpg?fit=500%2C500&resize=350%2C200","width":350,"height":200},"classes":[]},{"id":6359,"url":"http:\/\/astehshop.com\/index.php\/product\/acer-aspire-3-a315-58-3310-15-6\/","url_meta":{"origin":9306,"position":2},"title":"Acer Aspire 3 A315-58-3310 15.6&#8243;","date":"30. rujna 2022.","format":false,"excerpt":"Acer Aspire 3 A315-58-3310 15.6\" FHD IPS Intel i3-1115G4 8GB\/256 GB SSD\/2Y\/crvena\/NX.AL0EX.003 Acer Aspire 3 A315-58-3310 15.6 inch FHD IPS Intel i3-1115G4 8GB\/256 GB SSD\/2Y\/crvena\/NX.AL0EX.003 Standard za be\u017ei\u010dni LAN IEEE 802.11a\/b\/g\/n\/ac Ethernet tehnologija Gigabit Ethernet Standard Bluetootha Bluetooth 5.0 Su\u010delja\/Ulazi HDMI Da Broj HDMI izlaza 1 Broj USB 2.0 portova\u2026","rel":"","context":"Srodne objave","img":{"alt_text":"","src":"https:\/\/i1.wp.com\/astehshop.com\/wp-content\/uploads\/2022\/09\/Acer-Aspire-3-A315-58-3310-15.6.jpeg?fit=900%2C900&resize=350%2C200","width":350,"height":200},"classes":[]},{"id":9298,"url":"http:\/\/astehshop.com\/index.php\/product\/elektricni-romobil-xiaomi-e-scooter-4-10-gume\/","url_meta":{"origin":9306,"position":3},"title":"Elektri\u010dni romobil Xiaomi E-Scooter 4 10&#8221; gume","date":"6. svibnja 2024.","format":false,"excerpt":"Xiaomi E-Scooter 4 Xiaomi Electric Scooter 4 je visokokvalitetni elektri\u010dni skuter dizajniran da pru\u017ei udoban i ekolo\u0161ki prihvatljiv na\u010din kretanja u urbanim sredinama. Ovaj model je posebno prilago\u0111en za evropsko tr\u017ei\u0161te i ispunjava sve va\u017ee\u0107e EU direktive i sigurnosne standarde. - Sna\u017ean elektromotor Skuter je opremljen sna\u017enim elektri\u010dnim motorom koji\u2026","rel":"","context":"Srodne objave","img":{"alt_text":"","src":"https:\/\/i2.wp.com\/astehshop.com\/wp-content\/uploads\/2024\/05\/34702_1712926086c1m63d06bg.png?fit=1200%2C1181&resize=350%2C200","width":350,"height":200},"classes":[]},{"id":10296,"url":"http:\/\/astehshop.com\/index.php\/product\/laptop-acer-aspire-3-a313-ryzen-7-20-512gb-15-6\/","url_meta":{"origin":9306,"position":4},"title":"LAPTOP ACER ASPIRE 3 A313 Ryzen 7 20\/512GB 15.6&#8243;","date":"23. travnja 2025.","format":false,"excerpt":"ACER ASPIRE 3 A315-44P-R6GGC AMD Ryzen 7 5700U 8\/16 Cores 20GB DDR4 RAM, 512GB NVMe SSD, Grafika AMD Vega up to 4GB 15.6\" 1920 x 1080 IPS display, LAN, WebCam, WiFI, LAN, Bluetooth 5.0, HDMI, 2x USB 3.2 Type-A, USB 3.2 Type-C, Headphone\/microphone combo, Tastatura: lokalizivana, Te\u017eina: 2.25kg, Boja: Siva,\u2026","rel":"","context":"Srodne objave","img":{"alt_text":"","src":"https:\/\/i0.wp.com\/astehshop.com\/wp-content\/uploads\/2025\/04\/01DwPnq2ew5930qO5p4LXWH-4.v1677608790.jpg?fit=1200%2C675&resize=350%2C200","width":350,"height":200},"classes":[]},{"id":7861,"url":"http:\/\/astehshop.com\/index.php\/product\/baterija-ac14b18j-acer-aspire-e3-111-e3-112-e3-112m\/","url_meta":{"origin":9306,"position":5},"title":"BATERIJA AC14B18J Acer Aspire E3-111 E3-112 E3-112M","date":"30. svibnja 2023.","format":false,"excerpt":"Item Model: AC14B18J(3ICP5\/57\/80); Product Type: Replacement battery; Battery Type: Li-ion; Number of Cells: 3 Cell; Voltage: 11.4 V; Capacity: 36WH\/3220mAh; Battery Life: Up to 500 recharge cycles over the life of the battery. Compatible original Battery Code: AC14B18J 3ICP5\/57\/80 Compatible Models: Acer Aspire V3-111 V3-111P V5-122 V5-122P V5-132 V5-132P V3-111\u2026","rel":"","context":"Srodne objave","img":{"alt_text":"","src":"https:\/\/i1.wp.com\/astehshop.com\/wp-content\/uploads\/2023\/05\/710HcbJzlRL._AC_UF8941000_QL80_.jpg?fit=894%2C907&resize=350%2C200","width":350,"height":200},"classes":[]}],"_links":{"self":[{"href":"http:\/\/astehshop.com\/index.php\/wp-json\/wp\/v2\/product\/9306"}],"collection":[{"href":"http:\/\/astehshop.com\/index.php\/wp-json\/wp\/v2\/product"}],"about":[{"href":"http:\/\/astehshop.com\/index.php\/wp-json\/wp\/v2\/types\/product"}],"replies":[{"embeddable":true,"href":"http:\/\/astehshop.com\/index.php\/wp-json\/wp\/v2\/comments?post=9306"}],"wp:featuredmedia":[{"embeddable":true,"href":"http:\/\/astehshop.com\/index.php\/wp-json\/wp\/v2\/media\/9314"}],"wp:attachment":[{"href":"http:\/\/astehshop.com\/index.php\/wp-json\/wp\/v2\/media?parent=9306"}],"wp:term":[{"taxonomy":"product_cat","embeddable":true,"href":"http:\/\/astehshop.com\/index.php\/wp-json\/wp\/v2\/product_cat?post=9306"},{"taxonomy":"product_tag","embeddable":true,"href":"http:\/\/astehshop.com\/index.php\/wp-json\/wp\/v2\/product_tag?post=9306"}],"curies":[{"name":"wp","href":"https:\/\/api.w.org\/{rel}","templated":true}]}}