{"id":9286,"date":"2024-05-03T12:58:00","date_gmt":"2024-05-03T10:58:00","guid":{"rendered":"http:\/\/astehshop.com\/?post_type=product&#038;p=9286"},"modified":"2024-09-03T19:04:23","modified_gmt":"2024-09-03T17:04:23","slug":"elektricni-trotinet-romobil-do-80-kg","status":"publish","type":"product","link":"http:\/\/astehshop.com\/index.php\/product\/elektricni-trotinet-romobil-do-80-kg\/","title":{"rendered":"Elektri\u010dni trotinet romobil do 80 KG"},"content":{"rendered":"<p>MAKSIMALNA BRZINA DO 18 km\/h<\/p>\n<p>MAKSIMALAN NAGIB DO 5%<\/p>\n<p>DOMET DO 10 KILOMETARA (u idealnim uslovima)<\/p>\n<p>SNAGA 120W<\/p>\n<p>Plava i roza boja<\/p>\n","protected":false},"excerpt":{"rendered":"<p>MAKSIMALNA BRZINA DO 18 km\/h<\/p>\n<p>MAKSIMALAN NAGIB DO 5%<\/p>\n<p>DOMET DO 10 KILOMETARA (u idealnim uslovima)<\/p>\n<p>SNAGA 120W<\/p>\n<p>&nbsp;<\/p>\n<p>Plava i roza boja<\/p>\n","protected":false},"featured_media":9287,"comment_status":"open","ping_status":"closed","template":"","meta":{"_mi_skip_tracking":false,"_exactmetrics_sitenote_active":false,"_exactmetrics_sitenote_note":"","_exactmetrics_sitenote_category":0,"spay_email":""},"product_cat":[6998],"product_tag":[7020,7021,5321,5323],"brands":[],"df_price":299,"df_sale_price":"","df_regular_price":299,"df_image_link":"https:\/\/i1.wp.com\/astehshop.com\/wp-content\/uploads\/2024\/05\/img-1709811625-f99446cc533a-removebg-preview.png?fit=266%2C356","jetpack_publicize_connections":[],"jetpack_sharing_enabled":true,"jetpack_likes_enabled":true,"jetpack-related-posts":[{"id":9288,"url":"http:\/\/astehshop.com\/index.php\/product\/elektricni-romobil-skuter-do-80-kg-sa-cicom-max-brzina-18-km-h\/","url_meta":{"origin":9286,"position":0},"title":"Elektri\u010dni romobil skuter do 80 KG sa cicom max brzina 18 km\/h","date":"3. svibnja 2024.","format":false,"excerpt":"MAKSIMALNA BRZINA DO 18 km\/h MAKSIMALAN NAGIB DO 5% DOMET DO 10 KILOMETARA (u idealnim uslovima) SNAGA 120W PODESIVA VISINA CICA I VOLANA","rel":"","context":"Srodne objave","img":{"alt_text":"","src":"https:\/\/i2.wp.com\/astehshop.com\/wp-content\/uploads\/2024\/05\/img-1709812677-04b8c7a30129-removebg-preview-1.png?fit=451%2C481&resize=350%2C200","width":350,"height":200},"classes":[]},{"id":9283,"url":"http:\/\/astehshop.com\/index.php\/product\/elektricni-trotinet-romobil-10-inca-do-120-kg\/","url_meta":{"origin":9286,"position":1},"title":"Elektri\u010dni trotinet romobil 10 in\u010da do 120 KG","date":"3. svibnja 2024.","format":false,"excerpt":"MAKSIMALNA BRZINA DO 30 km\/h MAKSIMALAN NAGIB DO 20% DOMET DO 65 KILOMETARA (u idealnim uslovima) SNAGA 350W","rel":"","context":"Srodne objave","img":{"alt_text":"","src":"https:\/\/i0.wp.com\/astehshop.com\/wp-content\/uploads\/2024\/05\/trotinet-849.png?fit=612%2C408&resize=350%2C200","width":350,"height":200},"classes":[]},{"id":9278,"url":"http:\/\/astehshop.com\/index.php\/product\/elektricni-trotinet-do-80kg-romobil-skuter\/","url_meta":{"origin":9286,"position":2},"title":"Elektri\u010dni TROTINET DO 80KG ROMOBIL SKUTER","date":"28. travnja 2024.","format":false,"excerpt":"Elektri\u010dni trotinet DO 80KG maksimalna brzina DO 15 km\/h MAKSIMALAN NAGIB DO 5% DOMET DO 10ak kilometara, ovisno od uslova SNAGA 180W","rel":"","context":"Srodne objave","img":{"alt_text":"","src":"https:\/\/i2.wp.com\/astehshop.com\/wp-content\/uploads\/2024\/04\/trotinet-299-KM.png?fit=612%2C408&resize=350%2C200","width":350,"height":200},"classes":[]},{"id":9868,"url":"http:\/\/astehshop.com\/index.php\/product\/ceopa-ce-u100-bezicni-mikrofon\/","url_meta":{"origin":9286,"position":3},"title":"Ceopa CE-U100 bezicni mikrofon","date":"15. prosinca 2024.","format":false,"excerpt":"Profesionalni UHF be\u017ei\u010dni mikrofon, FM (750-960MHz), LCD display, Osetljivost -90dBm, Raspon 40Hz~20KHz Predajna snaga 10mW (maximum 50mW), Prijemna baza dolazi u kompletu sa 2 mikrofona, napajanje mikrofona 2 AA baterije, domet do 100 metara u idealnim uslovima","rel":"","context":"Srodne objave","img":{"alt_text":"","src":"https:\/\/i2.wp.com\/astehshop.com\/wp-content\/uploads\/2024\/12\/Ceopa-CE-U100-bezicni-mikrofon.jpg?fit=1200%2C675&resize=350%2C200","width":350,"height":200},"classes":[]},{"id":9306,"url":"http:\/\/astehshop.com\/index.php\/product\/acer-electric-scooter-5-crni-60km-domet-25km-h-brzina-nosivost-do-120kg\/","url_meta":{"origin":9286,"position":4},"title":"Acer Electric Scooter 5, crni, 60km domet, 25km\/h brzina nosivost do 120kg","date":"6. svibnja 2024.","format":false,"excerpt":"Acer Electric Scooter 5, crni, Moderan dizajn Lagan, kompaktan, s dopadljivim stiliziranim detaljima, Acer ES serije 5 okretno je, moderno i ekolo\u0161ki odgovorno rje\u0161enje za kretanje gradom. Maksimalna snaga Jurite gradskim ulicama i lako\u0107om savladavajte uspone s pomo\u0107u mo\u0107nog motora od 36 V \/ 350 W koji omogu\u0107ava ubrzanje do\u2026","rel":"","context":"Srodne objave","img":{"alt_text":"","src":"https:\/\/i0.wp.com\/astehshop.com\/wp-content\/uploads\/2024\/05\/0118759_acer-electric-scooter-5-crni-60km-domet-25kmh-brzina-nosivost-do-120kg.jpeg?fit=900%2C900&resize=350%2C200","width":350,"height":200},"classes":[]},{"id":6745,"url":"http:\/\/astehshop.com\/index.php\/product\/kuhinjska-napa-ugradbena-190-w-inox\/","url_meta":{"origin":9286,"position":5},"title":"Kuhinjska napa, ugradbena, 190 W INOX","date":"19. studenoga 2022.","format":false,"excerpt":"Ugradbena kuhinjska napa, priklju\u010dna snaga 190 W, dva motora 2 x 95 W, maksimalan protok zraka 500 m\u00b3\/h, 3 brzine rada, perivi aluminijski filter, INOX","rel":"","context":"Srodne objave","img":{"alt_text":"","src":"https:\/\/i2.wp.com\/astehshop.com\/wp-content\/uploads\/2022\/11\/6423154023796.png?fit=1148%2C1200&resize=350%2C200","width":350,"height":200},"classes":[]}],"_links":{"self":[{"href":"http:\/\/astehshop.com\/index.php\/wp-json\/wp\/v2\/product\/9286"}],"collection":[{"href":"http:\/\/astehshop.com\/index.php\/wp-json\/wp\/v2\/product"}],"about":[{"href":"http:\/\/astehshop.com\/index.php\/wp-json\/wp\/v2\/types\/product"}],"replies":[{"embeddable":true,"href":"http:\/\/astehshop.com\/index.php\/wp-json\/wp\/v2\/comments?post=9286"}],"wp:featuredmedia":[{"embeddable":true,"href":"http:\/\/astehshop.com\/index.php\/wp-json\/wp\/v2\/media\/9287"}],"wp:attachment":[{"href":"http:\/\/astehshop.com\/index.php\/wp-json\/wp\/v2\/media?parent=9286"}],"wp:term":[{"taxonomy":"product_cat","embeddable":true,"href":"http:\/\/astehshop.com\/index.php\/wp-json\/wp\/v2\/product_cat?post=9286"},{"taxonomy":"product_tag","embeddable":true,"href":"http:\/\/astehshop.com\/index.php\/wp-json\/wp\/v2\/product_tag?post=9286"}],"curies":[{"name":"wp","href":"https:\/\/api.w.org\/{rel}","templated":true}]}}