{"id":9278,"date":"2024-04-28T12:56:18","date_gmt":"2024-04-28T10:56:18","guid":{"rendered":"http:\/\/astehshop.com\/?post_type=product&#038;p=9278"},"modified":"2024-09-03T19:04:23","modified_gmt":"2024-09-03T17:04:23","slug":"elektricni-trotinet-do-80kg-romobil-skuter","status":"publish","type":"product","link":"http:\/\/astehshop.com\/index.php\/product\/elektricni-trotinet-do-80kg-romobil-skuter\/","title":{"rendered":"Elektri\u010dni TROTINET DO 80KG ROMOBIL SKUTER"},"content":{"rendered":"<p>Elektri\u010dni trotinet DO 80KG<\/p>\n<p>maksimalna brzina DO 15 km\/h<\/p>\n<p>MAKSIMALAN NAGIB DO 5%<\/p>\n<p>DOMET DO 10ak kilometara, ovisno od uslova<\/p>\n<p>SNAGA 180W<\/p>\n","protected":false},"excerpt":{"rendered":"<p>Elektri\u010dni trotinet DO 80KG<\/p>\n<p>maksimalna brzina DO 15 km\/h<\/p>\n<p>MAKSIMALAN NAGIB DO 5%<\/p>\n<p>DOMET DO 10ak kilometara, ovisno od uslova<\/p>\n<p>SNAGA 180W<\/p>\n","protected":false},"featured_media":9279,"comment_status":"open","ping_status":"closed","template":"","meta":{"_mi_skip_tracking":false,"_exactmetrics_sitenote_active":false,"_exactmetrics_sitenote_note":"","_exactmetrics_sitenote_category":0,"spay_email":""},"product_cat":[6998],"product_tag":[7006,7009,7007,7011,7010,5321,5322,7008,6933],"brands":[],"df_price":299,"df_sale_price":"","df_regular_price":299,"df_image_link":"https:\/\/i2.wp.com\/astehshop.com\/wp-content\/uploads\/2024\/04\/trotinet-299-KM.png?fit=450%2C300","jetpack_publicize_connections":[],"jetpack_sharing_enabled":true,"jetpack_likes_enabled":true,"jetpack-related-posts":[{"id":9283,"url":"http:\/\/astehshop.com\/index.php\/product\/elektricni-trotinet-romobil-10-inca-do-120-kg\/","url_meta":{"origin":9278,"position":0},"title":"Elektri\u010dni trotinet romobil 10 in\u010da do 120 KG","date":"3. svibnja 2024.","format":false,"excerpt":"MAKSIMALNA BRZINA DO 30 km\/h MAKSIMALAN NAGIB DO 20% DOMET DO 65 KILOMETARA (u idealnim uslovima) SNAGA 350W","rel":"","context":"Srodne objave","img":{"alt_text":"","src":"https:\/\/i0.wp.com\/astehshop.com\/wp-content\/uploads\/2024\/05\/trotinet-849.png?fit=612%2C408&resize=350%2C200","width":350,"height":200},"classes":[]},{"id":9286,"url":"http:\/\/astehshop.com\/index.php\/product\/elektricni-trotinet-romobil-do-80-kg\/","url_meta":{"origin":9278,"position":1},"title":"Elektri\u010dni trotinet romobil do 80 KG","date":"3. svibnja 2024.","format":false,"excerpt":"MAKSIMALNA BRZINA DO 18 km\/h MAKSIMALAN NAGIB DO 5% DOMET DO 10 KILOMETARA (u idealnim uslovima) SNAGA 120W \u00a0 Plava i roza boja","rel":"","context":"Srodne objave","img":{"alt_text":"","src":"https:\/\/i1.wp.com\/astehshop.com\/wp-content\/uploads\/2024\/05\/img-1709811625-f99446cc533a-removebg-preview.png?fit=266%2C356&resize=350%2C200","width":350,"height":200},"classes":[]},{"id":9288,"url":"http:\/\/astehshop.com\/index.php\/product\/elektricni-romobil-skuter-do-80-kg-sa-cicom-max-brzina-18-km-h\/","url_meta":{"origin":9278,"position":2},"title":"Elektri\u010dni romobil skuter do 80 KG sa cicom max brzina 18 km\/h","date":"3. svibnja 2024.","format":false,"excerpt":"MAKSIMALNA BRZINA DO 18 km\/h MAKSIMALAN NAGIB DO 5% DOMET DO 10 KILOMETARA (u idealnim uslovima) SNAGA 120W PODESIVA VISINA CICA I VOLANA","rel":"","context":"Srodne objave","img":{"alt_text":"","src":"https:\/\/i2.wp.com\/astehshop.com\/wp-content\/uploads\/2024\/05\/img-1709812677-04b8c7a30129-removebg-preview-1.png?fit=451%2C481&resize=350%2C200","width":350,"height":200},"classes":[]},{"id":9275,"url":"http:\/\/astehshop.com\/index.php\/product\/elektricni-trotinet-skuter-do-100kg-romobil\/","url_meta":{"origin":9278,"position":3},"title":"ELEKTRICNI TROTINET Skuter DO 100kg romobil","date":"28. travnja 2024.","format":false,"excerpt":"TEHNI\u010cKE SPECIFIKACIJE Osnovne informacije: Najve\u0107a brzina: 25 km\/h Doseg: do 30 kilometara Najve\u0107i naklon: do 14\u00b0 Nosivost: 100 kg Sigurnosna svjetla upozorenja Prednje svjetlo: LED 1.1W visoke svjetline Zadnje svjetlo: LED Vodootpornost: IP54 Tehni\u010dke karakteristike: Gume: na duvanje Vrijeme punjenja: ~ 5 sati Uobi\u010dajena potro\u0161nja: 1,1kWh","rel":"","context":"Srodne objave","img":{"alt_text":"","src":"https:\/\/i1.wp.com\/astehshop.com\/wp-content\/uploads\/2024\/04\/romobil-579.png?fit=542%2C460&resize=350%2C200","width":350,"height":200},"classes":[]},{"id":9304,"url":"http:\/\/astehshop.com\/index.php\/product\/xiaomi-mi-electric-scooter-essential-8-5\/","url_meta":{"origin":9278,"position":4},"title":"Xiaomi Mi Electric Scooter Essential 8.5&#8221;","date":"6. svibnja 2024.","format":false,"excerpt":"Xiaomi Mi Electric Scooter Essential, black, FBC4022GL, Domet 20km -Brzina 20km\/h 500W Tezina;12kg;8,5\u201d Pneumaske gume.","rel":"","context":"Srodne objave","img":{"alt_text":"","src":"https:\/\/i1.wp.com\/astehshop.com\/wp-content\/uploads\/2024\/05\/0098782_xiaomi-mi-electric-scooter-essential-black-fbc4022gl.jpeg?fit=900%2C900&resize=350%2C200","width":350,"height":200},"classes":[]},{"id":11774,"url":"http:\/\/astehshop.com\/index.php\/product\/kamin-elektricni-2000w-fkk15\/","url_meta":{"origin":9278,"position":5},"title":"Kamin, elektri\u010dni, 2000W FKK15","date":"28. rujna 2025.","format":false,"excerpt":"Elektri\u010dni kamin ( grijalica ), samostoje\u0107a, podesiva snaga 1000W \/ 2000W, ugra\u0111en izvor svjetlost 10W, podesiva svjetlina, realan efekt plamena, termostat, za\u0161tita od pregrijavanja, du\u017eina napojnog kabela 1.6 met., nivo buke 50dB, napajanje 230VAC \/ 50Hz","rel":"","context":"Srodne objave","img":{"alt_text":"","src":"https:\/\/i1.wp.com\/astehshop.com\/wp-content\/uploads\/2025\/09\/elektricni-kamin-fkk15.png?fit=1200%2C1156&resize=350%2C200","width":350,"height":200},"classes":[]}],"_links":{"self":[{"href":"http:\/\/astehshop.com\/index.php\/wp-json\/wp\/v2\/product\/9278"}],"collection":[{"href":"http:\/\/astehshop.com\/index.php\/wp-json\/wp\/v2\/product"}],"about":[{"href":"http:\/\/astehshop.com\/index.php\/wp-json\/wp\/v2\/types\/product"}],"replies":[{"embeddable":true,"href":"http:\/\/astehshop.com\/index.php\/wp-json\/wp\/v2\/comments?post=9278"}],"wp:featuredmedia":[{"embeddable":true,"href":"http:\/\/astehshop.com\/index.php\/wp-json\/wp\/v2\/media\/9279"}],"wp:attachment":[{"href":"http:\/\/astehshop.com\/index.php\/wp-json\/wp\/v2\/media?parent=9278"}],"wp:term":[{"taxonomy":"product_cat","embeddable":true,"href":"http:\/\/astehshop.com\/index.php\/wp-json\/wp\/v2\/product_cat?post=9278"},{"taxonomy":"product_tag","embeddable":true,"href":"http:\/\/astehshop.com\/index.php\/wp-json\/wp\/v2\/product_tag?post=9278"}],"curies":[{"name":"wp","href":"https:\/\/api.w.org\/{rel}","templated":true}]}}