{"id":9275,"date":"2024-04-28T12:43:59","date_gmt":"2024-04-28T10:43:59","guid":{"rendered":"http:\/\/astehshop.com\/?post_type=product&#038;p=9275"},"modified":"2024-09-03T19:04:23","modified_gmt":"2024-09-03T17:04:23","slug":"elektricni-trotinet-skuter-do-100kg-romobil","status":"publish","type":"product","link":"http:\/\/astehshop.com\/index.php\/product\/elektricni-trotinet-skuter-do-100kg-romobil\/","title":{"rendered":"ELEKTRICNI TROTINET Skuter DO 100kg romobil"},"content":{"rendered":"<p>TEHNI\u010cKE SPECIFIKACIJE<\/p>\n<p>Osnovne informacije:<br \/>\nNajve\u0107a brzina: 25 km\/h<br \/>\nDoseg: do 30 kilometara<br \/>\nNajve\u0107i naklon: do 14\u00b0<br \/>\nNosivost: 100 kg<\/p>\n<p>Sigurnosna svjetla upozorenja<br \/>\nPrednje svjetlo: LED 1.1W visoke svjetline<br \/>\nZadnje svjetlo: LED<br \/>\nVodootpornost: IP54<br \/>\nTehni\u010dke karakteristike:<br \/>\nGume: na duvanje<\/p>\n<p>Vrijeme punjenja: ~ 5 sati<br \/>\nUobi\u010dajena potro\u0161nja: 1,1kWh<\/p>\n","protected":false},"excerpt":{"rendered":"<p>TEHNI\u010cKE SPECIFIKACIJE<\/p>\n<p>Osnovne informacije:<br \/>\nNajve\u0107a brzina: 25 km\/h<br \/>\nDoseg: do 30 kilometara<br \/>\nNajve\u0107i naklon: do 14\u00b0<br \/>\nNosivost: 100 kg<\/p>\n<p>Sigurnosna svjetla upozorenja<br \/>\nPrednje svjetlo: LED 1.1W visoke svjetline<br \/>\nZadnje svjetlo: LED<br \/>\nVodootpornost: IP54<br \/>\nTehni\u010dke karakteristike:<br \/>\nGume: na duvanje<\/p>\n<p>Vrijeme punjenja: ~ 5 sati<br \/>\nUobi\u010dajena potro\u0161nja: 1,1kWh<\/p>\n","protected":false},"featured_media":9276,"comment_status":"open","ping_status":"closed","template":"","meta":{"_mi_skip_tracking":false,"_exactmetrics_sitenote_active":false,"_exactmetrics_sitenote_note":"","_exactmetrics_sitenote_category":0,"spay_email":""},"product_cat":[6998],"product_tag":[7001,5321,7004,7005,6999,5322,7003,7002,7000],"brands":[],"df_price":579,"df_sale_price":579,"df_regular_price":600,"df_image_link":"https:\/\/i1.wp.com\/astehshop.com\/wp-content\/uploads\/2024\/04\/romobil-579.png?fit=450%2C382","jetpack_publicize_connections":[],"jetpack_sharing_enabled":true,"jetpack_likes_enabled":true,"jetpack-related-posts":[{"id":7430,"url":"http:\/\/astehshop.com\/index.php\/product\/pametni-sat-blackview-r3-black\/","url_meta":{"origin":9275,"position":0},"title":"Pametni sat Blackview R3 Black","date":"11. o\u017eujka 2023.","format":false,"excerpt":"Dimenzije: 35.5*41.5*11 mm Vodootpornost 5ATM Veli\u010dina zaslona 1,3 \" Tip zaslona TFT-LCD Zaslon je za\u0161ti\u0107en staklenim poklopcem visoke tvrdo\u0107e Materijal remenja: Silikon CPU: Realtek8762C, BLE 5.1, 384KB FLASH + 160KB RAM Rezolucija ekrana: 240*240 Bluetooth BLE 5.1 Baterija: 220mAh FUNKCIJE: - Osnovne funkcije: sat, prikaz datuma (12\/24 satni sustav, zadani\u2026","rel":"","context":"Srodne objave","img":{"alt_text":"","src":"https:\/\/i1.wp.com\/astehshop.com\/wp-content\/uploads\/2023\/03\/0107449_pametni-sat-blackview-r3-black.jpeg?fit=900%2C900&resize=350%2C200","width":350,"height":200},"classes":[]},{"id":7433,"url":"http:\/\/astehshop.com\/index.php\/product\/pametni-sat-blackview-r3-pink\/","url_meta":{"origin":9275,"position":1},"title":"Pametni sat Blackview R3 Pink","date":"11. o\u017eujka 2023.","format":false,"excerpt":"Dimenzije: 35.5*41.5*11 mm Vodootpornost 5ATM Veli\u010dina zaslona 1,3 \" Tip zaslona TFT-LCD Zaslon je za\u0161ti\u0107en staklenim poklopcem visoke tvrdo\u0107e Materijal remenja: Silikon CPU: Realtek8762C, BLE 5.1, 384KB FLASH + 160KB RAM Rezolucija ekrana: 240*240 Bluetooth BLE 5.1 Baterija: 220mAh FUNKCIJE: - Osnovne funkcije: sat, prikaz datuma (12\/24 satni sustav, zadani\u2026","rel":"","context":"Srodne objave","img":{"alt_text":"","src":"https:\/\/i1.wp.com\/astehshop.com\/wp-content\/uploads\/2023\/03\/0107452_pametni-sat-blackview-r3-pink.jpeg?fit=900%2C900&resize=350%2C200","width":350,"height":200},"classes":[]},{"id":9301,"url":"http:\/\/astehshop.com\/index.php\/product\/xiaomi-elekricni-romobil-4-pro-2nd-gen-10-gume\/","url_meta":{"origin":9275,"position":2},"title":"Xiaomi Elekri\u010dni Romobil 4 Pro 2nd Gen  10&#8243; gume","date":"6. svibnja 2024.","format":false,"excerpt":"Xiaomi Elekri\u010dni Romobil 4 Pro 2nd Gen - Uzburkana energja, oslobodite svou strast - Vi\u0161e snage za izvanredna iskustva Baterijski sustav od 48 V uparen je s motorom sa \u0161tra\u017enjim pogonom od 400 W za jo\u0161 ve\u0107u snagu. Bilo da ubrzavate ili se penjete uzbrdo, s lakotom se mote nositi\u2026","rel":"","context":"Srodne objave","img":{"alt_text":"","src":"https:\/\/i0.wp.com\/astehshop.com\/wp-content\/uploads\/2024\/05\/Xiaomi-Elekricni-Romobil-4-Pro-2nd-Gen.png?fit=1200%2C1184&resize=350%2C200","width":350,"height":200},"classes":[]},{"id":6573,"url":"http:\/\/astehshop.com\/index.php\/product\/haylou-t15-bluetooth-earbuds-black\/","url_meta":{"origin":9275,"position":3},"title":"Haylou T15 Bluetooth Earbuds Black","date":"17. studenoga 2022.","format":false,"excerpt":"Vrijeme rada : 3,5 sata Vrijeme punjenja slu\u0161alica do 1,5 sati (kutija - 4 sata) Radijus: do 10 metara Baterija : slu\u0161alica 43 m * Ah, ku\u0107i\u0161te 2200 m * Ah Priklju\u010dci: MicroUSB, USB-A","rel":"","context":"Srodne objave","img":{"alt_text":"","src":"https:\/\/i1.wp.com\/astehshop.com\/wp-content\/uploads\/2022\/11\/haylou-t15-bluetooth-earbuds-black.jpg?fit=800%2C800&resize=350%2C200","width":350,"height":200},"classes":[]},{"id":6776,"url":"http:\/\/astehshop.com\/index.php\/product\/power-bank-20-000-mah-2x-usb-5v-2a-led-zaslon-s-prikazom-kapaciteta\/","url_meta":{"origin":9275,"position":4},"title":"Power Bank | 20.000 mAh | 2x USB 5V 2A | LED Zaslon S Prikazom Kapaciteta","date":"20. studenoga 2022.","format":false,"excerpt":"SYROX Power Bank s LED zaslonom s prikazom kapaciteta baterije Koristite ovaj power bank u ku\u0107i, uredu ili dok ste na putu, kako biste istovremeno punili 2 ure\u0111aja, preko 2 USB izlaza koja posjeduje. Zahvaljuju\u0107i LED zaslonu koji prikazuje to\u010dan kapacitet preostale baterije, uvijek \u0107ete znati kada je vrijeme za\u2026","rel":"","context":"Srodne objave","img":{"alt_text":"","src":"https:\/\/i2.wp.com\/astehshop.com\/wp-content\/uploads\/2022\/11\/LED-Zaslon-S-Prikazom-Kapaciteta.jpg?fit=571%2C545&resize=350%2C200","width":350,"height":200},"classes":[]},{"id":6231,"url":"http:\/\/astehshop.com\/index.php\/product\/smarthome-wifi-zidni-prekidac-za-svjetlo-dvostruki-sifra-wifiws20wt\/","url_meta":{"origin":9275,"position":5},"title":"SmartHome | WiFi Zidni Prekida\u010d Za Svjetlo | Dvostruki \u0160ifra: WIFIWS20WT","date":"7. travnja 2022.","format":false,"excerpt":"Tradicionalni prekidaci za svjetlo postali su pametniji. Ovaj Smart Wall prekidac za svjetla dopusta Vam da iz daljine i automatski preuzmete kontrolu dva svjetla sa jednog, diskretnog prekidaca na zidu. Jednostavan za postavljanje Prekidac se moze koristiti za kontrolu svjetla jednostavno dodirom gumba na njemu. Takodjer, omogucava vam i da\u2026","rel":"","context":"Srodne objave","img":{"alt_text":"","src":"https:\/\/i2.wp.com\/astehshop.com\/wp-content\/uploads\/2022\/04\/WIFIWS20WT.jpg?fit=400%2C400&resize=350%2C200","width":350,"height":200},"classes":[]}],"_links":{"self":[{"href":"http:\/\/astehshop.com\/index.php\/wp-json\/wp\/v2\/product\/9275"}],"collection":[{"href":"http:\/\/astehshop.com\/index.php\/wp-json\/wp\/v2\/product"}],"about":[{"href":"http:\/\/astehshop.com\/index.php\/wp-json\/wp\/v2\/types\/product"}],"replies":[{"embeddable":true,"href":"http:\/\/astehshop.com\/index.php\/wp-json\/wp\/v2\/comments?post=9275"}],"wp:featuredmedia":[{"embeddable":true,"href":"http:\/\/astehshop.com\/index.php\/wp-json\/wp\/v2\/media\/9276"}],"wp:attachment":[{"href":"http:\/\/astehshop.com\/index.php\/wp-json\/wp\/v2\/media?parent=9275"}],"wp:term":[{"taxonomy":"product_cat","embeddable":true,"href":"http:\/\/astehshop.com\/index.php\/wp-json\/wp\/v2\/product_cat?post=9275"},{"taxonomy":"product_tag","embeddable":true,"href":"http:\/\/astehshop.com\/index.php\/wp-json\/wp\/v2\/product_tag?post=9275"}],"curies":[{"name":"wp","href":"https:\/\/api.w.org\/{rel}","templated":true}]}}