{"id":9270,"date":"2024-04-22T19:30:12","date_gmt":"2024-04-22T17:30:12","guid":{"rendered":"http:\/\/astehshop.com\/?post_type=product&#038;p=9270"},"modified":"2024-09-03T17:54:08","modified_gmt":"2024-09-03T15:54:08","slug":"king-gates-linear-24-400-motor-za-krilne-kapije","status":"publish","type":"product","link":"http:\/\/astehshop.com\/index.php\/product\/king-gates-linear-24-400-motor-za-krilne-kapije\/","title":{"rendered":"King Gates LINEAR 24\/400 motor za krilne kapije"},"content":{"rendered":"<div class=\"wpb_column vc_column_container vc_col-sm-12\">\n<div class=\"vc_column-inner\">\n<div class=\"wpb_wrapper\">\n<div class=\"wpb_text_column wpb_content_element\">\n<div class=\"wpb_wrapper\">\n<p>Motor za krilnu kapiju du\u017eine do 3 metra, te\u017eine do 300 kg po krilu, predvi\u0111en za intenzivnu upotrebu.<\/p>\n<\/div>\n<\/div>\n<\/div>\n<\/div>\n<\/div>\n<div class=\"wpb_column vc_column_container vc_col-sm-6\">\n<div class=\"vc_column-inner\">\n<div class=\"wpb_wrapper\">\n<div class=\"wpb_text_column wpb_content_element\">\n<div class=\"wpb_wrapper\">\n<div class=\"vc_row wpb_row vc_row-fluid\">\n<div class=\"wpb_column vc_column_container vc_col-sm-6\">\n<div class=\"vc_column-inner\">\n<div class=\"wpb_wrapper\">\n<div class=\"wpb_text_column wpb_content_element\">\n<div class=\"wpb_wrapper\">\n<p><strong>TEHNI\u010cKE KARAKTERISTIKE:<\/strong><\/p>\n<ul>\n<li class=\"firstItem\">Napajanje: 24V<\/li>\n<li>Snaga motora: 120W<\/li>\n<li>Za\u0161tita: IP54<\/li>\n<li>Potisak: 1800N<\/li>\n<li>Neizmeni\u010dan rad: 90%<\/li>\n<li class=\"lastItem\">Brzina otvaranja: 0.014 m\/s<\/li>\n<li>Te\u017eina motora: 5.5 kg<\/li>\n<li>Dimazije motora: 700x100x177<\/li>\n<\/ul>\n<\/div>\n<\/div>\n<\/div>\n<\/div>\n<\/div>\n<div class=\"wpb_column vc_column_container vc_col-sm-6\">\n<div class=\"vc_column-inner\">\n<div class=\"wpb_wrapper\"><\/div>\n<\/div>\n<\/div>\n<\/div>\n<\/div>\n<\/div>\n<\/div>\n<\/div>\n<\/div>\n<div class=\"wpb_column vc_column_container vc_col-sm-6\">\n<div class=\"vc_column-inner\">\n<div class=\"wpb_wrapper\">\n<div class=\"wpb_text_column wpb_content_element\">\n<div class=\"wpb_wrapper\">\n<div class=\"vc_row wpb_row vc_row-fluid\">\n<div class=\"wpb_column vc_column_container vc_col-sm-12\">\n<div class=\"vc_column-inner\">\n<div class=\"wpb_wrapper\">\n<div class=\"wpb_text_column wpb_content_element\">\n<div class=\"wpb_wrapper\">\n<p><strong>KOMPLET SADR\u017dI:\u00a0<\/strong><\/p>\n<div class=\"woocommerce-product-details__short-description\">\n<div class=\"product__tabs tabs js-tabs\">\n<div class=\"tabs__content js-tab-content\">\n<div id=\"product-tab-2\" class=\"tabs__tab js-tab \">\n<div class=\"plain-text\">\n<ul>\n<li class=\"firstItem\">Motor \u2013 2 kom<\/li>\n<li>STARG8 24V BOX\u00a0 Centala sa elektronikom u kutiji \u2013 1 kom<\/li>\n<li>IDEA signalna lampa sa integrisanom antenom\u2013 1 kom<\/li>\n<li>Daljinski upravlja\u010d STYLO 4K \u2013 2 kom<\/li>\n<li class=\"lastItem\">VIKY 30 foto \u0107elije \u2013 1 par<\/li>\n<li>Znak da je kapija automatizovana<\/li>\n<\/ul>\n<p><img decoding=\"async\" loading=\"lazy\" src=\"https:\/\/i1.wp.com\/automatikapro.com\/uploads\/images-file-manager\/202404\/6623de6e1d4d34-91727929-89479903.png?resize=500%2C251&#038;ssl=1\" alt=\"\" width=\"500\" height=\"251\" data-recalc-dims=\"1\" \/><\/p>\n<div class=\"elementor-element elementor-element-655fa39 wd-width-100 elementor-widget elementor-widget-wd_title\" data-id=\"655fa39\" data-element_type=\"widget\" data-widget_type=\"wd_title.default\">\n<div class=\"elementor-widget-container\">\n<div class=\"title-wrapper set-mb-s reset-last-child wd-title-color-default wd-title-style-default wd-title-size-extra-large text-left\">\n<div class=\"liner-continer\">\n<h4 class=\"woodmart-title-container title wd-fontsize-xxxl\">KING GATES Linear<\/h4>\n<\/div>\n<\/div>\n<\/div>\n<\/div>\n<div class=\"elementor-element elementor-element-6dc55b3 elementor-widget elementor-widget-wd_text_block\" data-id=\"6dc55b3\" data-element_type=\"widget\" data-widget_type=\"wd_text_block.default\">\n<div class=\"elementor-widget-container\">\n<div class=\"wd-text-block reset-last-child text-left\">\n<p>KING GATES Linear je moderan i\u00a0 idealan za male kapije, mo\u017ee se koristiti na novim ili postojec\u0301im instalacijama kapija i ima kapacitet da se pomeri do 300 kg i 3 metra du\u017eine po krilu kapije, sa ukupnim kapacitetom \u0161irine ulaza od 4 metra. Linear se mo\u017ee pohvaliti mnogim inovativnim karakteristikama kao \u0161to su, moguc\u0301nost usporavanja pri otvaranju i zatvaranju, detekcija prepreka kako bi se osigurala sigurnost, sekundarni programabilni sigurnosni ulaz za dodatne foto \u0107elije, delimi\u010dno otvaranje za pristup pe\u0161acima, re\u017eim automatskog testiranja bezbednosti gde kontrolna jedinica ispu\u0161ta napajanje na foto zrake i \u010deka promenu stanja pre nego \u0161to izvr\u0161i ciklus.<\/p>\n<\/div>\n<\/div>\n<\/div>\n<\/div>\n<\/div>\n<\/div>\n<\/div>\n<\/div>\n<\/div>\n<\/div>\n<\/div>\n<\/div>\n<\/div>\n<\/div>\n<\/div>\n<\/div>\n<\/div>\n<\/div>\n<\/div>\n","protected":false},"excerpt":{"rendered":"<div class=\"wpb_column vc_column_container vc_col-sm-12\">\n<div class=\"vc_column-inner\">\n<div class=\"wpb_wrapper\">\n<div class=\"wpb_text_column wpb_content_element\">\n<div class=\"wpb_wrapper\">\n<p>Motor za krilnu kapiju du\u017eine do 3 metra, te\u017eine do 300 kg po krilu, predvi\u0111en za intenzivnu upotrebu.<\/p>\n<\/div>\n<\/div>\n<\/div>\n<\/div>\n<\/div>\n<div class=\"wpb_column vc_column_container vc_col-sm-6\">\n<div class=\"vc_column-inner\">\n<div class=\"wpb_wrapper\">\n<div class=\"wpb_text_column wpb_content_element\">\n<div class=\"wpb_wrapper\">\n<div class=\"vc_row wpb_row vc_row-fluid\">\n<div class=\"wpb_column vc_column_container vc_col-sm-6\">\n<div class=\"vc_column-inner\">\n<div class=\"wpb_wrapper\">\n<div class=\"wpb_text_column wpb_content_element\">\n<div class=\"wpb_wrapper\">\n<p><strong>TEHNI\u010cKE KARAKTERISTIKE:<\/strong><\/p>\n<ul>\n<li class=\"firstItem\">Napajanje: 24V<\/li>\n<li>Snaga motora: 120W<\/li>\n<li>Za\u0161tita: IP54<\/li>\n<li>Potisak: 1800N<\/li>\n<li>Neizmeni\u010dan rad: 90%<\/li>\n<li class=\"lastItem\">Brzina otvaranja: 0.014 m\/s<\/li>\n<li>Te\u017eina motora: 5.5 kg<\/li>\n<li>Dimazije motora: 700x100x177<\/li>\n<\/ul>\n<\/div>\n<\/div>\n<\/div>\n<\/div>\n<\/div>\n<div class=\"wpb_column vc_column_container vc_col-sm-6\">\n<div class=\"vc_column-inner\">\n<div class=\"wpb_wrapper\"><\/div>\n<\/div>\n<\/div>\n<\/div>\n<\/div>\n<\/div>\n<\/div>\n<\/div>\n<\/div>\n<div class=\"wpb_column vc_column_container vc_col-sm-6\">\n<div class=\"vc_column-inner\">\n<div class=\"wpb_wrapper\">\n<div class=\"wpb_text_column wpb_content_element\">\n<div class=\"wpb_wrapper\">\n<div class=\"vc_row wpb_row vc_row-fluid\">\n<div class=\"wpb_column vc_column_container vc_col-sm-12\">\n<div class=\"vc_column-inner\">\n<div class=\"wpb_wrapper\">\n<div class=\"wpb_text_column wpb_content_element\">\n<div class=\"wpb_wrapper\">\n<p><strong>KOMPLET SADR\u017dI:\u00a0<\/strong><\/p>\n<div class=\"woocommerce-product-details__short-description\">\n<div class=\"product__tabs tabs js-tabs\">\n<div class=\"tabs__content js-tab-content\">\n<div id=\"product-tab-2\" class=\"tabs__tab js-tab \">\n<div class=\"plain-text\">\n<ul>\n<li class=\"firstItem\">Motor \u2013 2 kom<\/li>\n<li>STARG8 24V BOX\u00a0 Centala sa elektronikom u kutiji \u2013 1 kom<\/li>\n<li>IDEA signalna lampa sa integrisanom antenom\u2013 1 kom<\/li>\n<li>Daljinski upravlja\u010d STYLO 4K \u2013 2 kom<\/li>\n<li class=\"lastItem\">VIKY 30 foto \u0107elije \u2013 1 par<\/li>\n<li>Znak da je kapija automatizovana<\/li>\n<\/ul>\n<p><img decoding=\"async\" loading=\"lazy\" src=\"https:\/\/automatikapro.com\/uploads\/images-file-manager\/202404\/6623de6e1d4d34-91727929-89479903.png\" alt=\"\" width=\"500\" height=\"251\" \/><\/p>\n<div class=\"elementor-element elementor-element-655fa39 wd-width-100 elementor-widget elementor-widget-wd_title\" data-id=\"655fa39\" data-element_type=\"widget\" data-widget_type=\"wd_title.default\">\n<div class=\"elementor-widget-container\">\n<div class=\"title-wrapper set-mb-s reset-last-child wd-title-color-default wd-title-style-default wd-title-size-extra-large text-left\">\n<div class=\"liner-continer\">\n<h4 class=\"woodmart-title-container title wd-fontsize-xxxl\">KING GATES Linear<\/h4>\n<\/div>\n<\/div>\n<\/div>\n<\/div>\n<div class=\"elementor-element elementor-element-6dc55b3 elementor-widget elementor-widget-wd_text_block\" data-id=\"6dc55b3\" data-element_type=\"widget\" data-widget_type=\"wd_text_block.default\">\n<div class=\"elementor-widget-container\">\n<div class=\"wd-text-block reset-last-child text-left\">\n<p>KING GATES Linear je moderan i\u00a0 idealan za male kapije, mo\u017ee se koristiti na novim ili postojec\u0301im instalacijama kapija i ima kapacitet da se pomeri do 300 kg i 3 metra du\u017eine po krilu kapije, sa ukupnim kapacitetom \u0161irine ulaza od 4 metra. Linear se mo\u017ee pohvaliti mnogim inovativnim karakteristikama kao \u0161to su, moguc\u0301nost usporavanja pri otvaranju i zatvaranju, detekcija prepreka kako bi se osigurala sigurnost, sekundarni programabilni sigurnosni ulaz za dodatne foto \u0107elije, delimi\u010dno otvaranje za pristup pe\u0161acima, re\u017eim automatskog testiranja bezbednosti gde kontrolna jedinica ispu\u0161ta napajanje na foto zrake i \u010deka promenu stanja pre nego \u0161to izvr\u0161i ciklus.<\/p>\n<\/div>\n<\/div>\n<\/div>\n<\/div>\n<\/div>\n<\/div>\n<\/div>\n<\/div>\n<\/div>\n<\/div>\n<\/div>\n<\/div>\n<\/div>\n<\/div>\n<\/div>\n<\/div>\n<\/div>\n<\/div>\n<\/div>\n","protected":false},"featured_media":9271,"comment_status":"open","ping_status":"closed","template":"","meta":{"_mi_skip_tracking":false,"_exactmetrics_sitenote_active":false,"_exactmetrics_sitenote_note":"","_exactmetrics_sitenote_category":0,"spay_email":""},"product_cat":[6078],"product_tag":[6990,6995,6996,6082,6997],"brands":[],"df_price":650,"df_sale_price":"","df_regular_price":650,"df_image_link":"https:\/\/i2.wp.com\/astehshop.com\/wp-content\/uploads\/2024\/04\/Linear-Kit-Basic-big.jpg?fit=450%2C286","jetpack_publicize_connections":[],"jetpack_sharing_enabled":true,"jetpack_likes_enabled":true,"jetpack-related-posts":[{"id":9272,"url":"http:\/\/astehshop.com\/index.php\/product\/king-gates-couper-24-motor-za-krilne-kapije\/","url_meta":{"origin":9270,"position":0},"title":"King Gates COUPER 24 motor za krilne kapije","date":"22. travnja 2024.","format":false,"excerpt":"Motor za krilnu kapiju du\u017eine do 2 metra, te\u017eine do 200 kg po krilu, predvi\u0111en za intenzivnu upotrebu. TEHNI\u010cKE KARAKTERISTIKE: Napajanje: 24V Snaga motora: 80W Za\u0161tita: IP44 Potisak: 1500N Neizmeni\u010dan rad: 50% Vreme otvaranja do 90\u00b0: 16s KOMPLET SADR\u017dI:\u00a0 Motor \u2013 2 kom STARG8 24V BOX\u00a0 Centala sa elektronikom u\u2026","rel":"","context":"Srodne objave","img":{"alt_text":"","src":"https:\/\/i2.wp.com\/astehshop.com\/wp-content\/uploads\/2024\/04\/moor-king.png?fit=1080%2C1080&resize=350%2C200","width":350,"height":200},"classes":[]},{"id":8395,"url":"http:\/\/astehshop.com\/index.php\/product\/bft-motor-za-kliznu-kapiju-deimos-bt-a-do-400-kg\/","url_meta":{"origin":9270,"position":1},"title":"BFT &#8211; MOTOR ZA KLIZNU KAPIJU DEIMOS BT A do  400 kg","date":"22. listopada 2023.","format":false,"excerpt":"Motor za kliznu kapiju DEIMOS BT A 400 kit . Motor za kapije do 400 kg te\u017eine, motor dolazi u kit-u sa lampom bljeskalicom , 2 x daljinski i foto\u010delijama 4 metra zup\u010daste letve https:\/\/www.youtube.com\/watch?v=zFiNdDIxKCQ \u00a0","rel":"","context":"Srodne objave","img":{"alt_text":"","src":"https:\/\/i1.wp.com\/astehshop.com\/wp-content\/uploads\/2023\/10\/DEIMOS-BT-A.jpg?fit=657%2C665&resize=350%2C200","width":350,"height":200},"classes":[]},{"id":8397,"url":"http:\/\/astehshop.com\/index.php\/product\/bft-motor-za-kliznu-kapiju-deimos-bt-a-do-600-kg\/","url_meta":{"origin":9270,"position":2},"title":"BFT &#8211; MOTOR ZA KLIZNU KAPIJU DEIMOS BT A do 600 kg","date":"22. listopada 2023.","format":false,"excerpt":"Motor za kliznu kapiju DEIMOS BT A 600 kit . Motor za kapije do 600 kg tezine, motor dolazi u kit-u sa lampom bljeskalicom , 2 x daljinski i fotocelijama. 4 metra zup\u010daste letve https:\/\/www.youtube.com\/watch?v=zFiNdDIxKCQ \u00a0","rel":"","context":"Srodne objave","img":{"alt_text":"","src":"https:\/\/i1.wp.com\/astehshop.com\/wp-content\/uploads\/2023\/10\/DEIMOS-BT-A.jpg?fit=657%2C665&resize=350%2C200","width":350,"height":200},"classes":[]},{"id":9264,"url":"http:\/\/astehshop.com\/index.php\/product\/king-gates-dynamos-24-400-motor-za-kliznu-kapiju-do-400-kg\/","url_meta":{"origin":9270,"position":3},"title":"King Gates DYNAMOS 24\/400 motor za kliznu kapiju do 400 KG","date":"22. travnja 2024.","format":false,"excerpt":"Motor za kliznu kapiju du\u017eine do 4 metra i te\u017eine do 400 kg. TEHNI\u010cKE KARAKTERISTIKE: Napajanje: 24V Snaga motora: 250W Za\u0161tita: IP44 Potisak: 400N Neizmeni\u010dan rad: 90% Brzina otvaranja kapije: 20.4 m\/min KOMPLET SADR\u017dI:\u00a0 Motor \u2013 1 kom STARG8 24V centala sa elektronikom \u2013 1 kom IDEA signalna lampa sa\u2026","rel":"","context":"Srodne objave","img":{"alt_text":"","src":"https:\/\/i2.wp.com\/astehshop.com\/wp-content\/uploads\/2024\/04\/king-motori.png?fit=1080%2C1080&resize=350%2C200","width":350,"height":200},"classes":[]},{"id":8401,"url":"http:\/\/astehshop.com\/index.php\/product\/bft-motor-za-kliznu-kapiju-deimos-ultra-bt-a-do-600-kg\/","url_meta":{"origin":9270,"position":4},"title":"BFT \u2013 MOTOR ZA KLIZNU KAPIJU DEIMOS ULTRA BT A do 600 kg","date":"22. listopada 2023.","format":false,"excerpt":"Motor za kliznu kapiju DEIMOS ULTRA BT A 400 kit . Motor za kapije do 600 kg tezine, motor dolazi u kit-u sa lampom bljeskalicom , 2 x daljinski i fotocelijama. Motor je sa magnetnim krajnjim prekidacima.","rel":"","context":"Srodne objave","img":{"alt_text":"","src":"https:\/\/i1.wp.com\/astehshop.com\/wp-content\/uploads\/2023\/10\/bft-ultra-serija.jpg?fit=1034%2C882&resize=350%2C200","width":350,"height":200},"classes":[]},{"id":9268,"url":"http:\/\/astehshop.com\/index.php\/product\/king-gates-dynamos-24-600-motor-za-kliznu-kapiju-do-600-kg\/","url_meta":{"origin":9270,"position":5},"title":"King Gates DYNAMOS 24\/600 motor za kliznu kapiju do 600 KG","date":"22. travnja 2024.","format":false,"excerpt":"Motor za kliznu kapiju du\u017eine do 6 metra i te\u017eine do 600 kg. TEHNI\u010cKE KARAKTERISTIKE: Napajanje: 24V Snaga motora: 375W Za\u0161tita: IP44 Potisak: 600N Neizmeni\u010dan rad: 90% Brzina otvaranja kapije: 20.4 m\/min KOMPLET SADR\u017dI:\u00a0 Motor \u2013 1 kom STARG8 24V centala sa elektronikom \u2013 1 kom IDEA signalna lampa sa\u2026","rel":"","context":"Srodne objave","img":{"alt_text":"","src":"https:\/\/i2.wp.com\/astehshop.com\/wp-content\/uploads\/2024\/04\/king-motori.png?fit=1080%2C1080&resize=350%2C200","width":350,"height":200},"classes":[]}],"_links":{"self":[{"href":"http:\/\/astehshop.com\/index.php\/wp-json\/wp\/v2\/product\/9270"}],"collection":[{"href":"http:\/\/astehshop.com\/index.php\/wp-json\/wp\/v2\/product"}],"about":[{"href":"http:\/\/astehshop.com\/index.php\/wp-json\/wp\/v2\/types\/product"}],"replies":[{"embeddable":true,"href":"http:\/\/astehshop.com\/index.php\/wp-json\/wp\/v2\/comments?post=9270"}],"wp:featuredmedia":[{"embeddable":true,"href":"http:\/\/astehshop.com\/index.php\/wp-json\/wp\/v2\/media\/9271"}],"wp:attachment":[{"href":"http:\/\/astehshop.com\/index.php\/wp-json\/wp\/v2\/media?parent=9270"}],"wp:term":[{"taxonomy":"product_cat","embeddable":true,"href":"http:\/\/astehshop.com\/index.php\/wp-json\/wp\/v2\/product_cat?post=9270"},{"taxonomy":"product_tag","embeddable":true,"href":"http:\/\/astehshop.com\/index.php\/wp-json\/wp\/v2\/product_tag?post=9270"}],"curies":[{"name":"wp","href":"https:\/\/api.w.org\/{rel}","templated":true}]}}