{"id":9268,"date":"2024-04-22T19:23:49","date_gmt":"2024-04-22T17:23:49","guid":{"rendered":"http:\/\/astehshop.com\/?post_type=product&#038;p=9268"},"modified":"2024-09-03T17:54:08","modified_gmt":"2024-09-03T15:54:08","slug":"king-gates-dynamos-24-600-motor-za-kliznu-kapiju-do-600-kg","status":"publish","type":"product","link":"http:\/\/astehshop.com\/index.php\/product\/king-gates-dynamos-24-600-motor-za-kliznu-kapiju-do-600-kg\/","title":{"rendered":"King Gates DYNAMOS 24\/600 motor za kliznu kapiju do 600 KG"},"content":{"rendered":"<div class=\"vc_row wpb_row vc_row-fluid\">\n<div class=\"wpb_column vc_column_container vc_col-sm-12\">\n<div class=\"vc_column-inner\">\n<div class=\"wpb_wrapper\">\n<div class=\"wpb_text_column wpb_content_element\">\n<div class=\"wpb_wrapper\">\n<p>Motor za kliznu kapiju du\u017eine do 6 metra i te\u017eine do 600 kg.<\/p>\n<\/div>\n<\/div>\n<\/div>\n<\/div>\n<\/div>\n<\/div>\n<div class=\"vc_row wpb_row vc_row-fluid\">\n<div class=\"wpb_column vc_column_container vc_col-sm-6\">\n<div class=\"vc_column-inner\">\n<div class=\"wpb_wrapper\">\n<div class=\"wpb_text_column wpb_content_element\">\n<div class=\"wpb_wrapper\">\n<p><strong>TEHNI\u010cKE KARAKTERISTIKE:<\/strong><\/p>\n<ul>\n<li class=\"firstItem\">Napajanje: 24V<\/li>\n<li>Snaga motora: 375W<\/li>\n<li>Za\u0161tita: IP44<\/li>\n<li>Potisak: 600N<\/li>\n<li>Neizmeni\u010dan rad: 90%<\/li>\n<li class=\"lastItem\">Brzina otvaranja kapije: 20.4 m\/min<\/li>\n<\/ul>\n<\/div>\n<\/div>\n<\/div>\n<\/div>\n<\/div>\n<div class=\"wpb_column vc_column_container vc_col-sm-6\">\n<div class=\"vc_column-inner\">\n<div class=\"wpb_wrapper\">\n<div class=\"wpb_text_column wpb_content_element\">\n<div class=\"wpb_wrapper\">\n<p><strong>KOMPLET SADR\u017dI:\u00a0<\/strong><\/p>\n<div class=\"woocommerce-product-details__short-description\">\n<div class=\"product__tabs tabs js-tabs\">\n<div class=\"tabs__content js-tab-content\">\n<div id=\"product-tab-2\" class=\"tabs__tab js-tab \">\n<div class=\"plain-text\">\n<ul>\n<li class=\"firstItem\">Motor \u2013 1 kom<\/li>\n<li>STARG8 24V centala sa elektronikom \u2013 1 kom<\/li>\n<li>IDEA signalna lampa sa integrisanom antenom\u2013 1 kom<\/li>\n<li>Daljinski upravlja\u010d STYLO 4K \u2013 2 kom<\/li>\n<li class=\"lastItem\">VIKY 30 foto \u0107elije \u2013 1 par<\/li>\n<li>Znak da je kapija automatizovana \u2013 1 kom<\/li>\n<\/ul>\n<p><img decoding=\"async\" loading=\"lazy\" src=\"https:\/\/i0.wp.com\/automatikapro.com\/uploads\/images-file-manager\/202404\/6623d68d523c93-85910138-85038229.png?resize=499%2C249&#038;ssl=1\" alt=\"\" width=\"499\" height=\"249\" data-recalc-dims=\"1\" \/><\/p>\n<div class=\"elementor-element elementor-element-66dee79 wd-width-100 elementor-widget elementor-widget-wd_title\" data-id=\"66dee79\" data-element_type=\"widget\" data-widget_type=\"wd_title.default\">\n<div class=\"elementor-widget-container\">\n<div class=\"title-wrapper set-mb-s reset-last-child wd-title-color-default wd-title-style-default wd-title-size-extra-large text-left\">\n<div class=\"liner-continer\">\n<h4 class=\"woodmart-title-container title wd-fontsize-xxxl\">KING GATES Dynamos 24\/600<\/h4>\n<\/div>\n<\/div>\n<\/div>\n<\/div>\n<div class=\"elementor-element elementor-element-eeb94e6 elementor-widget elementor-widget-wd_text_block\" data-id=\"eeb94e6\" data-element_type=\"widget\" data-widget_type=\"wd_text_block.default\">\n<div class=\"elementor-widget-container\">\n<div class=\"wd-text-block reset-last-child text-left\">\n<p>KING GATES Dynamos 24\/600 se mo\u017ee pohvaliti mnogim inovativnim karakteristikama, uklju\u010dujuc\u0301i moguc\u0301nost usporavanja pri otvaranju i zatvaranju, detekciju prepreka kako bi se osigurala sigurnost, sekundarni sigurnosni ulaz za dodatne foto c\u0301elije i ima delimi\u010dno otvaranje za pe\u0161ake i druge upotrebe. Prednost niskonaponskog sistema je kapacitet za rad u visokom radnom ciklusu i opcija za rezervnu bateriju u slu\u010daju nestanka struje (opcioni komplet za rezervnu bateriju). Dinamo je opremljen sa dva klju\u010da za ru\u010dno otvaranje kapije u slu\u010daju nu\u017ede.<\/p>\n<p>Proizveden u Italiji KING GATES Dynamos 24\/600 LT komplet za klizne kapije je moderan, robustan i pouzdan sistem od 24 V d.c. idealan za kapije te\u017eine do 400 kg. Iako sistem ima 24 volta, on zahteva napajanje iz mre\u017ee, postoji ugra\u0111eni transformator koji smanjuje snagu motora sa 230 volti na 24 volta. Ovo ima razli\u010dite prednosti kao \u0161to su: o\u0161trije otkrivanje prepreka, povec\u0301anje radnog ciklusa (vi\u0161e operacija po satu) i dodavanje moguc\u0301nosti za rezervno napajanje baterije ako je potrebno. Ugra\u0111ena je StarG8 kontrolna jedinica sa ugra\u0111enim radio prijemnikom za veoma lako programiranje i pode\u0161avanje. StarG8 kontrolna jedinica ima neke fantasti\u010dne karakteristike uklju\u010dujuc\u0301i: detekciju prepreka, usporavanje, podesivo vreme pauze, pred lampu, otvaranje za pe\u0161ake, sigurnosne ivice i ulaze za foto zrak i jo\u0161 mnogo toga. Motor za klizne kapije KING GATES\u00a0 Dynamos 24\/600 ima kuc\u0301i\u0161te od livenog aluminijuma i \u010deli\u010dni zup\u010danik, \u010dvrstu ruku za otpu\u0161tanje i mehani\u010dki grani\u010dni prekida\u010d koji se zaustavlja na kraju vo\u017enje.<\/p>\n<p>&nbsp;<\/p>\n<p><img decoding=\"async\" loading=\"lazy\" src=\"https:\/\/i0.wp.com\/automatikapro.com\/uploads\/images-file-manager\/202404\/6623d68d523c93-85910138-85038229.png?resize=799%2C399&#038;ssl=1\" alt=\"\" width=\"799\" height=\"399\" data-recalc-dims=\"1\" \/><\/p>\n<p>\u017delite da otvarate motor putem aplikacije na telefonu?<\/p>\n<p>Mogu\u0107e uz dodatni WiFi modul za upravljanje KING GATES automatizacijom preko CLAVIS aplikacije na mobilnom telefonu.\u00a0 (4 pristupa)<\/p>\n<p><img decoding=\"async\" loading=\"lazy\" src=\"https:\/\/i2.wp.com\/automatikapro.com\/uploads\/images-file-manager\/202404\/6623d7d077c4f4-50898584-26270530.jpg?resize=500%2C500&#038;ssl=1\" alt=\"\" width=\"500\" height=\"500\" data-recalc-dims=\"1\" \/><\/p>\n<\/div>\n<\/div>\n<\/div>\n<\/div>\n<\/div>\n<\/div>\n<\/div>\n<\/div>\n<\/div>\n<\/div>\n<\/div>\n<\/div>\n<\/div>\n<\/div>\n","protected":false},"excerpt":{"rendered":"<div class=\"vc_row wpb_row vc_row-fluid\">\n<div class=\"wpb_column vc_column_container vc_col-sm-12\">\n<div class=\"vc_column-inner\">\n<div class=\"wpb_wrapper\">\n<div class=\"wpb_text_column wpb_content_element\">\n<div class=\"wpb_wrapper\">\n<p>Motor za kliznu kapiju du\u017eine do 6 metra i te\u017eine do 600 kg.<\/p>\n<\/div>\n<\/div>\n<\/div>\n<\/div>\n<\/div>\n<\/div>\n<div class=\"vc_row wpb_row vc_row-fluid\">\n<div class=\"wpb_column vc_column_container vc_col-sm-6\">\n<div class=\"vc_column-inner\">\n<div class=\"wpb_wrapper\">\n<div class=\"wpb_text_column wpb_content_element\">\n<div class=\"wpb_wrapper\">\n<p><strong>TEHNI\u010cKE KARAKTERISTIKE:<\/strong><\/p>\n<ul>\n<li class=\"firstItem\">Napajanje: 24V<\/li>\n<li>Snaga motora: 375W<\/li>\n<li>Za\u0161tita: IP44<\/li>\n<li>Potisak: 600N<\/li>\n<li>Neizmeni\u010dan rad: 90%<\/li>\n<li class=\"lastItem\">Brzina otvaranja kapije: 20.4 m\/min<\/li>\n<\/ul>\n<\/div>\n<\/div>\n<\/div>\n<\/div>\n<\/div>\n<div class=\"wpb_column vc_column_container vc_col-sm-6\">\n<div class=\"vc_column-inner\">\n<div class=\"wpb_wrapper\">\n<div class=\"wpb_text_column wpb_content_element\">\n<div class=\"wpb_wrapper\">\n<p><strong>KOMPLET SADR\u017dI:\u00a0<\/strong><\/p>\n<div class=\"woocommerce-product-details__short-description\">\n<div class=\"product__tabs tabs js-tabs\">\n<div class=\"tabs__content js-tab-content\">\n<div id=\"product-tab-2\" class=\"tabs__tab js-tab \">\n<div class=\"plain-text\">\n<ul>\n<li class=\"firstItem\">Motor \u2013 1 kom<\/li>\n<li>STARG8 24V centala sa elektronikom \u2013 1 kom<\/li>\n<li>IDEA signalna lampa sa integrisanom antenom\u2013 1 kom<\/li>\n<li>Daljinski upravlja\u010d STYLO 4K \u2013 2 kom<\/li>\n<li class=\"lastItem\">VIKY 30 foto \u0107elije \u2013 1 par<\/li>\n<li>Znak da je kapija automatizovana \u2013 1 kom<\/li>\n<\/ul>\n<p><img decoding=\"async\" loading=\"lazy\" src=\"https:\/\/automatikapro.com\/uploads\/images-file-manager\/202404\/6623d68d523c93-85910138-85038229.png\" alt=\"\" width=\"499\" height=\"249\" \/><\/p>\n<div class=\"elementor-element elementor-element-66dee79 wd-width-100 elementor-widget elementor-widget-wd_title\" data-id=\"66dee79\" data-element_type=\"widget\" data-widget_type=\"wd_title.default\">\n<div class=\"elementor-widget-container\">\n<div class=\"title-wrapper set-mb-s reset-last-child wd-title-color-default wd-title-style-default wd-title-size-extra-large text-left\">\n<div class=\"liner-continer\">\n<h4 class=\"woodmart-title-container title wd-fontsize-xxxl\">KING GATES Dynamos 24\/600<\/h4>\n<\/div>\n<\/div>\n<\/div>\n<\/div>\n<div class=\"elementor-element elementor-element-eeb94e6 elementor-widget elementor-widget-wd_text_block\" data-id=\"eeb94e6\" data-element_type=\"widget\" data-widget_type=\"wd_text_block.default\">\n<div class=\"elementor-widget-container\">\n<div class=\"wd-text-block reset-last-child text-left\">\n<p>KING GATES Dynamos 24\/600 se mo\u017ee pohvaliti mnogim inovativnim karakteristikama, uklju\u010dujuc\u0301i moguc\u0301nost usporavanja pri otvaranju i zatvaranju, detekciju prepreka kako bi se osigurala sigurnost, sekundarni sigurnosni ulaz za dodatne foto c\u0301elije i ima delimi\u010dno otvaranje za pe\u0161ake i druge upotrebe. Prednost niskonaponskog sistema je kapacitet za rad u visokom radnom ciklusu i opcija za rezervnu bateriju u slu\u010daju nestanka struje (opcioni komplet za rezervnu bateriju). Dinamo je opremljen sa dva klju\u010da za ru\u010dno otvaranje kapije u slu\u010daju nu\u017ede.<\/p>\n<p>Proizveden u Italiji KING GATES Dynamos 24\/600 LT komplet za klizne kapije je moderan, robustan i pouzdan sistem od 24 V d.c. idealan za kapije te\u017eine do 400 kg. Iako sistem ima 24 volta, on zahteva napajanje iz mre\u017ee, postoji ugra\u0111eni transformator koji smanjuje snagu motora sa 230 volti na 24 volta. Ovo ima razli\u010dite prednosti kao \u0161to su: o\u0161trije otkrivanje prepreka, povec\u0301anje radnog ciklusa (vi\u0161e operacija po satu) i dodavanje moguc\u0301nosti za rezervno napajanje baterije ako je potrebno. Ugra\u0111ena je StarG8 kontrolna jedinica sa ugra\u0111enim radio prijemnikom za veoma lako programiranje i pode\u0161avanje. StarG8 kontrolna jedinica ima neke fantasti\u010dne karakteristike uklju\u010dujuc\u0301i: detekciju prepreka, usporavanje, podesivo vreme pauze, pred lampu, otvaranje za pe\u0161ake, sigurnosne ivice i ulaze za foto zrak i jo\u0161 mnogo toga. Motor za klizne kapije KING GATES\u00a0 Dynamos 24\/600 ima kuc\u0301i\u0161te od livenog aluminijuma i \u010deli\u010dni zup\u010danik, \u010dvrstu ruku za otpu\u0161tanje i mehani\u010dki grani\u010dni prekida\u010d koji se zaustavlja na kraju vo\u017enje.<\/p>\n<p>&nbsp;<\/p>\n<p><img decoding=\"async\" loading=\"lazy\" src=\"https:\/\/automatikapro.com\/uploads\/images-file-manager\/202404\/6623d68d523c93-85910138-85038229.png\" alt=\"\" width=\"799\" height=\"399\" \/><\/p>\n<p>\u017delite da otvarate motor putem aplikacije na telefonu?<\/p>\n<p>Mogu\u0107e uz dodatni WiFi modul za upravljanje KING GATES automatizacijom preko CLAVIS aplikacije na mobilnom telefonu.\u00a0 (4 pristupa)<\/p>\n<p><img decoding=\"async\" loading=\"lazy\" src=\"https:\/\/automatikapro.com\/uploads\/images-file-manager\/202404\/6623d7d077c4f4-50898584-26270530.jpg\" alt=\"\" width=\"500\" height=\"500\" \/><\/p>\n<\/div>\n<\/div>\n<\/div>\n<\/div>\n<\/div>\n<\/div>\n<\/div>\n<\/div>\n<\/div>\n<\/div>\n<\/div>\n<\/div>\n<\/div>\n<\/div>\n","protected":false},"featured_media":9265,"comment_status":"open","ping_status":"closed","template":"","meta":{"_mi_skip_tracking":false,"_exactmetrics_sitenote_active":false,"_exactmetrics_sitenote_note":"","_exactmetrics_sitenote_category":0,"spay_email":""},"product_cat":[6078],"product_tag":[6089,6983,6987,6990,6989,6081,6988],"brands":[],"df_price":500,"df_sale_price":"","df_regular_price":500,"df_image_link":"https:\/\/i2.wp.com\/astehshop.com\/wp-content\/uploads\/2024\/04\/king-motori.png?fit=450%2C450","jetpack_publicize_connections":[],"jetpack_sharing_enabled":true,"jetpack_likes_enabled":true,"jetpack-related-posts":[{"id":8397,"url":"http:\/\/astehshop.com\/index.php\/product\/bft-motor-za-kliznu-kapiju-deimos-bt-a-do-600-kg\/","url_meta":{"origin":9268,"position":0},"title":"BFT &#8211; MOTOR ZA KLIZNU KAPIJU DEIMOS BT A do 600 kg","date":"22. listopada 2023.","format":false,"excerpt":"Motor za kliznu kapiju DEIMOS BT A 600 kit . Motor za kapije do 600 kg tezine, motor dolazi u kit-u sa lampom bljeskalicom , 2 x daljinski i fotocelijama. 4 metra zup\u010daste letve https:\/\/www.youtube.com\/watch?v=zFiNdDIxKCQ \u00a0","rel":"","context":"Srodne objave","img":{"alt_text":"","src":"https:\/\/i1.wp.com\/astehshop.com\/wp-content\/uploads\/2023\/10\/DEIMOS-BT-A.jpg?fit=657%2C665&resize=350%2C200","width":350,"height":200},"classes":[]},{"id":8401,"url":"http:\/\/astehshop.com\/index.php\/product\/bft-motor-za-kliznu-kapiju-deimos-ultra-bt-a-do-600-kg\/","url_meta":{"origin":9268,"position":1},"title":"BFT \u2013 MOTOR ZA KLIZNU KAPIJU DEIMOS ULTRA BT A do 600 kg","date":"22. listopada 2023.","format":false,"excerpt":"Motor za kliznu kapiju DEIMOS ULTRA BT A 400 kit . Motor za kapije do 600 kg tezine, motor dolazi u kit-u sa lampom bljeskalicom , 2 x daljinski i fotocelijama. Motor je sa magnetnim krajnjim prekidacima.","rel":"","context":"Srodne objave","img":{"alt_text":"","src":"https:\/\/i1.wp.com\/astehshop.com\/wp-content\/uploads\/2023\/10\/bft-ultra-serija.jpg?fit=1034%2C882&resize=350%2C200","width":350,"height":200},"classes":[]},{"id":9270,"url":"http:\/\/astehshop.com\/index.php\/product\/king-gates-linear-24-400-motor-za-krilne-kapije\/","url_meta":{"origin":9268,"position":2},"title":"King Gates LINEAR 24\/400 motor za krilne kapije","date":"22. travnja 2024.","format":false,"excerpt":"Motor za krilnu kapiju du\u017eine do 3 metra, te\u017eine do 300 kg po krilu, predvi\u0111en za intenzivnu upotrebu. TEHNI\u010cKE KARAKTERISTIKE: Napajanje: 24V Snaga motora: 120W Za\u0161tita: IP54 Potisak: 1800N Neizmeni\u010dan rad: 90% Brzina otvaranja: 0.014 m\/s Te\u017eina motora: 5.5 kg Dimazije motora: 700x100x177 KOMPLET SADR\u017dI:\u00a0 Motor \u2013 2 kom STARG8\u2026","rel":"","context":"Srodne objave","img":{"alt_text":"","src":"https:\/\/i2.wp.com\/astehshop.com\/wp-content\/uploads\/2024\/04\/Linear-Kit-Basic-big.jpg?fit=500%2C318&resize=350%2C200","width":350,"height":200},"classes":[]},{"id":8395,"url":"http:\/\/astehshop.com\/index.php\/product\/bft-motor-za-kliznu-kapiju-deimos-bt-a-do-400-kg\/","url_meta":{"origin":9268,"position":3},"title":"BFT &#8211; MOTOR ZA KLIZNU KAPIJU DEIMOS BT A do  400 kg","date":"22. listopada 2023.","format":false,"excerpt":"Motor za kliznu kapiju DEIMOS BT A 400 kit . Motor za kapije do 400 kg te\u017eine, motor dolazi u kit-u sa lampom bljeskalicom , 2 x daljinski i foto\u010delijama 4 metra zup\u010daste letve https:\/\/www.youtube.com\/watch?v=zFiNdDIxKCQ \u00a0","rel":"","context":"Srodne objave","img":{"alt_text":"","src":"https:\/\/i1.wp.com\/astehshop.com\/wp-content\/uploads\/2023\/10\/DEIMOS-BT-A.jpg?fit=657%2C665&resize=350%2C200","width":350,"height":200},"classes":[]},{"id":8402,"url":"http:\/\/astehshop.com\/index.php\/product\/bft-motor-za-kliznu-kapiju-deimos-ac-do-600kg-230v\/","url_meta":{"origin":9268,"position":4},"title":"BFT \u2013 MOTOR ZA KLIZNU KAPIJU DEIMOS AC do 600kg 230V","date":"22. listopada 2023.","format":false,"excerpt":"Motor za kliznu kapiju DEIMOS AC A 600 kit . Motor za kapije do 600 kg tezine, motor dolazi u kit-u sa lampom bljeskalicom , 2 x daljinski i fotocelijama. Motor je 230 V, sa elektromehanickim krajnjim prekidacima.","rel":"","context":"Srodne objave","img":{"alt_text":"","src":"https:\/\/i2.wp.com\/astehshop.com\/wp-content\/uploads\/2023\/10\/ac-motor-bft.jpg?fit=454%2C431&resize=350%2C200","width":350,"height":200},"classes":[]},{"id":9272,"url":"http:\/\/astehshop.com\/index.php\/product\/king-gates-couper-24-motor-za-krilne-kapije\/","url_meta":{"origin":9268,"position":5},"title":"King Gates COUPER 24 motor za krilne kapije","date":"22. travnja 2024.","format":false,"excerpt":"Motor za krilnu kapiju du\u017eine do 2 metra, te\u017eine do 200 kg po krilu, predvi\u0111en za intenzivnu upotrebu. TEHNI\u010cKE KARAKTERISTIKE: Napajanje: 24V Snaga motora: 80W Za\u0161tita: IP44 Potisak: 1500N Neizmeni\u010dan rad: 50% Vreme otvaranja do 90\u00b0: 16s KOMPLET SADR\u017dI:\u00a0 Motor \u2013 2 kom STARG8 24V BOX\u00a0 Centala sa elektronikom u\u2026","rel":"","context":"Srodne objave","img":{"alt_text":"","src":"https:\/\/i2.wp.com\/astehshop.com\/wp-content\/uploads\/2024\/04\/moor-king.png?fit=1080%2C1080&resize=350%2C200","width":350,"height":200},"classes":[]}],"_links":{"self":[{"href":"http:\/\/astehshop.com\/index.php\/wp-json\/wp\/v2\/product\/9268"}],"collection":[{"href":"http:\/\/astehshop.com\/index.php\/wp-json\/wp\/v2\/product"}],"about":[{"href":"http:\/\/astehshop.com\/index.php\/wp-json\/wp\/v2\/types\/product"}],"replies":[{"embeddable":true,"href":"http:\/\/astehshop.com\/index.php\/wp-json\/wp\/v2\/comments?post=9268"}],"wp:featuredmedia":[{"embeddable":true,"href":"http:\/\/astehshop.com\/index.php\/wp-json\/wp\/v2\/media\/9265"}],"wp:attachment":[{"href":"http:\/\/astehshop.com\/index.php\/wp-json\/wp\/v2\/media?parent=9268"}],"wp:term":[{"taxonomy":"product_cat","embeddable":true,"href":"http:\/\/astehshop.com\/index.php\/wp-json\/wp\/v2\/product_cat?post=9268"},{"taxonomy":"product_tag","embeddable":true,"href":"http:\/\/astehshop.com\/index.php\/wp-json\/wp\/v2\/product_tag?post=9268"}],"curies":[{"name":"wp","href":"https:\/\/api.w.org\/{rel}","templated":true}]}}