{"id":9262,"date":"2024-04-14T16:09:54","date_gmt":"2024-04-14T14:09:54","guid":{"rendered":"http:\/\/astehshop.com\/?post_type=product&#038;p=9262"},"modified":"2024-04-14T16:09:57","modified_gmt":"2024-04-14T14:09:57","slug":"vanjska-sigurnosna-kamera-wifi-u-obliku-sijalice-4-mpx","status":"publish","type":"product","link":"http:\/\/astehshop.com\/index.php\/product\/vanjska-sigurnosna-kamera-wifi-u-obliku-sijalice-4-mpx\/","title":{"rendered":"Vanjska sigurnosna kamera wifi u obliku sijalice 4 MPX"},"content":{"rendered":"<p>4 MPX<br \/>\nJednostavno povezivanje na wifi mrezu<br \/>\ndvojsmerni razgovor<br \/>\npametni no\u0107ni re\u017eim<br \/>\nsnimanje na mikro sd karticu<\/p>\n<p><iframe loading=\"lazy\"  id=\"_ytid_23058\"  width=\"480\" height=\"270\"  data-origwidth=\"480\" data-origheight=\"270\"  src=\"https:\/\/www.youtube.com\/embed\/pNqMrtFhqCY?enablejsapi=1&#038;autoplay=0&#038;cc_load_policy=0&#038;cc_lang_pref=&#038;iv_load_policy=1&#038;loop=0&#038;modestbranding=0&#038;rel=1&#038;fs=1&#038;playsinline=0&#038;autohide=2&#038;theme=dark&#038;color=red&#038;controls=1&#038;\" class=\"__youtube_prefs__  epyt-is-override  no-lazyload\" title=\"YouTube player\"  allow=\"autoplay; encrypted-media\" allowfullscreen data-no-lazy=\"1\" data-skipgform_ajax_framebjll=\"\"><\/iframe><\/p>\n<p><iframe loading=\"lazy\"  id=\"_ytid_41469\"  width=\"480\" height=\"270\"  data-origwidth=\"480\" data-origheight=\"270\"  src=\"https:\/\/www.youtube.com\/embed\/pNqMrtFhqCY?enablejsapi=1&#038;autoplay=0&#038;cc_load_policy=0&#038;cc_lang_pref=&#038;iv_load_policy=1&#038;loop=0&#038;modestbranding=0&#038;rel=1&#038;fs=1&#038;playsinline=0&#038;autohide=2&#038;theme=dark&#038;color=red&#038;controls=1&#038;\" class=\"__youtube_prefs__  epyt-is-override  no-lazyload\" title=\"YouTube player\"  allow=\"autoplay; encrypted-media\" allowfullscreen data-no-lazy=\"1\" data-skipgform_ajax_framebjll=\"\"><\/iframe><\/p>\n","protected":false},"excerpt":{"rendered":"<p>2 MPX<br \/>\nJednostavno povezivanje na wifi mrezu<br \/>\ndvojsmerni razgovor<br \/>\npametni no\u0107ni re\u017eim<br \/>\nsnimanje na mikro sd karticu<\/p>\n<p>https:\/\/www.youtube.com\/watch?v=pNqMrtFhqCY<\/p>\n<p>https:\/\/www.youtube.com\/watch?v=pNqMrtFhqCY<\/p>\n","protected":false},"featured_media":0,"comment_status":"open","ping_status":"closed","template":"","meta":{"_mi_skip_tracking":false,"_exactmetrics_sitenote_active":false,"_exactmetrics_sitenote_note":"","_exactmetrics_sitenote_category":0,"spay_email":""},"product_cat":[135],"product_tag":[6981,435,6980,6979,1549,1183],"brands":[],"df_price":99,"df_sale_price":"","df_regular_price":99,"df_image_link":"https:\/\/i2.wp.com\/astehshop.com\/wp-content\/uploads\/woocommerce-placeholder.png?fit=450%2C450","jetpack_publicize_connections":[],"jetpack_sharing_enabled":true,"jetpack_likes_enabled":true,"jetpack-related-posts":[{"id":8979,"url":"http:\/\/astehshop.com\/index.php\/product\/vanjska-sigurnosna-kamera-wifi-u-obliku-sijalice\/","url_meta":{"origin":9262,"position":0},"title":"Vanjska sigurnosna kamera wifi u obliku sijalice","date":"17. velja\u010de 2024.","format":false,"excerpt":"2 MPX Jednostavno povezivanje na wifi mrezu dvojsmerni razgovor pametni no\u0107ni re\u017eim snimanje na mikro sd karticu https:\/\/www.youtube.com\/watch?v=pNqMrtFhqCY","rel":"","context":"Srodne objave","img":{"alt_text":"","src":"https:\/\/i0.wp.com\/astehshop.com\/wp-content\/uploads\/2024\/02\/sijalica-kamera.jpg?fit=1162%2C1200&resize=350%2C200","width":350,"height":200},"classes":[]},{"id":8015,"url":"http:\/\/astehshop.com\/index.php\/product\/ai-wifi-kamera-2-mpx-rotirajuca\/","url_meta":{"origin":9262,"position":1},"title":"AI WIFI kamera 2 MPX rotirajuca","date":"13. kolovoza 2023.","format":false,"excerpt":"Nadzorna kamera AI Smart 2.0MP WiFi IP HD Tip: IP Rezolucija: 2.0MP, HD Ku\u0107i\u0161te: plasti\u010dno Boja ku\u0107i\u0161ta: bijela Povezivanje: WiFi, 10\/100Mbps RJ-45 Infracrvene IR LED: 8+6 Rotacije: horizontalno i vertikalno Mogu\u0107nost povezivanja na Cloud Snimanje na SD karticu Dvostrana audio komunikacija Aplikacija za nadzor mobilnim ure\u0111ajem (YooSee) Detekcija pokreta IR\u2026","rel":"","context":"Srodne objave","img":{"alt_text":"","src":"https:\/\/i0.wp.com\/astehshop.com\/wp-content\/uploads\/2023\/08\/IMG_1911-18-scaled-removebg-preview.png?fit=768%2C828&resize=350%2C200","width":350,"height":200},"classes":[]},{"id":8012,"url":"http:\/\/astehshop.com\/index.php\/product\/kamera-za-video-nadzor-bullet-wifi-2-mpx\/","url_meta":{"origin":9262,"position":2},"title":"Kamera za video nadzor bullet WIFI 2 MPX","date":"13. kolovoza 2023.","format":false,"excerpt":"Nadzorna kamera IT-Blue SC-B10 WiFi IP FHD P2P Model: SC-B10 Tip: IP Rezolucija: 2.0MP, 1080p FHD Ku\u0107i\u0161te: metalno Boja ku\u0107i\u0161ta: bijela Povezivanje: WiFi, 10\/100Mbps RJ-45 Infracrvene IR LED: 4 Mogu\u0107nost povezivanja na Cloud Snimanje na SD karticu Aplikacija za nadzor mobilnim ure\u0111ajem (YooSee) Detekcija pokreta Jednostavno postavljanje www.technoshopbn.com","rel":"","context":"Srodne objave","img":{"alt_text":"","src":"https:\/\/i1.wp.com\/astehshop.com\/wp-content\/uploads\/2023\/08\/b10-wifi-kamera.jpg?fit=799%2C799&resize=350%2C200","width":350,"height":200},"classes":[]},{"id":7188,"url":"http:\/\/astehshop.com\/index.php\/product\/pametna-brava-sigurnosna-brava-tuya-u04-5-pro\/","url_meta":{"origin":9262,"position":3},"title":"Pametna brava sigurnosna brava Tuya U04\/5 PRO","date":"28. sije\u010dnja 2023.","format":false,"excerpt":"Pametna brava sigurnosna brava Tuya U04\/5 PRO sa otiskom prsta pin kodom karticom aplikacijom Tuya ili TT LOCK klju\u010d za otvaranje u slu\u010daju nedostatka baterije mikro usb konektor punjiva baterija unutar brave povezivanje na va\u0161u wifi mre\u017eu jednostavno pode\u0161avanje i kontrola","rel":"","context":"Srodne objave","img":{"alt_text":"","src":"https:\/\/i0.wp.com\/astehshop.com\/wp-content\/uploads\/2023\/01\/u04-kroz-5-tuya-pametna-brava.png?fit=1165%2C695&resize=350%2C200","width":350,"height":200},"classes":[]},{"id":8623,"url":"http:\/\/astehshop.com\/index.php\/product\/rotirajuca-kamera-ip-wifi-ptz-vanjska-bezicna-full-hd\/","url_meta":{"origin":9262,"position":4},"title":"Rotirajuca kamera IP WiFi PTZ Vanjska be\u017ei\u010dna FULL HD","date":"12. studenoga 2023.","format":false,"excerpt":"Wi fi rotiraju\u0107a Full HD kamera Vanjska -Rotiraju\u0107a 355 stepeni -Audio i Video snimak (mogu\u0107nost pri\u010danja preko kamere) -Vodootporna -Mikrofon -Alarm -Pregledavanje i vracanje snimka -Podrzava SD karticu -Android aplikacijai IOS -Senzor pokreta -Snimanje no\u0107u (infrared i Led osvjetljenje) -Mogu\u0107nost pohrane snimka na Sd karticu koja se ubaci u kameru\u2026","rel":"","context":"Srodne objave","img":{"alt_text":"","src":"https:\/\/i1.wp.com\/astehshop.com\/wp-content\/uploads\/2023\/11\/wifi-yoosee-kamera.jpg?fit=800%2C800&resize=350%2C200","width":350,"height":200},"classes":[]},{"id":9965,"url":"http:\/\/astehshop.com\/index.php\/product\/ipc-k7cp-5h1we-wifi-roto-kamera-imou\/","url_meta":{"origin":9262,"position":5},"title":"IPC-K7CP-5H1WE WIFI roto kamera IMOU","date":"16. o\u017eujka 2025.","format":false,"excerpt":"Tip: IP \/ WiFi Rezolucija: 5MP 3K 3.6mm Ku\u0107i\u0161te: plasti\u010dno Boja ku\u0107i\u0161ta: bijela Povezivanje: WiFi, RJ-45 Rotacije: horizontalno i vertikalno Mogu\u0107nost povezivanja na Cloud Snimanje na SD karticu Dvostrana audio komunikacija Aplikacija za nadzor mobilnim ure\u0111ajem (Imou Life)","rel":"","context":"Srodne objave","img":{"alt_text":"","src":"https:\/\/i0.wp.com\/astehshop.com\/wp-content\/uploads\/2025\/03\/IPC-K7CP-5H1WE.jpg?fit=690%2C690&resize=350%2C200","width":350,"height":200},"classes":[]}],"_links":{"self":[{"href":"http:\/\/astehshop.com\/index.php\/wp-json\/wp\/v2\/product\/9262"}],"collection":[{"href":"http:\/\/astehshop.com\/index.php\/wp-json\/wp\/v2\/product"}],"about":[{"href":"http:\/\/astehshop.com\/index.php\/wp-json\/wp\/v2\/types\/product"}],"replies":[{"embeddable":true,"href":"http:\/\/astehshop.com\/index.php\/wp-json\/wp\/v2\/comments?post=9262"}],"wp:attachment":[{"href":"http:\/\/astehshop.com\/index.php\/wp-json\/wp\/v2\/media?parent=9262"}],"wp:term":[{"taxonomy":"product_cat","embeddable":true,"href":"http:\/\/astehshop.com\/index.php\/wp-json\/wp\/v2\/product_cat?post=9262"},{"taxonomy":"product_tag","embeddable":true,"href":"http:\/\/astehshop.com\/index.php\/wp-json\/wp\/v2\/product_tag?post=9262"}],"curies":[{"name":"wp","href":"https:\/\/api.w.org\/{rel}","templated":true}]}}