{"id":9228,"date":"2024-03-19T18:33:04","date_gmt":"2024-03-19T17:33:04","guid":{"rendered":"http:\/\/astehshop.com\/?post_type=product&#038;p=9228"},"modified":"2024-03-19T18:33:05","modified_gmt":"2024-03-19T17:33:05","slug":"tablet-mediacom-smartpad-iyo-10-m-sp1ey-10-2gb-16gb","status":"publish","type":"product","link":"http:\/\/astehshop.com\/index.php\/product\/tablet-mediacom-smartpad-iyo-10-m-sp1ey-10-2gb-16gb\/","title":{"rendered":"Tablet MEDIACOM SmartPad IYO 10 M-SP1EY 10&#8243; 2GB\/16GB"},"content":{"rendered":"<p>MT8321AB Quad Core 1.3GHz, IPS LCD 10,1&#8243; 1280&#215;800 pixels,RAM 2GB,Internal Memory 16GB &#8211; Dual Camera 0.3MP \/ 2MP, WiFi &#8211; Bluetooth 4.2 Android 11<\/p>\n","protected":false},"excerpt":{"rendered":"<p>MT8321AB Quad Core 1.3GHz, IPS LCD 10,1&#8243; 1280&#215;800 pixels,RAM 2GB,Internal Memory 16GB &#8211; Dual Camera 0.3MP \/ 2MP, WiFi &#8211; Bluetooth 4.2 Android 11<\/p>\n","protected":false},"featured_media":9229,"comment_status":"open","ping_status":"closed","template":"","meta":{"_mi_skip_tracking":false,"_exactmetrics_sitenote_active":false,"_exactmetrics_sitenote_note":"","_exactmetrics_sitenote_category":0,"spay_email":""},"product_cat":[1347],"product_tag":[6964,1348,2732,6938],"brands":[],"df_price":249,"df_sale_price":"","df_regular_price":249,"df_image_link":"https:\/\/i1.wp.com\/astehshop.com\/wp-content\/uploads\/2024\/03\/0111925_tablet-mediacom-smartpad-iyo-10-m-sp1ey-10-2gb16gb.jpeg?fit=450%2C450","jetpack_publicize_connections":[],"jetpack_sharing_enabled":true,"jetpack_likes_enabled":true,"jetpack-related-posts":[{"id":6783,"url":"http:\/\/astehshop.com\/index.php\/product\/prestigio-smartkids-pmt3197_w_d_be-wifi-7\/","url_meta":{"origin":9228,"position":0},"title":"Prestigio Smartkids, PMT3197_W_D_BE, wifi, 7&#8243;","date":"21. studenoga 2022.","format":false,"excerpt":"Prestigio Smartkids, PMT3197_W_D_BE, wifi, 7\" 1024*600 IPS display, up to 1.3GHz quad core processor, android 10 (go edition), 1GB RAM+16GB ROM, 0.3MP front+2MP rear camera,2500mAh battery Garancija, mjesec: 12","rel":"","context":"Srodne objave","img":{"alt_text":"","src":"https:\/\/i2.wp.com\/astehshop.com\/wp-content\/uploads\/2022\/11\/200817112504986536.jpg?fit=597%2C535&resize=350%2C200","width":350,"height":200},"classes":[]},{"id":9221,"url":"http:\/\/astehshop.com\/index.php\/product\/tablet-meanit-x40\/","url_meta":{"origin":9228,"position":1},"title":"Tablet MeanIT X40","date":"19. o\u017eujka 2024.","format":false,"excerpt":"Tablet 10.1\", IPS HD ekran, rezolucija 1280 x 800, format 16:9 Quad Core CPU, RAM memorija 2GB, interna memorija 16GB, Po\u0161irivo do 64GB Kamera: 2 Mpixel stra\u017enja i 0.3 Mpixel prednja Povezivost: WiFi, Bluetooth Baterija 5000 mAh Operativni sistem Android 12 https:\/\/www.youtube.com\/watch?v=TXIih_PM8ig \u00a0","rel":"","context":"Srodne objave","img":{"alt_text":"","src":"https:\/\/i2.wp.com\/astehshop.com\/wp-content\/uploads\/2024\/03\/30739_1686312333cahseye2z0.png?fit=1200%2C1125&resize=350%2C200","width":350,"height":200},"classes":[]},{"id":8695,"url":"http:\/\/astehshop.com\/index.php\/product\/tablet-mediacom-smartpad-iyo-3g\/","url_meta":{"origin":9228,"position":2},"title":"TABLET MEDIACOM SmartPad iyo 3G","date":"4. prosinca 2023.","format":false,"excerpt":"CPU MediaTek \/ Quad-Core \/ 1.60 GHz RAM 2GB Display 8\u201d IPS 1280\u00d7800 Operativni Sistem Android 11 Pohrana 16GB EMMC Grafika MediaTek Graphics Camera 2MP Selfie Camera 0.3MP Baterija 4000mAh WiFi Bluetooth 4.0 Polovno, Garancija na ispravnost.","rel":"","context":"Srodne objave","img":{"alt_text":"","src":"https:\/\/i2.wp.com\/astehshop.com\/wp-content\/uploads\/2023\/12\/img-1699955470-252a836e741a.webp?fit=600%2C500&resize=350%2C200","width":350,"height":200},"classes":[]},{"id":9209,"url":"http:\/\/astehshop.com\/index.php\/product\/djeciji-tablet-k17-panda-kids\/","url_meta":{"origin":9228,"position":3},"title":"Dje\u010diji tablet K17 Panda Kids","date":"19. o\u017eujka 2024.","format":false,"excerpt":"Tablet 7\u201d IPS ekran, rezolucija 1024 x600 CPU Quad-core, 2GB RAM + 16GB interna memorija, pro\u0161irivo micro SD karticom do 32GB, Wi-Fi, BT mre\u017ea, G sensor Kamera 2MP + prednja 0,3MP Baterija 3000mAh Android 12 Go Software prilago\u0111en djeci (software iWawa) Edukativne igre i roditeljska za\u0161tita Ku\u010di\u0161te plasti\u0107no s gumenom\u2026","rel":"","context":"Srodne objave","img":{"alt_text":"","src":"https:\/\/i0.wp.com\/astehshop.com\/wp-content\/uploads\/2024\/03\/19539_1686255766ep4k9111tj.png?fit=1200%2C1200&resize=350%2C200","width":350,"height":200},"classes":[]},{"id":9219,"url":"http:\/\/astehshop.com\/index.php\/product\/tablet-space-a8-sa-ips-ekranom\/","url_meta":{"origin":9228,"position":4},"title":"Tablet Space A8 sa IPS ekranom","date":"19. o\u017eujka 2024.","format":false,"excerpt":"Tablet A8, 8\" IPS ekran osjetljiv na dodir, rezolucija 1280 x 800, Quad-Core ARM Cortex A53 1.6 GHz, 2GB DDR3 radne memorije, 16GB interne memorije, utor za microSDXC ( max 128 GB ). Grafi\u010dka kartica PowerVR GCE 8300. Kamera 5 MPixel , Selfie kamera 2 MPixel. Povezivost: WiFi 802.11, b\/g\/n,\u2026","rel":"","context":"Srodne objave","img":{"alt_text":"","src":"https:\/\/i2.wp.com\/astehshop.com\/wp-content\/uploads\/2024\/03\/space-a8.png?fit=1102%2C1200&resize=350%2C200","width":350,"height":200},"classes":[]},{"id":9734,"url":"http:\/\/astehshop.com\/index.php\/product\/djecji-tablet-blackview-tab3-kids-2gb-ram-32gb-wifi-7-undersea-blue\/","url_meta":{"origin":9228,"position":5},"title":"Dje\u010dji Tablet Blackview Tab3 Kids | 2GB RAM | 32GB | WiFi | 7&#8243; | Undersea Blue","date":"24. studenoga 2024.","format":false,"excerpt":"Tablet Blackview Tab 3 Kids Blue WiFi 7\u201d 2GB + 32GB Veli\u010dina: 7\u201d Display: IPS, 1280 x 800, 149 PPI Memorija: 32GB RAM: 2GB CPU: Unisoc SC7731E 2.0GHz GPU: ARM Mali-T820 MP1 OS: Android 13 Zadnja kamera: 2MP Prednja kamera: 0,3MP Kapacitet baterije: 3280mAh Dimenzije: 195.60 x 136.00 x 21.40\u2026","rel":"","context":"Srodne objave","img":{"alt_text":"","src":"https:\/\/i2.wp.com\/astehshop.com\/wp-content\/uploads\/2024\/11\/Djecji-Tablet-Blackview-Tab3-Kids.jpg?fit=400%2C400&resize=350%2C200","width":350,"height":200},"classes":[]}],"_links":{"self":[{"href":"http:\/\/astehshop.com\/index.php\/wp-json\/wp\/v2\/product\/9228"}],"collection":[{"href":"http:\/\/astehshop.com\/index.php\/wp-json\/wp\/v2\/product"}],"about":[{"href":"http:\/\/astehshop.com\/index.php\/wp-json\/wp\/v2\/types\/product"}],"replies":[{"embeddable":true,"href":"http:\/\/astehshop.com\/index.php\/wp-json\/wp\/v2\/comments?post=9228"}],"wp:featuredmedia":[{"embeddable":true,"href":"http:\/\/astehshop.com\/index.php\/wp-json\/wp\/v2\/media\/9229"}],"wp:attachment":[{"href":"http:\/\/astehshop.com\/index.php\/wp-json\/wp\/v2\/media?parent=9228"}],"wp:term":[{"taxonomy":"product_cat","embeddable":true,"href":"http:\/\/astehshop.com\/index.php\/wp-json\/wp\/v2\/product_cat?post=9228"},{"taxonomy":"product_tag","embeddable":true,"href":"http:\/\/astehshop.com\/index.php\/wp-json\/wp\/v2\/product_tag?post=9228"}],"curies":[{"name":"wp","href":"https:\/\/api.w.org\/{rel}","templated":true}]}}