{"id":9200,"date":"2024-03-14T19:51:48","date_gmt":"2024-03-14T18:51:48","guid":{"rendered":"http:\/\/astehshop.com\/?post_type=product&#038;p=9200"},"modified":"2025-09-17T21:48:47","modified_gmt":"2025-09-17T19:48:47","slug":"dahua-8-portni-gigabitni-switch-pfs3008-8gt-l","status":"publish","type":"product","link":"http:\/\/astehshop.com\/index.php\/product\/dahua-8-portni-gigabitni-switch-pfs3008-8gt-l\/","title":{"rendered":"Dahua 8 portni gigabitni switch PFS3008-8GT-L"},"content":{"rendered":"<p><span class=\"HwtZe\" lang=\"bs\"><span class=\"jCAhz ChMk0b\"><span class=\"ryNqvb\">8 \u00d7 10\/100\/1000 Mbps adaptivnih portova, visoko integrisanog dizajna, kompaktan, prenosiv, jednostavan za rukovanje, pogodan za male i srednje kancelarijske i ku\u0107ne mre\u017ee.<\/span><\/span> <\/span><\/p>\n<blockquote><p><span class=\"HwtZe\" lang=\"bs\"><span class=\"jCAhz ChMk0b\"><span class=\"ryNqvb\">Kompaktan dizajn: minijaturna veli\u010dina i mala te\u017eina olak\u0161avaju postavljanje<\/span><\/span> <\/span><\/p>\n<p><span class=\"HwtZe\" lang=\"bs\"><span class=\"jCAhz ChMk0b\"><span class=\"ryNqvb\">Plug and play: nije potrebna konfiguracija<\/span><\/span> <\/span><\/p>\n<p><span class=\"HwtZe\" lang=\"bs\"><span class=\"jCAhz ChMk0b\"><span class=\"ryNqvb\">Zelena tehnologija: usvaja visokokvalitetnu ekolo\u0161ki prihvatljivu plastiku<\/span><\/span> <\/span><\/p><\/blockquote>\n<p>&nbsp;<\/p>\n<blockquote><p><span class=\"HwtZe\" lang=\"bs\"><span class=\"jCAhz ChMk0b\"><span class=\"ryNqvb\">7\u00d724H: Stabilne performanse za dugotrajan rad<\/span><\/span><\/span><\/p><\/blockquote>\n","protected":false},"excerpt":{"rendered":"<p><span class=\"HwtZe\" lang=\"bs\"><span class=\"jCAhz ChMk0b\"><span class=\"ryNqvb\">8 \u00d7 10\/100\/1000 Mbps adaptivnih portova, visoko integrisanog dizajna, kompaktan, prenosiv, jednostavan za rukovanje, pogodan za male i srednje kancelarijske i ku\u0107ne mre\u017ee.<\/span><\/span> <\/span><\/p>\n<blockquote><p><span class=\"HwtZe\" lang=\"bs\"><span class=\"jCAhz ChMk0b\"><span class=\"ryNqvb\">Kompaktan dizajn: minijaturna veli\u010dina i mala te\u017eina olak\u0161avaju postavljanje<\/span><\/span> <\/span><\/p>\n<p><span class=\"HwtZe\" lang=\"bs\"><span class=\"jCAhz ChMk0b\"><span class=\"ryNqvb\">Plug and play: nije potrebna konfiguracija<\/span><\/span> <\/span><\/p>\n<p><span class=\"HwtZe\" lang=\"bs\"><span class=\"jCAhz ChMk0b\"><span class=\"ryNqvb\">Zelena tehnologija: usvaja visokokvalitetnu ekolo\u0161ki prihvatljivu plastiku<\/span><\/span> <\/span><\/p><\/blockquote>\n<p>&nbsp;<\/p>\n<blockquote><p><span class=\"HwtZe\" lang=\"bs\"><span class=\"jCAhz ChMk0b\"><span class=\"ryNqvb\">7\u00d724H: Stabilne performanse za dugotrajan rad<\/span><\/span><\/span><\/p><\/blockquote>\n","protected":false},"featured_media":9201,"comment_status":"open","ping_status":"closed","template":"","meta":{"_mi_skip_tracking":false,"_exactmetrics_sitenote_active":false,"_exactmetrics_sitenote_note":"","_exactmetrics_sitenote_category":0,"spay_email":""},"product_cat":[5890],"product_tag":[392,6930,6922,4511,6929],"brands":[{"id":2045,"name":"Dahua","slug":"dahua"}],"df_price":"","df_sale_price":"","df_regular_price":"","df_image_link":"https:\/\/i2.wp.com\/astehshop.com\/wp-content\/uploads\/2024\/03\/pfs3008-8gt-l_d.jpg?fit=450%2C335","jetpack_publicize_connections":[],"jetpack_sharing_enabled":true,"jetpack_likes_enabled":true,"jetpack-related-posts":[{"id":4838,"url":"http:\/\/astehshop.com\/index.php\/product\/ruksak-mi-casual-daypack-black\/","url_meta":{"origin":9200,"position":0},"title":"Ruksak Mi Casual Daypack Black","date":"29. rujna 2020.","format":false,"excerpt":"Ruksak za laptop, max. veli\u010dina laptopa 14\", podesive naramenice, materijal izrade poliester, otporan na habanje i vodootporan, jednostavan dizajn, ventilirana le\u0111a, lagan , kompaktan sa pregradama za mobitel, nov\u010danik, power bank itd...","rel":"","context":"Srodne objave","img":{"alt_text":"","src":"https:\/\/i2.wp.com\/astehshop.com\/wp-content\/uploads\/2020\/09\/Mi-Casual-Daypack-Black.png?fit=1200%2C1200&resize=350%2C200","width":350,"height":200},"classes":[]},{"id":9192,"url":"http:\/\/astehshop.com\/index.php\/product\/dahua-switch-5-portova-pfs3005-5et-l\/","url_meta":{"origin":9200,"position":1},"title":"Dahua switch 5 portova PFS3005-5ET-L","date":"14. o\u017eujka 2024.","format":false,"excerpt":"5-portni neupravljani Ethernet prekida\u010d > Podr\u017eava pet adaptivnih portova 10\/100 Mbps. > Mali i lagan, lak je za no\u0161enje i ima vi\u0161e \u010dipova ugra\u0111enih u njega. > Jednostavan za rukovanje.","rel":"","context":"Srodne objave","img":{"alt_text":"","src":"https:\/\/i0.wp.com\/astehshop.com\/wp-content\/uploads\/2024\/03\/dahua-switch-5-potova.jpg?fit=1200%2C1190&resize=350%2C200","width":350,"height":200},"classes":[]},{"id":9194,"url":"http:\/\/astehshop.com\/index.php\/product\/dahua-switch-5-portova-gigabitni-pfs3005-5gt\/","url_meta":{"origin":9200,"position":2},"title":"Dahua switch 5 portova Gigabitni PFS3005-5GT","date":"14. o\u017eujka 2024.","format":false,"excerpt":"> Podr\u017eava pet adaptivnih portova 10\/100\/1000 Mbps. > Mali i lagan, lak je za no\u0161enje i ima vi\u0161e \u010dipova ugra\u0111enih u njega. > Jednostavan za rukovanje.","rel":"","context":"Srodne objave","img":{"alt_text":"","src":"https:\/\/i1.wp.com\/astehshop.com\/wp-content\/uploads\/2024\/03\/dahua-gigabitni-switch.png?fit=400%2C400&resize=350%2C200","width":350,"height":200},"classes":[]},{"id":9196,"url":"http:\/\/astehshop.com\/index.php\/product\/dahua-5-portni-gigabitni-switch-pfs3005-5gt-l\/","url_meta":{"origin":9200,"position":3},"title":"Dahua 5 portni Gigabitni switch PFS3005-5GT-L","date":"14. o\u017eujka 2024.","format":false,"excerpt":"> Podr\u017eava pet adaptivnih portova 10\/100\/1000 Mbps. > Mali i lagan, lak je za no\u0161enje i ima vi\u0161e \u010dipova ugra\u0111enih u njega. > Jednostavan za rukovanje.","rel":"","context":"Srodne objave","img":{"alt_text":"","src":"https:\/\/i1.wp.com\/astehshop.com\/wp-content\/uploads\/2024\/03\/DH-PFS3005-5GT-L_1_thumb.png?fit=400%2C400&resize=350%2C200","width":350,"height":200},"classes":[]},{"id":11687,"url":"http:\/\/astehshop.com\/index.php\/product\/kingston-usb-c-dt70-256gb-3-2\/","url_meta":{"origin":9200,"position":4},"title":"Kingston USB-C DT70 256GB 3.2","date":"24. kolovoza 2025.","format":false,"excerpt":"Interfejs:\u00a0USB 3.2 Gen 1 Kapacitet:\u00a0256GB Dizajn:\u00a0Kompaktan, prenosiv Kompatibilnost:\u00a0Windows, Mac OS, Linux, Chrome OS","rel":"","context":"Srodne objave","img":{"alt_text":"","src":"https:\/\/i0.wp.com\/astehshop.com\/wp-content\/uploads\/2025\/08\/39300-Kingston-USB-C-DT70-256GB-32-1.webp?fit=450%2C450&resize=350%2C200","width":350,"height":200},"classes":[]},{"id":8919,"url":"http:\/\/astehshop.com\/index.php\/product\/kidde-kompaktni-alarm-za-ugljen-monoksid-sa-displejem-10ldcoc\/","url_meta":{"origin":9200,"position":5},"title":"Kidde kompaktni alarm za ugljen monoksid sa displejem 10ldcoc","date":"17. sije\u010dnja 2024.","format":false,"excerpt":"Tehnologija elektrohemijskog senzora detektuje CO gas i ogla\u0161ava alarm od 85 decibela Jednostavna instalacija, nije potrebno o\u017ei\u010denje: radi na 10-godi\u0161njoj litijumskoj bateriji, tako da je nikada nije potrebna zamena, plus detektuje tokom nestanka struje Digitalni displej se a\u017eurira svakih 15 sekundi i prikazuje nivo prisustva CO Lako dizajniran i prenosiv:\u2026","rel":"","context":"Srodne objave","img":{"alt_text":"","src":"https:\/\/i0.wp.com\/astehshop.com\/wp-content\/uploads\/2024\/01\/kidde-detektor.jpg?fit=1200%2C941&resize=350%2C200","width":350,"height":200},"classes":[]}],"_links":{"self":[{"href":"http:\/\/astehshop.com\/index.php\/wp-json\/wp\/v2\/product\/9200"}],"collection":[{"href":"http:\/\/astehshop.com\/index.php\/wp-json\/wp\/v2\/product"}],"about":[{"href":"http:\/\/astehshop.com\/index.php\/wp-json\/wp\/v2\/types\/product"}],"replies":[{"embeddable":true,"href":"http:\/\/astehshop.com\/index.php\/wp-json\/wp\/v2\/comments?post=9200"}],"wp:featuredmedia":[{"embeddable":true,"href":"http:\/\/astehshop.com\/index.php\/wp-json\/wp\/v2\/media\/9201"}],"wp:attachment":[{"href":"http:\/\/astehshop.com\/index.php\/wp-json\/wp\/v2\/media?parent=9200"}],"wp:term":[{"taxonomy":"product_cat","embeddable":true,"href":"http:\/\/astehshop.com\/index.php\/wp-json\/wp\/v2\/product_cat?post=9200"},{"taxonomy":"product_tag","embeddable":true,"href":"http:\/\/astehshop.com\/index.php\/wp-json\/wp\/v2\/product_tag?post=9200"}],"curies":[{"name":"wp","href":"https:\/\/api.w.org\/{rel}","templated":true}]}}