{"id":9194,"date":"2024-03-14T19:35:20","date_gmt":"2024-03-14T18:35:20","guid":{"rendered":"http:\/\/astehshop.com\/?post_type=product&#038;p=9194"},"modified":"2025-09-17T21:48:49","modified_gmt":"2025-09-17T19:48:49","slug":"dahua-switch-5-portova-gigabitni-pfs3005-5gt","status":"publish","type":"product","link":"http:\/\/astehshop.com\/index.php\/product\/dahua-switch-5-portova-gigabitni-pfs3005-5gt\/","title":{"rendered":"Dahua switch 5 portova Gigabitni PFS3005-5GT"},"content":{"rendered":"<p>&gt; Podr\u017eava pet adaptivnih portova 10\/100\/1000 Mbps.<br \/>\n&gt; Mali i lagan, lak je za no\u0161enje i ima vi\u0161e \u010dipova ugra\u0111enih u njega.<br \/>\n&gt; Jednostavan za rukovanje.<\/p>\n","protected":false},"excerpt":{"rendered":"<p>&gt; Podr\u017eava pet adaptivnih portova 10\/100\/1000 Mbps.<br \/>\n&gt; Mali i lagan, lak je za no\u0161enje i ima vi\u0161e \u010dipova ugra\u0111enih u njega.<br \/>\n&gt; Jednostavan za rukovanje.<\/p>\n","protected":false},"featured_media":9195,"comment_status":"open","ping_status":"closed","template":"","meta":{"_mi_skip_tracking":false,"_exactmetrics_sitenote_active":false,"_exactmetrics_sitenote_note":"","_exactmetrics_sitenote_category":0,"spay_email":""},"product_cat":[5890],"product_tag":[6922,4511,1549,6924,462],"brands":[{"id":2045,"name":"Dahua","slug":"dahua"}],"df_price":"","df_sale_price":"","df_regular_price":"","df_image_link":"https:\/\/i1.wp.com\/astehshop.com\/wp-content\/uploads\/2024\/03\/dahua-gigabitni-switch.png?fit=400%2C400","jetpack_publicize_connections":[],"jetpack_sharing_enabled":true,"jetpack_likes_enabled":true,"jetpack-related-posts":[{"id":9192,"url":"http:\/\/astehshop.com\/index.php\/product\/dahua-switch-5-portova-pfs3005-5et-l\/","url_meta":{"origin":9194,"position":0},"title":"Dahua switch 5 portova PFS3005-5ET-L","date":"14. o\u017eujka 2024.","format":false,"excerpt":"5-portni neupravljani Ethernet prekida\u010d > Podr\u017eava pet adaptivnih portova 10\/100 Mbps. > Mali i lagan, lak je za no\u0161enje i ima vi\u0161e \u010dipova ugra\u0111enih u njega. > Jednostavan za rukovanje.","rel":"","context":"Srodne objave","img":{"alt_text":"","src":"https:\/\/i0.wp.com\/astehshop.com\/wp-content\/uploads\/2024\/03\/dahua-switch-5-potova.jpg?fit=1200%2C1190&resize=350%2C200","width":350,"height":200},"classes":[]},{"id":9196,"url":"http:\/\/astehshop.com\/index.php\/product\/dahua-5-portni-gigabitni-switch-pfs3005-5gt-l\/","url_meta":{"origin":9194,"position":1},"title":"Dahua 5 portni Gigabitni switch PFS3005-5GT-L","date":"14. o\u017eujka 2024.","format":false,"excerpt":"> Podr\u017eava pet adaptivnih portova 10\/100\/1000 Mbps. > Mali i lagan, lak je za no\u0161enje i ima vi\u0161e \u010dipova ugra\u0111enih u njega. > Jednostavan za rukovanje.","rel":"","context":"Srodne objave","img":{"alt_text":"","src":"https:\/\/i1.wp.com\/astehshop.com\/wp-content\/uploads\/2024\/03\/DH-PFS3005-5GT-L_1_thumb.png?fit=400%2C400&resize=350%2C200","width":350,"height":200},"classes":[]},{"id":9200,"url":"http:\/\/astehshop.com\/index.php\/product\/dahua-8-portni-gigabitni-switch-pfs3008-8gt-l\/","url_meta":{"origin":9194,"position":2},"title":"Dahua 8 portni gigabitni switch PFS3008-8GT-L","date":"14. o\u017eujka 2024.","format":false,"excerpt":"8 \u00d7 10\/100\/1000 Mbps adaptivnih portova, visoko integrisanog dizajna, kompaktan, prenosiv, jednostavan za rukovanje, pogodan za male i srednje kancelarijske i ku\u0107ne mre\u017ee. Kompaktan dizajn: minijaturna veli\u010dina i mala te\u017eina olak\u0161avaju postavljanje Plug and play: nije potrebna konfiguracija Zelena tehnologija: usvaja visokokvalitetnu ekolo\u0161ki prihvatljivu plastiku \u00a0 7\u00d724H: Stabilne performanse za\u2026","rel":"","context":"Srodne objave","img":{"alt_text":"","src":"https:\/\/i2.wp.com\/astehshop.com\/wp-content\/uploads\/2024\/03\/pfs3008-8gt-l_d.jpg?fit=1200%2C895&resize=350%2C200","width":350,"height":200},"classes":[]},{"id":8771,"url":"http:\/\/astehshop.com\/index.php\/product\/digitalni-tablet-za-pisanje-i-crtanje-10-5-inca-plavi\/","url_meta":{"origin":9194,"position":3},"title":"Digitalni Tablet za Pisanje i Crtanje | 10.5 in\u010da | Plavi","date":"10. sije\u010dnja 2024.","format":false,"excerpt":"10,5\" tablet za pisanje i crtanje Zaslon je osjetljiv na pritisak, a debljina \u0107e varirati ovisno o pritisku koji vr\u0161ite na njega Uklju\u010duje olovku Zaslon se mo\u017ee obrisati vi\u0161e od 50.000 puta Savr\u0161eno za ljude koji vole crtati, bez tro\u0161enja papira Jednostavan za kori\u0161tenje - Brisanje crte\u017ea i rije\u010di pritiskom\u2026","rel":"","context":"Srodne objave","img":{"alt_text":"","src":"https:\/\/i1.wp.com\/astehshop.com\/wp-content\/uploads\/2024\/01\/plavi-tablet.jpg?fit=400%2C400&resize=350%2C200","width":350,"height":200},"classes":[]},{"id":8774,"url":"http:\/\/astehshop.com\/index.php\/product\/digitalni-tablet-za-pisanje-i-crtanje-14-inca-rozi\/","url_meta":{"origin":9194,"position":4},"title":"Digitalni Tablet za Pisanje i Crtanje | 14 in\u010da | Rozi","date":"10. sije\u010dnja 2024.","format":false,"excerpt":"14\" tablet za pisanje i crtanje Zaslon je osjetljiv na pritisak, a debljina \u0107e varirati ovisno o pritisku koji vr\u0161ite na njega Uklju\u010duje olovku Zaslon se mo\u017ee obrisati vi\u0161e od 50.000 puta Savr\u0161eno za ljude koji vole crtati, bez tro\u0161enja papira Jednostavan za kori\u0161tenje - Brisanje crte\u017ea i rije\u010di pritiskom\u2026","rel":"","context":"Srodne objave","img":{"alt_text":"","src":"https:\/\/i1.wp.com\/astehshop.com\/wp-content\/uploads\/2024\/01\/14-rozi.jpg?fit=400%2C400&resize=350%2C200","width":350,"height":200},"classes":[]},{"id":8777,"url":"http:\/\/astehshop.com\/index.php\/product\/digitalni-tablet-za-pisanje-i-crtanje-14-inca-plavi\/","url_meta":{"origin":9194,"position":5},"title":"Digitalni Tablet za Pisanje i Crtanje | 14 in\u010da | Plavi","date":"10. sije\u010dnja 2024.","format":false,"excerpt":"14\" tablet za pisanje i crtanje Zaslon je osjetljiv na pritisak, a debljina \u0107e varirati ovisno o pritisku koji vr\u0161ite na njega Uklju\u010duje olovku Zaslon se mo\u017ee obrisati vi\u0161e od 50.000 puta Savr\u0161eno za ljude koji vole crtati, bez tro\u0161enja papira Jednostavan za kori\u0161tenje - Brisanje crte\u017ea i rije\u010di pritiskom\u2026","rel":"","context":"Srodne objave","img":{"alt_text":"","src":"https:\/\/i0.wp.com\/astehshop.com\/wp-content\/uploads\/2024\/01\/14-inca-tablet-plavi.jpg?fit=400%2C400&resize=350%2C200","width":350,"height":200},"classes":[]}],"_links":{"self":[{"href":"http:\/\/astehshop.com\/index.php\/wp-json\/wp\/v2\/product\/9194"}],"collection":[{"href":"http:\/\/astehshop.com\/index.php\/wp-json\/wp\/v2\/product"}],"about":[{"href":"http:\/\/astehshop.com\/index.php\/wp-json\/wp\/v2\/types\/product"}],"replies":[{"embeddable":true,"href":"http:\/\/astehshop.com\/index.php\/wp-json\/wp\/v2\/comments?post=9194"}],"wp:featuredmedia":[{"embeddable":true,"href":"http:\/\/astehshop.com\/index.php\/wp-json\/wp\/v2\/media\/9195"}],"wp:attachment":[{"href":"http:\/\/astehshop.com\/index.php\/wp-json\/wp\/v2\/media?parent=9194"}],"wp:term":[{"taxonomy":"product_cat","embeddable":true,"href":"http:\/\/astehshop.com\/index.php\/wp-json\/wp\/v2\/product_cat?post=9194"},{"taxonomy":"product_tag","embeddable":true,"href":"http:\/\/astehshop.com\/index.php\/wp-json\/wp\/v2\/product_tag?post=9194"}],"curies":[{"name":"wp","href":"https:\/\/api.w.org\/{rel}","templated":true}]}}