{"id":9186,"date":"2024-03-14T18:41:40","date_gmt":"2024-03-14T17:41:40","guid":{"rendered":"http:\/\/astehshop.com\/?post_type=product&#038;p=9186"},"modified":"2025-10-05T08:53:15","modified_gmt":"2025-10-05T06:53:15","slug":"dahua-napajanje-dh-pfm340-5ch-za-video-nadzor-2","status":"publish","type":"product","link":"http:\/\/astehshop.com\/index.php\/product\/dahua-napajanje-dh-pfm340-5ch-za-video-nadzor-2\/","title":{"rendered":"Dahua napajanje DH-PFM340-5CH za video nadzor"},"content":{"rendered":"<blockquote><p>5-kanalna razvodna kutija za napajanje sigurnosne kamere sa individualnim LED indikatorom izlaza i metalnim ku\u0107i\u0161tem sa klju\u010dem za zaklju\u010davanje kako bi se sprije\u010dio neovla\u0161teni pristup.<\/p><\/blockquote>\n<p>&gt;\u0160iroki ulazni napon: AC90~264Vac, ispunjava zahtjeve u razli\u010ditim dijelovima za fluktuacije elektri\u010dne mre\u017ee.<\/p>\n<p>&gt;Visoka kvaliteta i pouzdanost: pro\u0107i 100% ispitivanje kvalitete i 3 mjeseca testa starenja na visokim temperaturama.<\/p>\n<p>&gt;Sa za\u0161titom od preoptere\u0107enja, prekostrujnom za\u0161titom, za\u0161titom od prenapona, antistatikom i sposobno\u0161\u0107u protiv smetnji.<\/p>\n<p>&gt;Profesionalna zidna instalacija sa rezervisanim otvorima za izlaz, prakti\u010dna i fleksibilna.<\/p>\n","protected":false},"excerpt":{"rendered":"<blockquote><p>5-kanalna razvodna kutija za napajanje sigurnosne kamere sa individualnim LED indikatorom izlaza i metalnim ku\u0107i\u0161tem sa klju\u010dem za zaklju\u010davanje kako bi se sprije\u010dio neovla\u0161teni pristup.<\/p><\/blockquote>\n<p>&gt;\u0160iroki ulazni napon: AC90~264Vac, ispunjava zahtjeve u razli\u010ditim dijelovima za fluktuacije elektri\u010dne mre\u017ee.<\/p>\n<p>&gt;Visoka kvaliteta i pouzdanost: pro\u0107i 100% ispitivanje kvalitete i 3 mjeseca testa starenja na visokim temperaturama.<\/p>\n<p>&gt;Sa za\u0161titom od preoptere\u0107enja, prekostrujnom za\u0161titom, za\u0161titom od prenapona, antistatikom i sposobno\u0161\u0107u protiv smetnji.<\/p>\n<p>&gt;Profesionalna zidna instalacija sa rezervisanim otvorima za izlaz, prakti\u010dna i fleksibilna.<\/p>\n","protected":false},"featured_media":9187,"comment_status":"open","ping_status":"closed","template":"","meta":{"_mi_skip_tracking":false,"_exactmetrics_sitenote_active":false,"_exactmetrics_sitenote_note":"","_exactmetrics_sitenote_category":0,"spay_email":""},"product_cat":[137],"product_tag":[2648,2965,1549,3283,750,751,6914,6913],"brands":[{"id":2045,"name":"Dahua","slug":"dahua"}],"df_price":95,"df_sale_price":"","df_regular_price":95,"df_image_link":"https:\/\/i2.wp.com\/astehshop.com\/wp-content\/uploads\/2024\/03\/box-di-distribuzione-con-protezione-sovratensioni-dahua-pfm340-5ch-pfm340-5chdc12v4a-alimentatore-distribuito-cctv-a-5-canalisca.jpg?fit=450%2C450","jetpack_publicize_connections":[],"jetpack_sharing_enabled":true,"jetpack_likes_enabled":true,"jetpack-related-posts":[{"id":9188,"url":"http:\/\/astehshop.com\/index.php\/product\/dahua-stabilisano-napajanje-pfm341-9ch-9-kanala\/","url_meta":{"origin":9186,"position":0},"title":"Dahua stabilisano napajanje PFM341-9CH 9 kanala","date":"14. o\u017eujka 2024.","format":false,"excerpt":"DC12V5A 9-kanalni CCTV Distributed Power Box >9-kanalna razvodna kutija za napajanje sigurnosne kamere sa individualnim LED indikatorom izlaza i metalnim ku\u0107i\u0161tem sa klju\u010dem za zaklju\u010davanje kako bi se sprije\u010dio neovla\u0161teni pristup. >\u0160iroki ulazni napon: AC90~264Vac, ispunjava zahtjeve u razli\u010ditim dijelovima za fluktuacije elektri\u010dne mre\u017ee. >Visoka kvaliteta i pouzdanost: pro\u0107i 100%\u2026","rel":"","context":"Srodne objave","img":{"alt_text":"","src":"https:\/\/i2.wp.com\/astehshop.com\/wp-content\/uploads\/2024\/03\/DH-PFM341-9CH-2.png?fit=600%2C600&resize=350%2C200","width":350,"height":200},"classes":[]},{"id":5140,"url":"http:\/\/astehshop.com\/index.php\/product\/meanwell-napjanje-za-sigurnosne-sisteme-scp-35-12\/","url_meta":{"origin":9186,"position":1},"title":"MeanWell napjanje za sigurnosne sisteme SCP-35-12","date":"15. travnja 2021.","format":false,"excerpt":"Mogucnost kacenja akumulatora na napajanje \u00a0 Napetost 85-264VAC Mo\u010d(W) 35.9 Ulazni napon 85-264VAC PFC Brez Garancija 24","rel":"","context":"Srodne objave","img":{"alt_text":"","src":"https:\/\/i1.wp.com\/astehshop.com\/wp-content\/uploads\/2021\/04\/scp-35-12-mean-well.jpg?fit=401%2C401&resize=350%2C200","width":350,"height":200},"classes":[]},{"id":5138,"url":"http:\/\/astehshop.com\/index.php\/product\/meanwell-napajanje-lrs-50-12\/","url_meta":{"origin":9186,"position":2},"title":"MeanWell napajanje LRS-50-12","date":"15. travnja 2021.","format":false,"excerpt":"Napetost 85-264VAC Mo\u010d(W) 50.4 Ulazni napon 85-264VAC PFC Brez Garancija 36","rel":"","context":"Srodne objave","img":{"alt_text":"","src":"https:\/\/i0.wp.com\/astehshop.com\/wp-content\/uploads\/2021\/04\/lrs-50-12-mean-well.jpg?fit=401%2C401&resize=350%2C200","width":350,"height":200},"classes":[]},{"id":5862,"url":"http:\/\/astehshop.com\/index.php\/product\/razvodna-kutija-nadzbuk-ip55-85x85x40-mm\/","url_meta":{"origin":9186,"position":3},"title":"Razvodna kutija, nad\u017ebuk, IP55, 85x85x40 mm","date":"23. sije\u010dnja 2022.","format":false,"excerpt":"Razvodna kutija, nad\u017ebuk, 85x85x40, 400V, vodonepropusna ,12 ulaza \u00d8 8-14 mm, za \u017eice presjeka do 2.5mm, bez halogena,instalacija pomo\u0107u vezice i \u0161arafa, odvojeni utor","rel":"","context":"Srodne objave","img":{"alt_text":"","src":"https:\/\/i1.wp.com\/astehshop.com\/wp-content\/uploads\/2022\/01\/Razvodna-kutija-nadzbuk-IP55-85x85x40-mm.png?fit=566%2C566&resize=350%2C200","width":350,"height":200},"classes":[]},{"id":3745,"url":"http:\/\/astehshop.com\/index.php\/product\/dahua-pfa134-kutija-nosac-za-skrivanje-kablova\/","url_meta":{"origin":9186,"position":4},"title":"Dahua PFA134 kutija + nosa\u010d za skrivanje kablova","date":"28. rujna 2019.","format":false,"excerpt":"> Estetski dizajn > Materijal: aluminij & SECC > Vodootporna razvodna kutija","rel":"","context":"Srodne objave","img":{"alt_text":"","src":"https:\/\/i1.wp.com\/astehshop.com\/wp-content\/uploads\/2019\/09\/PFA134.png?fit=400%2C400&resize=350%2C200","width":350,"height":200},"classes":[]},{"id":6423,"url":"http:\/\/astehshop.com\/index.php\/product\/napojna-letva-sa-prenaponskom-zastitom-12-izlaza-suko\/","url_meta":{"origin":9186,"position":5},"title":"Napojna letva sa prenaponskom za\u0161titom, 12 izlaza \u0161uko","date":"20. listopada 2022.","format":false,"excerpt":"Napojna letva sa prenaponskom za\u0161titom, 12 izlaza \u0161uko","rel":"","context":"Srodne objave","img":{"alt_text":"","src":"https:\/\/i1.wp.com\/astehshop.com\/wp-content\/uploads\/2022\/10\/pdu-1.jpg?fit=998%2C789&resize=350%2C200","width":350,"height":200},"classes":[]}],"_links":{"self":[{"href":"http:\/\/astehshop.com\/index.php\/wp-json\/wp\/v2\/product\/9186"}],"collection":[{"href":"http:\/\/astehshop.com\/index.php\/wp-json\/wp\/v2\/product"}],"about":[{"href":"http:\/\/astehshop.com\/index.php\/wp-json\/wp\/v2\/types\/product"}],"replies":[{"embeddable":true,"href":"http:\/\/astehshop.com\/index.php\/wp-json\/wp\/v2\/comments?post=9186"}],"wp:featuredmedia":[{"embeddable":true,"href":"http:\/\/astehshop.com\/index.php\/wp-json\/wp\/v2\/media\/9187"}],"wp:attachment":[{"href":"http:\/\/astehshop.com\/index.php\/wp-json\/wp\/v2\/media?parent=9186"}],"wp:term":[{"taxonomy":"product_cat","embeddable":true,"href":"http:\/\/astehshop.com\/index.php\/wp-json\/wp\/v2\/product_cat?post=9186"},{"taxonomy":"product_tag","embeddable":true,"href":"http:\/\/astehshop.com\/index.php\/wp-json\/wp\/v2\/product_tag?post=9186"}],"curies":[{"name":"wp","href":"https:\/\/api.w.org\/{rel}","templated":true}]}}