{"id":9169,"date":"2024-03-10T09:26:49","date_gmt":"2024-03-10T08:26:49","guid":{"rendered":"http:\/\/astehshop.com\/?post_type=product&#038;p=9169"},"modified":"2024-03-10T09:26:50","modified_gmt":"2024-03-10T08:26:50","slug":"poe-dome-ip-kamera-longse-4mp-2-8mm-25m-ir-mic-cpsbfc4r-28pm","status":"publish","type":"product","link":"http:\/\/astehshop.com\/index.php\/product\/poe-dome-ip-kamera-longse-4mp-2-8mm-25m-ir-mic-cpsbfc4r-28pm\/","title":{"rendered":"POE Dome IP Kamera Longse 4MP 2.8mm 25m IR + MIC CPSBFC4R-28PM"},"content":{"rendered":"<p>Ovaj model kamere iz Longse ECO Serije dolazi u plasti\u010dnom ku\u0107i\u0161tu sa objektivom 2.8mm i rezolucijom 4MP.<\/p>\n<p>Podr\u017eava komplresiju H.264 i H.265. Za\u0161ti\u0107ena je od ulaza vode i pra\u0161ine IP66 standardom. Posjeduje integrisani mikrofon.<\/p>\n<p>Istu je jednostavno povezati na va\u0161 ruter i putem Bitvision aplikacije kameru pratiti putem interneta. Isto tako mo\u017ee se podesiti da prilikom uo\u010denja kretanja kamera \u0161alje sliku na va\u0161 mobitel i o istom Vas obavjesti.<\/p>\n<p>Ovaj tip namjenjen je i za unutra\u0161nju monta\u017eu.<\/p>\n<p>Prednost IP POE Kamera je ta \u0161to je dovoljan jedan UTP Kabal (preporuka Cat6), a kroz isti kamera dobije napajanje i video signal. U koliko kamera radi zasebno mo\u017ee se spojiti direktno na Adapter 12V 1 ili 2A.<\/p>\n<p>Garancija 24 mjeseca (U slu\u010daju kvara u uslovima garancije ure\u0111aj se ne popravlja, nego isklju\u010divo mijenja za novi ure\u0111aj istih ili boljih karekteristika). Kod ugradnje bitno je obratiti pa\u017enju da isto odradi ovla\u0161tena ili stru\u010dna osoba.<\/p>\n","protected":false},"excerpt":{"rendered":"<p>Ovaj model kamere iz Longse ECO Serije dolazi u plasti\u010dnom ku\u0107i\u0161tu sa objektivom 2.8mm i rezolucijom 4MP.<\/p>\n<p>Podr\u017eava komplresiju H.264 i H.265. Za\u0161ti\u0107ena je od ulaza vode i pra\u0161ine IP66 standardom. Posjeduje integrisani mikrofon.<\/p>\n<p>Istu je jednostavno povezati na va\u0161 ruter i putem Bitvision aplikacije kameru pratiti putem interneta. Isto tako mo\u017ee se podesiti da prilikom uo\u010denja kretanja kamera \u0161alje sliku na va\u0161 mobitel i o istom Vas obavjesti.<\/p>\n<p>Ovaj tip namjenjen je i za unutra\u0161nju monta\u017eu.<\/p>\n<p>Prednost IP POE Kamera je ta \u0161to je dovoljan jedan UTP Kabal (preporuka Cat6), a kroz isti kamera dobije napajanje i video signal. U koliko kamera radi zasebno mo\u017ee se spojiti direktno na Adapter 12V 1 ili 2A.<\/p>\n<p>Garancija 24 mjeseca (U slu\u010daju kvara u uslovima garancije ure\u0111aj se ne popravlja, nego isklju\u010divo mijenja za novi ure\u0111aj istih ili boljih karekteristika). Kod ugradnje bitno je obratiti pa\u017enju da isto odradi ovla\u0161tena ili stru\u010dna osoba.<\/p>\n","protected":false},"featured_media":9167,"comment_status":"open","ping_status":"closed","template":"","meta":{"_mi_skip_tracking":false,"_exactmetrics_sitenote_active":false,"_exactmetrics_sitenote_note":"","_exactmetrics_sitenote_category":0,"spay_email":""},"product_cat":[1037],"product_tag":[6893,468,950,2252,1049,1034,471,476,474],"brands":[{"id":2220,"name":"Longse","slug":"longse"}],"df_price":175,"df_sale_price":"","df_regular_price":175,"df_image_link":"https:\/\/i2.wp.com\/astehshop.com\/wp-content\/uploads\/2024\/03\/CPSBFC2R-28PM-2.jpg?fit=450%2C344","jetpack_publicize_connections":[],"jetpack_sharing_enabled":true,"jetpack_likes_enabled":true,"jetpack-related-posts":[{"id":9177,"url":"http:\/\/astehshop.com\/index.php\/product\/poe-bullet-ip-kamera-longse-4mp-2-8mm-25m-ir-25m-mic-bpscfc4r-28pm\/","url_meta":{"origin":9169,"position":0},"title":"POE Bullet IP Kamera Longse 4MP 2.8mm 25m IR 25m + MIC BPSCFC4R-28PM","date":"10. o\u017eujka 2024.","format":false,"excerpt":"Ovaj model kamere iz Longse ECO Serije dolazi u plasti\u010dnom ku\u0107i\u0161tu sa objektivom 2.8mm i rezolucijom 4MP. Podr\u017eava komplresiju H.264 i H.265. Za\u0161ti\u0107ena je od ulaza vode i pra\u0161ine IP66 standardom. Posjeduje integrisani mikrofon. Istu je jednostavno povezati na va\u0161 ruter i putem Bitvision aplikacije kameru pratiti putem interneta. Isto\u2026","rel":"","context":"Srodne objave","img":{"alt_text":"","src":"https:\/\/i1.wp.com\/astehshop.com\/wp-content\/uploads\/2024\/03\/BPSCFC2R-28PM.jpg?fit=510%2C348&resize=350%2C200","width":350,"height":200},"classes":[]},{"id":9172,"url":"http:\/\/astehshop.com\/index.php\/product\/poe-dome-ip-kamera-longse-4mp-2-8mm-25m-ir-sd-card-slot-mic-cmsefg400\/","url_meta":{"origin":9169,"position":1},"title":"POE Dome IP Kamera Longse 4MP 2.8mm 25m IR SD Card slot + Mic CMSEFG400","date":"10. o\u017eujka 2024.","format":false,"excerpt":"Ovaj model kamere dolazi u metalnom ku\u0107i\u0161tu sa objektivom 2.8mm i rezolucijom 4MP 4K. \u0160irokim objektivom od 2.8mm i ista \u0107e pokriti \u0161irok dio prostora sa jasnom i kvalitetnom slikom ili videom. No\u0107ni IR domet 25m. Posjeduje integrirani mikrofon i utor za MicroSD karticu. Sa kompresijom H.265+ kamera \u0107e u\u0161tedjeti\u2026","rel":"","context":"Srodne objave","img":{"alt_text":"","src":"https:\/\/i0.wp.com\/astehshop.com\/wp-content\/uploads\/2024\/03\/CMSDKL500.jpg?fit=618%2C475&resize=350%2C200","width":350,"height":200},"classes":[]},{"id":9178,"url":"http:\/\/astehshop.com\/index.php\/product\/poe-bullet-ip-kamera-longse-4mp-2-8mm-25m-ir-full-color-24h-mic-bmscfg400wh\/","url_meta":{"origin":9169,"position":2},"title":"POE Bullet IP Kamera Longse 4MP 2.8mm 25m IR Full Color 24h + MIC BMSCFG400WH","date":"10. o\u017eujka 2024.","format":false,"excerpt":"Ovaj model kamere dolazi u metalnom ku\u0107i\u0161tu. Rezolucijom Full HD 4MP i objektivom 2.8mm ista \u0107e pokriti kvalitetno \u0161irok spekrtar prostora sa jasnom slikom ili videom. No\u0107ni IR domet 25m sa Full Color osvjetljenjem kamera \u0107e raditi u boji 24\/7h. Sa kompresijom H.265 ili H.265+ kamera \u0107e u\u0161tedjeti mjesto na\u2026","rel":"","context":"Srodne objave","img":{"alt_text":"","src":"https:\/\/i0.wp.com\/astehshop.com\/wp-content\/uploads\/2024\/03\/BMSCFG400WH-1.jpg?fit=510%2C348&resize=350%2C200","width":350,"height":200},"classes":[]},{"id":9173,"url":"http:\/\/astehshop.com\/index.php\/product\/poe-bullet-ip-kamera-longse-2mp-2-8mm-25m-ir-25m-mic-bpscfc2r-28pm\/","url_meta":{"origin":9169,"position":3},"title":"POE Bullet IP Kamera Longse 2MP 2.8mm 25m IR 25m + MIC BPSCFC2R-28PM","date":"10. o\u017eujka 2024.","format":false,"excerpt":"Ovaj model kamere iz Longse ECO Serije dolazi u plasti\u010dnom ku\u0107i\u0161tu sa objektivom 2.8mm i rezolucijom 2MP. Podr\u017eava komplresiju H.264 i H.265. Za\u0161ti\u0107ena je od ulaza vode i pra\u0161ine IP66 standardom. Posjeduje integrisani mikrofon. Istu je jednostavno povezati na va\u0161 ruter i putem Bitvision aplikacije kameru pratiti putem interneta. Isto\u2026","rel":"","context":"Srodne objave","img":{"alt_text":"","src":"https:\/\/i1.wp.com\/astehshop.com\/wp-content\/uploads\/2024\/03\/BPSCFC2R-28PM.jpg?fit=510%2C348&resize=350%2C200","width":350,"height":200},"classes":[]},{"id":9166,"url":"http:\/\/astehshop.com\/index.php\/product\/poe-dome-ip-kamera-longse-2mp-2-8mm-25m-ir-mic-cpsbfc2r-28pm\/","url_meta":{"origin":9169,"position":4},"title":"POE Dome IP Kamera Longse 2MP 2.8mm 25m IR + MIC CPSBFC2R-28PM","date":"10. o\u017eujka 2024.","format":false,"excerpt":"Ovaj model kamere iz Longse ECO Serije dolazi u plasti\u010dnom ku\u0107i\u0161tu sa objektivom 2.8mm i rezolucijom 2MP. Podr\u017eava komplresiju H.264 i H.265. Za\u0161ti\u0107ena je od ulaza vode i pra\u0161ine IP66 standardom. Posjeduje integrisani mikrofon. Istu je jednostavno povezati na va\u0161 ruter i putem Bitvision aplikacije kameru pratiti putem interneta. Isto\u2026","rel":"","context":"Srodne objave","img":{"alt_text":"","src":"https:\/\/i2.wp.com\/astehshop.com\/wp-content\/uploads\/2024\/03\/CPSBFC2R-28PM-2.jpg?fit=602%2C460&resize=350%2C200","width":350,"height":200},"classes":[]},{"id":8503,"url":"http:\/\/astehshop.com\/index.php\/product\/longse-full-color-ip-bullet-kamera-4mp-2-8mm-25m-ir-poe-mic-bmsafg400wh-2\/","url_meta":{"origin":9169,"position":5},"title":"Longse Full Color IP Bullet kamera 4MP 2.8mm 25m IR POE + Mic BMSAFG400WH-2","date":"2. studenoga 2023.","format":false,"excerpt":"Ovaj model kamere dolazi u metalnom ku\u0107i\u0161tu. Rezolucijom Full HD 4MP i objektivom 2.8mm ista \u0107e pokriti kvalitetno svoj dio prostora sa jasnom slikom ili videom. No\u0107ni IR domet 25m sa Full Color osvjetljenjem kamera \u0107e raditi u boji 24\/7h. Sa kompresijom H.265 ili H.265+ kamera \u0107e u\u0161tedjeti mjesto na\u2026","rel":"","context":"Srodne objave","img":{"alt_text":"","src":"https:\/\/i0.wp.com\/astehshop.com\/wp-content\/uploads\/2023\/11\/BMSAFG400WH-2.png?fit=1140%2C924&resize=350%2C200","width":350,"height":200},"classes":[]}],"_links":{"self":[{"href":"http:\/\/astehshop.com\/index.php\/wp-json\/wp\/v2\/product\/9169"}],"collection":[{"href":"http:\/\/astehshop.com\/index.php\/wp-json\/wp\/v2\/product"}],"about":[{"href":"http:\/\/astehshop.com\/index.php\/wp-json\/wp\/v2\/types\/product"}],"replies":[{"embeddable":true,"href":"http:\/\/astehshop.com\/index.php\/wp-json\/wp\/v2\/comments?post=9169"}],"wp:featuredmedia":[{"embeddable":true,"href":"http:\/\/astehshop.com\/index.php\/wp-json\/wp\/v2\/media\/9167"}],"wp:attachment":[{"href":"http:\/\/astehshop.com\/index.php\/wp-json\/wp\/v2\/media?parent=9169"}],"wp:term":[{"taxonomy":"product_cat","embeddable":true,"href":"http:\/\/astehshop.com\/index.php\/wp-json\/wp\/v2\/product_cat?post=9169"},{"taxonomy":"product_tag","embeddable":true,"href":"http:\/\/astehshop.com\/index.php\/wp-json\/wp\/v2\/product_tag?post=9169"}],"curies":[{"name":"wp","href":"https:\/\/api.w.org\/{rel}","templated":true}]}}