{"id":9148,"date":"2024-02-25T08:15:17","date_gmt":"2024-02-25T07:15:17","guid":{"rendered":"http:\/\/astehshop.com\/?post_type=product&#038;p=9148"},"modified":"2025-09-17T21:48:54","modified_gmt":"2025-09-17T19:48:54","slug":"dahua-ipc-hdbw5541r-ase-0280b-s3-black-kamera","status":"publish","type":"product","link":"http:\/\/astehshop.com\/index.php\/product\/dahua-ipc-hdbw5541r-ase-0280b-s3-black-kamera\/","title":{"rendered":"Dahua IPC-HDBW5541R-ASE-0280B-S3-BLACK kamera"},"content":{"rendered":"","protected":false},"excerpt":{"rendered":"","protected":false},"featured_media":9149,"comment_status":"open","ping_status":"closed","template":"","meta":{"_mi_skip_tracking":false,"_exactmetrics_sitenote_active":false,"_exactmetrics_sitenote_note":"","_exactmetrics_sitenote_category":0,"spay_email":""},"product_cat":[1037],"product_tag":[2895,6798,1775,6876,392,477,6875,1527,6877],"brands":[{"id":2045,"name":"Dahua","slug":"dahua"}],"df_price":"","df_sale_price":"","df_regular_price":"","df_image_link":"https:\/\/i2.wp.com\/astehshop.com\/wp-content\/uploads\/2024\/02\/dahua-ipc-hdbw5541r-ase-0280b-s3-black-kamera_0.png?fit=450%2C253","jetpack_publicize_connections":[],"jetpack_sharing_enabled":true,"jetpack_likes_enabled":true,"jetpack-related-posts":[{"id":5463,"url":"http:\/\/astehshop.com\/index.php\/product\/dahua-ipc-hfw2231s-s-0280b-mrezna-ip-kamera\/","url_meta":{"origin":9148,"position":0},"title":"Dahua IPC-HFW2231S-S-0280B mre\u017ena ip kamera","date":"16. listopada 2021.","format":false,"excerpt":"2MP mre\u017ena kamera u bullet ku\u0107i\u0161tu. 1\/2.8\u201d CMOS sa progresivnim skeniranjem. Color: 00.002 Lux @F1.6. Maksimalna rezolucija 1920x1080. Fiksna optika 2.8mm. Kompresija H.265+\/H.264+. Nivo za\u0161tite IP67. 120dB WDR. Domet IC dioda 30 metara. Video analitika: Tripwire, intrusion. 12v napajanje,PoE. Odgovaraju\u0107a dozna je PFA134. Nosa\u010d za banderu je PFA152-E.","rel":"","context":"Srodne objave","img":{"alt_text":"","src":"https:\/\/i2.wp.com\/astehshop.com\/wp-content\/uploads\/2021\/10\/6939554979163-03-0425-ung-680Wx510H.jpg?fit=680%2C510&resize=350%2C200","width":350,"height":200},"classes":[]},{"id":5482,"url":"http:\/\/astehshop.com\/index.php\/product\/dahua-ipc-hfw5241t-ase-0280b\/","url_meta":{"origin":9148,"position":1},"title":"Dahua IPC-HFW5241T-ASE-0280B","date":"17. listopada 2021.","format":false,"excerpt":"2MP me\u017ena kamera u bulet ku\u0107i\u0161tu sa AI tehnologijom 1\/2.8\u201d 2 Megapixela STARVIS\u2122 CMOS\u00b7 H.265&H.264 kompresija 25\/30fps@1080P(1920\u00d71080).Minimalna iluminacija: 0.002Lux\/F1.6 ( Color,1\/3s,30IRE) 0.012Lux\/F1.6 ( Color,1\/30s,30IRE) 0Lux\/F1.6 (IR on) WDR(120dB), Day\/Night(ICR), 3D DNR, AWB, AGC, BLC. Softwerska podr\u0161ka za: Web viewer, CMS(DSS\/PSS) & DMSS. 2.8mm fiksni objektiv. 1\/1 Alarm ulaz\/izlaz, 1\/1 audio\u2026","rel":"","context":"Srodne objave","img":{"alt_text":"","src":"https:\/\/i2.wp.com\/astehshop.com\/wp-content\/uploads\/2021\/10\/network-camera-dahua-ipc-hfw5241t-ase-0280b-2mp-ir80-epoe.jpg?fit=800%2C800&resize=350%2C200","width":350,"height":200},"classes":[]},{"id":7828,"url":"http:\/\/astehshop.com\/index.php\/product\/dahua-ipc-hfw1230s-0280b-s5-ip-kamera-2-mpx\/","url_meta":{"origin":9148,"position":2},"title":"Dahua IPC-HFW1230S-0280B-S5 IP kamera 2 MPX","date":"23. svibnja 2023.","format":false,"excerpt":"2MP mre\u017ena kamera u bullet ku\u0107i\u0161tu. 1\/2.7\u201d CMOS sa progresivnim skeniranjem. 0.08 Lux@F2.0. Maksimalna rezolucija 1920x1080. Fiksna optika 2,8 mm. Kompresija H.265+\/H.264+. Nivo za\u0161tite IP67. DWDR. Domet IC dioda 30 metara. 12v napajanje, PoE. Odgovaraju\u0107a dozna je PFA134. Nosa\u010d za banderu je PFA152-E. Ugaoni nosa\u010d je PFA151 Materijal: Metal i\u2026","rel":"","context":"Srodne objave","img":{"alt_text":"","src":"https:\/\/i2.wp.com\/astehshop.com\/wp-content\/uploads\/2023\/05\/IPC-HFW1230-0280B-S5.jpg?fit=1200%2C800&resize=350%2C200","width":350,"height":200},"classes":[]},{"id":9405,"url":"http:\/\/astehshop.com\/index.php\/product\/dahua-wifi-kamera-ipc-f2c-pv-0280b-slika-u-boji-nocu\/","url_meta":{"origin":9148,"position":3},"title":"Dahua WIFI kamera IPC-F2C-PV-0280B &#8211; slika u boji no\u0107u","date":"23. lipnja 2024.","format":false,"excerpt":"2MP mre\u017ena WiFi kamera u bullet ku\u0107i\u0161tu. 1\/3h\u201d CMOS sa progresivnim skeniranjem Maksimalna rezolucija 1920x1080. Fiksna optika 2.8mm. Kompresija H.265\/H.264. Nivo za\u0161tite IP67. DWDR. Domet IC i LED dioda 30 metara.AI Human Detection, Integrisan mikrofoni zvu\u010dnik. Slot za microSD karticu do 256GB. 12v napajanje.Materijal: Metal i plastika","rel":"","context":"Srodne objave","img":{"alt_text":"","src":"https:\/\/i0.wp.com\/astehshop.com\/wp-content\/uploads\/2024\/06\/dahua-f2c.png?fit=714%2C575&resize=350%2C200","width":350,"height":200},"classes":[]},{"id":3708,"url":"http:\/\/astehshop.com\/index.php\/product\/ip-mrezna-dahua-dome-kamera-2mp-ipc-hdbw1230ep-0280b\/","url_meta":{"origin":9148,"position":4},"title":"IP mre\u017ena Dahua dome kamera 2MP IPC-HDBW1230EP-0280B","date":"27. rujna 2019.","format":false,"excerpt":"IP mre\u017ena 2 megapiksela mini-dome kamera, 1\/2.7\u2033 Progressive Scan CMOS H.264+ \/ H.264 kompresija, maksimalna rezolucija 1920\u00d71080 u 25fps, fiksni megapikselni objektiv 2.8 mm, ICR filter, D-WDR, automatska kontrola bijele boje, automatska kontrola poja\u010danja, 3D redukcija \u0161uma, maksimalni domet IC dioda 30 metara, IP67, IK10, ONVIF, 12VDC\/PoE,potro\u0161nja <5.4W.","rel":"","context":"Srodne objave","img":{"alt_text":"","src":"https:\/\/i2.wp.com\/astehshop.com\/wp-content\/uploads\/2019\/09\/IPC-HDBW1230EP-0280B.png?fit=400%2C400&resize=350%2C200","width":350,"height":200},"classes":[]},{"id":9146,"url":"http:\/\/astehshop.com\/index.php\/product\/dahua-ipc-hfw5541t-ase-0360b-s3-kamera\/","url_meta":{"origin":9148,"position":5},"title":"Dahua IPC-HFW5541T-ASE-0360B -S3 kamera","date":"25. velja\u010de 2024.","format":false,"excerpt":"5MP IR fiksna WizMind mre\u017ena kamera u bullet ku\u0107i\u0161tu 1\/2.7\" CMOS senzor.Rezolucija: 2960\u00d7 1668. Kompresija: H.265; H.264; H.264H; H.264B;MJPEG. Fiksna optika: 3.6 mm. IR LEDs domet: 80 m. WDR: 120 dB. Video analitika: Virtuelna linija;upad;brzo kretanje (tri funkcije podr\u017eavaju klasifikaciju i ta\u010dnu detekciju vozila i ljudi); otkrivanje lutanja;ljudi okupljanje;detekcija parkinga;Micro\u2026","rel":"","context":"Srodne objave","img":{"alt_text":"","src":"https:\/\/i1.wp.com\/astehshop.com\/wp-content\/uploads\/2024\/02\/dahua-ipc-hfw5541t-ase-0360b-s3-kamera_0.jpg?fit=1200%2C675&resize=350%2C200","width":350,"height":200},"classes":[]}],"_links":{"self":[{"href":"http:\/\/astehshop.com\/index.php\/wp-json\/wp\/v2\/product\/9148"}],"collection":[{"href":"http:\/\/astehshop.com\/index.php\/wp-json\/wp\/v2\/product"}],"about":[{"href":"http:\/\/astehshop.com\/index.php\/wp-json\/wp\/v2\/types\/product"}],"replies":[{"embeddable":true,"href":"http:\/\/astehshop.com\/index.php\/wp-json\/wp\/v2\/comments?post=9148"}],"wp:featuredmedia":[{"embeddable":true,"href":"http:\/\/astehshop.com\/index.php\/wp-json\/wp\/v2\/media\/9149"}],"wp:attachment":[{"href":"http:\/\/astehshop.com\/index.php\/wp-json\/wp\/v2\/media?parent=9148"}],"wp:term":[{"taxonomy":"product_cat","embeddable":true,"href":"http:\/\/astehshop.com\/index.php\/wp-json\/wp\/v2\/product_cat?post=9148"},{"taxonomy":"product_tag","embeddable":true,"href":"http:\/\/astehshop.com\/index.php\/wp-json\/wp\/v2\/product_tag?post=9148"}],"curies":[{"name":"wp","href":"https:\/\/api.w.org\/{rel}","templated":true}]}}