{"id":9146,"date":"2024-02-25T08:13:30","date_gmt":"2024-02-25T07:13:30","guid":{"rendered":"http:\/\/astehshop.com\/?post_type=product&#038;p=9146"},"modified":"2025-10-05T08:55:00","modified_gmt":"2025-10-05T06:55:00","slug":"dahua-ipc-hfw5541t-ase-0360b-s3-kamera","status":"publish","type":"product","link":"http:\/\/astehshop.com\/index.php\/product\/dahua-ipc-hfw5541t-ase-0360b-s3-kamera\/","title":{"rendered":"Dahua IPC-HFW5541T-ASE-0360B -S3 kamera"},"content":{"rendered":"<p>5MP IR fiksna WizMind mre\u017ena kamera u bullet ku\u0107i\u0161tu<br \/>\n1\/2.7&#8243; CMOS senzor.Rezolucija: 2960\u00d7 1668. Kompresija: H.265; H.264; H.264H; H.264B;MJPEG. Fiksna optika: 3.6 mm. IR LEDs domet: 80 m. WDR: 120 dB. Video analitika: Virtuelna linija;upad;brzo kretanje (tri funkcije podr\u017eavaju klasifikaciju i ta\u010dnu detekciju vozila i ljudi); otkrivanje lutanja;ljudi okupljanje;detekcija parkinga;Micro SD card (do 512 GB);Audio:1ch ulaz, 1ch izlaz. Alarm: 1 ulaz \/ 1 izlaz. Napajanje: DC 12V, PoE (802.3af), 9.8W. Za\u0161tita: IP67, IK10.Dozna: PFA130-E. Nosa\u010d za stub:PFA152-E.<\/p>\n","protected":false},"excerpt":{"rendered":"<p>5MP IR fiksna WizMind mre\u017ena kamera u bullet ku\u0107i\u0161tu<br \/>\n1\/2.7&#8243; CMOS senzor.Rezolucija: 2960\u00d7 1668. Kompresija: H.265; H.264; H.264H; H.264B;MJPEG. Fiksna optika: 3.6 mm. IR LEDs domet: 80 m. WDR: 120 dB. Video analitika: Virtuelna linija;upad;brzo kretanje (tri funkcije podr\u017eavaju klasifikaciju i ta\u010dnu detekciju vozila i ljudi); otkrivanje lutanja;ljudi okupljanje;detekcija parkinga;Micro SD card (do 512 GB);Audio:1ch ulaz, 1ch izlaz. Alarm: 1 ulaz \/ 1 izlaz. Napajanje: DC 12V, PoE (802.3af), 9.8W. Za\u0161tita: IP67, IK10.Dozna: PFA130-E. Nosa\u010d za stub:PFA152-E.<\/p>\n","protected":false},"featured_media":9147,"comment_status":"open","ping_status":"closed","template":"","meta":{"_mi_skip_tracking":false,"_exactmetrics_sitenote_active":false,"_exactmetrics_sitenote_note":"","_exactmetrics_sitenote_category":0,"spay_email":""},"product_cat":[1043],"product_tag":[598,1520,477,6874,433,470,474,251],"brands":[{"id":2045,"name":"Dahua","slug":"dahua"}],"df_price":650,"df_sale_price":"","df_regular_price":650,"df_image_link":"https:\/\/i1.wp.com\/astehshop.com\/wp-content\/uploads\/2024\/02\/dahua-ipc-hfw5541t-ase-0360b-s3-kamera_0.jpg?fit=450%2C253","jetpack_publicize_connections":[],"jetpack_sharing_enabled":true,"jetpack_likes_enabled":true,"jetpack-related-posts":[{"id":9125,"url":"http:\/\/astehshop.com\/index.php\/product\/dahua-ipc-hfw7442hp-z4-kamera\/","url_meta":{"origin":9146,"position":0},"title":"Dahua IPC-HFW7442HP-Z4 kamera","date":"20. velja\u010de 2024.","format":false,"excerpt":"4MP AI IR bullet mre\u017ena kamera Rezolucija: 4 MP. Starlight: Da. Tip ku\u0107i\u0161ta: BULLET. Kompresija: H.265;H.264; H.264H; H.264B; MJPG. Optika: Motorizovana 8-32mm. IR domet: 120 m. WDR: 140 dB. Stabilizacija slike: Da. Video analitika: Virtuelna linija;upad;brzo kretanje (tri funkcije podr\u017eavaju klasifikaciju i ta\u010dnu detekciju vozila i ljudi); otkrivanje lutanja; ljudi\u2026","rel":"","context":"Srodne objave","img":{"alt_text":"","src":"https:\/\/i0.wp.com\/astehshop.com\/wp-content\/uploads\/2024\/02\/dahua-ipc-hfw7442hp-z4-kamera_0.png?fit=1200%2C675&resize=350%2C200","width":350,"height":200},"classes":[]},{"id":9119,"url":"http:\/\/astehshop.com\/index.php\/product\/dahua-ipc-hdbw2441e-s-0280b-kamera\/","url_meta":{"origin":9146,"position":1},"title":"Dahua IPC-HDBW2441E-S-0280B kamera","date":"20. velja\u010de 2024.","format":false,"excerpt":"4MP IR fiksna WizSense mre\u017ena kamera u dome ku\u0107i\u0161tu 1\/2.9\u201d CMOS senzor. Color: 0.006 Lux @ F1.6. Maksimalna rezolucija 2688x1520. Fiksna optika 2.8mm. Kompresija H.265; H.264; H.264H; H.264B; MJPEG. Nivo za\u0161tite IP67, IK10. 120dB WDR. Integrisan mikrofon. Domet IR LEDs 30 metara. Slot za microSD karticu do 256GB. Video analitika:\u2026","rel":"","context":"Srodne objave","img":{"alt_text":"","src":"https:\/\/i1.wp.com\/astehshop.com\/wp-content\/uploads\/2024\/02\/dahua-ipc-hdbw2441e-s-0280b-kamera_0.jpg?fit=1200%2C675&resize=350%2C200","width":350,"height":200},"classes":[]},{"id":9142,"url":"http:\/\/astehshop.com\/index.php\/product\/dahua-ipc-hfw2831s-s-0280b-s2-bulet-kamera-8-mp\/","url_meta":{"origin":9146,"position":2},"title":"Dahua IPC-HFW2831S-S-0280B-S2 bulet kamera 8 MP","date":"20. velja\u010de 2024.","format":false,"excerpt":"8 MP lite IR fiksna mre\u017ena kamera u bullet ku\u0107i\u0161tu 1\/2.7\u201d CMOS senzor. Color: 0.008 Lux@F1.6. Rezolucija 3840 \u00d7 2160. Fiksna optika 2.8mm. Kompresija H.265; H.264; H.264B; MJPEG . Nivo za\u0161tite IP67,IK10. 120dB WDR. Domet IR LED 30 metara. Slot za microSD karticu do 256GB. Video analitika Tripwire, intrusion. 12V\u2026","rel":"","context":"Srodne objave","img":{"alt_text":"","src":"https:\/\/i0.wp.com\/astehshop.com\/wp-content\/uploads\/2024\/02\/dahua-ipc-hfw2831s-s-0280b-s2-bulet-kamera_0.jpg?fit=1200%2C675&resize=350%2C200","width":350,"height":200},"classes":[]},{"id":9121,"url":"http:\/\/astehshop.com\/index.php\/product\/dahua-tpc-bf1241-d3f4-termalna-kamera\/","url_meta":{"origin":9146,"position":3},"title":"Dahua TPC-BF1241-D3F4 termalna kamera","date":"20. velja\u010de 2024.","format":false,"excerpt":"4 MP WizSense termalna mre\u017ena kamera u bullet ku\u0107i\u0161tu Osvjetljenje:0.05 Lux. Maksimalna rezolucija 1280x960. Fiksna optika 4 mm. Kompresija H.265\/H.264M\/H.264H\/H.264B\/MJEPG. Nivo za\u0161tite IP67,IK10. DWDR. Audio 1in\/1out.Alarm 1in\/1out. Slot za microSD karticu do 256GB. Video analitika:intrusion,tripwire. 12v napajanje, ePoE. Odgovaraju\u0107a dozna je PFA130-E. Nosa\u010d za banderu je PFA152-E. Materijal: Metal.","rel":"","context":"Srodne objave","img":{"alt_text":"","src":"https:\/\/i2.wp.com\/astehshop.com\/wp-content\/uploads\/2024\/02\/dahua-tpc-bf1241-d3f4-termalna-kamera_0.png?fit=1200%2C675&resize=350%2C200","width":350,"height":200},"classes":[]},{"id":9127,"url":"http:\/\/astehshop.com\/index.php\/product\/dahua-ipc-hfw2441s-s-0360b-kamera\/","url_meta":{"origin":9146,"position":4},"title":"Dahua IPC-HFW2441S-S-0360B kamera","date":"20. velja\u010de 2024.","format":false,"excerpt":"4MP IR fiksna WizSense mre\u017ena kamera u bullet ku\u0107i\u0161tu 1\/2.9\u201d CMOS senzor. Color: 0.006 Lux@F1.6 Maksimalna rezolucija 2688x1520. Fiksna optika 3.6mm. Kompresija H.265+\/H.264+. 120dB WDR. Warm light\/IR LED diode, domet dioda 30metara. Integrisan mikrofon. Slot za microSD karticu do 256GB. Video analitika: Tripwire, intrusion (klasifikacija i detekcija vozila i ljudi).\u2026","rel":"","context":"Srodne objave","img":{"alt_text":"","src":"https:\/\/i0.wp.com\/astehshop.com\/wp-content\/uploads\/2024\/02\/dahua-ipc-hfw2441s-s-0360b-kamera_0.jpg?fit=1200%2C675&resize=350%2C200","width":350,"height":200},"classes":[]},{"id":9150,"url":"http:\/\/astehshop.com\/index.php\/product\/dahua-ipc-hfw2549s-s-il-0280b-5-mpx\/","url_meta":{"origin":9146,"position":5},"title":"Dahua IPC-HFW2549S-S-IL-0280B 5 MPX","date":"25. velja\u010de 2024.","format":false,"excerpt":"5MP fiksna Dual Light WizSense mre\u017ena kamera u bullet ku\u0107i\u0161tu 1\/2.7\u201d CMOS senzor. Color: 0.007 Lux@F1.6 . Maksimalna rezolucija 2960x1668. Fiksna optika 2.8 mm. Kompresija H.265+\/H.264+. Nivo za\u0161tite IP67. 120dB WDR. Domet IR LED 30 metara. Slot za microSD karticu do 256GB. Video analitika: Tripwire, intrusion. 12v napajanje, PoE. Odgovaraju\u0107a\u2026","rel":"","context":"Srodne objave","img":{"alt_text":"","src":"https:\/\/i1.wp.com\/astehshop.com\/wp-content\/uploads\/2024\/02\/dahua-ipc-hfw2549s-s-il-0280b_0.jpg?fit=1200%2C675&resize=350%2C200","width":350,"height":200},"classes":[]}],"_links":{"self":[{"href":"http:\/\/astehshop.com\/index.php\/wp-json\/wp\/v2\/product\/9146"}],"collection":[{"href":"http:\/\/astehshop.com\/index.php\/wp-json\/wp\/v2\/product"}],"about":[{"href":"http:\/\/astehshop.com\/index.php\/wp-json\/wp\/v2\/types\/product"}],"replies":[{"embeddable":true,"href":"http:\/\/astehshop.com\/index.php\/wp-json\/wp\/v2\/comments?post=9146"}],"wp:featuredmedia":[{"embeddable":true,"href":"http:\/\/astehshop.com\/index.php\/wp-json\/wp\/v2\/media\/9147"}],"wp:attachment":[{"href":"http:\/\/astehshop.com\/index.php\/wp-json\/wp\/v2\/media?parent=9146"}],"wp:term":[{"taxonomy":"product_cat","embeddable":true,"href":"http:\/\/astehshop.com\/index.php\/wp-json\/wp\/v2\/product_cat?post=9146"},{"taxonomy":"product_tag","embeddable":true,"href":"http:\/\/astehshop.com\/index.php\/wp-json\/wp\/v2\/product_tag?post=9146"}],"curies":[{"name":"wp","href":"https:\/\/api.w.org\/{rel}","templated":true}]}}