{"id":9133,"date":"2024-02-20T19:41:59","date_gmt":"2024-02-20T18:41:59","guid":{"rendered":"http:\/\/astehshop.com\/?post_type=product&#038;p=9133"},"modified":"2025-10-05T08:57:53","modified_gmt":"2025-10-05T06:57:53","slug":"dahua-ipc-hdw3549h-as-pv-0280b-s3-kamera","status":"publish","type":"product","link":"http:\/\/astehshop.com\/index.php\/product\/dahua-ipc-hdw3549h-as-pv-0280b-s3-kamera\/","title":{"rendered":"Dahua IPC-HDW3549H-AS-PV-0280B-S3 kamera"},"content":{"rendered":"<p>5MP Full-color Dual-iluminator Active Deterrence mre\u017ena kamera u eyeball ku\u0107i\u0161tu<br \/>\n1\/2.7\u201d CMOS sa progresivnim skeniranjem. Color: 0.003 Lux@F1.0 Maksimalna rezolucija 2592&#215;1944. Fiksna optika 2.8mm. Kompresija H.265+\/H.264+. 120dB WDR. Warm light\/IR LED diode, domet dioda 30metara. Integrisan dualni mikrofon, sirena, zvu\u010dnik i crveno-plavi blicer. 1alarmni ulaz\/1alarmni izlaz, 1audio ulaz\/1audio izlaz (podr\u017eava two-way talk &#8211; dvosmjernu komunikaciju), slot za microSD karticu do 256GB. Video analitika (Perimeter Protection): Tripwire, intrusion (klasifikacija i detekcija vozila i ljudi). Napajanje 12VDC\/PoE, 8.8W max. Nivo za\u0161tite IP67, radna temperatura \u201340 \u00b0C do +60 \u00b0C. Odgovaraju\u0107a baza PFA137, PFA130-E, nosa\u010d za stub PFB203W + PFA152-E, zidni nosa\u010d PFB203W\/ PFB205W. Materijal: Metal.<\/p>\n","protected":false},"excerpt":{"rendered":"<p>5MP Full-color Dual-iluminator Active Deterrence mre\u017ena kamera u eyeball ku\u0107i\u0161tu<br \/>\n1\/2.7\u201d CMOS sa progresivnim skeniranjem. Color: 0.003 Lux@F1.0 Maksimalna rezolucija 2592&#215;1944. Fiksna optika 2.8mm. Kompresija H.265+\/H.264+. 120dB WDR. Warm light\/IR LED diode, domet dioda 30metara. Integrisan dualni mikrofon, sirena, zvu\u010dnik i crveno-plavi blicer. 1alarmni ulaz\/1alarmni izlaz, 1audio ulaz\/1audio izlaz (podr\u017eava two-way talk &#8211; dvosmjernu komunikaciju), slot za microSD karticu do 256GB. Video analitika (Perimeter Protection): Tripwire, intrusion (klasifikacija i detekcija vozila i ljudi). Napajanje 12VDC\/PoE, 8.8W max. Nivo za\u0161tite IP67, radna temperatura \u201340 \u00b0C do +60 \u00b0C. Odgovaraju\u0107a baza PFA137, PFA130-E, nosa\u010d za stub PFB203W + PFA152-E, zidni nosa\u010d PFB203W\/ PFB205W. Materijal: Metal.<\/p>\n","protected":false},"featured_media":9134,"comment_status":"open","ping_status":"closed","template":"","meta":{"_mi_skip_tracking":false,"_exactmetrics_sitenote_active":false,"_exactmetrics_sitenote_note":"","_exactmetrics_sitenote_category":0,"spay_email":""},"product_cat":[1037],"product_tag":[6864,6815,6800,6863,6865,6866],"brands":[{"id":2045,"name":"Dahua","slug":"dahua"}],"df_price":690,"df_sale_price":"","df_regular_price":690,"df_image_link":"https:\/\/i2.wp.com\/astehshop.com\/wp-content\/uploads\/2024\/02\/dahua-ipc-hdw3549h-as-pv-0280b-s3-kamera_0.jpg?fit=450%2C253","jetpack_publicize_connections":[],"jetpack_sharing_enabled":true,"jetpack_likes_enabled":true,"jetpack-related-posts":[{"id":9566,"url":"http:\/\/astehshop.com\/index.php\/product\/dahua-ipc-hfw1439tl1-a-il-0280b-bullet-dual-ilumination-kamera\/","url_meta":{"origin":9133,"position":0},"title":"Dahua IPC-HFW1439TL1-A-IL-0280B bullet Dual ilumination kamera","date":"26. listopada 2024.","format":false,"excerpt":"4MP Full-color Dual-iluminator mre\u017ena kamera u bulit ku\u0107i\u0161tu 1\/2.9\u201d CMOS sa progresivnim skeniranjem. Color: 0.0006 Lux@F1.6 Maksimalna rezolucija 2560x1440. Fiksna optika 2.8mm. Kompresija H.265+\/H.264+. 120dB WDR. Warm light\/IR LED diode, domet dioda 30metara. Integrisan mikrofon. Video analitika:(detekcija ljudi).Odgovaraju\u0107a baza PFA130-E\/PFA134, nosa\u010d za stub PFA152-E . Nivo za\u0161tite IP67.Napajanje 12VDC\/PoE, 2.9W\u2026","rel":"","context":"Srodne objave","img":{"alt_text":"","src":"https:\/\/i0.wp.com\/astehshop.com\/wp-content\/uploads\/2024\/10\/ipc-hfw1439tl1-a-il-1.jpg?fit=1200%2C675&resize=350%2C200","width":350,"height":200},"classes":[]},{"id":9560,"url":"http:\/\/astehshop.com\/index.php\/product\/dahua-ipc-hdw1439v-a-il-0280b-dome-ip-kamera-dual-ilumination\/","url_meta":{"origin":9133,"position":1},"title":"Dahua IPC-HDW1439V-A-IL-0280B dome IP kamera dual ilumination","date":"26. listopada 2024.","format":false,"excerpt":"4MP Full-color Dual-iluminator mre\u017ena kamera u dome ku\u0107i\u0161tu 1\/2.9\u201d CMOS sa progresivnim skeniranjem. Color: 0.006 Lux@F1.6 Maksimalna rezolucija 2560x1440. Fiksna optika 2.8mm. Kompresija H.265+\/H.264+. 120dB WDR. Warm light\/IR LED diode, domet dioda 30metara. Integrisan mikrofon. Video analitika:(detekcija ljudi).Odgovaraju\u0107a baza PFA13G nosa\u010d za stub PFA152-E . Nivo za\u0161tite IP67.Napajanje 12VDC\/PoE, 2.9W\u2026","rel":"","context":"Srodne objave","img":{"alt_text":"","src":"https:\/\/i2.wp.com\/astehshop.com\/wp-content\/uploads\/2024\/10\/IPC-HDW1439V-A-IL-1.jpg?fit=1200%2C675&resize=350%2C200","width":350,"height":200},"classes":[]},{"id":9111,"url":"http:\/\/astehshop.com\/index.php\/product\/dahua-ipc-hdw5449h-ase-d2-0280b-kamera-brojanje-ljudi\/","url_meta":{"origin":9133,"position":2},"title":"Dahua IPC-HDW5449H-ASE-D2 0280B kamera &#8211; brojanje ljudi","date":"20. velja\u010de 2024.","format":false,"excerpt":"4MP mre\u017ena kamera u eyeball ku\u0107i\u0161tu sa Full-color tehnologijom. 1\/1.8\u201d CMOS sa progresivnim skeniranjem. Color: 0.0002 Lux@F1.0. Maksimalna rezolucija 2688x1520. Fiksna optika 2.8mm. Kompresija H.265+\/H.264+. Nivo za\u0161tite IP67. DWDR. Domet LED dioda 50 metara. integrisan mikrofon.1x alarm in, 1x alarm out. Slot za microSD karticu do 256GB. Video analitika: Tripwire,\u2026","rel":"","context":"Srodne objave","img":{"alt_text":"","src":"https:\/\/i0.wp.com\/astehshop.com\/wp-content\/uploads\/2024\/02\/dahua-ipc-hdw5449h-ase-d2-0280b-kamera_0.jpg?fit=1200%2C675&resize=350%2C200","width":350,"height":200},"classes":[]},{"id":9146,"url":"http:\/\/astehshop.com\/index.php\/product\/dahua-ipc-hfw5541t-ase-0360b-s3-kamera\/","url_meta":{"origin":9133,"position":3},"title":"Dahua IPC-HFW5541T-ASE-0360B -S3 kamera","date":"25. velja\u010de 2024.","format":false,"excerpt":"5MP IR fiksna WizMind mre\u017ena kamera u bullet ku\u0107i\u0161tu 1\/2.7\" CMOS senzor.Rezolucija: 2960\u00d7 1668. Kompresija: H.265; H.264; H.264H; H.264B;MJPEG. Fiksna optika: 3.6 mm. IR LEDs domet: 80 m. WDR: 120 dB. Video analitika: Virtuelna linija;upad;brzo kretanje (tri funkcije podr\u017eavaju klasifikaciju i ta\u010dnu detekciju vozila i ljudi); otkrivanje lutanja;ljudi okupljanje;detekcija parkinga;Micro\u2026","rel":"","context":"Srodne objave","img":{"alt_text":"","src":"https:\/\/i1.wp.com\/astehshop.com\/wp-content\/uploads\/2024\/02\/dahua-ipc-hfw5541t-ase-0360b-s3-kamera_0.jpg?fit=1200%2C675&resize=350%2C200","width":350,"height":200},"classes":[]},{"id":9572,"url":"http:\/\/astehshop.com\/index.php\/product\/dahua-ipc-hfw2449s-s-il-0280b-full-color-bullet-kamera\/","url_meta":{"origin":9133,"position":4},"title":"Dahua IPC-HFW2449S-S-IL-0280B Full-color Bullet kamera","date":"26. listopada 2024.","format":false,"excerpt":"4MP Full-color Dual-iluminator mre\u017ena kamera u bulit ku\u0107i\u0161tu 1\/2.9\u201d CMOS sa progresivnim skeniranjem. Color: 0.006 Lux@F1.6 Maksimalna rezolucija 2688x1520. Fiksna optika 2.8mm. Kompresija H.265+\/H.264+. 120dB WDR. Warm light\/IR LED diode, domet dioda 30metara. Integrisan mikrofon. Slot za microSD karticu do 256GB. Video analitika: Tripwire, intrusion (klasifikacija i detekcija vozila i\u2026","rel":"","context":"Srodne objave","img":{"alt_text":"","src":"https:\/\/i2.wp.com\/astehshop.com\/wp-content\/uploads\/2024\/10\/Dahua-IPC-HFW2249S-S-IL-0280B-kamera-1.jpg?fit=1200%2C675&resize=350%2C200","width":350,"height":200},"classes":[]},{"id":9092,"url":"http:\/\/astehshop.com\/index.php\/product\/dahua-ipc-hfw2249s-s-il-0280b-kamera\/","url_meta":{"origin":9133,"position":5},"title":"Dahua IPC-HFW2249S-S-IL-0280B kamera","date":"20. velja\u010de 2024.","format":false,"excerpt":"2MP mre\u017ena kamera u bullet ku\u0107i\u0161tu sa Full-color tehnologijom. 1\/2.8\u201d CMOS sa progresivnim skeniranjem. Color: 0.002 Lux@F1.6. Maksimalna rezolucija 1920x1080. Fiksna optika 2.8mm. Kompresija H.265+\/H.264+. Nivo za\u0161tite IP67. 120dB WDR. Domet LED dioda 30 metara. integrisan mikrofon. Slot za microSD karticu do 256GB. Video analitika: Tripwire, intrusion (classification and accurate\u2026","rel":"","context":"Srodne objave","img":{"alt_text":"","src":"https:\/\/i0.wp.com\/astehshop.com\/wp-content\/uploads\/2024\/02\/dahua-ipc-hfw2249s-s-il-0280b-kamera_0.jpg?fit=1200%2C675&resize=350%2C200","width":350,"height":200},"classes":[]}],"_links":{"self":[{"href":"http:\/\/astehshop.com\/index.php\/wp-json\/wp\/v2\/product\/9133"}],"collection":[{"href":"http:\/\/astehshop.com\/index.php\/wp-json\/wp\/v2\/product"}],"about":[{"href":"http:\/\/astehshop.com\/index.php\/wp-json\/wp\/v2\/types\/product"}],"replies":[{"embeddable":true,"href":"http:\/\/astehshop.com\/index.php\/wp-json\/wp\/v2\/comments?post=9133"}],"wp:featuredmedia":[{"embeddable":true,"href":"http:\/\/astehshop.com\/index.php\/wp-json\/wp\/v2\/media\/9134"}],"wp:attachment":[{"href":"http:\/\/astehshop.com\/index.php\/wp-json\/wp\/v2\/media?parent=9133"}],"wp:term":[{"taxonomy":"product_cat","embeddable":true,"href":"http:\/\/astehshop.com\/index.php\/wp-json\/wp\/v2\/product_cat?post=9133"},{"taxonomy":"product_tag","embeddable":true,"href":"http:\/\/astehshop.com\/index.php\/wp-json\/wp\/v2\/product_tag?post=9133"}],"curies":[{"name":"wp","href":"https:\/\/api.w.org\/{rel}","templated":true}]}}