{"id":9127,"date":"2024-02-20T19:15:48","date_gmt":"2024-02-20T18:15:48","guid":{"rendered":"http:\/\/astehshop.com\/?post_type=product&#038;p=9127"},"modified":"2025-10-05T08:58:59","modified_gmt":"2025-10-05T06:58:59","slug":"dahua-ipc-hfw2441s-s-0360b-kamera","status":"publish","type":"product","link":"http:\/\/astehshop.com\/index.php\/product\/dahua-ipc-hfw2441s-s-0360b-kamera\/","title":{"rendered":"Dahua IPC-HFW2441S-S-0360B kamera"},"content":{"rendered":"<p>4MP IR fiksna WizSense mre\u017ena kamera u bullet ku\u0107i\u0161tu<br \/>\n1\/2.9\u201d CMOS senzor. Color: 0.006 Lux@F1.6 Maksimalna rezolucija 2688&#215;1520. Fiksna optika 3.6mm. Kompresija H.265+\/H.264+. 120dB WDR. Warm light\/IR LED diode, domet dioda 30metara. Integrisan mikrofon. Slot za microSD karticu do 256GB. Video analitika: Tripwire, intrusion (klasifikacija i detekcija vozila i ljudi). Napajanje 12VDC\/PoE, 5.1W max. Nivo za\u0161tite IP67.Odgovaraju\u0107a baza PFA130-E\/PFA134, nosa\u010d za stub PFA152-E. Materijal: Metal.<\/p>\n","protected":false},"excerpt":{"rendered":"<p>4MP IR fiksna WizSense mre\u017ena kamera u bullet ku\u0107i\u0161tu<br \/>\n1\/2.9\u201d CMOS senzor. Color: 0.006 Lux@F1.6 Maksimalna rezolucija 2688&#215;1520. Fiksna optika 3.6mm. Kompresija H.265+\/H.264+. 120dB WDR. Warm light\/IR LED diode, domet dioda 30metara. Integrisan mikrofon. Slot za microSD karticu do 256GB. Video analitika: Tripwire, intrusion (klasifikacija i detekcija vozila i ljudi). Napajanje 12VDC\/PoE, 5.1W max. Nivo za\u0161tite IP67.Odgovaraju\u0107a baza PFA130-E\/PFA134, nosa\u010d za stub PFA152-E. Materijal: Metal.<\/p>\n","protected":false},"featured_media":9128,"comment_status":"open","ping_status":"closed","template":"","meta":{"_mi_skip_tracking":false,"_exactmetrics_sitenote_active":false,"_exactmetrics_sitenote_note":"","_exactmetrics_sitenote_category":0,"spay_email":""},"product_cat":[1043],"product_tag":[598,6819,6855,6856],"brands":[{"id":2045,"name":"Dahua","slug":"dahua"}],"df_price":410,"df_sale_price":"","df_regular_price":410,"df_image_link":"https:\/\/i0.wp.com\/astehshop.com\/wp-content\/uploads\/2024\/02\/dahua-ipc-hfw2441s-s-0360b-kamera_0.jpg?fit=450%2C253","jetpack_publicize_connections":[],"jetpack_sharing_enabled":true,"jetpack_likes_enabled":true,"jetpack-related-posts":[{"id":9572,"url":"http:\/\/astehshop.com\/index.php\/product\/dahua-ipc-hfw2449s-s-il-0280b-full-color-bullet-kamera\/","url_meta":{"origin":9127,"position":0},"title":"Dahua IPC-HFW2449S-S-IL-0280B Full-color Bullet kamera","date":"26. listopada 2024.","format":false,"excerpt":"4MP Full-color Dual-iluminator mre\u017ena kamera u bulit ku\u0107i\u0161tu 1\/2.9\u201d CMOS sa progresivnim skeniranjem. Color: 0.006 Lux@F1.6 Maksimalna rezolucija 2688x1520. Fiksna optika 2.8mm. Kompresija H.265+\/H.264+. 120dB WDR. Warm light\/IR LED diode, domet dioda 30metara. Integrisan mikrofon. Slot za microSD karticu do 256GB. Video analitika: Tripwire, intrusion (klasifikacija i detekcija vozila i\u2026","rel":"","context":"Srodne objave","img":{"alt_text":"","src":"https:\/\/i2.wp.com\/astehshop.com\/wp-content\/uploads\/2024\/10\/Dahua-IPC-HFW2249S-S-IL-0280B-kamera-1.jpg?fit=1200%2C675&resize=350%2C200","width":350,"height":200},"classes":[]},{"id":9119,"url":"http:\/\/astehshop.com\/index.php\/product\/dahua-ipc-hdbw2441e-s-0280b-kamera\/","url_meta":{"origin":9127,"position":1},"title":"Dahua IPC-HDBW2441E-S-0280B kamera","date":"20. velja\u010de 2024.","format":false,"excerpt":"4MP IR fiksna WizSense mre\u017ena kamera u dome ku\u0107i\u0161tu 1\/2.9\u201d CMOS senzor. Color: 0.006 Lux @ F1.6. Maksimalna rezolucija 2688x1520. Fiksna optika 2.8mm. Kompresija H.265; H.264; H.264H; H.264B; MJPEG. Nivo za\u0161tite IP67, IK10. 120dB WDR. Integrisan mikrofon. Domet IR LEDs 30 metara. Slot za microSD karticu do 256GB. Video analitika:\u2026","rel":"","context":"Srodne objave","img":{"alt_text":"","src":"https:\/\/i1.wp.com\/astehshop.com\/wp-content\/uploads\/2024\/02\/dahua-ipc-hdbw2441e-s-0280b-kamera_0.jpg?fit=1200%2C675&resize=350%2C200","width":350,"height":200},"classes":[]},{"id":9139,"url":"http:\/\/astehshop.com\/index.php\/product\/dahua-ipc-hfw2849s-s-il-0280b-kamera\/","url_meta":{"origin":9127,"position":2},"title":"Dahua IPC-HFW2849S-S-IL-0280B kamera","date":"20. velja\u010de 2024.","format":false,"excerpt":"8MP fiksna WizSense mre\u017ena kamera u bullet ku\u0107i\u0161tu 1\/2.7\u201d CMOS senzor. Color: 0.008 Lux@F1.6. Rezolucija 3840 \u00d7 2160. Fiksna optika 2.8mm. Kompresija H.265+\/H.264+. Nivo za\u0161tite IP67. 120dB WDR. Domet iluminatora 30 metara. Ima integrisan mikrofon. Slot za microSD karticu do 256GB. Video analitika Tripwire, intrusion (sa klasifikacijom i detektovanjem ljudi\u2026","rel":"","context":"Srodne objave","img":{"alt_text":"","src":"https:\/\/i2.wp.com\/astehshop.com\/wp-content\/uploads\/2024\/02\/dahua-ipc-hfw2849s-s-il-0280b-kamera_0.png?fit=1200%2C675&resize=350%2C200","width":350,"height":200},"classes":[]},{"id":9574,"url":"http:\/\/astehshop.com\/index.php\/product\/dahua-ipc-hfw2849s-s-il-0280b-kamera-8-mpx\/","url_meta":{"origin":9127,"position":3},"title":"Dahua IPC-HFW2849S-S-IL-0280B kamera 8 MPX","date":"26. listopada 2024.","format":false,"excerpt":"8MP fiksna WizSense mre\u017ena kamera u bullet ku\u0107i\u0161tu 1\/2.7\u201d CMOS senzor. Color: 0.008 Lux@F1.6. Rezolucija 3840 \u00d7 2160. Fiksna optika 2.8mm. Kompresija H.265+\/H.264+. Nivo za\u0161tite IP67. 120dB WDR. Domet iluminatora 30 metara. Ima integrisan mikrofon. Slot za microSD karticu do 256GB. Video analitika Tripwire, intrusion (sa klasifikacijom i detektovanjem ljudi\u2026","rel":"","context":"Srodne objave","img":{"alt_text":"","src":"https:\/\/i2.wp.com\/astehshop.com\/wp-content\/uploads\/2024\/10\/Dahua-IPC-HFW2249S-S-IL-0280B-kamera-1.jpg?fit=1200%2C675&resize=350%2C200","width":350,"height":200},"classes":[]},{"id":9560,"url":"http:\/\/astehshop.com\/index.php\/product\/dahua-ipc-hdw1439v-a-il-0280b-dome-ip-kamera-dual-ilumination\/","url_meta":{"origin":9127,"position":4},"title":"Dahua IPC-HDW1439V-A-IL-0280B dome IP kamera dual ilumination","date":"26. listopada 2024.","format":false,"excerpt":"4MP Full-color Dual-iluminator mre\u017ena kamera u dome ku\u0107i\u0161tu 1\/2.9\u201d CMOS sa progresivnim skeniranjem. Color: 0.006 Lux@F1.6 Maksimalna rezolucija 2560x1440. Fiksna optika 2.8mm. Kompresija H.265+\/H.264+. 120dB WDR. Warm light\/IR LED diode, domet dioda 30metara. Integrisan mikrofon. Video analitika:(detekcija ljudi).Odgovaraju\u0107a baza PFA13G nosa\u010d za stub PFA152-E . Nivo za\u0161tite IP67.Napajanje 12VDC\/PoE, 2.9W\u2026","rel":"","context":"Srodne objave","img":{"alt_text":"","src":"https:\/\/i2.wp.com\/astehshop.com\/wp-content\/uploads\/2024\/10\/IPC-HDW1439V-A-IL-1.jpg?fit=1200%2C675&resize=350%2C200","width":350,"height":200},"classes":[]},{"id":9566,"url":"http:\/\/astehshop.com\/index.php\/product\/dahua-ipc-hfw1439tl1-a-il-0280b-bullet-dual-ilumination-kamera\/","url_meta":{"origin":9127,"position":5},"title":"Dahua IPC-HFW1439TL1-A-IL-0280B bullet Dual ilumination kamera","date":"26. listopada 2024.","format":false,"excerpt":"4MP Full-color Dual-iluminator mre\u017ena kamera u bulit ku\u0107i\u0161tu 1\/2.9\u201d CMOS sa progresivnim skeniranjem. Color: 0.0006 Lux@F1.6 Maksimalna rezolucija 2560x1440. Fiksna optika 2.8mm. Kompresija H.265+\/H.264+. 120dB WDR. Warm light\/IR LED diode, domet dioda 30metara. Integrisan mikrofon. Video analitika:(detekcija ljudi).Odgovaraju\u0107a baza PFA130-E\/PFA134, nosa\u010d za stub PFA152-E . Nivo za\u0161tite IP67.Napajanje 12VDC\/PoE, 2.9W\u2026","rel":"","context":"Srodne objave","img":{"alt_text":"","src":"https:\/\/i0.wp.com\/astehshop.com\/wp-content\/uploads\/2024\/10\/ipc-hfw1439tl1-a-il-1.jpg?fit=1200%2C675&resize=350%2C200","width":350,"height":200},"classes":[]}],"_links":{"self":[{"href":"http:\/\/astehshop.com\/index.php\/wp-json\/wp\/v2\/product\/9127"}],"collection":[{"href":"http:\/\/astehshop.com\/index.php\/wp-json\/wp\/v2\/product"}],"about":[{"href":"http:\/\/astehshop.com\/index.php\/wp-json\/wp\/v2\/types\/product"}],"replies":[{"embeddable":true,"href":"http:\/\/astehshop.com\/index.php\/wp-json\/wp\/v2\/comments?post=9127"}],"wp:featuredmedia":[{"embeddable":true,"href":"http:\/\/astehshop.com\/index.php\/wp-json\/wp\/v2\/media\/9128"}],"wp:attachment":[{"href":"http:\/\/astehshop.com\/index.php\/wp-json\/wp\/v2\/media?parent=9127"}],"wp:term":[{"taxonomy":"product_cat","embeddable":true,"href":"http:\/\/astehshop.com\/index.php\/wp-json\/wp\/v2\/product_cat?post=9127"},{"taxonomy":"product_tag","embeddable":true,"href":"http:\/\/astehshop.com\/index.php\/wp-json\/wp\/v2\/product_tag?post=9127"}],"curies":[{"name":"wp","href":"https:\/\/api.w.org\/{rel}","templated":true}]}}