{"id":9121,"date":"2024-02-20T19:00:02","date_gmt":"2024-02-20T18:00:02","guid":{"rendered":"http:\/\/astehshop.com\/?post_type=product&#038;p=9121"},"modified":"2025-10-05T09:00:33","modified_gmt":"2025-10-05T07:00:33","slug":"dahua-tpc-bf1241-d3f4-termalna-kamera","status":"publish","type":"product","link":"http:\/\/astehshop.com\/index.php\/product\/dahua-tpc-bf1241-d3f4-termalna-kamera\/","title":{"rendered":"Dahua TPC-BF1241-D3F4 termalna kamera"},"content":{"rendered":"<p>4 MP WizSense termalna mre\u017ena kamera u bullet ku\u0107i\u0161tu<br \/>\nOsvjetljenje:0.05 Lux. Maksimalna rezolucija 1280&#215;960. Fiksna optika 4 mm. Kompresija H.265\/H.264M\/H.264H\/H.264B\/MJEPG. Nivo za\u0161tite IP67,IK10. DWDR. Audio 1in\/1out.Alarm 1in\/1out. Slot za microSD karticu do 256GB. Video analitika:intrusion,tripwire. 12v napajanje, ePoE. Odgovaraju\u0107a dozna je PFA130-E. Nosa\u010d za banderu je PFA152-E. Materijal: Metal.<\/p>\n","protected":false},"excerpt":{"rendered":"<p>4 MP WizSense termalna mre\u017ena kamera u bullet ku\u0107i\u0161tu<br \/>\nOsvjetljenje:0.05 Lux. Maksimalna rezolucija 1280&#215;960. Fiksna optika 4 mm. Kompresija H.265\/H.264M\/H.264H\/H.264B\/MJEPG. Nivo za\u0161tite IP67,IK10. DWDR. Audio 1in\/1out.Alarm 1in\/1out. Slot za microSD karticu do 256GB. Video analitika:intrusion,tripwire. 12v napajanje, ePoE. Odgovaraju\u0107a dozna je PFA130-E. Nosa\u010d za banderu je PFA152-E. Materijal: Metal.<\/p>\n","protected":false},"featured_media":9122,"comment_status":"open","ping_status":"closed","template":"","meta":{"_mi_skip_tracking":false,"_exactmetrics_sitenote_active":false,"_exactmetrics_sitenote_note":"","_exactmetrics_sitenote_category":0,"spay_email":""},"product_cat":[1043],"product_tag":[598,477,2197,6840],"brands":[{"id":2045,"name":"Dahua","slug":"dahua"}],"df_price":"","df_sale_price":"","df_regular_price":"","df_image_link":"https:\/\/i2.wp.com\/astehshop.com\/wp-content\/uploads\/2024\/02\/dahua-tpc-bf1241-d3f4-termalna-kamera_0.png?fit=450%2C253","jetpack_publicize_connections":[],"jetpack_sharing_enabled":true,"jetpack_likes_enabled":true,"jetpack-related-posts":[{"id":9119,"url":"http:\/\/astehshop.com\/index.php\/product\/dahua-ipc-hdbw2441e-s-0280b-kamera\/","url_meta":{"origin":9121,"position":0},"title":"Dahua IPC-HDBW2441E-S-0280B kamera","date":"20. velja\u010de 2024.","format":false,"excerpt":"4MP IR fiksna WizSense mre\u017ena kamera u dome ku\u0107i\u0161tu 1\/2.9\u201d CMOS senzor. Color: 0.006 Lux @ F1.6. Maksimalna rezolucija 2688x1520. Fiksna optika 2.8mm. Kompresija H.265; H.264; H.264H; H.264B; MJPEG. Nivo za\u0161tite IP67, IK10. 120dB WDR. Integrisan mikrofon. Domet IR LEDs 30 metara. Slot za microSD karticu do 256GB. Video analitika:\u2026","rel":"","context":"Srodne objave","img":{"alt_text":"","src":"https:\/\/i1.wp.com\/astehshop.com\/wp-content\/uploads\/2024\/02\/dahua-ipc-hdbw2441e-s-0280b-kamera_0.jpg?fit=1200%2C675&resize=350%2C200","width":350,"height":200},"classes":[]},{"id":9142,"url":"http:\/\/astehshop.com\/index.php\/product\/dahua-ipc-hfw2831s-s-0280b-s2-bulet-kamera-8-mp\/","url_meta":{"origin":9121,"position":1},"title":"Dahua IPC-HFW2831S-S-0280B-S2 bulet kamera 8 MP","date":"20. velja\u010de 2024.","format":false,"excerpt":"8 MP lite IR fiksna mre\u017ena kamera u bullet ku\u0107i\u0161tu 1\/2.7\u201d CMOS senzor. Color: 0.008 Lux@F1.6. Rezolucija 3840 \u00d7 2160. Fiksna optika 2.8mm. Kompresija H.265; H.264; H.264B; MJPEG . Nivo za\u0161tite IP67,IK10. 120dB WDR. Domet IR LED 30 metara. Slot za microSD karticu do 256GB. Video analitika Tripwire, intrusion. 12V\u2026","rel":"","context":"Srodne objave","img":{"alt_text":"","src":"https:\/\/i0.wp.com\/astehshop.com\/wp-content\/uploads\/2024\/02\/dahua-ipc-hfw2831s-s-0280b-s2-bulet-kamera_0.jpg?fit=1200%2C675&resize=350%2C200","width":350,"height":200},"classes":[]},{"id":9139,"url":"http:\/\/astehshop.com\/index.php\/product\/dahua-ipc-hfw2849s-s-il-0280b-kamera\/","url_meta":{"origin":9121,"position":2},"title":"Dahua IPC-HFW2849S-S-IL-0280B kamera","date":"20. velja\u010de 2024.","format":false,"excerpt":"8MP fiksna WizSense mre\u017ena kamera u bullet ku\u0107i\u0161tu 1\/2.7\u201d CMOS senzor. Color: 0.008 Lux@F1.6. Rezolucija 3840 \u00d7 2160. Fiksna optika 2.8mm. Kompresija H.265+\/H.264+. Nivo za\u0161tite IP67. 120dB WDR. Domet iluminatora 30 metara. Ima integrisan mikrofon. Slot za microSD karticu do 256GB. Video analitika Tripwire, intrusion (sa klasifikacijom i detektovanjem ljudi\u2026","rel":"","context":"Srodne objave","img":{"alt_text":"","src":"https:\/\/i2.wp.com\/astehshop.com\/wp-content\/uploads\/2024\/02\/dahua-ipc-hfw2849s-s-il-0280b-kamera_0.png?fit=1200%2C675&resize=350%2C200","width":350,"height":200},"classes":[]},{"id":9150,"url":"http:\/\/astehshop.com\/index.php\/product\/dahua-ipc-hfw2549s-s-il-0280b-5-mpx\/","url_meta":{"origin":9121,"position":3},"title":"Dahua IPC-HFW2549S-S-IL-0280B 5 MPX","date":"25. velja\u010de 2024.","format":false,"excerpt":"5MP fiksna Dual Light WizSense mre\u017ena kamera u bullet ku\u0107i\u0161tu 1\/2.7\u201d CMOS senzor. Color: 0.007 Lux@F1.6 . Maksimalna rezolucija 2960x1668. Fiksna optika 2.8 mm. Kompresija H.265+\/H.264+. Nivo za\u0161tite IP67. 120dB WDR. Domet IR LED 30 metara. Slot za microSD karticu do 256GB. Video analitika: Tripwire, intrusion. 12v napajanje, PoE. Odgovaraju\u0107a\u2026","rel":"","context":"Srodne objave","img":{"alt_text":"","src":"https:\/\/i1.wp.com\/astehshop.com\/wp-content\/uploads\/2024\/02\/dahua-ipc-hfw2549s-s-il-0280b_0.jpg?fit=1200%2C675&resize=350%2C200","width":350,"height":200},"classes":[]},{"id":9100,"url":"http:\/\/astehshop.com\/index.php\/product\/dahua-ipc-hdbw3241e-as-0280b-kamera\/","url_meta":{"origin":9121,"position":4},"title":"Dahua IPC-HDBW3241E-AS-0280B kamera","date":"20. velja\u010de 2024.","format":false,"excerpt":"2MP mre\u017ena antivandal kamera sa WizSense tehnologijom u Dom ku\u0107i\u0161tu 1\/2.8\u201d CMOS sa progresivnim skeniranjem. Color: 0.002 Lux @F1.6. Maksimalna rezolucija 1920x1080. Fiksna optika 2.8 mm. Kompresija H.264+\/H.265+. Nivo za\u0161tite IP67, IK10. 120dB WDR. Domet IC dioda 50 metara. Slot za microSD karticu do 256GB. Video analitika: Tripwire, intrusion (classification\u2026","rel":"","context":"Srodne objave","img":{"alt_text":"","src":"https:\/\/i0.wp.com\/astehshop.com\/wp-content\/uploads\/2024\/02\/dahua-ipc-hdbw3241e-as-0280b-kamera_0.jpg?fit=1200%2C750&resize=350%2C200","width":350,"height":200},"classes":[]},{"id":9574,"url":"http:\/\/astehshop.com\/index.php\/product\/dahua-ipc-hfw2849s-s-il-0280b-kamera-8-mpx\/","url_meta":{"origin":9121,"position":5},"title":"Dahua IPC-HFW2849S-S-IL-0280B kamera 8 MPX","date":"26. listopada 2024.","format":false,"excerpt":"8MP fiksna WizSense mre\u017ena kamera u bullet ku\u0107i\u0161tu 1\/2.7\u201d CMOS senzor. Color: 0.008 Lux@F1.6. Rezolucija 3840 \u00d7 2160. Fiksna optika 2.8mm. Kompresija H.265+\/H.264+. Nivo za\u0161tite IP67. 120dB WDR. Domet iluminatora 30 metara. Ima integrisan mikrofon. Slot za microSD karticu do 256GB. Video analitika Tripwire, intrusion (sa klasifikacijom i detektovanjem ljudi\u2026","rel":"","context":"Srodne objave","img":{"alt_text":"","src":"https:\/\/i2.wp.com\/astehshop.com\/wp-content\/uploads\/2024\/10\/Dahua-IPC-HFW2249S-S-IL-0280B-kamera-1.jpg?fit=1200%2C675&resize=350%2C200","width":350,"height":200},"classes":[]}],"_links":{"self":[{"href":"http:\/\/astehshop.com\/index.php\/wp-json\/wp\/v2\/product\/9121"}],"collection":[{"href":"http:\/\/astehshop.com\/index.php\/wp-json\/wp\/v2\/product"}],"about":[{"href":"http:\/\/astehshop.com\/index.php\/wp-json\/wp\/v2\/types\/product"}],"replies":[{"embeddable":true,"href":"http:\/\/astehshop.com\/index.php\/wp-json\/wp\/v2\/comments?post=9121"}],"wp:featuredmedia":[{"embeddable":true,"href":"http:\/\/astehshop.com\/index.php\/wp-json\/wp\/v2\/media\/9122"}],"wp:attachment":[{"href":"http:\/\/astehshop.com\/index.php\/wp-json\/wp\/v2\/media?parent=9121"}],"wp:term":[{"taxonomy":"product_cat","embeddable":true,"href":"http:\/\/astehshop.com\/index.php\/wp-json\/wp\/v2\/product_cat?post=9121"},{"taxonomy":"product_tag","embeddable":true,"href":"http:\/\/astehshop.com\/index.php\/wp-json\/wp\/v2\/product_tag?post=9121"}],"curies":[{"name":"wp","href":"https:\/\/api.w.org\/{rel}","templated":true}]}}