{"id":9113,"date":"2024-02-20T18:44:44","date_gmt":"2024-02-20T17:44:44","guid":{"rendered":"http:\/\/astehshop.com\/?post_type=product&#038;p=9113"},"modified":"2025-10-05T09:01:52","modified_gmt":"2025-10-05T07:01:52","slug":"dahua-ipc-hfw1430ds-saw-0280b-wi-fi-kamera-4-mpx","status":"publish","type":"product","link":"http:\/\/astehshop.com\/index.php\/product\/dahua-ipc-hfw1430ds-saw-0280b-wi-fi-kamera-4-mpx\/","title":{"rendered":"Dahua IPC-HFW1430DS-SAW-0280B Wi Fi kamera 4 MPx"},"content":{"rendered":"<p>4MP mre\u017ena WiFi kamera u bullet ku\u0107i\u0161tu.<br \/>\n1\/3\u201d CMOS sa progresivnim skeniranjem. Color: 0.025 Lux @F2.0 (Color, 30 IRE). Maksimalna rezolucija 2560&#215;1440. Fiksna optika 2.8mm. Kompresija H.265+\/H.264+. Nivo za\u0161tite IP67. DWDR. Domet IC dioda 30 metara. Integrisan mikrofon. Slot za microSD karticu do 256GB.12v napajanje dolazi sa kamerom. Odgovaraju\u0107a dozna je PFA134. Nosa\u010d za banderu je PFA152-E. Materijal: Metal.<\/p>\n","protected":false},"excerpt":{"rendered":"<p>4MP mre\u017ena WiFi kamera u bullet ku\u0107i\u0161tu.<br \/>\n1\/3\u201d CMOS sa progresivnim skeniranjem. Color: 0.025 Lux @F2.0 (Color, 30 IRE). Maksimalna rezolucija 2560&#215;1440. Fiksna optika 2.8mm. Kompresija H.265+\/H.264+. Nivo za\u0161tite IP67. DWDR. Domet IC dioda 30 metara. Integrisan mikrofon. Slot za microSD karticu do 256GB.12v napajanje dolazi sa kamerom. Odgovaraju\u0107a dozna je PFA134. Nosa\u010d za banderu je PFA152-E. Materijal: Metal.<\/p>\n","protected":false},"featured_media":9114,"comment_status":"open","ping_status":"closed","template":"","meta":{"_mi_skip_tracking":false,"_exactmetrics_sitenote_active":false,"_exactmetrics_sitenote_note":"","_exactmetrics_sitenote_category":0,"spay_email":""},"product_cat":[135],"product_tag":[6616,1520,6832,6819,6831,934,6833,461,462,1183],"brands":[{"id":2045,"name":"Dahua","slug":"dahua"}],"df_price":"","df_sale_price":"","df_regular_price":"","df_image_link":"https:\/\/i0.wp.com\/astehshop.com\/wp-content\/uploads\/2024\/02\/dahua-ipc-hfw1430ds-saw-0280b-wi-fi-kamera_0.jpg?fit=450%2C253","jetpack_publicize_connections":[],"jetpack_sharing_enabled":true,"jetpack_likes_enabled":true,"jetpack-related-posts":[{"id":9104,"url":"http:\/\/astehshop.com\/index.php\/product\/dahua-ipc-hdbw1430de-sw-0280b-wi-fi-dome-kamera\/","url_meta":{"origin":9113,"position":0},"title":"Dahua IPC-HDBW1430DE-SW-0280B Wi Fi dome kamera","date":"20. velja\u010de 2024.","format":false,"excerpt":"4MP mre\u017ena WiFi kamera u dome ku\u0107i\u0161tu. 1\/3\u201d CMOS sa progresivnim skeniranjem. Color: 0.025 Lux @F2.0 (Color, 30 IRE). Maksimalna rezolucija 2560x1440. Fiksna optika 2.8mm. Kompresija H.265+\/H.264+. Nivo za\u0161tite IP67, IK10. DWDR. Domet IC dioda 30 metara. Slot za microSD karticu do 256GB.12v napajanje dolazi sa kamerom. Odgovaraju\u0107a dozna je\u2026","rel":"","context":"Srodne objave","img":{"alt_text":"","src":"https:\/\/i0.wp.com\/astehshop.com\/wp-content\/uploads\/2024\/02\/dahua-ipc-hdbw1430de-sw-0280b-wi-fi-dome-kamera_0.jpg?fit=1200%2C675&resize=350%2C200","width":350,"height":200},"classes":[]},{"id":9089,"url":"http:\/\/astehshop.com\/index.php\/product\/dahua-ipc-hfw1230ds-saw-0280b-kamera\/","url_meta":{"origin":9113,"position":1},"title":"Dahua IPC-HFW1230DS-SAW-0280B kamera","date":"20. velja\u010de 2024.","format":false,"excerpt":"2MP mre\u017ena WiFi kamera u bullet ku\u0107i\u0161tu. 1\/2.8\u201d CMOS sa progresivnim skeniranjem. Color: 0.025Lux \/ F2.0 (Color), 0 Lux Ilumination on. Maksimalna rezolucija 1920x1080. Fiksna optika 2.8mm. Kompresija H.265+\/H.264+. Nivo za\u0161tite IP67. DWDR. Domet IC dioda 30 metara. Integrisan mikrofon. Slot za microSD karticu do 256GB. 12v napajanje. Odgovaraju\u0107a dozna\u2026","rel":"","context":"Srodne objave","img":{"alt_text":"","src":"https:\/\/i0.wp.com\/astehshop.com\/wp-content\/uploads\/2024\/02\/dahua-ipc-hfw1230ds-saw-0280b-kamera_0.jpg?fit=1200%2C675&resize=350%2C200","width":350,"height":200},"classes":[]},{"id":5469,"url":"http:\/\/astehshop.com\/index.php\/product\/dahua-ipc-hfw2531s-s-0280b-s2\/","url_meta":{"origin":9113,"position":2},"title":"Dahua IPC-HFW2531S-S-0280B-S2","date":"16. listopada 2021.","format":false,"excerpt":"5MP mre\u017ena kamera u bullet ku\u0107i\u0161tu sa StarLight tehnologijom. 1\/2.7\u201d CMOS sa progresivnim skeniranjem. Color: 0.008 Lux @ F1.6. Maksimalna rezolucija 2592x1944. Fiksna optika 2.8mm. Kompresija H.265+\/H.264+. Nivo za\u0161tite IP67. 120dB WDR. Domet IC dioda 30 metara. integrisan mikrofon. Slot za microSD karticu do 256GB. Video analitika: Tripwire, intrusion. 12v\u2026","rel":"","context":"Srodne objave","img":{"alt_text":"","src":"https:\/\/i2.wp.com\/astehshop.com\/wp-content\/uploads\/2021\/10\/dahua-ipc-hfw2531s-s-0280b-s2_0.jpg?fit=1200%2C675&resize=350%2C200","width":350,"height":200},"classes":[]},{"id":7828,"url":"http:\/\/astehshop.com\/index.php\/product\/dahua-ipc-hfw1230s-0280b-s5-ip-kamera-2-mpx\/","url_meta":{"origin":9113,"position":3},"title":"Dahua IPC-HFW1230S-0280B-S5 IP kamera 2 MPX","date":"23. svibnja 2023.","format":false,"excerpt":"2MP mre\u017ena kamera u bullet ku\u0107i\u0161tu. 1\/2.7\u201d CMOS sa progresivnim skeniranjem. 0.08 Lux@F2.0. Maksimalna rezolucija 1920x1080. Fiksna optika 2,8 mm. Kompresija H.265+\/H.264+. Nivo za\u0161tite IP67. DWDR. Domet IC dioda 30 metara. 12v napajanje, PoE. Odgovaraju\u0107a dozna je PFA134. Nosa\u010d za banderu je PFA152-E. Ugaoni nosa\u010d je PFA151 Materijal: Metal i\u2026","rel":"","context":"Srodne objave","img":{"alt_text":"","src":"https:\/\/i2.wp.com\/astehshop.com\/wp-content\/uploads\/2023\/05\/IPC-HFW1230-0280B-S5.jpg?fit=1200%2C800&resize=350%2C200","width":350,"height":200},"classes":[]},{"id":5467,"url":"http:\/\/astehshop.com\/index.php\/product\/dahua-ipc-hfw2439s-sa-led-0280b-full-color\/","url_meta":{"origin":9113,"position":4},"title":"Dahua IPC-HFW2439S-SA-LED-0280B Full Color","date":"16. listopada 2021.","format":false,"excerpt":"4MP mre\u017ena kamera u bullet ku\u0107i\u0161tu sa Full-color tehnologijom. 1\/3\u201d CMOS sa progresivnim skeniranjem. Color: 0.004 Lux@F1.0. Maksimalna rezolucija 2688x1520. Fiksna optika 2.8mm. Kompresija H.265+\/H.264+. Nivo za\u0161tite IP67. 120dB WDR. Domet LED dioda 30 metara. integrisan mikrofon. Slot za microSD karticu do 256GB. Video analitika: Tripwire, intrusion. 12v napajanje,PoE. Odgovaraju\u0107a\u2026","rel":"","context":"Srodne objave","img":{"alt_text":"","src":"https:\/\/i1.wp.com\/astehshop.com\/wp-content\/uploads\/2021\/10\/IPC-HFW2439S-SA-LED-0280B.png?fit=800%2C800&resize=350%2C200","width":350,"height":200},"classes":[]},{"id":5463,"url":"http:\/\/astehshop.com\/index.php\/product\/dahua-ipc-hfw2231s-s-0280b-mrezna-ip-kamera\/","url_meta":{"origin":9113,"position":5},"title":"Dahua IPC-HFW2231S-S-0280B mre\u017ena ip kamera","date":"16. listopada 2021.","format":false,"excerpt":"2MP mre\u017ena kamera u bullet ku\u0107i\u0161tu. 1\/2.8\u201d CMOS sa progresivnim skeniranjem. Color: 00.002 Lux @F1.6. Maksimalna rezolucija 1920x1080. Fiksna optika 2.8mm. Kompresija H.265+\/H.264+. Nivo za\u0161tite IP67. 120dB WDR. Domet IC dioda 30 metara. Video analitika: Tripwire, intrusion. 12v napajanje,PoE. Odgovaraju\u0107a dozna je PFA134. Nosa\u010d za banderu je PFA152-E.","rel":"","context":"Srodne objave","img":{"alt_text":"","src":"https:\/\/i2.wp.com\/astehshop.com\/wp-content\/uploads\/2021\/10\/6939554979163-03-0425-ung-680Wx510H.jpg?fit=680%2C510&resize=350%2C200","width":350,"height":200},"classes":[]}],"_links":{"self":[{"href":"http:\/\/astehshop.com\/index.php\/wp-json\/wp\/v2\/product\/9113"}],"collection":[{"href":"http:\/\/astehshop.com\/index.php\/wp-json\/wp\/v2\/product"}],"about":[{"href":"http:\/\/astehshop.com\/index.php\/wp-json\/wp\/v2\/types\/product"}],"replies":[{"embeddable":true,"href":"http:\/\/astehshop.com\/index.php\/wp-json\/wp\/v2\/comments?post=9113"}],"wp:featuredmedia":[{"embeddable":true,"href":"http:\/\/astehshop.com\/index.php\/wp-json\/wp\/v2\/media\/9114"}],"wp:attachment":[{"href":"http:\/\/astehshop.com\/index.php\/wp-json\/wp\/v2\/media?parent=9113"}],"wp:term":[{"taxonomy":"product_cat","embeddable":true,"href":"http:\/\/astehshop.com\/index.php\/wp-json\/wp\/v2\/product_cat?post=9113"},{"taxonomy":"product_tag","embeddable":true,"href":"http:\/\/astehshop.com\/index.php\/wp-json\/wp\/v2\/product_tag?post=9113"}],"curies":[{"name":"wp","href":"https:\/\/api.w.org\/{rel}","templated":true}]}}