{"id":9111,"date":"2024-02-20T18:41:50","date_gmt":"2024-02-20T17:41:50","guid":{"rendered":"http:\/\/astehshop.com\/?post_type=product&#038;p=9111"},"modified":"2025-10-05T09:02:23","modified_gmt":"2025-10-05T07:02:23","slug":"dahua-ipc-hdw5449h-ase-d2-0280b-kamera-brojanje-ljudi","status":"publish","type":"product","link":"http:\/\/astehshop.com\/index.php\/product\/dahua-ipc-hdw5449h-ase-d2-0280b-kamera-brojanje-ljudi\/","title":{"rendered":"Dahua IPC-HDW5449H-ASE-D2 0280B kamera &#8211; brojanje ljudi"},"content":{"rendered":"<p>4MP mre\u017ena kamera u eyeball ku\u0107i\u0161tu sa Full-color tehnologijom.<br \/>\n1\/1.8\u201d CMOS sa progresivnim skeniranjem. Color: 0.0002 Lux@F1.0. Maksimalna rezolucija 2688&#215;1520. Fiksna optika 2.8mm. Kompresija H.265+\/H.264+. Nivo za\u0161tite IP67. DWDR. Domet LED dioda 50 metara. integrisan mikrofon.1x alarm in, 1x alarm out. Slot za microSD karticu do 256GB. Video analitika: Tripwire, intrusion, fast moving, loitering detection, people gathering. SMD 3.0. Face datection. People counting. 12v napajanje,PoE. Odgovaraju\u0107a dozna je PFA137. Nosa\u010d za banderu je PFA152-E. Ugaoni nosa\u010d PFB203W. Zidni nosa\u010d je PFB203W. Materijal: Metal.<\/p>\n","protected":false},"excerpt":{"rendered":"<p>4MP mre\u017ena kamera u eyeball ku\u0107i\u0161tu sa Full-color tehnologijom.<br \/>\n1\/1.8\u201d CMOS sa progresivnim skeniranjem. Color: 0.0002 Lux@F1.0. Maksimalna rezolucija 2688&#215;1520. Fiksna optika 2.8mm. Kompresija H.265+\/H.264+. Nivo za\u0161tite IP67. DWDR. Domet LED dioda 50 metara. integrisan mikrofon.1x alarm in, 1x alarm out. Slot za microSD karticu do 256GB. Video analitika: Tripwire, intrusion, fast moving, loitering detection, people gathering. SMD 3.0. Face datection. People counting. 12v napajanje,PoE. Odgovaraju\u0107a dozna je PFA137. Nosa\u010d za banderu je PFA152-E. Ugaoni nosa\u010d PFB203W. Zidni nosa\u010d je PFB203W. Materijal: Metal.<\/p>\n","protected":false},"featured_media":9112,"comment_status":"open","ping_status":"closed","template":"","meta":{"_mi_skip_tracking":false,"_exactmetrics_sitenote_active":false,"_exactmetrics_sitenote_note":"","_exactmetrics_sitenote_category":0,"spay_email":""},"product_cat":[1037],"product_tag":[6826,6827,468,6823,3309,6824,2832,477,6821,3382,6829,6822,6825,6830,6828,6807],"brands":[{"id":2045,"name":"Dahua","slug":"dahua"}],"df_price":1050,"df_sale_price":"","df_regular_price":1050,"df_image_link":"https:\/\/i0.wp.com\/astehshop.com\/wp-content\/uploads\/2024\/02\/dahua-ipc-hdw5449h-ase-d2-0280b-kamera_0.jpg?fit=450%2C253","jetpack_publicize_connections":[],"jetpack_sharing_enabled":true,"jetpack_likes_enabled":true,"jetpack-related-posts":[{"id":5467,"url":"http:\/\/astehshop.com\/index.php\/product\/dahua-ipc-hfw2439s-sa-led-0280b-full-color\/","url_meta":{"origin":9111,"position":0},"title":"Dahua IPC-HFW2439S-SA-LED-0280B Full Color","date":"16. listopada 2021.","format":false,"excerpt":"4MP mre\u017ena kamera u bullet ku\u0107i\u0161tu sa Full-color tehnologijom. 1\/3\u201d CMOS sa progresivnim skeniranjem. Color: 0.004 Lux@F1.0. Maksimalna rezolucija 2688x1520. Fiksna optika 2.8mm. Kompresija H.265+\/H.264+. Nivo za\u0161tite IP67. 120dB WDR. Domet LED dioda 30 metara. integrisan mikrofon. Slot za microSD karticu do 256GB. Video analitika: Tripwire, intrusion. 12v napajanje,PoE. Odgovaraju\u0107a\u2026","rel":"","context":"Srodne objave","img":{"alt_text":"","src":"https:\/\/i1.wp.com\/astehshop.com\/wp-content\/uploads\/2021\/10\/IPC-HFW2439S-SA-LED-0280B.png?fit=800%2C800&resize=350%2C200","width":350,"height":200},"classes":[]},{"id":9104,"url":"http:\/\/astehshop.com\/index.php\/product\/dahua-ipc-hdbw1430de-sw-0280b-wi-fi-dome-kamera\/","url_meta":{"origin":9111,"position":1},"title":"Dahua IPC-HDBW1430DE-SW-0280B Wi Fi dome kamera","date":"20. velja\u010de 2024.","format":false,"excerpt":"4MP mre\u017ena WiFi kamera u dome ku\u0107i\u0161tu. 1\/3\u201d CMOS sa progresivnim skeniranjem. Color: 0.025 Lux @F2.0 (Color, 30 IRE). Maksimalna rezolucija 2560x1440. Fiksna optika 2.8mm. Kompresija H.265+\/H.264+. Nivo za\u0161tite IP67, IK10. DWDR. Domet IC dioda 30 metara. Slot za microSD karticu do 256GB.12v napajanje dolazi sa kamerom. Odgovaraju\u0107a dozna je\u2026","rel":"","context":"Srodne objave","img":{"alt_text":"","src":"https:\/\/i0.wp.com\/astehshop.com\/wp-content\/uploads\/2024\/02\/dahua-ipc-hdbw1430de-sw-0280b-wi-fi-dome-kamera_0.jpg?fit=1200%2C675&resize=350%2C200","width":350,"height":200},"classes":[]},{"id":5463,"url":"http:\/\/astehshop.com\/index.php\/product\/dahua-ipc-hfw2231s-s-0280b-mrezna-ip-kamera\/","url_meta":{"origin":9111,"position":2},"title":"Dahua IPC-HFW2231S-S-0280B mre\u017ena ip kamera","date":"16. listopada 2021.","format":false,"excerpt":"2MP mre\u017ena kamera u bullet ku\u0107i\u0161tu. 1\/2.8\u201d CMOS sa progresivnim skeniranjem. Color: 00.002 Lux @F1.6. Maksimalna rezolucija 1920x1080. Fiksna optika 2.8mm. Kompresija H.265+\/H.264+. Nivo za\u0161tite IP67. 120dB WDR. Domet IC dioda 30 metara. Video analitika: Tripwire, intrusion. 12v napajanje,PoE. Odgovaraju\u0107a dozna je PFA134. Nosa\u010d za banderu je PFA152-E.","rel":"","context":"Srodne objave","img":{"alt_text":"","src":"https:\/\/i2.wp.com\/astehshop.com\/wp-content\/uploads\/2021\/10\/6939554979163-03-0425-ung-680Wx510H.jpg?fit=680%2C510&resize=350%2C200","width":350,"height":200},"classes":[]},{"id":9106,"url":"http:\/\/astehshop.com\/index.php\/product\/dahua-ipc-hdbw2431rp-zs-s2-kamera\/","url_meta":{"origin":9111,"position":3},"title":"Dahua IPC-HDBW2431RP-ZS-S2 kamera","date":"20. velja\u010de 2024.","format":false,"excerpt":"4MP mre\u017ena kamera u dome ku\u0107i\u0161tu sa StarLight tehnologijom. 1\/3\u201d CMOS sa progresivnim skeniranjem. Color: 0.008 Lux @ F1.5. Maksimalna rezolucija 2688x1520. Varifokalna optika 2.7 - 13.5 mm. Kompresija H.265+\/H.264+. Nivo za\u0161tite IP67, IK10. 120dB WDR. Domet IC dioda 40 metara. Slot za microSD karticu do 256GB. Video analitika: Tripwire,\u2026","rel":"","context":"Srodne objave","img":{"alt_text":"","src":"https:\/\/i1.wp.com\/astehshop.com\/wp-content\/uploads\/2024\/02\/dahua-ipc-hdbw2431rp-zs-s2-kamera_0.jpg?fit=1200%2C675&resize=350%2C200","width":350,"height":200},"classes":[]},{"id":9100,"url":"http:\/\/astehshop.com\/index.php\/product\/dahua-ipc-hdbw3241e-as-0280b-kamera\/","url_meta":{"origin":9111,"position":4},"title":"Dahua IPC-HDBW3241E-AS-0280B kamera","date":"20. velja\u010de 2024.","format":false,"excerpt":"2MP mre\u017ena antivandal kamera sa WizSense tehnologijom u Dom ku\u0107i\u0161tu 1\/2.8\u201d CMOS sa progresivnim skeniranjem. Color: 0.002 Lux @F1.6. Maksimalna rezolucija 1920x1080. Fiksna optika 2.8 mm. Kompresija H.264+\/H.265+. Nivo za\u0161tite IP67, IK10. 120dB WDR. Domet IC dioda 50 metara. Slot za microSD karticu do 256GB. Video analitika: Tripwire, intrusion (classification\u2026","rel":"","context":"Srodne objave","img":{"alt_text":"","src":"https:\/\/i0.wp.com\/astehshop.com\/wp-content\/uploads\/2024\/02\/dahua-ipc-hdbw3241e-as-0280b-kamera_0.jpg?fit=1200%2C750&resize=350%2C200","width":350,"height":200},"classes":[]},{"id":5465,"url":"http:\/\/astehshop.com\/index.php\/product\/dahua-ipc-hfw2431s-s-0280b-s2\/","url_meta":{"origin":9111,"position":5},"title":"Dahua IPC-HFW2431S-S-0280B-S2","date":"16. listopada 2021.","format":false,"excerpt":"4MP mre\u017ena kamera u bullet ku\u0107i\u0161tu. 1\/3\u201d CMOS sa progresivnim skeniranjem. Color: 00.08Lux\/F2.0( Color,1\/3s,30IRE)0.3Lux\/F2.0( Color,1\/30s,30IRE)0Lux\/F2.0(IR on). Maksimalna rezolucija 2688x1520. Fiksna optika 2.8 mm. Kompresija H.265+\/H.264+. Nivo za\u0161tite IP67. 120dB WDR. Domet IC dioda 30 metara. Video analitika: Tripwire, intrusion. 12v napajanje,PoE. Odgovaraju\u0107a dozna je PFA134. Nosa\u010d za banderu je PFA152-E.","rel":"","context":"Srodne objave","img":{"alt_text":"","src":"https:\/\/i1.wp.com\/astehshop.com\/wp-content\/uploads\/2021\/10\/IPC-HFW2431S-S-0280B.png?fit=400%2C400&resize=350%2C200","width":350,"height":200},"classes":[]}],"_links":{"self":[{"href":"http:\/\/astehshop.com\/index.php\/wp-json\/wp\/v2\/product\/9111"}],"collection":[{"href":"http:\/\/astehshop.com\/index.php\/wp-json\/wp\/v2\/product"}],"about":[{"href":"http:\/\/astehshop.com\/index.php\/wp-json\/wp\/v2\/types\/product"}],"replies":[{"embeddable":true,"href":"http:\/\/astehshop.com\/index.php\/wp-json\/wp\/v2\/comments?post=9111"}],"wp:featuredmedia":[{"embeddable":true,"href":"http:\/\/astehshop.com\/index.php\/wp-json\/wp\/v2\/media\/9112"}],"wp:attachment":[{"href":"http:\/\/astehshop.com\/index.php\/wp-json\/wp\/v2\/media?parent=9111"}],"wp:term":[{"taxonomy":"product_cat","embeddable":true,"href":"http:\/\/astehshop.com\/index.php\/wp-json\/wp\/v2\/product_cat?post=9111"},{"taxonomy":"product_tag","embeddable":true,"href":"http:\/\/astehshop.com\/index.php\/wp-json\/wp\/v2\/product_tag?post=9111"}],"curies":[{"name":"wp","href":"https:\/\/api.w.org\/{rel}","templated":true}]}}