{"id":9108,"date":"2024-02-20T18:37:33","date_gmt":"2024-02-20T17:37:33","guid":{"rendered":"http:\/\/astehshop.com\/?post_type=product&#038;p=9108"},"modified":"2025-10-05T09:02:59","modified_gmt":"2025-10-05T07:02:59","slug":"dahua-ipc-hdw2449tm-s-il-0280b","status":"publish","type":"product","link":"http:\/\/astehshop.com\/index.php\/product\/dahua-ipc-hdw2449tm-s-il-0280b\/","title":{"rendered":"Dahua IPC-HDW2449TM-S-IL-0280B"},"content":{"rendered":"<p>4MP mre\u017ena dual light kamera u eyeball ku\u0107i\u0161tu sa Full-color tehnologijom.<br \/>\n1\/2.9 CMOS sa progresivnim skeniranjem. Color 0.006 Lux@F1.6. 4MP (2688 \u00d7 1520). Fiksna optika 2.8mm. Kompresija H.265+\/H.264+. Nivo za\u0161tite IP67. 120dB WDR. Domet iluminatora 30m. Integrisan mikrofon. Slot za microSD karticu do 256GB. Video analitika: Tripwire, intrusion (classification and accurate detection of vehicle and human). 12V napajanje, PoE. Odgovaraju\u0107a dozna je PFA130-E.Nosa\u010d za banderu je PFA152-E. Zidni Nosa\u010d je PFB205W-E. Materijal: Metal i Plastika.<\/p>\n","protected":false},"excerpt":{"rendered":"<p>4MP mre\u017ena dual light kamera u eyeball ku\u0107i\u0161tu sa Full-color tehnologijom.<br \/>\n1\/2.9 CMOS sa progresivnim skeniranjem. Color 0.006 Lux@F1.6. 4MP (2688 \u00d7 1520). Fiksna optika 2.8mm. Kompresija H.265+\/H.264+. Nivo za\u0161tite IP67. 120dB WDR. Domet iluminatora 30m. Integrisan mikrofon. Slot za microSD karticu do 256GB. Video analitika: Tripwire, intrusion (classification and accurate detection of vehicle and human). 12V napajanje, PoE. Odgovaraju\u0107a dozna je PFA130-E.Nosa\u010d za banderu je PFA152-E. Zidni Nosa\u010d je PFB205W-E. Materijal: Metal i Plastika.<\/p>\n","protected":false},"featured_media":9109,"comment_status":"open","ping_status":"closed","template":"","meta":{"_mi_skip_tracking":false,"_exactmetrics_sitenote_active":false,"_exactmetrics_sitenote_note":"","_exactmetrics_sitenote_category":0,"spay_email":""},"product_cat":[1037],"product_tag":[6820,3003,6818,6819,6817,2614],"brands":[{"id":2045,"name":"Dahua","slug":"dahua"}],"df_price":340,"df_sale_price":"","df_regular_price":340,"df_image_link":"https:\/\/i1.wp.com\/astehshop.com\/wp-content\/uploads\/2024\/02\/dahua-ipc-hdw2449tm-s-il-0280b-_0.jpg?fit=450%2C253","jetpack_publicize_connections":[],"jetpack_sharing_enabled":true,"jetpack_likes_enabled":true,"jetpack-related-posts":[{"id":5467,"url":"http:\/\/astehshop.com\/index.php\/product\/dahua-ipc-hfw2439s-sa-led-0280b-full-color\/","url_meta":{"origin":9108,"position":0},"title":"Dahua IPC-HFW2439S-SA-LED-0280B Full Color","date":"16. listopada 2021.","format":false,"excerpt":"4MP mre\u017ena kamera u bullet ku\u0107i\u0161tu sa Full-color tehnologijom. 1\/3\u201d CMOS sa progresivnim skeniranjem. Color: 0.004 Lux@F1.0. Maksimalna rezolucija 2688x1520. Fiksna optika 2.8mm. Kompresija H.265+\/H.264+. Nivo za\u0161tite IP67. 120dB WDR. Domet LED dioda 30 metara. integrisan mikrofon. Slot za microSD karticu do 256GB. Video analitika: Tripwire, intrusion. 12v napajanje,PoE. Odgovaraju\u0107a\u2026","rel":"","context":"Srodne objave","img":{"alt_text":"","src":"https:\/\/i1.wp.com\/astehshop.com\/wp-content\/uploads\/2021\/10\/IPC-HFW2439S-SA-LED-0280B.png?fit=800%2C800&resize=350%2C200","width":350,"height":200},"classes":[]},{"id":5469,"url":"http:\/\/astehshop.com\/index.php\/product\/dahua-ipc-hfw2531s-s-0280b-s2\/","url_meta":{"origin":9108,"position":1},"title":"Dahua IPC-HFW2531S-S-0280B-S2","date":"16. listopada 2021.","format":false,"excerpt":"5MP mre\u017ena kamera u bullet ku\u0107i\u0161tu sa StarLight tehnologijom. 1\/2.7\u201d CMOS sa progresivnim skeniranjem. Color: 0.008 Lux @ F1.6. Maksimalna rezolucija 2592x1944. Fiksna optika 2.8mm. Kompresija H.265+\/H.264+. Nivo za\u0161tite IP67. 120dB WDR. Domet IC dioda 30 metara. integrisan mikrofon. Slot za microSD karticu do 256GB. Video analitika: Tripwire, intrusion. 12v\u2026","rel":"","context":"Srodne objave","img":{"alt_text":"","src":"https:\/\/i2.wp.com\/astehshop.com\/wp-content\/uploads\/2021\/10\/dahua-ipc-hfw2531s-s-0280b-s2_0.jpg?fit=1200%2C675&resize=350%2C200","width":350,"height":200},"classes":[]},{"id":9130,"url":"http:\/\/astehshop.com\/index.php\/product\/dahua-ipc-hfw2541e-s-0280-kamera\/","url_meta":{"origin":9108,"position":2},"title":"Dahua IPC-HFW2541E-S-0280 kamera","date":"20. velja\u010de 2024.","format":false,"excerpt":"5MP mre\u017ena kamera u bullet ku\u0107i\u0161tu sa StarLight tehnologijom. 1\/2.7\u201d CMOS sa progresivnim skeniranjem. Color: 0.005 Lux @ F1.6. Maksimalna rezolucija 2592x1944. Fiksna optika 2.8mm. Kompresija Smart H.265+\/H.264+. Nivo za\u0161tite IP67. 120dB WDR. Domet IC dioda 30 metara. Integrisan mikrofon. Slot za microSD karticu do 256GB. Video analitika: Tripwire, intrusion\u2026","rel":"","context":"Srodne objave","img":{"alt_text":"","src":"https:\/\/i1.wp.com\/astehshop.com\/wp-content\/uploads\/2024\/02\/dahua-ipc-hfw2541e-s-0280-kamera_0.jpg?fit=1200%2C675&resize=350%2C200","width":350,"height":200},"classes":[]},{"id":9572,"url":"http:\/\/astehshop.com\/index.php\/product\/dahua-ipc-hfw2449s-s-il-0280b-full-color-bullet-kamera\/","url_meta":{"origin":9108,"position":3},"title":"Dahua IPC-HFW2449S-S-IL-0280B Full-color Bullet kamera","date":"26. listopada 2024.","format":false,"excerpt":"4MP Full-color Dual-iluminator mre\u017ena kamera u bulit ku\u0107i\u0161tu 1\/2.9\u201d CMOS sa progresivnim skeniranjem. Color: 0.006 Lux@F1.6 Maksimalna rezolucija 2688x1520. Fiksna optika 2.8mm. Kompresija H.265+\/H.264+. 120dB WDR. Warm light\/IR LED diode, domet dioda 30metara. Integrisan mikrofon. Slot za microSD karticu do 256GB. Video analitika: Tripwire, intrusion (klasifikacija i detekcija vozila i\u2026","rel":"","context":"Srodne objave","img":{"alt_text":"","src":"https:\/\/i2.wp.com\/astehshop.com\/wp-content\/uploads\/2024\/10\/Dahua-IPC-HFW2249S-S-IL-0280B-kamera-1.jpg?fit=1200%2C675&resize=350%2C200","width":350,"height":200},"classes":[]},{"id":9119,"url":"http:\/\/astehshop.com\/index.php\/product\/dahua-ipc-hdbw2441e-s-0280b-kamera\/","url_meta":{"origin":9108,"position":4},"title":"Dahua IPC-HDBW2441E-S-0280B kamera","date":"20. velja\u010de 2024.","format":false,"excerpt":"4MP IR fiksna WizSense mre\u017ena kamera u dome ku\u0107i\u0161tu 1\/2.9\u201d CMOS senzor. Color: 0.006 Lux @ F1.6. Maksimalna rezolucija 2688x1520. Fiksna optika 2.8mm. Kompresija H.265; H.264; H.264H; H.264B; MJPEG. Nivo za\u0161tite IP67, IK10. 120dB WDR. Integrisan mikrofon. Domet IR LEDs 30 metara. Slot za microSD karticu do 256GB. Video analitika:\u2026","rel":"","context":"Srodne objave","img":{"alt_text":"","src":"https:\/\/i1.wp.com\/astehshop.com\/wp-content\/uploads\/2024\/02\/dahua-ipc-hdbw2441e-s-0280b-kamera_0.jpg?fit=1200%2C675&resize=350%2C200","width":350,"height":200},"classes":[]},{"id":9560,"url":"http:\/\/astehshop.com\/index.php\/product\/dahua-ipc-hdw1439v-a-il-0280b-dome-ip-kamera-dual-ilumination\/","url_meta":{"origin":9108,"position":5},"title":"Dahua IPC-HDW1439V-A-IL-0280B dome IP kamera dual ilumination","date":"26. listopada 2024.","format":false,"excerpt":"4MP Full-color Dual-iluminator mre\u017ena kamera u dome ku\u0107i\u0161tu 1\/2.9\u201d CMOS sa progresivnim skeniranjem. Color: 0.006 Lux@F1.6 Maksimalna rezolucija 2560x1440. Fiksna optika 2.8mm. Kompresija H.265+\/H.264+. 120dB WDR. Warm light\/IR LED diode, domet dioda 30metara. Integrisan mikrofon. Video analitika:(detekcija ljudi).Odgovaraju\u0107a baza PFA13G nosa\u010d za stub PFA152-E . Nivo za\u0161tite IP67.Napajanje 12VDC\/PoE, 2.9W\u2026","rel":"","context":"Srodne objave","img":{"alt_text":"","src":"https:\/\/i2.wp.com\/astehshop.com\/wp-content\/uploads\/2024\/10\/IPC-HDW1439V-A-IL-1.jpg?fit=1200%2C675&resize=350%2C200","width":350,"height":200},"classes":[]}],"_links":{"self":[{"href":"http:\/\/astehshop.com\/index.php\/wp-json\/wp\/v2\/product\/9108"}],"collection":[{"href":"http:\/\/astehshop.com\/index.php\/wp-json\/wp\/v2\/product"}],"about":[{"href":"http:\/\/astehshop.com\/index.php\/wp-json\/wp\/v2\/types\/product"}],"replies":[{"embeddable":true,"href":"http:\/\/astehshop.com\/index.php\/wp-json\/wp\/v2\/comments?post=9108"}],"wp:featuredmedia":[{"embeddable":true,"href":"http:\/\/astehshop.com\/index.php\/wp-json\/wp\/v2\/media\/9109"}],"wp:attachment":[{"href":"http:\/\/astehshop.com\/index.php\/wp-json\/wp\/v2\/media?parent=9108"}],"wp:term":[{"taxonomy":"product_cat","embeddable":true,"href":"http:\/\/astehshop.com\/index.php\/wp-json\/wp\/v2\/product_cat?post=9108"},{"taxonomy":"product_tag","embeddable":true,"href":"http:\/\/astehshop.com\/index.php\/wp-json\/wp\/v2\/product_tag?post=9108"}],"curies":[{"name":"wp","href":"https:\/\/api.w.org\/{rel}","templated":true}]}}