{"id":9089,"date":"2024-02-20T18:06:40","date_gmt":"2024-02-20T17:06:40","guid":{"rendered":"http:\/\/astehshop.com\/?post_type=product&#038;p=9089"},"modified":"2025-10-05T09:07:56","modified_gmt":"2025-10-05T07:07:56","slug":"dahua-ipc-hfw1230ds-saw-0280b-kamera","status":"publish","type":"product","link":"http:\/\/astehshop.com\/index.php\/product\/dahua-ipc-hfw1230ds-saw-0280b-kamera\/","title":{"rendered":"Dahua IPC-HFW1230DS-SAW-0280B kamera"},"content":{"rendered":"<p>2MP mre\u017ena WiFi kamera u bullet ku\u0107i\u0161tu.<br \/>\n1\/2.8\u201d CMOS sa progresivnim skeniranjem. Color: 0.025Lux \/ F2.0 (Color), 0 Lux Ilumination on. Maksimalna rezolucija 1920&#215;1080. Fiksna optika 2.8mm. Kompresija H.265+\/H.264+. Nivo za\u0161tite IP67. DWDR. Domet IC dioda 30 metara. Integrisan mikrofon. Slot za microSD karticu do 256GB. 12v napajanje. Odgovaraju\u0107a dozna je PFA134. Nosa\u010d za banderu je PFA152-E. Materijal: Metal.<\/p>\n<p><iframe loading=\"lazy\"  id=\"_ytid_36038\"  width=\"480\" height=\"270\"  data-origwidth=\"480\" data-origheight=\"270\"  src=\"https:\/\/www.youtube.com\/embed\/beLCQgst0ig?enablejsapi=1&#038;autoplay=0&#038;cc_load_policy=0&#038;cc_lang_pref=&#038;iv_load_policy=1&#038;loop=0&#038;modestbranding=0&#038;rel=1&#038;fs=1&#038;playsinline=0&#038;autohide=2&#038;theme=dark&#038;color=red&#038;controls=1&#038;\" class=\"__youtube_prefs__  epyt-is-override  no-lazyload\" title=\"YouTube player\"  allow=\"autoplay; encrypted-media\" allowfullscreen data-no-lazy=\"1\" data-skipgform_ajax_framebjll=\"\"><\/iframe><\/p>\n<p>&nbsp;<\/p>\n","protected":false},"excerpt":{"rendered":"<p>2MP mre\u017ena WiFi kamera u bullet ku\u0107i\u0161tu.<br \/>\n1\/2.8\u201d CMOS sa progresivnim skeniranjem. Color: 0.025Lux \/ F2.0 (Color), 0 Lux Ilumination on. Maksimalna rezolucija 1920&#215;1080. Fiksna optika 2.8mm. Kompresija H.265+\/H.264+. Nivo za\u0161tite IP67. DWDR. Domet IC dioda 30 metara. Integrisan mikrofon. Slot za microSD karticu do 256GB. 12v napajanje. Odgovaraju\u0107a dozna je PFA134. Nosa\u010d za banderu je PFA152-E. Materijal: Metal.<\/p>\n<p>https:\/\/www.youtube.com\/watch?v=beLCQgst0ig<\/p>\n","protected":false},"featured_media":9090,"comment_status":"open","ping_status":"closed","template":"","meta":{"_mi_skip_tracking":false,"_exactmetrics_sitenote_active":false,"_exactmetrics_sitenote_note":"","_exactmetrics_sitenote_category":0,"spay_email":""},"product_cat":[135],"product_tag":[2895,6798,1520,539,6795,6796,483,574,6797,471,626,1183],"brands":[{"id":2045,"name":"Dahua","slug":"dahua"}],"df_price":"","df_sale_price":"","df_regular_price":"","df_image_link":"https:\/\/i0.wp.com\/astehshop.com\/wp-content\/uploads\/2024\/02\/dahua-ipc-hfw1230ds-saw-0280b-kamera_0.jpg?fit=450%2C253","jetpack_publicize_connections":[],"jetpack_sharing_enabled":true,"jetpack_likes_enabled":true,"jetpack-related-posts":[{"id":9113,"url":"http:\/\/astehshop.com\/index.php\/product\/dahua-ipc-hfw1430ds-saw-0280b-wi-fi-kamera-4-mpx\/","url_meta":{"origin":9089,"position":0},"title":"Dahua IPC-HFW1430DS-SAW-0280B Wi Fi kamera 4 MPx","date":"20. velja\u010de 2024.","format":false,"excerpt":"4MP mre\u017ena WiFi kamera u bullet ku\u0107i\u0161tu. 1\/3\u201d CMOS sa progresivnim skeniranjem. Color: 0.025 Lux @F2.0 (Color, 30 IRE). Maksimalna rezolucija 2560x1440. Fiksna optika 2.8mm. Kompresija H.265+\/H.264+. Nivo za\u0161tite IP67. DWDR. Domet IC dioda 30 metara. Integrisan mikrofon. Slot za microSD karticu do 256GB.12v napajanje dolazi sa kamerom. Odgovaraju\u0107a dozna\u2026","rel":"","context":"Srodne objave","img":{"alt_text":"","src":"https:\/\/i0.wp.com\/astehshop.com\/wp-content\/uploads\/2024\/02\/dahua-ipc-hfw1430ds-saw-0280b-wi-fi-kamera_0.jpg?fit=1200%2C675&resize=350%2C200","width":350,"height":200},"classes":[]},{"id":9569,"url":"http:\/\/astehshop.com\/index.php\/product\/dahua-ipc-hfw2249s-s-il-0280b-kamera-2-mpx-dual-ilumination-bullet\/","url_meta":{"origin":9089,"position":1},"title":"Dahua IPC-HFW2249S-S-IL-0280B kamera 2 MPX dual ilumination bullet","date":"26. listopada 2024.","format":false,"excerpt":"2MP mre\u017ena kamera u bullet ku\u0107i\u0161tu sa Full-color tehnologijom. 1\/2.8\u201d CMOS sa progresivnim skeniranjem. Color: 0.002 Lux@F1.6. Maksimalna rezolucija 1920x1080. Fiksna optika 2.8mm. Kompresija H.265+\/H.264+. Nivo za\u0161tite IP67. 120dB WDR. Domet LED dioda 30 metara. integrisan mikrofon. Slot za microSD karticu do 256GB. Video analitika: Tripwire, intrusion (classification and accurate\u2026","rel":"","context":"Srodne objave","img":{"alt_text":"","src":"https:\/\/i2.wp.com\/astehshop.com\/wp-content\/uploads\/2024\/10\/Dahua-IPC-HFW2249S-S-IL-0280B-kamera-1.jpg?fit=1200%2C675&resize=350%2C200","width":350,"height":200},"classes":[]},{"id":7828,"url":"http:\/\/astehshop.com\/index.php\/product\/dahua-ipc-hfw1230s-0280b-s5-ip-kamera-2-mpx\/","url_meta":{"origin":9089,"position":2},"title":"Dahua IPC-HFW1230S-0280B-S5 IP kamera 2 MPX","date":"23. svibnja 2023.","format":false,"excerpt":"2MP mre\u017ena kamera u bullet ku\u0107i\u0161tu. 1\/2.7\u201d CMOS sa progresivnim skeniranjem. 0.08 Lux@F2.0. Maksimalna rezolucija 1920x1080. Fiksna optika 2,8 mm. Kompresija H.265+\/H.264+. Nivo za\u0161tite IP67. DWDR. Domet IC dioda 30 metara. 12v napajanje, PoE. Odgovaraju\u0107a dozna je PFA134. Nosa\u010d za banderu je PFA152-E. Ugaoni nosa\u010d je PFA151 Materijal: Metal i\u2026","rel":"","context":"Srodne objave","img":{"alt_text":"","src":"https:\/\/i2.wp.com\/astehshop.com\/wp-content\/uploads\/2023\/05\/IPC-HFW1230-0280B-S5.jpg?fit=1200%2C800&resize=350%2C200","width":350,"height":200},"classes":[]},{"id":5463,"url":"http:\/\/astehshop.com\/index.php\/product\/dahua-ipc-hfw2231s-s-0280b-mrezna-ip-kamera\/","url_meta":{"origin":9089,"position":3},"title":"Dahua IPC-HFW2231S-S-0280B mre\u017ena ip kamera","date":"16. listopada 2021.","format":false,"excerpt":"2MP mre\u017ena kamera u bullet ku\u0107i\u0161tu. 1\/2.8\u201d CMOS sa progresivnim skeniranjem. Color: 00.002 Lux @F1.6. Maksimalna rezolucija 1920x1080. Fiksna optika 2.8mm. Kompresija H.265+\/H.264+. Nivo za\u0161tite IP67. 120dB WDR. Domet IC dioda 30 metara. Video analitika: Tripwire, intrusion. 12v napajanje,PoE. Odgovaraju\u0107a dozna je PFA134. Nosa\u010d za banderu je PFA152-E.","rel":"","context":"Srodne objave","img":{"alt_text":"","src":"https:\/\/i2.wp.com\/astehshop.com\/wp-content\/uploads\/2021\/10\/6939554979163-03-0425-ung-680Wx510H.jpg?fit=680%2C510&resize=350%2C200","width":350,"height":200},"classes":[]},{"id":5469,"url":"http:\/\/astehshop.com\/index.php\/product\/dahua-ipc-hfw2531s-s-0280b-s2\/","url_meta":{"origin":9089,"position":4},"title":"Dahua IPC-HFW2531S-S-0280B-S2","date":"16. listopada 2021.","format":false,"excerpt":"5MP mre\u017ena kamera u bullet ku\u0107i\u0161tu sa StarLight tehnologijom. 1\/2.7\u201d CMOS sa progresivnim skeniranjem. Color: 0.008 Lux @ F1.6. Maksimalna rezolucija 2592x1944. Fiksna optika 2.8mm. Kompresija H.265+\/H.264+. Nivo za\u0161tite IP67. 120dB WDR. Domet IC dioda 30 metara. integrisan mikrofon. Slot za microSD karticu do 256GB. Video analitika: Tripwire, intrusion. 12v\u2026","rel":"","context":"Srodne objave","img":{"alt_text":"","src":"https:\/\/i2.wp.com\/astehshop.com\/wp-content\/uploads\/2021\/10\/dahua-ipc-hfw2531s-s-0280b-s2_0.jpg?fit=1200%2C675&resize=350%2C200","width":350,"height":200},"classes":[]},{"id":9092,"url":"http:\/\/astehshop.com\/index.php\/product\/dahua-ipc-hfw2249s-s-il-0280b-kamera\/","url_meta":{"origin":9089,"position":5},"title":"Dahua IPC-HFW2249S-S-IL-0280B kamera","date":"20. velja\u010de 2024.","format":false,"excerpt":"2MP mre\u017ena kamera u bullet ku\u0107i\u0161tu sa Full-color tehnologijom. 1\/2.8\u201d CMOS sa progresivnim skeniranjem. Color: 0.002 Lux@F1.6. Maksimalna rezolucija 1920x1080. Fiksna optika 2.8mm. Kompresija H.265+\/H.264+. Nivo za\u0161tite IP67. 120dB WDR. Domet LED dioda 30 metara. integrisan mikrofon. Slot za microSD karticu do 256GB. Video analitika: Tripwire, intrusion (classification and accurate\u2026","rel":"","context":"Srodne objave","img":{"alt_text":"","src":"https:\/\/i0.wp.com\/astehshop.com\/wp-content\/uploads\/2024\/02\/dahua-ipc-hfw2249s-s-il-0280b-kamera_0.jpg?fit=1200%2C675&resize=350%2C200","width":350,"height":200},"classes":[]}],"_links":{"self":[{"href":"http:\/\/astehshop.com\/index.php\/wp-json\/wp\/v2\/product\/9089"}],"collection":[{"href":"http:\/\/astehshop.com\/index.php\/wp-json\/wp\/v2\/product"}],"about":[{"href":"http:\/\/astehshop.com\/index.php\/wp-json\/wp\/v2\/types\/product"}],"replies":[{"embeddable":true,"href":"http:\/\/astehshop.com\/index.php\/wp-json\/wp\/v2\/comments?post=9089"}],"wp:featuredmedia":[{"embeddable":true,"href":"http:\/\/astehshop.com\/index.php\/wp-json\/wp\/v2\/media\/9090"}],"wp:attachment":[{"href":"http:\/\/astehshop.com\/index.php\/wp-json\/wp\/v2\/media?parent=9089"}],"wp:term":[{"taxonomy":"product_cat","embeddable":true,"href":"http:\/\/astehshop.com\/index.php\/wp-json\/wp\/v2\/product_cat?post=9089"},{"taxonomy":"product_tag","embeddable":true,"href":"http:\/\/astehshop.com\/index.php\/wp-json\/wp\/v2\/product_tag?post=9089"}],"curies":[{"name":"wp","href":"https:\/\/api.w.org\/{rel}","templated":true}]}}