{"id":9078,"date":"2024-02-20T17:50:09","date_gmt":"2024-02-20T16:50:09","guid":{"rendered":"http:\/\/astehshop.com\/?post_type=product&#038;p=9078"},"modified":"2025-10-05T09:14:10","modified_gmt":"2025-10-05T07:14:10","slug":"dahua-ipc-hdbw2241e-s-0280b-kamera","status":"publish","type":"product","link":"http:\/\/astehshop.com\/index.php\/product\/dahua-ipc-hdbw2241e-s-0280b-kamera\/","title":{"rendered":"Dahua IPC-HDBW2241E-S-0280B kamera"},"content":{"rendered":"<p>2MP mre\u017ena kamera u dome ku\u0107i\u0161tu sa StarLight tehnologijom.<br \/>\n1\/2.8\u201d CMOS sa progresivnim skeniranjem. Color: 0.002 Lux @F1.6. Maksimalna rezolucija 1920&#215;1080. Fiksna optika 2.8 mm. Kompresija H.265+\/H.264+. Nivo za\u0161tite IP67, IK10. 120dB WDR. Domet IC dioda 30 metara. Slot za microSD karticu do 256GB. Integrisan mikrofon. Video analitika: Tripwire, intrusion (classification accurate detection of vehicle and human). 12v napajanje,PoE. Odgovaraju\u0107a dozna je PFA136. Nosa\u010d za banderu je PFA152-E. Zidni nosa\u010d je PFB203W. Materijal: Metal.<\/p>\n<p><iframe loading=\"lazy\"  id=\"_ytid_98762\"  width=\"480\" height=\"270\"  data-origwidth=\"480\" data-origheight=\"270\"  src=\"https:\/\/www.youtube.com\/embed\/XTqYFVpiQWk?enablejsapi=1&#038;autoplay=0&#038;cc_load_policy=0&#038;cc_lang_pref=&#038;iv_load_policy=1&#038;loop=0&#038;modestbranding=0&#038;rel=1&#038;fs=1&#038;playsinline=0&#038;autohide=2&#038;theme=dark&#038;color=red&#038;controls=1&#038;\" class=\"__youtube_prefs__  epyt-is-override  no-lazyload\" title=\"YouTube player\"  allow=\"autoplay; encrypted-media\" allowfullscreen data-no-lazy=\"1\" data-skipgform_ajax_framebjll=\"\"><\/iframe><\/p>\n<p>&nbsp;<\/p>\n","protected":false},"excerpt":{"rendered":"<p>2MP mre\u017ena kamera u dome ku\u0107i\u0161tu sa StarLight tehnologijom.<br \/>\n1\/2.8\u201d CMOS sa progresivnim skeniranjem. Color: 0.002 Lux @F1.6. Maksimalna rezolucija 1920&#215;1080. Fiksna optika 2.8 mm. Kompresija H.265+\/H.264+. Nivo za\u0161tite IP67, IK10. 120dB WDR. Domet IC dioda 30 metara. Slot za microSD karticu do 256GB. Integrisan mikrofon. Video analitika: Tripwire, intrusion (classification accurate detection of vehicle and human). 12v napajanje,PoE. Odgovaraju\u0107a dozna je PFA136. Nosa\u010d za banderu je PFA152-E. Zidni nosa\u010d je PFB203W. Materijal: Metal.<\/p>\n<p>https:\/\/www.youtube.com\/watch?v=XTqYFVpiQWk<\/p>\n<p>&nbsp;<\/p>\n","protected":false},"featured_media":9079,"comment_status":"open","ping_status":"closed","template":"","meta":{"_mi_skip_tracking":false,"_exactmetrics_sitenote_active":false,"_exactmetrics_sitenote_note":"","_exactmetrics_sitenote_category":0,"spay_email":""},"product_cat":[1037],"product_tag":[392,468,477,421,6784,6782,6783,630,251,394,461],"brands":[{"id":2045,"name":"Dahua","slug":"dahua"}],"df_price":305,"df_sale_price":"","df_regular_price":305,"df_image_link":"https:\/\/i2.wp.com\/astehshop.com\/wp-content\/uploads\/2024\/02\/dahua-ipc-hdbw2241e-s-0280b-kamera_0.jpg?fit=450%2C253","jetpack_publicize_connections":[],"jetpack_sharing_enabled":true,"jetpack_likes_enabled":true,"jetpack-related-posts":[{"id":9100,"url":"http:\/\/astehshop.com\/index.php\/product\/dahua-ipc-hdbw3241e-as-0280b-kamera\/","url_meta":{"origin":9078,"position":0},"title":"Dahua IPC-HDBW3241E-AS-0280B kamera","date":"20. velja\u010de 2024.","format":false,"excerpt":"2MP mre\u017ena antivandal kamera sa WizSense tehnologijom u Dom ku\u0107i\u0161tu 1\/2.8\u201d CMOS sa progresivnim skeniranjem. Color: 0.002 Lux @F1.6. Maksimalna rezolucija 1920x1080. Fiksna optika 2.8 mm. Kompresija H.264+\/H.265+. Nivo za\u0161tite IP67, IK10. 120dB WDR. Domet IC dioda 50 metara. Slot za microSD karticu do 256GB. Video analitika: Tripwire, intrusion (classification\u2026","rel":"","context":"Srodne objave","img":{"alt_text":"","src":"https:\/\/i0.wp.com\/astehshop.com\/wp-content\/uploads\/2024\/02\/dahua-ipc-hdbw3241e-as-0280b-kamera_0.jpg?fit=1200%2C750&resize=350%2C200","width":350,"height":200},"classes":[]},{"id":5463,"url":"http:\/\/astehshop.com\/index.php\/product\/dahua-ipc-hfw2231s-s-0280b-mrezna-ip-kamera\/","url_meta":{"origin":9078,"position":1},"title":"Dahua IPC-HFW2231S-S-0280B mre\u017ena ip kamera","date":"16. listopada 2021.","format":false,"excerpt":"2MP mre\u017ena kamera u bullet ku\u0107i\u0161tu. 1\/2.8\u201d CMOS sa progresivnim skeniranjem. Color: 00.002 Lux @F1.6. Maksimalna rezolucija 1920x1080. Fiksna optika 2.8mm. Kompresija H.265+\/H.264+. Nivo za\u0161tite IP67. 120dB WDR. Domet IC dioda 30 metara. Video analitika: Tripwire, intrusion. 12v napajanje,PoE. Odgovaraju\u0107a dozna je PFA134. Nosa\u010d za banderu je PFA152-E.","rel":"","context":"Srodne objave","img":{"alt_text":"","src":"https:\/\/i2.wp.com\/astehshop.com\/wp-content\/uploads\/2021\/10\/6939554979163-03-0425-ung-680Wx510H.jpg?fit=680%2C510&resize=350%2C200","width":350,"height":200},"classes":[]},{"id":9084,"url":"http:\/\/astehshop.com\/index.php\/product\/dahua-ipc-hdw2241tm-s-0280b-kamera\/","url_meta":{"origin":9078,"position":2},"title":"Dahua IPC-HDW2241TM-S-0280B kamera","date":"20. velja\u010de 2024.","format":false,"excerpt":"2MP mre\u017ena kamera u eyeball ku\u0107i\u0161tu sa StarLight tehnologijom. 1\/2.8\u201d CMOS sa progresivnim skeniranjem. Color: 0.002 Lux @F1.6. Maksimalna rezolucija 1920x1080. Fiksna optika 2.8 mm. Kompresija Smart H.265+\/H.264+. Nivo za\u0161tite IP67. 120dB WDR. Domet IC dioda 30 metara. Integrisan mikrofon. Slot za microSD karticu do 256GB. Video analitika: Tripwire, intrusion\u2026","rel":"","context":"Srodne objave","img":{"alt_text":"","src":"https:\/\/i1.wp.com\/astehshop.com\/wp-content\/uploads\/2024\/02\/dahua-ipc-hdw2241tm-s-0280b-kamera_0.jpg?fit=1200%2C675&resize=350%2C200","width":350,"height":200},"classes":[]},{"id":9095,"url":"http:\/\/astehshop.com\/index.php\/product\/dahua-ipc-hfw2231t-zs-27135-s2-kamera\/","url_meta":{"origin":9078,"position":3},"title":"Dahua IPC-HFW2231T-ZS-27135-S2 kamera","date":"20. velja\u010de 2024.","format":false,"excerpt":"2MP mre\u017ena kamera u bullet ku\u0107i\u0161tu sa StarLight tehnologijom. 1\/2.8\u201d CMOS sa progresivnim skeniranjem. Color: 0.002 Lux@F1.5 . Maksimalna rezolucija 1920x1080. Varifokalna optika 2.7 - 13.5 mm. Kompresija H.265+\/H.264+. Nivo za\u0161tite IP67. 120dB WDR. Domet IC dioda 60 metara. Slot za microSD karticu do 256GB. Video analitika: Tripwire, intrusion. 12v\u2026","rel":"","context":"Srodne objave","img":{"alt_text":"","src":"https:\/\/i0.wp.com\/astehshop.com\/wp-content\/uploads\/2024\/02\/dahua-ipc-hfw2231t-zs-27135-s2-kamera_0-1.jpg?fit=1200%2C767&resize=350%2C200","width":350,"height":200},"classes":[]},{"id":9092,"url":"http:\/\/astehshop.com\/index.php\/product\/dahua-ipc-hfw2249s-s-il-0280b-kamera\/","url_meta":{"origin":9078,"position":4},"title":"Dahua IPC-HFW2249S-S-IL-0280B kamera","date":"20. velja\u010de 2024.","format":false,"excerpt":"2MP mre\u017ena kamera u bullet ku\u0107i\u0161tu sa Full-color tehnologijom. 1\/2.8\u201d CMOS sa progresivnim skeniranjem. Color: 0.002 Lux@F1.6. Maksimalna rezolucija 1920x1080. Fiksna optika 2.8mm. Kompresija H.265+\/H.264+. Nivo za\u0161tite IP67. 120dB WDR. Domet LED dioda 30 metara. integrisan mikrofon. Slot za microSD karticu do 256GB. Video analitika: Tripwire, intrusion (classification and accurate\u2026","rel":"","context":"Srodne objave","img":{"alt_text":"","src":"https:\/\/i0.wp.com\/astehshop.com\/wp-content\/uploads\/2024\/02\/dahua-ipc-hfw2249s-s-il-0280b-kamera_0.jpg?fit=1200%2C675&resize=350%2C200","width":350,"height":200},"classes":[]},{"id":9081,"url":"http:\/\/astehshop.com\/index.php\/product\/dahua-ipc-hdbw2241r-zas-27135-dom-kamera\/","url_meta":{"origin":9078,"position":5},"title":"Dahua IPC-HDBW2241R-ZAS-27135 dom kamera","date":"20. velja\u010de 2024.","format":false,"excerpt":"2MP mre\u017ena kamera u dome ku\u0107i\u0161tu sa StarLight tehnologijom. 1\/2.8\u201d CMOS sa progresivnim skeniranjem. Color: 0.002Lux\/F1.5. Maksimalna rezolucija 1920x1080. Varifokalna optika 2.7 - 13.5 mm. Kompresija H.265+\/H.264+. Nivo za\u0161tite IP67, IK10. 120dB WDR. Domet IC dioda 40 metara. Video analitika: Tripwire, intrusion (classification detection of vehicle and human). 12v napajanje,PoE.\u2026","rel":"","context":"Srodne objave","img":{"alt_text":"","src":"https:\/\/i1.wp.com\/astehshop.com\/wp-content\/uploads\/2024\/02\/Dahua-IPC-HDBW2241R-ZAS-27135-dom-kamera.jpg?fit=1200%2C675&resize=350%2C200","width":350,"height":200},"classes":[]}],"_links":{"self":[{"href":"http:\/\/astehshop.com\/index.php\/wp-json\/wp\/v2\/product\/9078"}],"collection":[{"href":"http:\/\/astehshop.com\/index.php\/wp-json\/wp\/v2\/product"}],"about":[{"href":"http:\/\/astehshop.com\/index.php\/wp-json\/wp\/v2\/types\/product"}],"replies":[{"embeddable":true,"href":"http:\/\/astehshop.com\/index.php\/wp-json\/wp\/v2\/comments?post=9078"}],"wp:featuredmedia":[{"embeddable":true,"href":"http:\/\/astehshop.com\/index.php\/wp-json\/wp\/v2\/media\/9079"}],"wp:attachment":[{"href":"http:\/\/astehshop.com\/index.php\/wp-json\/wp\/v2\/media?parent=9078"}],"wp:term":[{"taxonomy":"product_cat","embeddable":true,"href":"http:\/\/astehshop.com\/index.php\/wp-json\/wp\/v2\/product_cat?post=9078"},{"taxonomy":"product_tag","embeddable":true,"href":"http:\/\/astehshop.com\/index.php\/wp-json\/wp\/v2\/product_tag?post=9078"}],"curies":[{"name":"wp","href":"https:\/\/api.w.org\/{rel}","templated":true}]}}